{"id":2916,"date":"2023-10-11T14:25:27","date_gmt":"2023-10-11T18:25:27","guid":{"rendered":"https:\/\/fur.ca\/ventes-aux-encheres\/"},"modified":"2025-05-12T08:33:28","modified_gmt":"2025-05-12T12:33:28","slug":"ventes-aux-encheres","status":"publish","type":"page","link":"https:\/\/fur.ca\/fr\/ventes-aux-encheres\/","title":{"rendered":"Ventes aux ench\u00e8res"},"content":{"rendered":"<p>[et_pb_section fb_built=\u00a0\u00bb1&Prime; _builder_version=\u00a0\u00bb4.22.1&Prime; _module_preset=\u00a0\u00bbdefault\u00a0\u00bb background_color=\u00a0\u00bb#DDDDDD\u00a0\u00bb custom_padding=\u00a0\u00bb0px||0px|||\u00a0\u00bb global_colors_info=\u00a0\u00bb{}\u00a0\u00bb][et_pb_row _builder_version=\u00a0\u00bb4.22.1&Prime; _module_preset=\u00a0\u00bbdefault\u00a0\u00bb global_colors_info=\u00a0\u00bb{}\u00a0\u00bb][et_pb_column type=\u00a0\u00bb4_4&Prime; _builder_version=\u00a0\u00bb4.22.1&Prime; _module_preset=\u00a0\u00bbdefault\u00a0\u00bb global_colors_info=\u00a0\u00bb{}\u00a0\u00bb][et_pb_text admin_label=\u00a0\u00bbFur Auction\u00a0\u00bb _builder_version=\u00a0\u00bb4.23.1&Prime; _module_preset=\u00a0\u00bbdefault\u00a0\u00bb header_font=\u00a0\u00bb|700||on|||||\u00a0\u00bb header_text_color=\u00a0\u00bb#123113&Prime; global_colors_info=\u00a0\u00bb{}\u00a0\u00bb]<\/p>\n<h1>Ventes aux ench\u00e8res<\/h1>\n<p>[\/et_pb_text][\/et_pb_column][\/et_pb_row][\/et_pb_section][et_pb_section fb_built=\u00a0\u00bb1&Prime; _builder_version=\u00a0\u00bb4.22.1&Prime; _module_preset=\u00a0\u00bbdefault\u00a0\u00bb global_colors_info=\u00a0\u00bb{}\u00a0\u00bb][et_pb_row _builder_version=\u00a0\u00bb4.22.1&Prime; _module_preset=\u00a0\u00bbdefault\u00a0\u00bb global_colors_info=\u00a0\u00bb{}\u00a0\u00bb][et_pb_column type=\u00a0\u00bb4_4&Prime; _builder_version=\u00a0\u00bb4.22.1&Prime; _module_preset=\u00a0\u00bbdefault\u00a0\u00bb global_colors_info=\u00a0\u00bb{}\u00a0\u00bb][et_pb_image src=\u00a0\u00bbhttps:\/\/fur.ca\/wp-content\/uploads\/2023\/10\/Auctions-square.png\u00a0\u00bb title_text=\u00a0\u00bbAuctions-square\u00a0\u00bb align=\u00a0\u00bbcenter\u00a0\u00bb force_fullwidth=\u00a0\u00bbon\u00a0\u00bb admin_label=\u00a0\u00bbImage\u00a0\u00bb _builder_version=\u00a0\u00bb4.22.2&Prime; _module_preset=\u00a0\u00bbdefault\u00a0\u00bb custom_padding=\u00a0\u00bb||0px||false|false\u00a0\u00bb global_colors_info=\u00a0\u00bb{}\u00a0\u00bb][\/et_pb_image][et_pb_text _builder_version=\u00a0\u00bb4.23.1&Prime; _module_preset=\u00a0\u00bbdefault\u00a0\u00bb global_colors_info=\u00a0\u00bb{}\u00a0\u00bb]<\/p>\n<p><em>Photo: <span style=\"text-decoration: underline;\"><a href=\"https:\/\/www.furharvesters.com\" target=\"_blank\" rel=\"noopener\">Ench\u00e8re des Trappeurs de Fourrures<\/a><\/span><\/em><\/p>\n<p>[\/et_pb_text][et_pb_text admin_label=\u00a0\u00bbHere are some quick answers to common questions about the fur trade\u00a0\u00bb module_class=\u00a0\u00bbjb-text-spacing\u00a0\u00bb _builder_version=\u00a0\u00bb4.24.3&Prime; _module_preset=\u00a0\u00bbdefault\u00a0\u00bb header_2_font=\u00a0\u00bb|700|||||||\u00a0\u00bb header_2_text_color=\u00a0\u00bb#123113&Prime; custom_padding=\u00a0\u00bb20px||||false|false\u00a0\u00bb global_colors_info=\u00a0\u00bb{}\u00a0\u00bb]<\/p>\n<h2>VENTES AUX ENCH\u00c8RES DE FOURRURES EN AM\u00c9RIQUE DU NORD<\/h2>\n<p>Au cours du si\u00e8cle dernier, la plupart des trappeurs et des \u00e9leveurs de fourrures d&rsquo;Am\u00e9rique du Nord ont consign\u00e9 leurs peaux en vue de les vendre dans des ventes aux ench\u00e8res publiques o\u00f9 les prix sont fix\u00e9s par des courtiers et des fabricants de fourrures internationaux dans le cadre d&rsquo;appels d&rsquo;offres concurrentiels. Les producteurs re\u00e7oivent ainsi la valeur marchande totale de leurs fourrures (moins la petite commission pr\u00e9lev\u00e9e pour couvrir les frais de vente aux ench\u00e8res et de commercialisation).<\/p>\n<p>Certains trappeurs pr\u00e9f\u00e8rent toutefois vendre leurs fourrures \u00e0 des \u00ab\u00a0collecteurs\u00a0\u00bb locaux qui les vendent \u00e0 leur tour aux ench\u00e8res ou \u00e0 des courtiers plus importants qui ont leurs propres contacts commerciaux internationaux. La vente aux collectionneurs permet aux trappeurs d&rsquo;\u00eatre pay\u00e9s plus rapidement, plut\u00f4t que d&rsquo;attendre la prochaine vente aux ench\u00e8res. Certains \u00e9leveurs de visons et de renards choisissent \u00e9galement de vendre directement \u00e0 des courtiers ou \u00e0 des fabricants dans le cadre de \u00ab\u00a0ventes de gr\u00e9 \u00e0 gr\u00e9\u00a0\u00bb.<\/p>\n<h2>CHANGEMENTS DANS LES VENTES AUX ENCH\u00c8RES EN AM\u00c9RIQUE DU NORD<\/h2>\n<p>Jusqu&rsquo;\u00e0 tr\u00e8s r\u00e9cemment, l&rsquo;Am\u00e9rique du Nord comptait trois importantes maisons de vente aux ench\u00e8res de fourrures : North American Fur Auctions (NAFA), dont les principales installations sont situ\u00e9es \u00e0 Toronto ; American Legend Cooperative (ALC), dont le si\u00e8ge se trouve \u00e0 Seattle ; et Fur <span style=\"text-decoration: underline;\"><a href=\"https:\/\/www.furharvesters.com\/\" target=\"_blank\" rel=\"noopener\">Harvesters Auction<\/a><\/span> (FHA), une coop\u00e9rative appartenant \u00e0 des trappeurs et situ\u00e9e \u00e0 North Bay, dans l&rsquo;Ontario.<\/p>\n<p>La plus importante de ces coop\u00e9ratives \u00e9tait la NAFA, qui a succ\u00e9d\u00e9 \u00e0 l&rsquo;entreprise de vente aux ench\u00e8res de fourrures de la Compagnie de la Baie d&rsquo;Hudson, une soci\u00e9t\u00e9 qui contr\u00f4lait autrefois plus de la moiti\u00e9 du Canada et qui, fond\u00e9e en 1670, est l&rsquo;une des plus anciennes soci\u00e9t\u00e9s par actions au monde \u00e0 fonctionner sans interruption. Propri\u00e9t\u00e9 des trappeurs et des fermiers qui lui exp\u00e9diaient leurs produits, NAFA traitait \u00e0 la fois des fourrures sauvages et des fourrures d&rsquo;\u00e9levage, m\u00eame si les visons d&rsquo;\u00e9levage repr\u00e9sentaient la plus grande part de son activit\u00e9 en termes de valeur mon\u00e9taire.<\/p>\n<p>En ce qui concerne les visons d&rsquo;\u00e9levage, la NAFA \u00e9tait en concurrence directe avec la SLA, une coop\u00e9rative d\u00e9tenue par des \u00e9leveurs de visons am\u00e9ricains et d\u00e9tentrice de la marque \u00ab\u00a0Blackglama\u00a0\u00bb, sans doute l&rsquo;\u00e9tiquette de fourrure la plus reconnaissable au monde. La FHA \u00e9tait le principal concurrent de NAFA pour la fourrure sauvage.<\/p>\n<p>Puis la sc\u00e8ne apparemment stable des ventes aux ench\u00e8res de fourrures a commenc\u00e9 \u00e0 changer. Le premier choc s&rsquo;est produit en 2018, lorsque la ALC a annonc\u00e9 qu&rsquo;elle mettait fin \u00e0 ses activit\u00e9s. NAFA a achet\u00e9 d&rsquo;importants actifs de la ALC, y compris le label Blackglama, tandis que d&rsquo;autres actifs sont all\u00e9s \u00e0 la famille Tax, bas\u00e9e \u00e0 New York. Impliqu\u00e9e depuis longtemps dans le commerce de la fourrure en tant que courtier, la famille Tax a rapidement mis en place une nouvelle vente aux ench\u00e8res aux \u00c9tats-Unis pour les visons d&rsquo;\u00e9levage, l&rsquo;<span style=\"text-decoration: underline;\"><a href=\"https:\/\/www.americanminkexchange.com\/\" target=\"_blank\" rel=\"noopener\">American Mink Exchange<\/a><\/span> (AME).<\/p>\n<p>Puis, l&rsquo;ann\u00e9e suivante, en 2019, accul\u00e9e par un cycle de baisse des prix de la fourrure apr\u00e8s plusieurs ann\u00e9es de records et d&rsquo;expansion rapide, NAFA a ferm\u00e9 ses portes apr\u00e8s s&rsquo;\u00eatre plac\u00e9e sous la protection de la loi sur les faillites. En l&rsquo;espace de quelques ann\u00e9es, l&rsquo;Am\u00e9rique du Nord a perdu ses deux plus grandes ventes aux ench\u00e8res de fourrures et en a gagn\u00e9 une toute nouvelle &#8211; bien que beaucoup plus petite.<\/p>\n<p>Aujourd&rsquo;hui, FHA continue de jouer un r\u00f4le important dans la vente de fourrures sauvages d&rsquo;Am\u00e9rique du Nord et est la seule maison de vente aux ench\u00e8res \u00e0 le faire. La FHA a toujours vendu des fourrures d&rsquo;\u00e9levage, en particulier des renards &#8211; elle s&rsquo;occupe aujourd&rsquo;hui de la plupart des fourrures de renard d&rsquo;\u00e9levage produites au Canada et aux \u00c9tats-Unis &#8211; mais son offre de visons d&rsquo;\u00e9levage est rest\u00e9e assez limit\u00e9e. Depuis la disparition de la NAFA, une plus grande partie de la fourrure sauvage nord-am\u00e9ricaine est d\u00e9sormais achet\u00e9e et vendue par des collectionneurs et des n\u00e9gociants, notamment <span style=\"text-decoration: underline;\"><a href=\"https:\/\/www.gfwco.com\/\" target=\"_blank\" rel=\"noopener\">Groenewold Fur and Wool<\/a><\/span>, bas\u00e9 dans l&rsquo;Illinois.<\/p>\n<p>Certains visons d&rsquo;\u00e9levage nord-am\u00e9ricains sont vendus aux ench\u00e8res &#8211; ou dans le cadre de ventes \u00ab\u00a0de gr\u00e9 \u00e0 gr\u00e9\u00a0\u00bb &#8211; par AME, qui a \u00e9galement lou\u00e9 la licence pour le label Blackglama. Mais la majorit\u00e9 de la production de visons canadiens et am\u00e9ricains est d\u00e9sormais assur\u00e9e par Saga Furs North America, une filiale am\u00e9ricaine de <span style=\"text-decoration: underline;\"><a href=\"https:\/\/www.sagafurs.com\/\" target=\"_blank\" rel=\"noopener\">Saga OJY<\/a><\/span>, la soci\u00e9t\u00e9 de vente aux ench\u00e8res bas\u00e9e en Finlande et cr\u00e9\u00e9e en 1938 par les \u00e9leveurs de fourrures finlandais. Les visons d&rsquo;Am\u00e9rique du Nord sont trait\u00e9s et class\u00e9s dans les nouvelles installations de Saga \u00e0 Milton, dans le Wisconsin, avant d&rsquo;\u00eatre exp\u00e9di\u00e9s aux ventes aux ench\u00e8res d&rsquo;Helsinki.<\/p>\n<p>En Europe aussi, il y a eu des changements importants.<\/p>\n<h2>D\u00c9VELOPPEMENT EUROP\u00c9EN<\/h2>\n<p>Lorsque la NAFA a ferm\u00e9 ses portes, on pouvait s&rsquo;attendre \u00e0 ce que davantage de visons d&rsquo;\u00e9levage nord-am\u00e9ricains se dirigent vers l&rsquo;Europe, o\u00f9 se trouvent la plus grande maison de vente aux ench\u00e8res de fourrures au monde, <span style=\"text-decoration: underline;\"><a href=\"https:\/\/www.kopenhagenfur.com\/\" target=\"_blank\" rel=\"noopener\">Kopenhagen Fur<\/a><\/span>, au Danemark, ainsi que Saga Furs.<\/p>\n<p>Mais un autre bouleversement est intervenu. Jusqu&rsquo;en 2020, le Danemark \u00e9tait le premier producteur mondial de visons d&rsquo;\u00e9levage, et le r\u00f4le principal de Kopenhagen Fur \u00e9tait de vendre la production de l&rsquo;association danoise des \u00e9leveurs de fourrure, compl\u00e9t\u00e9e par de la fourrure d&rsquo;\u00e9levage provenant d&rsquo;autres pays, notamment d&rsquo;Am\u00e9rique du Nord. C&rsquo;est alors que Covid-19 a frapp\u00e9 et que le gouvernement danois a pris l&rsquo;<span style=\"text-decoration: underline;\"><a href=\"https:\/\/www.bbc.com\/news\/world-europe-62001162\" target=\"_blank\" rel=\"noopener\">arr\u00eater extr\u00eamement controvers\u00e9 &#8211; et finalement ill\u00e9gal<\/a><\/span> &#8211; d&rsquo;abattre l&rsquo;ensemble du cheptel de visons du pays, affirmant (\u00e0 tort) que cette mesure extr\u00eame \u00e9tait n\u00e9cessaire pour prot\u00e9ger la sant\u00e9 publique. Cette d\u00e9cision a port\u00e9 un coup fatal aux \u00e9leveurs de visons danois, dont seuls quelques-uns ont exprim\u00e9 le souhait de reconstituer leur cheptel. \u00c0 la suite de cette catastrophe politique, Kopenhagen Fur met fin \u00e0 ses activit\u00e9s. Avec des millions de peaux de vison stock\u00e9es, elle continuera \u00e0 organiser des ventes aux ench\u00e8res jusqu&rsquo;en 2024, mais ce sera probablement la fin de ses offres.<\/p>\n<p>Saga Furs reste donc la plus grande maison de vente aux ench\u00e8res de fourrures au monde. Saga ne vend que des fourrures d&rsquo;\u00e9levage, principalement du vison, du renard et du finnraccoon. Avec la disparition de NAFA et de Kopenhagen Fur, Saga s&rsquo;occupe de plus en plus de visons d&rsquo;\u00e9levage d&rsquo;Am\u00e9rique du Nord. Bien que les ventes aux ench\u00e8res aient lieu en Finlande, les visons canadiens et am\u00e9ricains sont vendus dans le cadre d&rsquo;un catalogue nord-am\u00e9ricain distinct, et tous les visons sont certifi\u00e9s par la <span style=\"text-decoration: underline;\"><a href=\"https:\/\/canadamink.ca\/\" target=\"_blank\" rel=\"noopener\">Canada Mink Breeders Association<\/a><\/span> (CMBA) ou la <span style=\"text-decoration: underline;\"><a href=\"https:\/\/www.furcommission.com\/\" target=\"_blank\" rel=\"noopener\">Fur Commission USA<\/a><\/span>.<\/p>\n<p>[\/et_pb_text][\/et_pb_column][\/et_pb_row][et_pb_row column_structure=\u00a0\u00bb1_2,1_2&Prime; _builder_version=\u00a0\u00bb4.23&Prime; _module_preset=\u00a0\u00bbdefault\u00a0\u00bb global_colors_info=\u00a0\u00bb{}\u00a0\u00bb][et_pb_column type=\u00a0\u00bb1_2&Prime; _builder_version=\u00a0\u00bb4.23&Prime; _module_preset=\u00a0\u00bbdefault\u00a0\u00bb global_colors_info=\u00a0\u00bb{}\u00a0\u00bb][et_pb_text admin_label=\u00a0\u00bbprevious\u00a0\u00bb _builder_version=\u00a0\u00bb4.25.0&Prime; _dynamic_attributes=\u00a0\u00bblink_option_url\u00a0\u00bb _module_preset=\u00a0\u00bbdefault\u00a0\u00bb link_option_url=\u00a0\u00bb@ET-DC@eyJkeW5hbWljIjp0cnVlLCJjb250ZW50IjoicG9zdF9saW5rX3VybF9wYWdlIiwic2V0dGluZ3MiOnsicG9zdF9pZCI6IjE1MDYifX0=@\u00a0\u00bb hover_enabled=\u00a0\u00bb0&Prime; global_colors_info=\u00a0\u00bb{}\u00a0\u00bb sticky_enabled=\u00a0\u00bb0&Prime;]<\/p>\n<div class=\"previous-page-left\">\n<h3><img loading=\"lazy\" decoding=\"async\" class=\"wp-image-1334 alignnone size-full\" src=\"https:\/\/fur.ca\/wp-content\/uploads\/2023\/10\/left-arrow.png\" alt=\"\" width=\"27\" height=\"43\" \/> <span style=\"padding-left: 30px;\">Page pr\u00e9c\u00e9dente : Traitement<\/span><\/h3>\n<\/div>\n<p>[\/et_pb_text][\/et_pb_column][et_pb_column type=\u00a0\u00bb1_2&Prime; _builder_version=\u00a0\u00bb4.23&Prime; _module_preset=\u00a0\u00bbdefault\u00a0\u00bb global_colors_info=\u00a0\u00bb{}\u00a0\u00bb][et_pb_text admin_label=\u00a0\u00bbnext\u00a0\u00bb _builder_version=\u00a0\u00bb4.23.1&Prime; _dynamic_attributes=\u00a0\u00bblink_option_url\u00a0\u00bb _module_preset=\u00a0\u00bbdefault\u00a0\u00bb text_orientation=\u00a0\u00bbright\u00a0\u00bb link_option_url=\u00a0\u00bb@ET-DC@eyJkeW5hbWljIjp0cnVlLCJjb250ZW50IjoicG9zdF9saW5rX3VybF9wYWdlIiwic2V0dGluZ3MiOnsicG9zdF9pZCI6Ijk4MyJ9fQ==@\u00a0\u00bb global_colors_info=\u00a0\u00bb{}\u00a0\u00bb]<\/p>\n<div class=\"previous-page-right\">\n<h3><span style=\"padding-right: 30px;\">Page suivante: Concevoir avec de la fourrure<\/span><img loading=\"lazy\" decoding=\"async\" class=\"wp-image-1335 alignnone size-full\" src=\"https:\/\/fur.ca\/wp-content\/uploads\/2023\/10\/right-arrow.png\" alt=\"\" width=\"27\" height=\"43\" \/><\/h3>\n<\/div>\n<p>[\/et_pb_text][\/et_pb_column][\/et_pb_row][\/et_pb_section]<\/p>\n","protected":false},"excerpt":{"rendered":"<p>Ventes aux ench\u00e8resPhoto: Ench\u00e8re des Trappeurs de FourruresVENTES AUX ENCH\u00c8RES DE FOURRURES EN AM\u00c9RIQUE DU NORD Au cours du si\u00e8cle dernier, la plupart des trappeurs et des \u00e9leveurs de fourrures d&rsquo;Am\u00e9rique du Nord ont consign\u00e9 leurs peaux en vue de les vendre dans des ventes aux ench\u00e8res publiques o\u00f9 les prix sont fix\u00e9s par des [&hellip;]<\/p>\n","protected":false},"author":1,"featured_media":0,"parent":0,"menu_order":0,"comment_status":"closed","ping_status":"closed","template":"","meta":{"_et_pb_use_builder":"on","_et_pb_old_content":"","_et_gb_content_width":"","footnotes":""},"class_list":["post-2916","page","type-page","status-publish","hentry"],"_links":{"self":[{"href":"https:\/\/fur.ca\/fr\/wp-json\/wp\/v2\/pages\/2916","targetHints":{"allow":["GET"]}}],"collection":[{"href":"https:\/\/fur.ca\/fr\/wp-json\/wp\/v2\/pages"}],"about":[{"href":"https:\/\/fur.ca\/fr\/wp-json\/wp\/v2\/types\/page"}],"author":[{"embeddable":true,"href":"https:\/\/fur.ca\/fr\/wp-json\/wp\/v2\/users\/1"}],"replies":[{"embeddable":true,"href":"https:\/\/fur.ca\/fr\/wp-json\/wp\/v2\/comments?post=2916"}],"version-history":[{"count":5,"href":"https:\/\/fur.ca\/fr\/wp-json\/wp\/v2\/pages\/2916\/revisions"}],"predecessor-version":[{"id":5136,"href":"https:\/\/fur.ca\/fr\/wp-json\/wp\/v2\/pages\/2916\/revisions\/5136"}],"wp:attachment":[{"href":"https:\/\/fur.ca\/fr\/wp-json\/wp\/v2\/media?parent=2916"}],"curies":[{"name":"wp","href":"https:\/\/api.w.org\/{rel}","templated":true}]}}