{"id":2909,"date":"2023-10-08T16:57:43","date_gmt":"2023-10-08T20:57:43","guid":{"rendered":"https:\/\/fur.ca\/fabrication-dun-manteau-de-fourrure\/"},"modified":"2025-05-12T08:33:28","modified_gmt":"2025-05-12T12:33:28","slug":"fabrication-dun-manteau-de-fourrure","status":"publish","type":"page","link":"https:\/\/fur.ca\/fr\/fabrication-dun-manteau-de-fourrure\/","title":{"rendered":"Fabrication d&rsquo;un manteau de fourrure"},"content":{"rendered":"<p>[et_pb_section fb_built=\u00a0\u00bb1&Prime; _builder_version=\u00a0\u00bb4.22.1&Prime; _module_preset=\u00a0\u00bbdefault\u00a0\u00bb background_color=\u00a0\u00bb#DDDDDD\u00a0\u00bb custom_padding=\u00a0\u00bb0px||0px|||\u00a0\u00bb global_colors_info=\u00a0\u00bb{}\u00a0\u00bb][et_pb_row _builder_version=\u00a0\u00bb4.22.1&Prime; _module_preset=\u00a0\u00bbdefault\u00a0\u00bb global_colors_info=\u00a0\u00bb{}\u00a0\u00bb][et_pb_column type=\u00a0\u00bb4_4&Prime; _builder_version=\u00a0\u00bb4.22.1&Prime; _module_preset=\u00a0\u00bbdefault\u00a0\u00bb global_colors_info=\u00a0\u00bb{}\u00a0\u00bb][et_pb_text admin_label=\u00a0\u00bbMaking a Fur Coat\u00a0\u00bb _builder_version=\u00a0\u00bb4.23.1&Prime; _module_preset=\u00a0\u00bbdefault\u00a0\u00bb header_font=\u00a0\u00bb|700||on|||||\u00a0\u00bb header_text_color=\u00a0\u00bb#123113&Prime; global_colors_info=\u00a0\u00bb{}\u00a0\u00bb]<\/p>\n<h1>FABRICATION D&rsquo;UN MANTEAU DE FOURRURE<\/h1>\n<p>[\/et_pb_text][\/et_pb_column][\/et_pb_row][\/et_pb_section][et_pb_section fb_built=\u00a0\u00bb1&Prime; _builder_version=\u00a0\u00bb4.22.1&Prime; _module_preset=\u00a0\u00bbdefault\u00a0\u00bb global_colors_info=\u00a0\u00bb{}\u00a0\u00bb][et_pb_row _builder_version=\u00a0\u00bb4.22.1&Prime; _module_preset=\u00a0\u00bbdefault\u00a0\u00bb global_colors_info=\u00a0\u00bb{}\u00a0\u00bb][et_pb_column type=\u00a0\u00bb4_4&Prime; _builder_version=\u00a0\u00bb4.22.1&Prime; _module_preset=\u00a0\u00bbdefault\u00a0\u00bb global_colors_info=\u00a0\u00bb{}\u00a0\u00bb][et_pb_image src=\u00a0\u00bbhttps:\/\/fur.ca\/wp-content\/uploads\/2023\/10\/fur-knife.png\u00a0\u00bb title_text=\u00a0\u00bbfur-knife\u00a0\u00bb align=\u00a0\u00bbcenter\u00a0\u00bb force_fullwidth=\u00a0\u00bbon\u00a0\u00bb admin_label=\u00a0\u00bbImage\u00a0\u00bb _builder_version=\u00a0\u00bb4.22.2&Prime; _module_preset=\u00a0\u00bbdefault\u00a0\u00bb custom_padding=\u00a0\u00bb||0px||false|false\u00a0\u00bb global_colors_info=\u00a0\u00bb{}\u00a0\u00bb][\/et_pb_image][et_pb_text admin_label=\u00a0\u00bbCaption\u00a0\u00bb _builder_version=\u00a0\u00bb4.23.1&Prime; _module_preset=\u00a0\u00bbdefault\u00a0\u00bb global_colors_info=\u00a0\u00bb{}\u00a0\u00bb]<\/p>\n<p><em>Photo: <span style=\"text-decoration: underline;\"><a href=\"https:\/\/www.furcouncil.com\/?lang=fr\" target=\"_blank\" rel=\"noopener\">Conseil de la fourrure du Canada<\/a><\/span><\/em><\/p>\n<p>[\/et_pb_text][et_pb_text admin_label=\u00a0\u00bbText\u00a0\u00bb module_class=\u00a0\u00bbjb-text-spacing\u00a0\u00bb _builder_version=\u00a0\u00bb4.22.2&Prime; _module_preset=\u00a0\u00bbdefault\u00a0\u00bb header_2_font=\u00a0\u00bb|600|||||||\u00a0\u00bb header_2_text_color=\u00a0\u00bb#123113&Prime; header_3_font=\u00a0\u00bb|700||on|||||\u00a0\u00bb header_3_text_color=\u00a0\u00bb#123113&Prime; header_4_text_color=\u00a0\u00bb#123113&Prime; header_4_font_size=\u00a0\u00bb29px\u00a0\u00bb custom_padding=\u00a0\u00bb20px|||||\u00a0\u00bb global_colors_info=\u00a0\u00bb{}\u00a0\u00bb]<\/p>\n<p>Un styliste peut utiliser de nombreuses techniques pour confectionner un manteau de fourrure ; voici donc les principales techniques qu&rsquo;il utilisera probablement. La fabrication d&rsquo;un manteau de fourrure standard prend entre 40 et 60 heures, mais il faut s&rsquo;attendre \u00e0 ce que cette dur\u00e9e double si des d\u00e9tails sur mesure sont n\u00e9cessaires, comme une doublure imprim\u00e9e ou des cristaux Swarovski.<\/p>\n<h3><strong>Croquis et patrons<\/strong><\/h3>\n<p>La premi\u00e8re \u00e9tape consiste \u00e0 r\u00e9aliser des croquis, des notes, des patrons sur toile et des mod\u00e8les en mousseline.<\/p>\n<h3><strong>S\u00e9lection des peaux<\/strong><\/h3>\n<p>Le cr\u00e9ateur s\u00e9lectionne ensuite les peaux \u00e0 utiliser, en recherchant des correspondances \u00e9troites en termes de taille, de couleur, de densit\u00e9 du poil, de texture et d&rsquo;\u00e9paisseur du cuir. Si les peaux ont \u00e9t\u00e9 achet\u00e9es en lot lors d&rsquo;une vente aux ench\u00e8res, un classificateur comp\u00e9tent aura d\u00e9j\u00e0 fait une grande partie du travail, et les peaux d&rsquo;\u00e9levage ont tendance \u00e0 \u00eatre tr\u00e8s similaires de toute fa\u00e7on, car les \u00e9leveurs s&rsquo;efforcent d&rsquo;obtenir un produit homog\u00e8ne. Mais pour les peaux sauvages, et en particulier si un classificateur ne les a pas d\u00e9j\u00e0 vues, la t\u00e2che est plus difficile, car il n&rsquo;y en a pas deux qui soient exactement identiques.<\/p>\n<h3><strong>Tonte<\/strong><\/h3>\n<p>Cette \u00e9tape est facultative, mais elle est couramment appliqu\u00e9e de nos jours pour r\u00e9duire le volume d&rsquo;un v\u00eatement. Les peaux sont tout d&rsquo;abord asperg\u00e9es de vapeur pour les rendre plus pelucheuses, puis on leur applique une charge statique pour que les poils se redressent. Les peaux sont ensuite introduites dans une machine de pr\u00e9cision qui coupe tous les poils \u00e0 une longueur uniforme.<\/p>\n<p>[\/et_pb_text][et_pb_code admin_label=\u00a0\u00bbVid\u00e9o\u00a0\u00bb _builder_version=\u00a0\u00bb4.22.2&Prime; _module_preset=\u00a0\u00bbdefault\u00a0\u00bb custom_padding=\u00a0\u00bb30px||30px||true|false\u00a0\u00bb global_colors_info=\u00a0\u00bb{}\u00a0\u00bb]<iframe loading=\"lazy\" width=\"560\" height=\"315\" src=\"https:\/\/www.youtube.com\/embed\/TvL0W16YGOU?si=gvmMnlawX7qneMhT\" title=\"YouTube video player\" frameborder=\"0\" allow=\"accelerometer; autoplay; clipboard-write; encrypted-media; gyroscope; picture-in-picture; web-share\" allowfullscreen><\/iframe>[\/et_pb_code][et_pb_text admin_label=\u00a0\u00bbText\u00a0\u00bb module_class=\u00a0\u00bbjb-text-spacing\u00a0\u00bb _builder_version=\u00a0\u00bb4.22.2&Prime; _module_preset=\u00a0\u00bbdefault\u00a0\u00bb header_2_font=\u00a0\u00bb|600|||||||\u00a0\u00bb header_2_text_color=\u00a0\u00bb#123113&Prime; header_3_font=\u00a0\u00bb|700||on|||||\u00a0\u00bb header_3_text_color=\u00a0\u00bb#123113&Prime; header_4_text_color=\u00a0\u00bb#123113&Prime; header_4_font_size=\u00a0\u00bb29px\u00a0\u00bb custom_padding=\u00a0\u00bb20px|||||\u00a0\u00bb global_colors_info=\u00a0\u00bb{}\u00a0\u00bb]<\/p>\n<h3><strong>\u00c9largir<\/strong><\/h3>\n<p>Cette technique est propre au travail de la fourrure. \u00c0 la main ou \u00e0 l&rsquo;aide d&rsquo;une machine qui ressemble \u00e0 une d\u00e9chiqueteuse, la peau est d\u00e9coup\u00e9e en bandes \u00e9troites et diagonales. Celles-ci sont ensuite recousues de mani\u00e8re \u00e0 rendre la peau plus longue et plus fine que l&rsquo;originale. Lorsqu&rsquo;elles sont assembl\u00e9es pour former un long v\u00eatement, ces peaux semblent sans couture mais sont plus fluides que si des peaux enti\u00e8res \u00e9taient simplement cousues ensemble. Cependant, l&rsquo;effilochage laisse \u00e9galement des ondulations dans la fourrure, qui sont trait\u00e9es par le processus suivant.<\/p>\n<h3><strong>Blocage<\/strong><\/h3>\n<p>Pour \u00e9liminer les ondulations laiss\u00e9es par le d\u00e9lestage, on humidifie le c\u00f4t\u00e9 cuir pour le rendre plus \u00e9lastique. Il est ensuite tendu sur une planche sur laquelle un motif a \u00e9t\u00e9 trac\u00e9, puis agraf\u00e9 sur le motif. Il est ensuite laiss\u00e9 \u00e0 s\u00e9cher pendant la nuit.<\/p>\n<h3><strong>D\u00e9coupage et assemblage<\/strong><\/h3>\n<p>Les patrons de chaque pi\u00e8ce sont ensuite trac\u00e9s sur le cuir, puis les pi\u00e8ces sont d\u00e9coup\u00e9es et assembl\u00e9es, soit \u00e0 la main, soit \u00e0 l&rsquo;aide d&rsquo;une machine \u00e0 coudre sp\u00e9ciale. C&rsquo;est \u00e9galement \u00e0 ce stade que sont r\u00e9alis\u00e9es les fentes pour les poches et les boutonni\u00e8res.<\/p>\n<h3><strong>Nettoyage et gla\u00e7age<\/strong><\/h3>\n<p>La salet\u00e9 et l&rsquo;exc\u00e8s d&rsquo;huile sont ensuite \u00e9limin\u00e9s du v\u00eatement en frottant d\u00e9licatement la fourrure avec une fine poudre. Cette poudre est g\u00e9n\u00e9ralement compos\u00e9e de coquilles de noix et d&rsquo;\u00e9pis de ma\u00efs broy\u00e9s, avec un agent nettoyant tr\u00e8s doux. Il est ensuite temps de proc\u00e9der au gla\u00e7age, un processus qui combine la vapeur et le repassage pour faire ressortir l&rsquo;\u00e9clat et la brillance naturels de la fourrure.<\/p>\n<h3><strong>Finition<\/strong><\/h3>\n<p>Enfin, c&rsquo;est le moment des finitions. Avant d&rsquo;ajouter la doublure, de la laine d&rsquo;agneau est fix\u00e9e sur les bords du v\u00eatement pour lui donner de la structure et l&rsquo;aider \u00e0 garder sa forme. Du ruban de coton amidonn\u00e9 est ins\u00e9r\u00e9 dans l&rsquo;ourlet pour emp\u00eacher la fourrure de s&rsquo;\u00e9tirer. Viennent ensuite les fermetures \u00e0 glissi\u00e8re, les boutons, les \u00e9paulettes, les cordons, les \u00e9tiquettes et autres \u00e9l\u00e9ments similaires, puis la doublure de l&rsquo;ensemble du v\u00eatement, g\u00e9n\u00e9ralement en soie. Enfin, l&rsquo;\u00e9tiquette du fabricant est cousue.<\/p>\n<p>[\/et_pb_text][et_pb_code admin_label=\u00a0\u00bbVid\u00e9o\u00a0\u00bb _builder_version=\u00a0\u00bb4.22.2&Prime; _module_preset=\u00a0\u00bbdefault\u00a0\u00bb custom_padding=\u00a0\u00bb30px||30px||true|false\u00a0\u00bb global_colors_info=\u00a0\u00bb{}\u00a0\u00bb]<iframe loading=\"lazy\" width=\"560\" height=\"315\" src=\"https:\/\/www.youtube.com\/embed\/lkPhpCfgZWY?si=8Yr9yTM4pelB43jK\" title=\"YouTube video player\" frameborder=\"0\" allow=\"accelerometer; autoplay; clipboard-write; encrypted-media; gyroscope; picture-in-picture; web-share\" allowfullscreen><\/iframe>[\/et_pb_code][\/et_pb_column][\/et_pb_row][et_pb_row column_structure=\u00a0\u00bb1_2,1_2&Prime; _builder_version=\u00a0\u00bb4.23&Prime; _module_preset=\u00a0\u00bbdefault\u00a0\u00bb global_colors_info=\u00a0\u00bb{}\u00a0\u00bb][et_pb_column type=\u00a0\u00bb1_2&Prime; _builder_version=\u00a0\u00bb4.23&Prime; _module_preset=\u00a0\u00bbdefault\u00a0\u00bb global_colors_info=\u00a0\u00bb{}\u00a0\u00bb][et_pb_text admin_label=\u00a0\u00bbprevious\u00a0\u00bb _builder_version=\u00a0\u00bb4.23.1&Prime; _dynamic_attributes=\u00a0\u00bblink_option_url\u00a0\u00bb _module_preset=\u00a0\u00bbdefault\u00a0\u00bb link_option_url=\u00a0\u00bb@ET-DC@eyJkeW5hbWljIjp0cnVlLCJjb250ZW50IjoicG9zdF9saW5rX3VybF9wYWdlIiwic2V0dGluZ3MiOnsicG9zdF9pZCI6Ijk4MyJ9fQ==@\u00a0\u00bb hover_enabled=\u00a0\u00bb0&Prime; global_colors_info=\u00a0\u00bb{}\u00a0\u00bb sticky_enabled=\u00a0\u00bb0&Prime;]<\/p>\n<div class=\"previous-page-left\">\n<h3><img loading=\"lazy\" decoding=\"async\" class=\"wp-image-1334 alignnone size-full\" src=\"https:\/\/fur.ca\/wp-content\/uploads\/2023\/10\/left-arrow.png\" alt=\"\" width=\"27\" height=\"43\" \/> <span style=\"padding-left: 30px;\">Page pr\u00e9c\u00e9dente: Concevoir avec de la fourrure<\/span><\/h3>\n<\/div>\n<p>[\/et_pb_text][\/et_pb_column][et_pb_column type=\u00a0\u00bb1_2&Prime; _builder_version=\u00a0\u00bb4.23&Prime; _module_preset=\u00a0\u00bbdefault\u00a0\u00bb global_colors_info=\u00a0\u00bb{}\u00a0\u00bb][et_pb_text admin_label=\u00a0\u00bbnext\u00a0\u00bb _builder_version=\u00a0\u00bb4.23.1&Prime; _dynamic_attributes=\u00a0\u00bblink_option_url\u00a0\u00bb _module_preset=\u00a0\u00bbdefault\u00a0\u00bb text_orientation=\u00a0\u00bbright\u00a0\u00bb link_option_url=\u00a0\u00bb@ET-DC@eyJkeW5hbWljIjp0cnVlLCJjb250ZW50IjoicG9zdF9saW5rX3VybF9wYWdlIiwic2V0dGluZ3MiOnsicG9zdF9pZCI6IjE1MjAifX0=@\u00a0\u00bb global_colors_info=\u00a0\u00bb{}\u00a0\u00bb]<\/p>\n<div class=\"previous-page-right\">\n<h3><span style=\"padding-right: 30px;\">Page suivante: O\u00f9 acheter de la fourrure<\/span><img loading=\"lazy\" decoding=\"async\" class=\"wp-image-1335 alignnone size-full\" src=\"https:\/\/fur.ca\/wp-content\/uploads\/2023\/10\/right-arrow.png\" alt=\"\" width=\"27\" height=\"43\" \/><\/h3>\n<\/div>\n<p>[\/et_pb_text][\/et_pb_column][\/et_pb_row][\/et_pb_section]<\/p>\n","protected":false},"excerpt":{"rendered":"<p>FABRICATION D&rsquo;UN MANTEAU DE FOURRUREPhoto: Conseil de la fourrure du CanadaUn styliste peut utiliser de nombreuses techniques pour confectionner un manteau de fourrure ; voici donc les principales techniques qu&rsquo;il utilisera probablement. La fabrication d&rsquo;un manteau de fourrure standard prend entre 40 et 60 heures, mais il faut s&rsquo;attendre \u00e0 ce que cette dur\u00e9e double [&hellip;]<\/p>\n","protected":false},"author":1,"featured_media":0,"parent":0,"menu_order":0,"comment_status":"closed","ping_status":"closed","template":"","meta":{"_et_pb_use_builder":"on","_et_pb_old_content":"","_et_gb_content_width":"","footnotes":""},"class_list":["post-2909","page","type-page","status-publish","hentry"],"_links":{"self":[{"href":"https:\/\/fur.ca\/fr\/wp-json\/wp\/v2\/pages\/2909","targetHints":{"allow":["GET"]}}],"collection":[{"href":"https:\/\/fur.ca\/fr\/wp-json\/wp\/v2\/pages"}],"about":[{"href":"https:\/\/fur.ca\/fr\/wp-json\/wp\/v2\/types\/page"}],"author":[{"embeddable":true,"href":"https:\/\/fur.ca\/fr\/wp-json\/wp\/v2\/users\/1"}],"replies":[{"embeddable":true,"href":"https:\/\/fur.ca\/fr\/wp-json\/wp\/v2\/comments?post=2909"}],"version-history":[{"count":5,"href":"https:\/\/fur.ca\/fr\/wp-json\/wp\/v2\/pages\/2909\/revisions"}],"predecessor-version":[{"id":6438,"href":"https:\/\/fur.ca\/fr\/wp-json\/wp\/v2\/pages\/2909\/revisions\/6438"}],"wp:attachment":[{"href":"https:\/\/fur.ca\/fr\/wp-json\/wp\/v2\/media?parent=2909"}],"curies":[{"name":"wp","href":"https:\/\/api.w.org\/{rel}","templated":true}]}}