{"id":2906,"date":"2023-11-01T14:36:53","date_gmt":"2023-11-01T18:36:53","guid":{"rendered":"https:\/\/fur.ca\/especes-piegees\/"},"modified":"2026-02-02T21:20:31","modified_gmt":"2026-02-03T02:20:31","slug":"especes-piegees","status":"publish","type":"page","link":"https:\/\/fur.ca\/fr\/especes-piegees\/","title":{"rendered":"Esp\u00e8ces pi\u00e9g\u00e9es"},"content":{"rendered":"<p>[et_pb_section fb_built=\u00a0\u00bb1&Prime; _builder_version=\u00a0\u00bb4.22.1&Prime; _module_preset=\u00a0\u00bbdefault\u00a0\u00bb background_color=\u00a0\u00bb#DDDDDD\u00a0\u00bb custom_padding=\u00a0\u00bb0px||0px|||\u00a0\u00bb global_colors_info=\u00a0\u00bb{}\u00a0\u00bb][et_pb_row _builder_version=\u00a0\u00bb4.22.1&Prime; _module_preset=\u00a0\u00bbdefault\u00a0\u00bb global_colors_info=\u00a0\u00bb{}\u00a0\u00bb][et_pb_column type=\u00a0\u00bb4_4&Prime; _builder_version=\u00a0\u00bb4.22.1&Prime; _module_preset=\u00a0\u00bbdefault\u00a0\u00bb global_colors_info=\u00a0\u00bb{}\u00a0\u00bb][et_pb_text admin_label=\u00a0\u00bbProduction de fourrures sauvages\u00a0\u00bb _builder_version=\u00a0\u00bb4.27.4&Prime; _module_preset=\u00a0\u00bbdefault\u00a0\u00bb header_font=\u00a0\u00bb|700||on|||||\u00a0\u00bb header_text_color=\u00a0\u00bb#123113&Prime; global_colors_info=\u00a0\u00bb{}\u00a0\u00bb]<\/p>\n<h1>Production de fourrures sauvages<\/h1>\n<p>[\/et_pb_text][\/et_pb_column][\/et_pb_row][\/et_pb_section][et_pb_section fb_built=\u00a0\u00bb1&Prime; _builder_version=\u00a0\u00bb4.22.1&Prime; _module_preset=\u00a0\u00bbdefault\u00a0\u00bb global_colors_info=\u00a0\u00bb{}\u00a0\u00bb][et_pb_row use_custom_gutter=\u00a0\u00bbon\u00a0\u00bb gutter_width=\u00a0\u00bb3&Prime; _builder_version=\u00a0\u00bb4.24.2&Prime; _module_preset=\u00a0\u00bbdefault\u00a0\u00bb global_colors_info=\u00a0\u00bb{}\u00a0\u00bb][et_pb_column type=\u00a0\u00bb4_4&Prime; _builder_version=\u00a0\u00bb4.22.1&Prime; _module_preset=\u00a0\u00bbdefault\u00a0\u00bb global_colors_info=\u00a0\u00bb{}\u00a0\u00bb][et_pb_image src=\u00a0\u00bbhttps:\/\/fur.ca\/wp-content\/uploads\/2025\/03\/coyote-pronghorn.jpg\u00a0\u00bb title_text=\u00a0\u00bbcoyote-pronghorn\u00a0\u00bb url=\u00a0\u00bbhttps:\/\/commons.wikimedia.org\/wiki\/File:Coyote_at_Seedskadee_National_Wildlife_Refuge_(31034864347).jpg\u00a0\u00bb url_new_window=\u00a0\u00bbon\u00a0\u00bb align=\u00a0\u00bbcenter\u00a0\u00bb force_fullwidth=\u00a0\u00bbon\u00a0\u00bb admin_label=\u00a0\u00bbImage\u00a0\u00bb _builder_version=\u00a0\u00bb4.27.4&Prime; _module_preset=\u00a0\u00bbdefault\u00a0\u00bb custom_margin=\u00a0\u00bb||0px||false|false\u00a0\u00bb custom_padding=\u00a0\u00bb||||false|false\u00a0\u00bb global_colors_info=\u00a0\u00bb{}\u00a0\u00bb][\/et_pb_image][et_pb_text admin_label=\u00a0\u00bbCaption\u00a0\u00bb module_class=\u00a0\u00bbjb-text-spacing\u00a0\u00bb _builder_version=\u00a0\u00bb4.25.1&Prime; _module_preset=\u00a0\u00bbdefault\u00a0\u00bb header_2_text_color=\u00a0\u00bb#123113&Prime; header_3_font=\u00a0\u00bb||||||||\u00a0\u00bb header_3_text_color=\u00a0\u00bb#123113&Prime; header_4_text_color=\u00a0\u00bb#123113&Prime; header_4_font_size=\u00a0\u00bb29px\u00a0\u00bb custom_margin=\u00a0\u00bb||||false|false\u00a0\u00bb global_colors_info=\u00a0\u00bb{}\u00a0\u00bb]<\/p>\n<p><em><span style=\"text-decoration: underline;\"><a href=\"https:\/\/commons.wikimedia.org\/wiki\/File:Coyote_at_Seedskadee_National_Wildlife_Refuge_(31034864347).jpg\" target=\"_blank\" rel=\"noopener\">Photo<\/a><\/span> : USFWS Mountain-Prairie, <span style=\"text-decoration: underline;\"><a href=\"https:\/\/creativecommons.org\/licenses\/by\/2.0\" target=\"_blank\" rel=\"noopener\">CC BY 2.0<\/a><\/span>, via Wikimedia Commons<\/em><\/p>\n<p>[\/et_pb_text][\/et_pb_column][\/et_pb_row][et_pb_row column_structure=\u00a0\u00bb2_3,1_3&Prime; _builder_version=\u00a0\u00bb4.27.4&Prime; _module_preset=\u00a0\u00bbdefault\u00a0\u00bb global_colors_info=\u00a0\u00bb{}\u00a0\u00bb][et_pb_column type=\u00a0\u00bb2_3&Prime; _builder_version=\u00a0\u00bb4.27.4&Prime; _module_preset=\u00a0\u00bbdefault\u00a0\u00bb global_colors_info=\u00a0\u00bb{}\u00a0\u00bb][et_pb_text _builder_version=\u00a0\u00bb4.27.4&Prime; _module_preset=\u00a0\u00bbdefault\u00a0\u00bb custom_padding=\u00a0\u00bb|40px|||false|false\u00a0\u00bb global_colors_info=\u00a0\u00bb{}\u00a0\u00bb]L\u2019Institut de la fourrure du Canada compile des donn\u00e9es sur le nombre et la valeur des peaux brutes et s\u00e9ch\u00e9es (c\u2019est-\u00e0-dire non appr\u00eat\u00e9es) r\u00e9colt\u00e9es et vendues sur le march\u00e9 \u00e0 partir d\u2019esp\u00e8ces class\u00e9es par les autorit\u00e9s responsables de la faune comme \u00ab\u00a0animaux \u00e0 fourrure\u00a0\u00bb. Ces donn\u00e9es sont class\u00e9es par \u00ab\u00a0ann\u00e9e de fourrure\u00a0\u00bb, qui va du 1er juillet au 30 juin de l\u2019ann\u00e9e suivante, et publi\u00e9es dans le rapport intitul\u00e9\u00a0<em>Production de fourrures sauvages au Canada<\/em>\u00a0(\u00e0 droite).<\/p>\n<p>L\u2019IFC a repris cette t\u00e2che de Statistique Canada en 2010.<\/p>\n<p>\u00c9tant donn\u00e9 que la majorit\u00e9 des animaux \u00e0 fourrure sauvages captur\u00e9s au Canada le sont dans des pi\u00e8ges, ce rapport est un bon indicateur de l\u2019\u00e9tat du pi\u00e9geage dans le pays \u00e0 des fins de commercialisation de la fourrure. Cependant, certaines de ces m\u00eames esp\u00e8ces peuvent \u00eatre class\u00e9es comme \u00ab\u00a0petit gibier\u00a0\u00bb et \u00ab\u00a0gros gibier\u00a0\u00bb, et peuvent donc avoir \u00e9t\u00e9 r\u00e9colt\u00e9es diff\u00e9remment. Le petit gibier d\u00e9signe des esp\u00e8ces telles que le raton laveur, le renard, le coyote et le loup, qui peuvent \u00eatre pi\u00e9g\u00e9es, mais aussi captur\u00e9es \u00e0 l\u2019aide d\u2019une arme \u00e0 feu. Le gros gibier d\u00e9signe les trois esp\u00e8ces d\u2019ours du Canada : l\u2019ours noir, le grizzli et l\u2019ours polaire. Ces trois esp\u00e8ces peuvent \u00eatre chass\u00e9es, mais seul l\u2019ours noir peut \u00eatre l\u00e9galement pi\u00e9g\u00e9.<\/p>\n<p>Les donn\u00e9es brutes sont soumises \u00e0 l\u2019IFC par les biologistes et les gestionnaires de la faune de chaque province et territoire, qui utilisent diverses sources. Pour le nombre d\u2019animaux r\u00e9colt\u00e9s, la principale source est constitu\u00e9e par les rapports que tous les trappeurs, chasseurs et n\u00e9gociants en fourrures titulaires d\u2019une licence sont tenus de d\u00e9poser. Pour la valeur des fourrures, la principale source est constitu\u00e9e par les ventes aux ench\u00e8res et, le cas \u00e9ch\u00e9ant, par les rapports des agents.<\/p>\n<p>Note : Depuis le lancement de la\u00a0<em>Production de fourrures sauvages au Canada<\/em>, les tableaux comprennent des champs pour le \u00ab\u00a0phoque\u00a0\u00bb. Cela s\u2019explique par le fait que les peaux de phoque \u00e9taient auparavant vendues par les m\u00eames canaux que les autres peaux de fourrure sauvage. Cette situation a chang\u00e9, mais les champs subsistent et sont pour la plupart vides, de sorte qu\u2019ils ne refl\u00e8tent plus la production r\u00e9elle du march\u00e9 de la fourrure de phoque. Ces champs pourraient \u00eatre supprim\u00e9s \u00e0 l\u2019avenir.[\/et_pb_text][\/et_pb_column][et_pb_column type=\u00a0\u00bb1_3&Prime; _builder_version=\u00a0\u00bb4.27.4&Prime; _module_preset=\u00a0\u00bbdefault\u00a0\u00bb global_colors_info=\u00a0\u00bb{}\u00a0\u00bb][et_pb_text module_id=\u00a0\u00bbkey-fic-reports\u00a0\u00bb _builder_version=\u00a0\u00bb4.27.5&Prime; _module_preset=\u00a0\u00bbdefault\u00a0\u00bb header_font=\u00a0\u00bb|700||on|||||\u00a0\u00bb header_text_color=\u00a0\u00bb#123113&Prime; header_font_size=\u00a0\u00bb50px\u00a0\u00bb custom_margin=\u00a0\u00bb-40px||||false|false\u00a0\u00bb custom_padding=\u00a0\u00bb30px||||false|false\u00a0\u00bb global_colors_info=\u00a0\u00bb{}\u00a0\u00bb]<\/p>\n<h1>PRINCIPAL RAPPORT DE L\u2019IFC<\/h1>\n<p>[\/et_pb_text][et_pb_text admin_label=\u00a0\u00bbTitle text\u00a0\u00bb _builder_version=\u00a0\u00bb4.27.5&Prime; _module_preset=\u00a0\u00bbdefault\u00a0\u00bb header_text_color=\u00a0\u00bb#123113&Prime; header_3_font=\u00a0\u00bb|700|||||||\u00a0\u00bb header_3_text_color=\u00a0\u00bb#123113&Prime; custom_padding=\u00a0\u00bb40px||||false|false\u00a0\u00bb link_option_url=\u00a0\u00bbhttps:\/\/fur.ca\/wp-content\/uploads\/2026\/02\/PublicationIFCStatfourruresAUCANADA_-2010-11_2023-24_BILINGUE_Janvier2026_FINAL.pdf\u00a0\u00bb link_option_url_new_window=\u00a0\u00bbon\u00a0\u00bb global_colors_info=\u00a0\u00bb{}\u00a0\u00bb]<\/p>\n<h1><strong><span style=\"text-decoration: underline;\">Production de fourrures sauvages au Canada de 2010 \u00e0 2023 (f\u00e9vrier 2026)<\/span><\/strong><\/h1>\n<p>[\/et_pb_text][et_pb_image title_text=\u00a0\u00bbWild-fur-2023&Prime; url=\u00a0\u00bbhttps:\/\/fur.ca\/wp-content\/uploads\/2026\/02\/PublicationIFCStatfourruresAUCANADA_-2010-11_2023-24_BILINGUE_Janvier2026_FINAL.pdf\u00a0\u00bb url_new_window=\u00a0\u00bbon\u00a0\u00bb src_last_edited=\u00a0\u00bboff|desktop\u00a0\u00bb _builder_version=\u00a0\u00bb4.27.5&Prime; _module_preset=\u00a0\u00bbdefault\u00a0\u00bb custom_padding=\u00a0\u00bb40px||||false|false\u00a0\u00bb global_colors_info=\u00a0\u00bb{}\u00a0\u00bb src=\u00a0\u00bbhttps:\/\/fur.ca\/wp-content\/uploads\/2026\/02\/Wild-fur-2023.jpg\u00a0\u00bb hover_enabled=\u00a0\u00bb0&Prime; sticky_enabled=\u00a0\u00bb0&Prime;][\/et_pb_image][\/et_pb_column][\/et_pb_row][et_pb_row _builder_version=\u00a0\u00bb4.22.1&Prime; _module_preset=\u00a0\u00bbdefault\u00a0\u00bb custom_padding=\u00a0\u00bb0px|||||\u00a0\u00bb global_colors_info=\u00a0\u00bb{}\u00a0\u00bb][et_pb_column type=\u00a0\u00bb4_4&Prime; _builder_version=\u00a0\u00bb4.22.1&Prime; _module_preset=\u00a0\u00bbdefault\u00a0\u00bb global_colors_info=\u00a0\u00bb{}\u00a0\u00bb][\/et_pb_column][\/et_pb_row][et_pb_row column_structure=\u00a0\u00bb1_2,1_2&Prime; _builder_version=\u00a0\u00bb4.23&Prime; _module_preset=\u00a0\u00bbdefault\u00a0\u00bb global_colors_info=\u00a0\u00bb{}\u00a0\u00bb][et_pb_column type=\u00a0\u00bb1_2&Prime; _builder_version=\u00a0\u00bb4.23&Prime; _module_preset=\u00a0\u00bbdefault\u00a0\u00bb global_colors_info=\u00a0\u00bb{}\u00a0\u00bb][et_pb_text admin_label=\u00a0\u00bbprevious\u00a0\u00bb _builder_version=\u00a0\u00bb4.25.0&Prime; _dynamic_attributes=\u00a0\u00bblink_option_url\u00a0\u00bb _module_preset=\u00a0\u00bbdefault\u00a0\u00bb link_option_url=\u00a0\u00bb@ET-DC@eyJkeW5hbWljIjp0cnVlLCJjb250ZW50IjoicG9zdF9saW5rX3VybF9wYWdlIiwic2V0dGluZ3MiOnsicG9zdF9pZCI6IjE3NzUifX0=@\u00a0\u00bb global_colors_info=\u00a0\u00bb{}\u00a0\u00bb]<\/p>\n<div class=\"previous-page-left\">\n<h3><img loading=\"lazy\" decoding=\"async\" class=\"wp-image-1334 alignnone size-full\" src=\"https:\/\/fur.ca\/wp-content\/uploads\/2023\/10\/left-arrow.png\" alt=\"\" width=\"27\" height=\"43\" \/> <span style=\"padding-left: 30px;\">Page pr\u00e9c\u00e9dente: Les raisons qui nous poussent \u00e0 pi\u00e9ger<\/span><\/h3>\n<\/div>\n<p>[\/et_pb_text][\/et_pb_column][et_pb_column type=\u00a0\u00bb1_2&Prime; _builder_version=\u00a0\u00bb4.23&Prime; _module_preset=\u00a0\u00bbdefault\u00a0\u00bb global_colors_info=\u00a0\u00bb{}\u00a0\u00bb][et_pb_text admin_label=\u00a0\u00bbnext\u00a0\u00bb _builder_version=\u00a0\u00bb4.25.0&Prime; _dynamic_attributes=\u00a0\u00bblink_option_url\u00a0\u00bb _module_preset=\u00a0\u00bbdefault\u00a0\u00bb text_orientation=\u00a0\u00bbright\u00a0\u00bb link_option_url=\u00a0\u00bb@ET-DC@eyJkeW5hbWljIjp0cnVlLCJjb250ZW50IjoicG9zdF9saW5rX3VybF9wYWdlIiwic2V0dGluZ3MiOnsicG9zdF9pZCI6Ijg4OSJ9fQ==@\u00a0\u00bb global_colors_info=\u00a0\u00bb{}\u00a0\u00bb]<\/p>\n<div class=\"previous-page-right\">\n<h3><span style=\"padding-right: 30px;\">Page suivante: Gestion des animaux \u00e0 fourrure<\/span><img loading=\"lazy\" decoding=\"async\" class=\"wp-image-1335 alignnone size-full\" src=\"https:\/\/fur.ca\/wp-content\/uploads\/2023\/10\/right-arrow.png\" alt=\"\" width=\"27\" height=\"43\" \/><\/h3>\n<\/div>\n<p>[\/et_pb_text][\/et_pb_column][\/et_pb_row][\/et_pb_section]<\/p>\n","protected":false},"excerpt":{"rendered":"<p>Production de fourrures sauvagesPhoto : USFWS Mountain-Prairie, CC BY 2.0, via Wikimedia CommonsL\u2019Institut de la fourrure du Canada compile des donn\u00e9es sur le nombre et la valeur des peaux brutes et s\u00e9ch\u00e9es (c\u2019est-\u00e0-dire non appr\u00eat\u00e9es) r\u00e9colt\u00e9es et vendues sur le march\u00e9 \u00e0 partir d\u2019esp\u00e8ces class\u00e9es par les autorit\u00e9s responsables de la faune comme \u00ab\u00a0animaux \u00e0 [&hellip;]<\/p>\n","protected":false},"author":1,"featured_media":0,"parent":0,"menu_order":0,"comment_status":"closed","ping_status":"closed","template":"","meta":{"_et_pb_use_builder":"on","_et_pb_old_content":"","_et_gb_content_width":"","footnotes":""},"class_list":["post-2906","page","type-page","status-publish","hentry"],"_links":{"self":[{"href":"https:\/\/fur.ca\/fr\/wp-json\/wp\/v2\/pages\/2906","targetHints":{"allow":["GET"]}}],"collection":[{"href":"https:\/\/fur.ca\/fr\/wp-json\/wp\/v2\/pages"}],"about":[{"href":"https:\/\/fur.ca\/fr\/wp-json\/wp\/v2\/types\/page"}],"author":[{"embeddable":true,"href":"https:\/\/fur.ca\/fr\/wp-json\/wp\/v2\/users\/1"}],"replies":[{"embeddable":true,"href":"https:\/\/fur.ca\/fr\/wp-json\/wp\/v2\/comments?post=2906"}],"version-history":[{"count":5,"href":"https:\/\/fur.ca\/fr\/wp-json\/wp\/v2\/pages\/2906\/revisions"}],"predecessor-version":[{"id":7406,"href":"https:\/\/fur.ca\/fr\/wp-json\/wp\/v2\/pages\/2906\/revisions\/7406"}],"wp:attachment":[{"href":"https:\/\/fur.ca\/fr\/wp-json\/wp\/v2\/media?parent=2906"}],"curies":[{"name":"wp","href":"https:\/\/api.w.org\/{rel}","templated":true}]}}