{"id":2895,"date":"2023-11-23T17:13:30","date_gmt":"2023-11-23T22:13:30","guid":{"rendered":"https:\/\/fur.ca\/le-piegeage\/lelevage-du-renard\/"},"modified":"2024-05-23T14:29:23","modified_gmt":"2024-05-23T18:29:23","slug":"lelevage-du-renard","status":"publish","type":"page","link":"https:\/\/fur.ca\/fr\/le-piegeage\/lelevage-du-renard\/","title":{"rendered":"L&rsquo;\u00c9LEVAGE DU RENARD"},"content":{"rendered":"<p>[et_pb_section fb_built=\u00a0\u00bb1&Prime; _builder_version=\u00a0\u00bb4.22.1&Prime; _module_preset=\u00a0\u00bbdefault\u00a0\u00bb background_color=\u00a0\u00bb#DDDDDD\u00a0\u00bb custom_padding=\u00a0\u00bb0px||0px|||\u00a0\u00bb global_colors_info=\u00a0\u00bb{}\u00a0\u00bb][et_pb_row _builder_version=\u00a0\u00bb4.22.1&Prime; _module_preset=\u00a0\u00bbdefault\u00a0\u00bb global_colors_info=\u00a0\u00bb{}\u00a0\u00bb][et_pb_column type=\u00a0\u00bb4_4&Prime; _builder_version=\u00a0\u00bb4.22.1&Prime; _module_preset=\u00a0\u00bbdefault\u00a0\u00bb global_colors_info=\u00a0\u00bb{}\u00a0\u00bb][et_pb_text admin_label=\u00a0\u00bbFox Farming\u00a0\u00bb _builder_version=\u00a0\u00bb4.23.1&Prime; _module_preset=\u00a0\u00bbdefault\u00a0\u00bb header_font=\u00a0\u00bb|700||on|||||\u00a0\u00bb header_text_color=\u00a0\u00bb#123113&Prime; global_colors_info=\u00a0\u00bb{}\u00a0\u00bb]<\/p>\n<h1>L&rsquo;\u00c9LEVAGE DU RENARD<\/h1>\n<p>[\/et_pb_text][\/et_pb_column][\/et_pb_row][\/et_pb_section][et_pb_section fb_built=\u00a0\u00bb1&Prime; admin_label=\u00a0\u00bbSection\u00a0\u00bb _builder_version=\u00a0\u00bb4.22.1&Prime; _module_preset=\u00a0\u00bbdefault\u00a0\u00bb global_colors_info=\u00a0\u00bb{}\u00a0\u00bb][et_pb_row _builder_version=\u00a0\u00bb4.22.1&Prime; _module_preset=\u00a0\u00bbdefault\u00a0\u00bb global_colors_info=\u00a0\u00bb{}\u00a0\u00bb][et_pb_column type=\u00a0\u00bb4_4&Prime; _builder_version=\u00a0\u00bb4.22.1&Prime; _module_preset=\u00a0\u00bbdefault\u00a0\u00bb global_colors_info=\u00a0\u00bb{}\u00a0\u00bb][et_pb_image src=\u00a0\u00bbhttps:\/\/fur.ca\/wp-content\/uploads\/2024\/05\/fox-farming-Saga-Furs-1.jpg\u00a0\u00bb title_text=\u00a0\u00bbfox-farming-Saga-Furs-1&Prime; align=\u00a0\u00bbcenter\u00a0\u00bb force_fullwidth=\u00a0\u00bbon\u00a0\u00bb admin_label=\u00a0\u00bbImage\u00a0\u00bb _builder_version=\u00a0\u00bb4.25.1&Prime; _module_preset=\u00a0\u00bbdefault\u00a0\u00bb custom_padding=\u00a0\u00bb||0px||false|false\u00a0\u00bb global_colors_info=\u00a0\u00bb{}\u00a0\u00bb][\/et_pb_image][et_pb_text disabled_on=\u00a0\u00bboff|off|off\u00a0\u00bb admin_label=\u00a0\u00bbCaption\u00a0\u00bb module_class=\u00a0\u00bbjb-text-spacing\u00a0\u00bb _builder_version=\u00a0\u00bb4.25.1&Prime; _module_preset=\u00a0\u00bbdefault\u00a0\u00bb header_2_text_color=\u00a0\u00bb#123113&Prime; header_3_font=\u00a0\u00bb||||||||\u00a0\u00bb header_3_text_color=\u00a0\u00bb#123113&Prime; header_4_text_color=\u00a0\u00bb#123113&Prime; header_4_font_size=\u00a0\u00bb29px\u00a0\u00bb global_colors_info=\u00a0\u00bb{}\u00a0\u00bb]<\/p>\n<p><em>Photo : <span style=\"text-decoration: underline;\"><a href=\"https:\/\/www.sagafurs.com\/\" target=\"_blank\" rel=\"noopener\">Saga Furs<\/a><\/span><\/em><\/p>\n<p>[\/et_pb_text][et_pb_text module_class=\u00a0\u00bbjb-text-spacing\u00a0\u00bb _builder_version=\u00a0\u00bb4.23.1&Prime; _module_preset=\u00a0\u00bbdefault\u00a0\u00bb header_2_text_color=\u00a0\u00bb#123113&Prime; header_3_font=\u00a0\u00bb||||||||\u00a0\u00bb header_3_text_color=\u00a0\u00bb#123113&Prime; header_4_text_color=\u00a0\u00bb#123113&Prime; header_4_font_size=\u00a0\u00bb29px\u00a0\u00bb custom_padding=\u00a0\u00bb||||false|false\u00a0\u00bb global_colors_info=\u00a0\u00bb{}\u00a0\u00bb]<\/p>\n<p>&nbsp;<\/p>\n<p>L&rsquo;\u00e9levage du renard roux (Vulpes vulpes) est devenu une activit\u00e9 prosp\u00e8re sur l&rsquo;\u00eele du Prince \u00c9douard en 1895, lorsque Charles Dalton et Robert Oulton ont \u00e9lev\u00e9 pour la premi\u00e8re fois des renardeaux sauvages jusqu&rsquo;\u00e0 leur maturit\u00e9. Ces renards \u00e9taient de la vari\u00e9t\u00e9 noir argent\u00e9, parfois connue sous le nom de renard argent\u00e9, une mutation naturelle de la couleur du renard roux.<\/p>\n<p>L&rsquo;industrie du renard est rapidement devenue le secteur agricole le plus rentable de l&rsquo;\u00cele-du-Prince-\u00c9douard. En 1913, on comptait 277 \u00e9levages de renards et en 1923, 448.<\/p>\n<p>La fourrure de renard a toujours jou\u00e9 un r\u00f4le important dans la mode, notamment en raison de ses longs poils de garde brillants et de ses couleurs naturelles spectaculaires. Au d\u00e9but du XXe si\u00e8cle, la fourrure de renard \u00e9tait particuli\u00e8rement appr\u00e9ci\u00e9e des femmes qui cherchaient \u00e0 imiter les stars de cin\u00e9ma d&rsquo;Hollywood. Une \u00e9charpe fabriqu\u00e9e \u00e0 partir d&rsquo;une seule fourrure pouvait co\u00fbter jusqu&rsquo;\u00e0 1 000 dollars. \u00c0 cette \u00e9poque, les fermiers pouvaient \u00e9galement s&rsquo;enrichir en vendant des animaux reproducteurs, une paire d&rsquo;adultes pouvant co\u00fbter jusqu&rsquo;\u00e0 35 000 dollars.<\/p>\n<p>Apr\u00e8s la Seconde Guerre mondiale, cependant, la mode de la fourrure s&rsquo;est d\u00e9plac\u00e9e vers des peaux \u00e0 poils plus courts, en particulier le vison. De nos jours, la fourrure de renard est surtout utilis\u00e9e pour les cols et autres garnitures, tandis que les vestes et manteaux exclusivement en renard sont peu courants.<\/p>\n<h3>R\u00c9GIME ALIMENTAIRE VARI\u00c9<\/h3>\n<p>[\/et_pb_text][et_pb_image src=\u00a0\u00bbhttps:\/\/fur.ca\/wp-content\/uploads\/2024\/05\/fox-farming-Saga-Furs-3.jpg\u00a0\u00bb title_text=\u00a0\u00bbfox-farming-Saga-Furs-3&Prime; align=\u00a0\u00bbcenter\u00a0\u00bb force_fullwidth=\u00a0\u00bbon\u00a0\u00bb admin_label=\u00a0\u00bbImage\u00a0\u00bb _builder_version=\u00a0\u00bb4.25.1&Prime; _module_preset=\u00a0\u00bbdefault\u00a0\u00bb custom_padding=\u00a0\u00bb||0px||false|false\u00a0\u00bb global_colors_info=\u00a0\u00bb{}\u00a0\u00bb][\/et_pb_image][et_pb_text disabled_on=\u00a0\u00bboff|off|off\u00a0\u00bb admin_label=\u00a0\u00bbCaption\u00a0\u00bb module_class=\u00a0\u00bbjb-text-spacing\u00a0\u00bb _builder_version=\u00a0\u00bb4.25.1&Prime; _module_preset=\u00a0\u00bbdefault\u00a0\u00bb header_2_text_color=\u00a0\u00bb#123113&Prime; header_3_font=\u00a0\u00bb||||||||\u00a0\u00bb header_3_text_color=\u00a0\u00bb#123113&Prime; header_4_text_color=\u00a0\u00bb#123113&Prime; header_4_font_size=\u00a0\u00bb29px\u00a0\u00bb global_colors_info=\u00a0\u00bb{}\u00a0\u00bb]<\/p>\n<p><em>Photo : <span style=\"text-decoration: underline;\"><a href=\"https:\/\/www.sagafurs.com\/\" target=\"_blank\" rel=\"noopener\">Saga Furs<\/a><\/span><\/em><\/p>\n<p>[\/et_pb_text][et_pb_text module_class=\u00a0\u00bbjb-text-spacing\u00a0\u00bb _builder_version=\u00a0\u00bb4.23.1&Prime; _module_preset=\u00a0\u00bbdefault\u00a0\u00bb header_2_text_color=\u00a0\u00bb#123113&Prime; header_3_font=\u00a0\u00bb||||||||\u00a0\u00bb header_3_text_color=\u00a0\u00bb#123113&Prime; header_4_text_color=\u00a0\u00bb#123113&Prime; header_4_font_size=\u00a0\u00bb29px\u00a0\u00bb custom_padding=\u00a0\u00bb||||false|false\u00a0\u00bb global_colors_info=\u00a0\u00bb{}\u00a0\u00bb]<\/p>\n<p>&nbsp;<\/p>\n<p>Le renard roux est un omnivore au r\u00e9gime alimentaire tr\u00e8s vari\u00e9. La plupart des renards d&rsquo;\u00e9levage au Canada sont aujourd&rsquo;hui nourris avec des granul\u00e9s secs fabriqu\u00e9s dans le commerce, semblables \u00e0 des aliments pour animaux de compagnie. Cela \u00e9limine le besoin de cong\u00e9lateurs et le risque de maladies caus\u00e9es par des aliments mal r\u00e9frig\u00e9r\u00e9s. Toutefois, certains \u00e9leveurs pr\u00e9f\u00e8rent encore fabriquer leur propre nourriture humide en utilisant des sous-produits de l&rsquo;industrie alimentaire humaine, compl\u00e9t\u00e9s par des c\u00e9r\u00e9ales, des vitamines et des min\u00e9raux.<\/p>\n<p>Les renards adultes reproducteurs sont log\u00e9s individuellement dans des enclos grillag\u00e9s et disposent d&rsquo;un nichoir avec de la liti\u00e8re pour la saison de reproduction. Les femelles ont leur premi\u00e8re port\u00e9e vers l&rsquo;\u00e2ge d&rsquo;un an.<\/p>\n<p>Les renards sont \u00e9lev\u00e9s une fois par an, la saison de reproduction s&rsquo;\u00e9tendant de janvier \u00e0 mars. La gestation dure 54 jours et les petits naissent entre mars et mai. Les port\u00e9es peuvent compter de un \u00e0 neuf petits, la moyenne \u00e9tant de trois. Les petits sont allait\u00e9s pendant environ six semaines et sevr\u00e9s en mai et juin. Les petits sevr\u00e9s sont d&rsquo;abord \u00e9lev\u00e9s avec leurs compagnons de port\u00e9e, avant d&rsquo;\u00eatre s\u00e9par\u00e9s en couples.<\/p>\n<p>La fourrure d&rsquo;hiver commence \u00e0 se d\u00e9velopper en ao\u00fbt et est consid\u00e9r\u00e9e comme de premi\u00e8re qualit\u00e9 et pr\u00eate \u00e0 \u00eatre abattue en novembre et d\u00e9cembre. Outre le rouge, les couleurs naturelles de la fourrure de renard sont l&rsquo;argent, la perle, le platine et de nombreuses autres combinaisons.<\/p>\n<p>Gr\u00e2ce \u00e0 d&rsquo;innombrables g\u00e9n\u00e9rations d&rsquo;\u00e9levage s\u00e9lectif en fonction de la couleur, de la taille, de la qualit\u00e9 de la fourrure, de la f\u00e9condit\u00e9, de la docilit\u00e9, de la capacit\u00e9 \u00e0 materner, du taux de croissance et de la survie de la port\u00e9e, les renards d&rsquo;\u00e9levage ont \u00e9volu\u00e9 pour devenir diff\u00e9rents de leurs cousins sauvages. Gr\u00e2ce \u00e0 une bonne alimentation, \u00e0 un bon logement et \u00e0 des soins v\u00e9t\u00e9rinaires, il en r\u00e9sulte un animal plus grand, plus robuste et d&rsquo;un temp\u00e9rament beaucoup plus calme. Toutefois, m\u00eame si des exp\u00e9riences ont montr\u00e9 que les <span style=\"text-decoration: underline;\"><a href=\"https:\/\/www.truthaboutfur.com\/farmed-foxes-unlock-riddle-of-domestication\/\" target=\"_blank\" rel=\"noopener\">renards peuvent \u00eatre apprivois\u00e9s<\/a><\/span>, ils peuvent mordre lorsqu&rsquo;ils sont sur la d\u00e9fensive, et c&rsquo;est pourquoi les \u00e9leveurs les manipulent g\u00e9n\u00e9ralement avec des gants en cuir \u00e9pais ou des pinces \u00e0 cou.<\/p>\n<p>[\/et_pb_text][\/et_pb_column][\/et_pb_row][et_pb_row column_structure=\u00a0\u00bb1_2,1_2&Prime; _builder_version=\u00a0\u00bb4.23&Prime; _module_preset=\u00a0\u00bbdefault\u00a0\u00bb global_colors_info=\u00a0\u00bb{}\u00a0\u00bb][et_pb_column type=\u00a0\u00bb1_2&Prime; _builder_version=\u00a0\u00bb4.23&Prime; _module_preset=\u00a0\u00bbdefault\u00a0\u00bb global_colors_info=\u00a0\u00bb{}\u00a0\u00bb][et_pb_text admin_label=\u00a0\u00bbprevious\u00a0\u00bb _builder_version=\u00a0\u00bb4.23.1&Prime; _dynamic_attributes=\u00a0\u00bblink_option_url\u00a0\u00bb _module_preset=\u00a0\u00bbdefault\u00a0\u00bb link_option_url=\u00a0\u00bb@ET-DC@eyJkeW5hbWljIjp0cnVlLCJjb250ZW50IjoicG9zdF9saW5rX3VybF9wYWdlIiwic2V0dGluZ3MiOnsicG9zdF9pZCI6IjEzOTUifX0=@\u00a0\u00bb global_colors_info=\u00a0\u00bb{}\u00a0\u00bb]<\/p>\n<div class=\"previous-page-left\">\n<h3><img loading=\"lazy\" decoding=\"async\" class=\"wp-image-1334 alignnone size-full\" src=\"https:\/\/fur.ca\/wp-content\/uploads\/2023\/10\/left-arrow.png\" alt=\"\" width=\"27\" height=\"43\" \/> <span style=\"padding-left: 30px;\">Page pr\u00e9c\u00e9dente: L\u2019\u00e9levage des visons<\/span><\/h3>\n<\/div>\n<p>[\/et_pb_text][\/et_pb_column][et_pb_column type=\u00a0\u00bb1_2&Prime; _builder_version=\u00a0\u00bb4.23&Prime; _module_preset=\u00a0\u00bbdefault\u00a0\u00bb global_colors_info=\u00a0\u00bb{}\u00a0\u00bb][et_pb_text admin_label=\u00a0\u00bbnext\u00a0\u00bb _builder_version=\u00a0\u00bb4.23.1&Prime; _dynamic_attributes=\u00a0\u00bblink_option_url\u00a0\u00bb _module_preset=\u00a0\u00bbdefault\u00a0\u00bb text_orientation=\u00a0\u00bbright\u00a0\u00bb link_option_url=\u00a0\u00bb@ET-DC@eyJkeW5hbWljIjp0cnVlLCJjb250ZW50IjoicG9zdF9saW5rX3VybF9wYWdlIiwic2V0dGluZ3MiOnsicG9zdF9pZCI6IjE0OTYifX0=@\u00a0\u00bb global_colors_info=\u00a0\u00bb{}\u00a0\u00bb]<\/p>\n<div class=\"previous-page-right\">\n<h3><span style=\"padding-right: 30px;\">Page suivante: D\u00e9buts historiques<\/span><img loading=\"lazy\" decoding=\"async\" class=\"wp-image-1335 alignnone size-full\" src=\"https:\/\/fur.ca\/wp-content\/uploads\/2023\/10\/right-arrow.png\" alt=\"\" width=\"27\" height=\"43\" \/><\/h3>\n<\/div>\n<p>[\/et_pb_text][\/et_pb_column][\/et_pb_row][\/et_pb_section]<\/p>\n","protected":false},"excerpt":{"rendered":"<p>L&rsquo;\u00c9LEVAGE DU RENARDPhoto : Saga Furs&nbsp; L&rsquo;\u00e9levage du renard roux (Vulpes vulpes) est devenu une activit\u00e9 prosp\u00e8re sur l&rsquo;\u00eele du Prince \u00c9douard en 1895, lorsque Charles Dalton et Robert Oulton ont \u00e9lev\u00e9 pour la premi\u00e8re fois des renardeaux sauvages jusqu&rsquo;\u00e0 leur maturit\u00e9. Ces renards \u00e9taient de la vari\u00e9t\u00e9 noir argent\u00e9, parfois connue sous le nom [&hellip;]<\/p>\n","protected":false},"author":1,"featured_media":0,"parent":2547,"menu_order":0,"comment_status":"closed","ping_status":"closed","template":"","meta":{"_et_pb_use_builder":"on","_et_pb_old_content":"","_et_gb_content_width":"","footnotes":""},"class_list":["post-2895","page","type-page","status-publish","hentry"],"_links":{"self":[{"href":"https:\/\/fur.ca\/fr\/wp-json\/wp\/v2\/pages\/2895","targetHints":{"allow":["GET"]}}],"collection":[{"href":"https:\/\/fur.ca\/fr\/wp-json\/wp\/v2\/pages"}],"about":[{"href":"https:\/\/fur.ca\/fr\/wp-json\/wp\/v2\/types\/page"}],"author":[{"embeddable":true,"href":"https:\/\/fur.ca\/fr\/wp-json\/wp\/v2\/users\/1"}],"replies":[{"embeddable":true,"href":"https:\/\/fur.ca\/fr\/wp-json\/wp\/v2\/comments?post=2895"}],"version-history":[{"count":5,"href":"https:\/\/fur.ca\/fr\/wp-json\/wp\/v2\/pages\/2895\/revisions"}],"predecessor-version":[{"id":3362,"href":"https:\/\/fur.ca\/fr\/wp-json\/wp\/v2\/pages\/2895\/revisions\/3362"}],"up":[{"embeddable":true,"href":"https:\/\/fur.ca\/fr\/wp-json\/wp\/v2\/pages\/2547"}],"wp:attachment":[{"href":"https:\/\/fur.ca\/fr\/wp-json\/wp\/v2\/media?parent=2895"}],"curies":[{"name":"wp","href":"https:\/\/api.w.org\/{rel}","templated":true}]}}