{"id":2629,"date":"2023-09-14T12:28:16","date_gmt":"2023-09-14T16:28:16","guid":{"rendered":"https:\/\/fur.ca\/prendre-soin-des-fourrures\/"},"modified":"2025-03-01T02:31:55","modified_gmt":"2025-03-01T07:31:55","slug":"prendre-soin-des-fourrures","status":"publish","type":"page","link":"https:\/\/fur.ca\/fr\/prendre-soin-des-fourrures\/","title":{"rendered":"Prendre soin des fourrures"},"content":{"rendered":"<p>[et_pb_section fb_built=\u00a0\u00bb1&Prime; _builder_version=\u00a0\u00bb4.22.1&Prime; _module_preset=\u00a0\u00bbdefault\u00a0\u00bb background_color=\u00a0\u00bb#DDDDDD\u00a0\u00bb custom_padding=\u00a0\u00bb0px||0px|||\u00a0\u00bb global_colors_info=\u00a0\u00bb{}\u00a0\u00bb][et_pb_row _builder_version=\u00a0\u00bb4.22.1&Prime; _module_preset=\u00a0\u00bbdefault\u00a0\u00bb global_colors_info=\u00a0\u00bb{}\u00a0\u00bb][et_pb_column type=\u00a0\u00bb4_4&Prime; _builder_version=\u00a0\u00bb4.22.1&Prime; _module_preset=\u00a0\u00bbdefault\u00a0\u00bb global_colors_info=\u00a0\u00bb{}\u00a0\u00bb][et_pb_text admin_label=\u00a0\u00bbCaring for Fur\u00a0\u00bb _builder_version=\u00a0\u00bb4.25.0&Prime; _module_preset=\u00a0\u00bbdefault\u00a0\u00bb header_font=\u00a0\u00bb|700||on|||||\u00a0\u00bb header_text_color=\u00a0\u00bb#123113&Prime; global_colors_info=\u00a0\u00bb{}\u00a0\u00bb]<\/p>\n<h1>Prendre soin des fourrures<\/h1>\n<p>[\/et_pb_text][\/et_pb_column][\/et_pb_row][\/et_pb_section][et_pb_section fb_built=\u00a0\u00bb1&Prime; _builder_version=\u00a0\u00bb4.22.1&Prime; _module_preset=\u00a0\u00bbdefault\u00a0\u00bb global_colors_info=\u00a0\u00bb{}\u00a0\u00bb][et_pb_row _builder_version=\u00a0\u00bb4.22.1&Prime; _module_preset=\u00a0\u00bbdefault\u00a0\u00bb global_colors_info=\u00a0\u00bb{}\u00a0\u00bb][et_pb_column type=\u00a0\u00bb4_4&Prime; _builder_version=\u00a0\u00bb4.22.1&Prime; _module_preset=\u00a0\u00bbdefault\u00a0\u00bb global_colors_info=\u00a0\u00bb{}\u00a0\u00bb][et_pb_image src=\u00a0\u00bbhttps:\/\/fur.ca\/wp-content\/uploads\/2023\/10\/Caring-square.png\u00a0\u00bb title_text=\u00a0\u00bbCaring-square\u00a0\u00bb align=\u00a0\u00bbcenter\u00a0\u00bb force_fullwidth=\u00a0\u00bbon\u00a0\u00bb admin_label=\u00a0\u00bbImage\u00a0\u00bb _builder_version=\u00a0\u00bb4.23.1&Prime; _module_preset=\u00a0\u00bbdefault\u00a0\u00bb custom_padding=\u00a0\u00bb||0px||false|false\u00a0\u00bb box_shadow_style=\u00a0\u00bbpreset1&Prime; global_colors_info=\u00a0\u00bb{}\u00a0\u00bb][\/et_pb_image][et_pb_text admin_label=\u00a0\u00bbCaption\u00a0\u00bb module_class=\u00a0\u00bbjb-text-spacing\u00a0\u00bb _builder_version=\u00a0\u00bb4.25.0&Prime; _module_preset=\u00a0\u00bbdefault\u00a0\u00bb header_2_text_color=\u00a0\u00bb#123113&Prime; header_3_font=\u00a0\u00bb||||||||\u00a0\u00bb header_3_text_color=\u00a0\u00bb#123113&Prime; header_4_text_color=\u00a0\u00bb#123113&Prime; header_4_font_size=\u00a0\u00bb29px\u00a0\u00bb global_colors_info=\u00a0\u00bb{}\u00a0\u00bb]<\/p>\n<p><em>Photo: Katie Ball, <span style=\"text-decoration: underline;\"><a href=\"https:\/\/silvercedarstudio.com\/\" target=\"_blank\" rel=\"noopener\">Silver Cedar Studio<\/a><\/span><\/em><\/p>\n<p>[\/et_pb_text][et_pb_text module_class=\u00a0\u00bbjb-text-spacing\u00a0\u00bb _builder_version=\u00a0\u00bb4.25.0&Prime; _module_preset=\u00a0\u00bbdefault\u00a0\u00bb header_2_text_color=\u00a0\u00bb#123113&Prime; header_3_font=\u00a0\u00bb||||||||\u00a0\u00bb header_3_text_color=\u00a0\u00bb#123113&Prime; header_4_text_color=\u00a0\u00bb#123113&Prime; header_4_font_size=\u00a0\u00bb29px\u00a0\u00bb custom_padding=\u00a0\u00bb30px||0px||false|false\u00a0\u00bb global_colors_info=\u00a0\u00bb{}\u00a0\u00bb]<\/p>\n<p>La fourrure n&rsquo;est pas seulement belle et chaude, elle est aussi extr\u00eamement durable lorsqu&rsquo;elle est entretenue correctement. Si vous prenez soin de vos fourrures, elles peuvent devenir de pr\u00e9cieux h\u00e9ritages familiaux tout en restant \u00e9l\u00e9gantes et fonctionnelles pour les g\u00e9n\u00e9rations \u00e0 venir.<\/p>\n<p>Si votre objectif est de transmettre un jour votre fourrure \u00e0 votre petit-enfant, voici quelques conseils pour vous aider \u00e0 y parvenir.<\/p>\n<h3><strong>Ne craignez pas la pluie<\/strong><\/h3>\n<p>Les nouveaux adeptes de la fourrure pensent souvent que la pluie ou la neige sont les pires ennemis de leur v\u00eatement, mais pour la plupart des types de fourrure, ce n&rsquo;est tout simplement pas vrai.<\/p>\n<p>La plupart des fourrures naturelles sont compos\u00e9es de deux types de poils. \u00c0 c\u00f4t\u00e9 du cuir se trouve une couche dense de sous-poils courts, fins et de couleur terne pour la chaleur. Sur cette couche se trouvent des poils de garde plus longs, plus r\u00e9sistants et plus brillants, qui prot\u00e8gent l&rsquo;animal contre l&rsquo;humidit\u00e9 et les objets qui le griffent, tels que les branches. Certaines fourrures, comme la peau de phoque, n&rsquo;ont que des poils de garde, tandis que d&rsquo;autres, comme le chinchilla, n&rsquo;ont que des sous-poils.<\/p>\n<p>En r\u00e8gle g\u00e9n\u00e9rale, si votre fourrure comporte beaucoup de poils de garde, ne craignez pas la pluie. Si vous \u00eates pris sous une averse, secouez simplement votre fourrure, placez-la sur un cintre appropri\u00e9 (voir ci-dessous) et laissez-la s\u00e9cher lentement dans une pi\u00e8ce bien ventil\u00e9e. \u00c9loignez-la de la chaleur directe et n&rsquo;utilisez jamais de s\u00e8che-cheveux ! De m\u00eame, ne peignez ou ne brossez jamais votre fourrure lorsqu&rsquo;elle est mouill\u00e9e.<\/p>\n<p>Pour les autres fourrures, soyez plus prudent, mais pas au point de rester chez vous parce qu&rsquo;il y a un nuage dans le ciel ! Il s&rsquo;agit des fourrures d\u00e9pourvues de poils de garde, mais aussi des fourrures tondues et \u00e9pil\u00e9es. La tonte est un traitement courant pour les visons afin de r\u00e9duire leur poids, mais en coupant les poils de garde, elle laisse la sous-fourrure absorbante plus expos\u00e9e. La plumaison est parfois pratiqu\u00e9e pour le vison et le castor, et consiste \u00e0 enlever enti\u00e8rement les poils de garde.<\/p>\n<p>Dans un cas extr\u00eame, comme une chute dans un lac alors que vous portez votre chinchilla, emmenez-le imm\u00e9diatement chez un fourreur pour qu&rsquo;il soit examin\u00e9 par un expert.<\/p>\n<p>VOIR AUSSI : <span style=\"text-decoration: underline;\"><a href=\"https:\/\/www.truthaboutfur.com\/amazing-facts-about-fur-dressing-for-the-arctic\/\" target=\"_blank\" rel=\"noopener\">Amazing facts about fur: Dressing for the Arctic<\/a><\/span>. Truth About Fur<\/p>\n<h3><strong>Pas d&rsquo;\u00e9pingles \u00e0 broche<\/strong><\/h3>\n<p>Le support en cuir de la fourrure d\u00e9teste \u00eatre piqu\u00e9 par des \u00e9pingles \u00e0 broche, car un petit trou &#8211; surtout si la broche est lourde &#8211; peut facilement se transformer en d\u00e9chirure. Si vous devez porter une broche, mettez-la sur un v\u00eatement que vous n&rsquo;avez pas l&rsquo;intention de garder pendant des d\u00e9cennies, comme un chemisier.<\/p>\n<h3><strong>\u00c9vitez les sacs \u00e0 bandouli\u00e8re<\/strong><\/h3>\n<p>Les habitu\u00e9s des manteaux de fourrure pr\u00e9f\u00e8rent les sacs \u00e0 main aux sacs \u00e0 bandouli\u00e8re pour une raison simple. Les bretelles des sacs \u00e0 bandouli\u00e8re peuvent casser les poils de la fourrure et cr\u00e9er des plaques chauves.<\/p>\n<h3><strong>Limitez le temps pass\u00e9 assis<\/strong><\/h3>\n<p>Nous passons la moiti\u00e9 de notre vie assis, mais essayez de limiter le temps pass\u00e9 assis lorsque vous portez de la fourrure. Comme pour les bandouli\u00e8res, le fait de s&rsquo;asseoir sur de la fourrure peut casser les poils. Et si vous devez vous asseoir dans votre fourrure pleine longueur, n&rsquo;oubliez pas de l&rsquo;attacher d&rsquo;abord pour \u00e9viter d&rsquo;\u00e9tirer le cuir sous vos fesses.<\/p>\n<h3><strong>Pas de parfum ni de laque<\/strong><\/h3>\n<p>Si vous aimez vous envelopper d&rsquo;un nuage de parfum ou de laque, faites-le sans votre manteau de fourrure. Ces produits chimiques peuvent ass\u00e9cher la fourrure, lui \u00f4ter son \u00e9clat et la rendre collante (et donc attirante pour la poussi\u00e8re). Et si votre fourrure sent le renferm\u00e9, l&rsquo;asperger d&rsquo;eau de Cologne ne r\u00e9soudra pas le probl\u00e8me. Elle a probablement besoin d&rsquo;un bon nettoyage !<\/p>\n<h2><strong>STOCKER VOTRE FOURRURE<\/strong><\/h2>\n<h3><strong>Le bon placard<\/strong><\/h3>\n<p>Lorsque vous suspendez votre manteau de fourrure pour quelques jours, et surtout si vous l&rsquo;entreposez \u00e0 la maison pour l&rsquo;\u00e9t\u00e9, vous avez besoin d&rsquo;un placard adapt\u00e9.<\/p>\n<p>Votre placard doit \u00eatre sombre et frais. Une exposition prolong\u00e9e de votre fourrure \u00e0 la chaleur ou \u00e0 la lumi\u00e8re du soleil peut provoquer une oxydation, ce qui peut r\u00e9duire son \u00e9clat et m\u00eame lui faire changer de couleur. La chaleur peut \u00e9galement ass\u00e9cher les huiles contenues dans le cuir de la fourrure, qui devient alors cassant et susceptible de se d\u00e9chirer.<\/p>\n<p>Votre placard doit \u00e9galement \u00eatre spacieux, c&rsquo;est-\u00e0-dire qu&rsquo;il doit y avoir de l&rsquo;espace autour de votre fourrure pour que l&rsquo;air puisse circuler. Cela emp\u00eache le cuir de se dess\u00e9cher et les moisissures de se d\u00e9velopper. Pour la m\u00eame raison, ne suspendez pas votre manteau dans un sac \u00e0 v\u00eatements. Si vous emballez votre fourrure pour un voyage et souhaitez la prot\u00e9ger davantage, utilisez un sac en tissu peu serr\u00e9, jamais en plastique ou avec une doublure en caoutchouc.<\/p>\n<h3><strong>Mites des v\u00eatements<\/strong><\/h3>\n<p>[\/et_pb_text][et_pb_image title_text=\u00a0\u00bbXN_Tineola_bisselliella_0&Prime; align=\u00a0\u00bbcenter\u00a0\u00bb force_fullwidth=\u00a0\u00bbon\u00a0\u00bb admin_label=\u00a0\u00bbImage\u00a0\u00bb _builder_version=\u00a0\u00bb4.27.4&Prime; _module_preset=\u00a0\u00bbdefault\u00a0\u00bb custom_padding=\u00a0\u00bb||0px||false|false\u00a0\u00bb global_colors_info=\u00a0\u00bb{}\u00a0\u00bb src=\u00a0\u00bbhttps:\/\/fur.ca\/wp-content\/uploads\/2025\/03\/XN_Tineola_bisselliella_0.jpg\u00a0\u00bb hover_enabled=\u00a0\u00bb0&Prime; sticky_enabled=\u00a0\u00bb0&Prime;][\/et_pb_image][et_pb_text admin_label=\u00a0\u00bbCaption\u00a0\u00bb module_class=\u00a0\u00bbjb-text-spacing\u00a0\u00bb _builder_version=\u00a0\u00bb4.25.0&Prime; _module_preset=\u00a0\u00bbdefault\u00a0\u00bb header_2_text_color=\u00a0\u00bb#123113&Prime; header_3_font=\u00a0\u00bb||||||||\u00a0\u00bb header_3_text_color=\u00a0\u00bb#123113&Prime; header_4_text_color=\u00a0\u00bb#123113&Prime; header_4_font_size=\u00a0\u00bb29px\u00a0\u00bb global_colors_info=\u00a0\u00bb{}\u00a0\u00bb]<\/p>\n<p><em>Larve de teigne se nourrissant de feutre. <span style=\"text-decoration: underline;\"><a href=\"https:\/\/commons.wikimedia.org\/wiki\/File:XN_Tineola_bisselliella_0.jpg\" target=\"_blank\" rel=\"noopener\">Photo<\/a><\/span> : Guido Gerding, <span style=\"text-decoration: underline;\"><a href=\"https:\/\/creativecommons.org\/licenses\/by-sa\/3.0\/\" target=\"_blank\" rel=\"noopener\">CC BY-SA 3.0<\/a><\/span>, via Wikimedia Commons<\/em><\/p>\n<p>[\/et_pb_text][et_pb_text module_class=\u00a0\u00bbjb-text-spacing\u00a0\u00bb _builder_version=\u00a0\u00bb4.23.1&Prime; _module_preset=\u00a0\u00bbdefault\u00a0\u00bb header_2_text_color=\u00a0\u00bb#123113&Prime; header_3_font=\u00a0\u00bb||||||||\u00a0\u00bb header_3_text_color=\u00a0\u00bb#123113&Prime; header_4_text_color=\u00a0\u00bb#123113&Prime; header_4_font_size=\u00a0\u00bb29px\u00a0\u00bb custom_padding=\u00a0\u00bb30px||0px|||\u00a0\u00bb global_colors_info=\u00a0\u00bb{}\u00a0\u00bb]<\/p>\n<p>C&rsquo;est \u00e9galement dans votre placard que vous pouvez vous battre contre l&rsquo;ennemi num\u00e9ro un des v\u00eatements en fibres animales : les mites. Ces insectes inoffensifs pondent leurs \u0153ufs sur vos v\u00eatements, qui \u00e9closent ensuite en larves, lesquelles se r\u00e9galent de votre fourrure, de votre cachemire ou de votre laine.<\/p>\n<p>L&rsquo;un des signes que vous avez probablement un probl\u00e8me de mites est que votre fourrure commence \u00e0 perdre des poils par touffes (et non des poils cass\u00e9s individuels, ce qui est tout \u00e0 fait normal).<\/p>\n<p>Comment emp\u00eacher les mites de s&rsquo;installer dans votre fourrure ou, au pire, que faire en cas d&rsquo;infestation ?<\/p>\n<p>On pense d&rsquo;abord aux boules antimites, mais les personnes qui ne sont pas expertes en lecture d&rsquo;\u00e9tiquettes peuvent les laisser de c\u00f4t\u00e9. Vos grands-parents utilisaient des boules fabriqu\u00e9es \u00e0 partir de <span style=\"text-decoration: underline;\"><a href=\"https:\/\/en.wikipedia.org\/wiki\/Naphthalene\" target=\"_blank\" rel=\"noopener\">naphtal\u00e8ne<\/a><\/span>. Ces boules sont encore disponibles dans la plupart des pays et leur vapeur piquante est un moyen de dissuasion efficace contre les mites. Mais il s&rsquo;av\u00e8re qu&rsquo;une exposition prolong\u00e9e d\u00e9truit \u00e9galement les globules rouges et peut provoquer un cancer. La plupart des boules antimites sont donc aujourd&rsquo;hui compos\u00e9es de <span style=\"text-decoration: underline;\"><a href=\"https:\/\/en.wikipedia.org\/wiki\/1,4-Dichlorobenzene\" target=\"_blank\" rel=\"noopener\"><em>p<\/em>-DCB<\/a><\/span>, mais celui-ci pourrait \u00e9galement \u00eatre canc\u00e9rig\u00e8ne ! \u00c9tant donn\u00e9 que l&rsquo;utilisation du naphtal\u00e8ne et du p-DCB dans les d\u00e9sodorisants et les boules antimites a \u00e9t\u00e9 interdite dans l&rsquo;UE, il serait peut-\u00eatre bon de les oublier compl\u00e8tement.<\/p>\n<p>L&rsquo;un des moyens les plus r\u00e9pandus pour lutter contre les mites consiste \u00e0 tapisser son placard de planches de c\u00e8dre, car les mites n&rsquo;aiment pas l&rsquo;odeur de l&rsquo;huile de c\u00e8dre. Toutefois, l&rsquo;efficacit\u00e9 \u00e0 long terme des placards en c\u00e8dre est discutable, car l&rsquo;odeur s&rsquo;estompe avec le temps et ne dure qu&rsquo;un an environ dans un climat chaud et sec. De nombreuses personnes choisissent donc de placer un bloc de c\u00e8dre dans leur placard en bois ordinaire (pas en c\u00e8dre) et, lorsque la surface se dess\u00e8che et que l&rsquo;odeur s&rsquo;estompe, de poncer la surface pour lib\u00e9rer une nouvelle odeur.<\/p>\n<p>Une autre variation sur le th\u00e8me du c\u00e8dre consiste \u00e0 vaporiser l&rsquo;int\u00e9rieur d&rsquo;une armoire en bois avec de l&rsquo;huile de c\u00e8dre dilu\u00e9e &#8211; apr\u00e8s avoir retir\u00e9 les v\u00eatements, bien s\u00fbr. Vous pouvez \u00e9galement imbiber des boules de coton d&rsquo;huile de bois de c\u00e8dre et les placer dans les coins du placard. Les m\u00eames astuces fonctionnent avec l&rsquo;huile de lavande et un certain nombre d&rsquo;autres r\u00e9pulsifs naturels disponibles sur le march\u00e9.<\/p>\n<p>Si vous vous y prenez trop tard et que les mites ont d\u00e9j\u00e0 investi les lieux, la solution la plus s\u00fbre consiste \u00e0 faire appel \u00e0 un professionnel pour fumiger l&rsquo;ensemble de votre placard, v\u00eatements et tout le reste. Vous pouvez aussi vous d\u00e9brouiller seul, en retirant d&rsquo;abord tous les v\u00eatements, en nettoyant le placard \u00e0 fond, puis en pulv\u00e9risant de l&rsquo;huile de bois de c\u00e8dre ou de lavande. En ce qui concerne les v\u00eatements, les pulls en laine et autres peuvent \u00eatre mis au cong\u00e9lateur en toute s\u00e9curit\u00e9, mais ne le faites pas pour les articles contenant du cuir. Si vous \u00eates certain que votre pr\u00e9cieuse fourrure a \u00e9t\u00e9 attaqu\u00e9e par des mites, il est pr\u00e9f\u00e9rable de la confier \u00e0 un fourreur pour qu&rsquo;il la nettoie de mani\u00e8re professionnelle.<\/p>\n<p>VOIR AUSSI : <span style=\"text-decoration: underline;\"><a href=\"https:\/\/www.truthaboutfur.com\/furs-with-moths\/\" target=\"_blank\" rel=\"noopener\">Clothes moths in the fur closet? Prevention better than cure<\/a><\/span>. Truth About Fur<\/p>\n<h3><strong>Des cintres solides<\/strong><\/h3>\n<p>Pour les vestes et les manteaux en fourrure &#8211; tout ce qui a des \u00e9paules, en fait &#8211; utilisez toujours des cintres robustes et larges, de pr\u00e9f\u00e9rence avec un rembourrage. Des cintres mal ajust\u00e9s peuvent endommager les \u00e9paules, tandis que des cintres en fil de fer peu solides sont \u00e0 proscrire.<\/p>\n<h3><strong>Nettoyage et entreposage professionnels<\/strong><\/h3>\n<p>Les fourreurs recommandent de faire nettoyer la fourrure par un sp\u00e9cialiste une fois par an, m\u00eame si elle n&rsquo;a pas l&rsquo;air sale, afin d&rsquo;\u00e9liminer les minuscules particules de salet\u00e9 abrasives et les produits chimiques. Le sp\u00e9cialiste lustrera \u00e9galement votre fourrure pour en rehausser l&rsquo;\u00e9clat.<\/p>\n<p>Les fourreurs vous sugg\u00e8rent \u00e9galement d&rsquo;entreposer votre fourrure pour l&rsquo;\u00e9t\u00e9 dans une chambre forte d\u00e9di\u00e9e, o\u00f9 la temp\u00e9rature et l&rsquo;humidit\u00e9 sont rigoureusement contr\u00f4l\u00e9es.<\/p>\n<p>Le recours \u00e0 ces services est bien entendu une question de jugement, qui d\u00e9pend de facteurs tels que la situation g\u00e9ographique, le budget et la dur\u00e9e de vie de la fourrure.<\/p>\n<p>Mais m\u00eame si vous d\u00e9cidez de faire cavalier seul, les fourreurs vous conseillent vivement de ne pas confier votre fourrure \u00e0 un nettoyeur \u00e0 sec et de ne pas utiliser de produits de nettoyage commerciaux. Ils rappellent \u00e9galement \u00e0 leurs clients que le fait d&rsquo;apporter une fourrure pour la nettoyer ou l&rsquo;entreposer est l&rsquo;occasion id\u00e9ale pour eux de rep\u00e9rer les r\u00e9parations mineures qui devraient \u00eatre effectu\u00e9es avant qu&rsquo;elles ne deviennent plus graves.<\/p>\n<p>[\/et_pb_text][\/et_pb_column][\/et_pb_row][et_pb_row column_structure=\u00a0\u00bb1_2,1_2&Prime; _builder_version=\u00a0\u00bb4.23&Prime; _module_preset=\u00a0\u00bbdefault\u00a0\u00bb global_colors_info=\u00a0\u00bb{}\u00a0\u00bb][et_pb_column type=\u00a0\u00bb1_2&Prime; _builder_version=\u00a0\u00bb4.23&Prime; _module_preset=\u00a0\u00bbdefault\u00a0\u00bb global_colors_info=\u00a0\u00bb{}\u00a0\u00bb][et_pb_text admin_label=\u00a0\u00bbprevious\u00a0\u00bb _builder_version=\u00a0\u00bb4.25.0&Prime; _dynamic_attributes=\u00a0\u00bblink_option_url\u00a0\u00bb _module_preset=\u00a0\u00bbdefault\u00a0\u00bb link_option_url=\u00a0\u00bb@ET-DC@eyJkeW5hbWljIjp0cnVlLCJjb250ZW50IjoicG9zdF9saW5rX3VybF9wYWdlIiwic2V0dGluZ3MiOnsicG9zdF9pZCI6IjE1MjAifX0=@\u00a0\u00bb global_colors_info=\u00a0\u00bb{}\u00a0\u00bb]<\/p>\n<div class=\"previous-page-left\">\n<h3><img loading=\"lazy\" decoding=\"async\" class=\"wp-image-1334 alignnone size-full\" src=\"https:\/\/fur.ca\/wp-content\/uploads\/2023\/10\/left-arrow.png\" alt=\"\" width=\"27\" height=\"43\" \/> <span style=\"padding-left: 30px;\">Page pr\u00e9c\u00e9dente : O\u00f9 acheter de la fourrure<\/span><\/h3>\n<\/div>\n<p>[\/et_pb_text][\/et_pb_column][et_pb_column type=\u00a0\u00bb1_2&Prime; _builder_version=\u00a0\u00bb4.23&Prime; _module_preset=\u00a0\u00bbdefault\u00a0\u00bb global_colors_info=\u00a0\u00bb{}\u00a0\u00bb][et_pb_text admin_label=\u00a0\u00bbnext\u00a0\u00bb _builder_version=\u00a0\u00bb4.25.0&Prime; _dynamic_attributes=\u00a0\u00bblink_option_url\u00a0\u00bb _module_preset=\u00a0\u00bbdefault\u00a0\u00bb text_orientation=\u00a0\u00bbright\u00a0\u00bb link_option_url=\u00a0\u00bb@ET-DC@eyJkeW5hbWljIjp0cnVlLCJjb250ZW50IjoicG9zdF9saW5rX3VybF9wYWdlIiwic2V0dGluZ3MiOnsicG9zdF9pZCI6IjE1MDYifX0=@\u00a0\u00bb global_colors_info=\u00a0\u00bb{}\u00a0\u00bb]<\/p>\n<div class=\"previous-page-right\">\n<h3><span style=\"padding-right: 30px;\">Page suivante : Traitement de la fourrure<\/span><img loading=\"lazy\" decoding=\"async\" class=\"wp-image-1335 alignnone size-full\" src=\"https:\/\/fur.ca\/wp-content\/uploads\/2023\/10\/right-arrow.png\" alt=\"\" width=\"27\" height=\"43\" \/><\/h3>\n<\/div>\n<p>[\/et_pb_text][\/et_pb_column][\/et_pb_row][\/et_pb_section]<\/p>\n","protected":false},"excerpt":{"rendered":"<p>Prendre soin des fourruresPhoto: Katie Ball, Silver Cedar StudioLa fourrure n&rsquo;est pas seulement belle et chaude, elle est aussi extr\u00eamement durable lorsqu&rsquo;elle est entretenue correctement. Si vous prenez soin de vos fourrures, elles peuvent devenir de pr\u00e9cieux h\u00e9ritages familiaux tout en restant \u00e9l\u00e9gantes et fonctionnelles pour les g\u00e9n\u00e9rations \u00e0 venir. Si votre objectif est de [&hellip;]<\/p>\n","protected":false},"author":1,"featured_media":0,"parent":0,"menu_order":0,"comment_status":"closed","ping_status":"closed","template":"","meta":{"_et_pb_use_builder":"on","_et_pb_old_content":"","_et_gb_content_width":"","footnotes":""},"class_list":["post-2629","page","type-page","status-publish","hentry"],"_links":{"self":[{"href":"https:\/\/fur.ca\/fr\/wp-json\/wp\/v2\/pages\/2629","targetHints":{"allow":["GET"]}}],"collection":[{"href":"https:\/\/fur.ca\/fr\/wp-json\/wp\/v2\/pages"}],"about":[{"href":"https:\/\/fur.ca\/fr\/wp-json\/wp\/v2\/types\/page"}],"author":[{"embeddable":true,"href":"https:\/\/fur.ca\/fr\/wp-json\/wp\/v2\/users\/1"}],"replies":[{"embeddable":true,"href":"https:\/\/fur.ca\/fr\/wp-json\/wp\/v2\/comments?post=2629"}],"version-history":[{"count":5,"href":"https:\/\/fur.ca\/fr\/wp-json\/wp\/v2\/pages\/2629\/revisions"}],"predecessor-version":[{"id":5913,"href":"https:\/\/fur.ca\/fr\/wp-json\/wp\/v2\/pages\/2629\/revisions\/5913"}],"wp:attachment":[{"href":"https:\/\/fur.ca\/fr\/wp-json\/wp\/v2\/media?parent=2629"}],"curies":[{"name":"wp","href":"https:\/\/api.w.org\/{rel}","templated":true}]}}