{"id":2611,"date":"2023-10-07T18:29:00","date_gmt":"2023-10-07T22:29:00","guid":{"rendered":"https:\/\/fur.ca\/concevoir-avec-de-la-fourrure\/"},"modified":"2025-03-01T01:35:59","modified_gmt":"2025-03-01T06:35:59","slug":"concevoir-avec-de-la-fourrure","status":"publish","type":"page","link":"https:\/\/fur.ca\/fr\/concevoir-avec-de-la-fourrure\/","title":{"rendered":"Concevoir"},"content":{"rendered":"<p>[et_pb_section fb_built=\u00a0\u00bb1&Prime; _builder_version=\u00a0\u00bb4.22.1&Prime; _module_preset=\u00a0\u00bbdefault\u00a0\u00bb background_color=\u00a0\u00bb#DDDDDD\u00a0\u00bb custom_padding=\u00a0\u00bb0px||0px|||\u00a0\u00bb global_colors_info=\u00a0\u00bb{}\u00a0\u00bb][et_pb_row _builder_version=\u00a0\u00bb4.22.1&Prime; _module_preset=\u00a0\u00bbdefault\u00a0\u00bb global_colors_info=\u00a0\u00bb{}\u00a0\u00bb][et_pb_column type=\u00a0\u00bb4_4&Prime; _builder_version=\u00a0\u00bb4.22.1&Prime; _module_preset=\u00a0\u00bbdefault\u00a0\u00bb global_colors_info=\u00a0\u00bb{}\u00a0\u00bb][et_pb_text admin_label=\u00a0\u00bbDesigning with Fur\u00a0\u00bb _builder_version=\u00a0\u00bb4.23.1&Prime; _module_preset=\u00a0\u00bbdefault\u00a0\u00bb header_font=\u00a0\u00bb|700||on|||||\u00a0\u00bb header_text_color=\u00a0\u00bb#123113&Prime; global_colors_info=\u00a0\u00bb{}\u00a0\u00bb]<\/p>\n<h1>Concevoir avec de la fourrure<\/h1>\n<p>[\/et_pb_text][\/et_pb_column][\/et_pb_row][\/et_pb_section][et_pb_section fb_built=\u00a0\u00bb1&Prime; _builder_version=\u00a0\u00bb4.22.1&Prime; _module_preset=\u00a0\u00bbdefault\u00a0\u00bb global_colors_info=\u00a0\u00bb{}\u00a0\u00bb][et_pb_row _builder_version=\u00a0\u00bb4.22.2&Prime; _module_preset=\u00a0\u00bbdefault\u00a0\u00bb global_colors_info=\u00a0\u00bb{}\u00a0\u00bb][et_pb_column type=\u00a0\u00bb4_4&Prime; _builder_version=\u00a0\u00bb4.22.1&Prime; _module_preset=\u00a0\u00bbdefault\u00a0\u00bb global_colors_info=\u00a0\u00bb{}\u00a0\u00bb][et_pb_image src=\u00a0\u00bbhttps:\/\/fur.ca\/wp-content\/uploads\/2023\/10\/Design-square.png\u00a0\u00bb title_text=\u00a0\u00bbDesign-square\u00a0\u00bb align=\u00a0\u00bbcenter\u00a0\u00bb force_fullwidth=\u00a0\u00bbon\u00a0\u00bb admin_label=\u00a0\u00bbImage\u00a0\u00bb _builder_version=\u00a0\u00bb4.22.2&Prime; _module_preset=\u00a0\u00bbdefault\u00a0\u00bb custom_padding=\u00a0\u00bb||0px||false|false\u00a0\u00bb global_colors_info=\u00a0\u00bb{}\u00a0\u00bb][\/et_pb_image][et_pb_text admin_label=\u00a0\u00bbCaption\u00a0\u00bb _builder_version=\u00a0\u00bb4.23.1&Prime; _module_preset=\u00a0\u00bbdefault\u00a0\u00bb global_colors_info=\u00a0\u00bb{}\u00a0\u00bb]<\/p>\n<p><em>Photo: <span style=\"text-decoration: underline;\"><a href=\"https:\/\/www.naturalfurs.com\/fr\/home\/]\" target=\"_blank\" rel=\"noopener\">Christina Nacos<\/a><\/span><\/em><\/p>\n<p>[\/et_pb_text][et_pb_text admin_label=\u00a0\u00bbFur has many unique&#8230;\u00a0\u00bb module_class=\u00a0\u00bbjb-text-spacing\u00a0\u00bb _builder_version=\u00a0\u00bb4.25.0&Prime; _module_preset=\u00a0\u00bbdefault\u00a0\u00bb header_2_font=\u00a0\u00bb|600|||||||\u00a0\u00bb header_2_text_color=\u00a0\u00bb#123113&Prime; header_3_font=\u00a0\u00bb|700|||||||\u00a0\u00bb header_3_text_color=\u00a0\u00bb#123113&Prime; header_3_font_size=\u00a0\u00bb29px\u00a0\u00bb header_4_font=\u00a0\u00bb|600|||||||\u00a0\u00bb header_4_text_color=\u00a0\u00bb#123113&Prime; header_4_font_size=\u00a0\u00bb30px\u00a0\u00bb custom_padding=\u00a0\u00bb20px||30px||false|false\u00a0\u00bb global_colors_info=\u00a0\u00bb{}\u00a0\u00bb]<\/p>\n<p>La fourrure poss\u00e8de de nombreuses qualit\u00e9s uniques qui en font la pr\u00e9f\u00e9r\u00e9e des cr\u00e9ateurs. Outre la fonction \u00e9vidente de nous tenir chaud, les diff\u00e9rents types de fourrure ont leurs propres textures, longueurs de poils et couleurs naturelles \u00e9tonnantes (mais elles sont \u00e9galement tr\u00e8s belles lorsqu&rsquo;elles sont teint\u00e9es). La fourrure est \u00e9galement incroyablement polyvalente, notamment parce que, contrairement aux tissus, elle est tridimensionnelle. D&rsquo;autres superlatifs sont souvent utilis\u00e9s pour qualifier la fourrure : douce mais durable, luxueuse, chic et sexy.<\/p>\n<p>Les cr\u00e9ateurs de fourrure sont \u00e9galement fiers de ce qu&rsquo;ils font. Leurs v\u00eatements sont fabriqu\u00e9s \u00e0 la main, selon des techniques artisanales transmises et perfectionn\u00e9es au fil des g\u00e9n\u00e9rations. Et ils aident la plan\u00e8te. Contrairement aux mati\u00e8res synth\u00e9tiques p\u00e9trochimiques utilis\u00e9es pour la plupart des v\u00eatements de la \u00ab\u00a0fast fashion\u00a0\u00bb d&rsquo;aujourd&rsquo;hui, la fourrure est organique, renouvelable et donc durable et, \u00e0 la fin de sa longue vie, biod\u00e9gradable.<\/p>\n<p>L&rsquo;\u00e9poque actuelle est \u00e9galement passionnante pour travailler avec la fourrure, et ce pour deux raisons principales.<\/p>\n<p>Tout d&rsquo;abord, la base des consommateurs de fourrure s&rsquo;est consid\u00e9rablement \u00e9largie au cours des derni\u00e8res d\u00e9cennies, ce qui signifie que les cr\u00e9ateurs r\u00e9pondent aujourd&rsquo;hui \u00e0 un \u00e9ventail beaucoup plus large de go\u00fbts en mati\u00e8re de mode.<\/p>\n<p>D&rsquo;autre part, les progr\u00e8s techniques r\u00e9alis\u00e9s dans le traitement de la fourrure permettent aux cr\u00e9ateurs de s&rsquo;exprimer plus librement que jamais.<\/p>\n<h3>\u00c9LARGISSEMENT DE LA BASE DE CONSOMMATEURS<\/h3>\n<p>Dans les ann\u00e9es 1950, les styles de fourrure \u00e9taient assez limit\u00e9s, en partie parce que la base de consommateurs l&rsquo;\u00e9tait \u00e9galement. Au cours des derni\u00e8res d\u00e9cennies, cependant, les fourrures ont \u00e9t\u00e9 adopt\u00e9es par un spectre beaucoup plus large de la soci\u00e9t\u00e9, offrant aux stylistes de nouvelles possibilit\u00e9s de cr\u00e9ativit\u00e9.<\/p>\n<h3><strong>La fourrure s&rsquo;est d\u00e9mocratis\u00e9e<\/strong><\/h3>\n<p>Historiquement, toutes les fourrures \u00e9taient sauvages et non d&rsquo;\u00e9levage, ce qui signifiait que les approvisionnements n&rsquo;\u00e9taient pas fiables et devaient souvent \u00eatre exp\u00e9di\u00e9s sur de grandes distances. Les fourrures de qualit\u00e9 sup\u00e9rieure, provenant de r\u00e9gions \u00e9loign\u00e9es comme la Sib\u00e9rie et le nord du Canada, \u00e9taient donc tr\u00e8s ch\u00e8res dans les villes o\u00f9 elles \u00e9taient le plus souvent consomm\u00e9es. Le march\u00e9 des cr\u00e9ateurs de fourrure \u00e9tait donc principalement limit\u00e9 \u00e0 quelques personnes fortun\u00e9es.<\/p>\n<p>Mais tout cela a chang\u00e9, en grande partie gr\u00e2ce \u00e0 l&rsquo;essor de l&rsquo;\u00e9levage des animaux \u00e0 fourrure au XXe si\u00e8cle. Les fourrures haut de gamme comme le vison, le renard et le chinchilla ne sont toujours pas bon march\u00e9, mais elles sont accessibles \u00e0 un plus grand nombre de consommateurs qu&rsquo;auparavant.<\/p>\n<h3><strong>Les pi\u00e8ces de fourrure ont r\u00e9tr\u00e9ci<\/strong><\/h3>\n<p>La fourrure est \u00e9galement devenue plus abordable parce que la taille moyenne des pi\u00e8ces de fourrure est plus petite.<\/p>\n<p>Jusque dans les ann\u00e9es 1950, les manteaux de fourrure pleine longueur \u00e9taient un symbole de statut social pour de nombreuses femmes. Ils n&rsquo;\u00e9taient pas seulement luxueux et accrocheurs, ils \u00e9taient aussi co\u00fbteux &#8211; comme tout bon symbole de statut social se doit de l&rsquo;\u00eatre !<\/p>\n<p>Aujourd&rsquo;hui, la mode a chang\u00e9. Vous pouvez toujours d\u00e9penser une fortune pour un manteau de chinchilla ou de zibeline, mais les vestes plus petites ont pris le dessus, de m\u00eame que les gilets de fourrure, les ponchos et les ch\u00e2les. Il y a \u00e9galement une abondance de petites pi\u00e8ces (ou pi\u00e8ces \u00ab\u00a0d&rsquo;entr\u00e9e de gamme\u00a0\u00bb, comme les appellent les sp\u00e9cialistes du marketing), comme les manchettes et les capuches garnies de fourrure, les bottes, les sacs \u00e0 main, les ceintures, les cache-oreilles et les bijoux. Il est \u00e9galement courant de trouver des articles d&rsquo;ameublement en fourrure, tels que des plaids, des couvertures et des housses de coussin.<\/p>\n<h3><strong>L&rsquo;\u00e9volution des modes de vie<\/strong><\/h3>\n<p>L&rsquo;\u00e9volution de nos modes de vie est un autre facteur qui explique l&rsquo;\u00e9largissement de la base de consommateurs de fourrure. Il fut un temps o\u00f9 l&rsquo;on s&rsquo;attendait \u00e0 ce que toutes les r\u00e9ceptions se fassent en tenue de soir\u00e9e et o\u00f9 de nombreux \u00e9v\u00e9nements que nous consid\u00e9rons aujourd&rsquo;hui comme normaux se d\u00e9roulaient avec faste. On voyait souvent des fourrures longues sur les vols commerciaux, dans les magasins de luxe et m\u00eame au cin\u00e9ma. Aujourd&rsquo;hui, nous nous habillons de mani\u00e8re beaucoup plus d\u00e9contract\u00e9e et confortable. Au cours des deux derni\u00e8res d\u00e9cennies, nous sommes \u00e9galement devenus plus soucieux de notre sant\u00e9 et les v\u00eatements de sport sont devenus la tenue quotidienne de beaucoup d&rsquo;entre nous. Il faut donc s&rsquo;attendre \u00e0 voir de nombreuses parkas bord\u00e9es de fourrure sur les chemins de randonn\u00e9e et des cache-oreilles en fourrure sur les pistes.<\/p>\n<h3>DES TECHNIQUES EN \u00c9VOLUTION<\/h3>\n<p>L&rsquo;autre changement pour les cr\u00e9ateurs a \u00e9t\u00e9 les progr\u00e8s consid\u00e9rables r\u00e9alis\u00e9s dans les techniques de traitement, qui rendent la fourrure encore plus polyvalente.<\/p>\n<p>Dans le pass\u00e9, les fourrures avaient tendance \u00e0 \u00eatre volumineuses et imm\u00e9diatement reconnaissables. Aujourd&rsquo;hui, elles peuvent \u00eatre rendues plus fines, plus l\u00e9g\u00e8res et plus flexibles, ce qui permet de cr\u00e9er des mod\u00e8les plus moulants. Et gr\u00e2ce \u00e0 des transformations telles que la teinture et l&rsquo;ajout de textures, un profane ne saura peut-\u00eatre m\u00eame pas que vous portez de la fourrure.<\/p>\n<p>Voici quelques-unes des nombreuses techniques qui permettent aux cr\u00e9ateurs d&rsquo;\u00eatre plus cr\u00e9atifs que jamais. (Pour plus d&rsquo;informations, voir <span style=\"text-decoration: underline;\"><a href=\"https:\/\/fur.ca\/fr\/traitement-de-la-fourrure\/\">Traitement de la fourrure<\/a><\/span>.)<\/p>\n<h3>Intarsia<\/h3>\n<p>Adapt\u00e9e de l&rsquo;ancienne technique d&rsquo;incrustation du bois, l&rsquo;intarsia consiste \u00e0 d\u00e9couper un motif dans une peau et \u00e0 le coudre dans l&rsquo;espace laiss\u00e9 libre dans une autre peau o\u00f9 le m\u00eame motif a \u00e9t\u00e9 d\u00e9coup\u00e9. Si, par exemple, un motif provenant d&rsquo;une peau de renard argent\u00e9 est cousu dans un v\u00eatement en renard roux, le r\u00e9sultat peut \u00eatre spectaculaire.<\/p>\n<h3>M\u00e9dia mixtes<\/h3>\n<p>Il a toujours \u00e9t\u00e9 courant d&rsquo;associer la fourrure au cuir ou \u00e0 d&rsquo;autres tissus lourds et r\u00e9sistants aux intemp\u00e9ries, g\u00e9n\u00e9ralement sous forme de cols, de poignets et de doublures. Aujourd&rsquo;hui, les cr\u00e9ateurs passent \u00e0 la vitesse sup\u00e9rieure en associant la fourrure \u00e0 toute une s\u00e9rie de mati\u00e8res exotiques. Voyez le spectaculaire ch\u00e2le \u00e0 grand cercle tricot\u00e9 \u00e0 la main ci-dessous \u00e0 gauche, qui associe le castor, le vison, l&rsquo;\u00e9cureuil, le cuir, le coton, la soie et la garniture du col en raton laveur finlandais.<\/p>\n<p>[\/et_pb_text][et_pb_code admin_label=\u00a0\u00bbVideo\u00a0\u00bb _builder_version=\u00a0\u00bb4.22.2&Prime; _module_preset=\u00a0\u00bbdefault\u00a0\u00bb text_orientation=\u00a0\u00bbleft\u00a0\u00bb global_colors_info=\u00a0\u00bb{}\u00a0\u00bb]<pee><iframe loading=\"lazy\" title=\"YouTube video player\" src=\"https:\/\/www.youtube.com\/embed\/ncFDo2N1Wfo?si=qiGYGrPUGoJqMNTa\" width=\"560\" height=\"315\" frameborder=\"0\" allowfullscreen=\"allowfullscreen\"><\/iframe><\/pee>[\/et_pb_code][\/et_pb_column][\/et_pb_row][et_pb_row use_custom_gutter=\u00a0\u00bbon\u00a0\u00bb gutter_width=\u00a0\u00bb2&Prime; _builder_version=\u00a0\u00bb4.22.2&Prime; _module_preset=\u00a0\u00bbdefault\u00a0\u00bb global_colors_info=\u00a0\u00bb{}\u00a0\u00bb][et_pb_column type=\u00a0\u00bb4_4&Prime; _builder_version=\u00a0\u00bb4.22.1&Prime; _module_preset=\u00a0\u00bbdefault\u00a0\u00bb global_colors_info=\u00a0\u00bb{}\u00a0\u00bb][et_pb_text admin_label=\u00a0\u00bbMixed media It&rsquo;s always&#8230;\u00a0\u00bb module_class=\u00a0\u00bbjb-text-spacing\u00a0\u00bb _builder_version=\u00a0\u00bb4.24.0&Prime; _module_preset=\u00a0\u00bbdefault\u00a0\u00bb header_2_font=\u00a0\u00bb|600|||||||\u00a0\u00bb header_2_text_color=\u00a0\u00bb#123113&Prime; header_3_font=\u00a0\u00bb|700|||||||\u00a0\u00bb header_3_text_color=\u00a0\u00bb#123113&Prime; header_4_text_color=\u00a0\u00bb#123113&Prime; header_4_font_size=\u00a0\u00bb29px\u00a0\u00bb custom_margin=\u00a0\u00bb-20px||0px||false|false\u00a0\u00bb custom_padding=\u00a0\u00bb0px||0px||false|false\u00a0\u00bb global_colors_info=\u00a0\u00bb{}\u00a0\u00bb]<\/p>\n<h3>M\u00e9dia mixtes<\/h3>\n<p>Il a toujours \u00e9t\u00e9 courant d&rsquo;associer la fourrure au cuir ou \u00e0 d&rsquo;autres tissus lourds et r\u00e9sistants aux intemp\u00e9ries, g\u00e9n\u00e9ralement sous forme de cols, de poignets et de doublures. Aujourd&rsquo;hui, les cr\u00e9ateurs passent \u00e0 la vitesse sup\u00e9rieure en associant la fourrure \u00e0 toute une s\u00e9rie de mati\u00e8res exotiques. Voyez le spectaculaire ch\u00e2le \u00e0 grand cercle tricot\u00e9 \u00e0 la main ci-dessous \u00e0 gauche, qui associe le castor, le vison, l&rsquo;\u00e9cureuil, le cuir, le coton, la soie et la garniture du col en raton laveur finlandais.<\/p>\n<p>[\/et_pb_text][et_pb_image title_text=\u00a0\u00bbPaula-Lishman-fur-designs\u00a0\u00bb force_fullwidth=\u00a0\u00bbon\u00a0\u00bb admin_label=\u00a0\u00bbImage\u00a0\u00bb _builder_version=\u00a0\u00bb4.27.4&Prime; _module_preset=\u00a0\u00bbdefault\u00a0\u00bb custom_margin=\u00a0\u00bb||0px||false|false\u00a0\u00bb custom_padding=\u00a0\u00bb40px||0px||false|false\u00a0\u00bb global_colors_info=\u00a0\u00bb{}\u00a0\u00bb src=\u00a0\u00bbhttps:\/\/fur.ca\/wp-content\/uploads\/2025\/03\/Paula-Lishman-fur-designs-scaled.jpg\u00a0\u00bb hover_enabled=\u00a0\u00bb0&Prime; sticky_enabled=\u00a0\u00bb0&Prime;][\/et_pb_image][et_pb_text admin_label=\u00a0\u00bbCaption\u00a0\u00bb _builder_version=\u00a0\u00bb4.24.0&Prime; _module_preset=\u00a0\u00bbdefault\u00a0\u00bb global_colors_info=\u00a0\u00bb{}\u00a0\u00bb]<\/p>\n<p><em>Photos: <span style=\"text-decoration: underline;\"><a href=\"http:\/\/paulalishman.com\/fr\/home\" target=\"_blank\" rel=\"noopener\">Paula Lishman<\/a><\/span><\/em><\/p>\n<p>[\/et_pb_text][et_pb_text admin_label=\u00a0\u00bbKnitting In 1979&#8230;\u00a0\u00bb module_class=\u00a0\u00bbjb-text-spacing\u00a0\u00bb _builder_version=\u00a0\u00bb4.24.0&Prime; _module_preset=\u00a0\u00bbdefault\u00a0\u00bb header_2_font=\u00a0\u00bb|600|||||||\u00a0\u00bb header_2_text_color=\u00a0\u00bb#123113&Prime; header_3_font=\u00a0\u00bb|700|||||||\u00a0\u00bb header_3_text_color=\u00a0\u00bb#123113&Prime; header_4_text_color=\u00a0\u00bb#123113&Prime; header_4_font_size=\u00a0\u00bb29px\u00a0\u00bb custom_margin=\u00a0\u00bb-20px||||false|false\u00a0\u00bb custom_padding=\u00a0\u00bb20px|||||\u00a0\u00bb global_colors_info=\u00a0\u00bb{}\u00a0\u00bb]<\/p>\n<h3>Le tricot<\/h3>\n<p>En 1979, la <span style=\"text-decoration: underline;\"><a href=\"http:\/\/paulalishman.com\/\">cr\u00e9atrice ontarienne Paula Lishman<\/a><\/span> a brevet\u00e9 un proc\u00e9d\u00e9 unique de fabrication de fils de fourrure pouvant \u00eatre tricot\u00e9s en v\u00eatements lavables avec de la fourrure \u00e0 l&rsquo;int\u00e9rieur et \u00e0 l&rsquo;ext\u00e9rieur. La mati\u00e8re premi\u00e8re pr\u00e9f\u00e9r\u00e9e de Lishman pour le fil est le castor qui a \u00e9t\u00e9 plum\u00e9 et tondu \u00e0 la main, d&rsquo;autres fourrures \u00e9tant utilis\u00e9es comme garnitures. Les peaux sont souvent teintes pour que le cuir soit de la m\u00eame couleur que les poils. Chaque peau est ensuite d\u00e9coup\u00e9e \u00e0 la main en une bande continue, qui est ensuite transform\u00e9e en un fil solide avec tr\u00e8s peu de raccords de couture.<\/p>\n<p>Le manteau principal, ci-dessus \u00e0 droite, est fait de castor tondu tiss\u00e9 dans un tricot de fils de coton, de soie et de cachemire travaill\u00e9s ensemble, et d&rsquo;ourlets de renard. L&#8217;empi\u00e8cement est en peau de vache tiss\u00e9e avec du coton, bord\u00e9 d&rsquo;un passepoil en cuir d&rsquo;agneau tress\u00e9. Une \u00e9troite bande de phoque maintient la fourrure de blaireau \u00e0 plat contre le corps. L&rsquo;ourlet est constitu\u00e9 d&rsquo;une peau de castor tondue, coup\u00e9e en vagues et cousue sous le renard pour faire appara\u00eetre un jupon. La ceinture est en cuir tress\u00e9.<\/p>\n<p>[\/et_pb_text][\/et_pb_column][\/et_pb_row][et_pb_row column_structure=\u00a0\u00bb1_2,1_2&Prime; _builder_version=\u00a0\u00bb4.23&Prime; _module_preset=\u00a0\u00bbdefault\u00a0\u00bb global_colors_info=\u00a0\u00bb{}\u00a0\u00bb][et_pb_column type=\u00a0\u00bb1_2&Prime; _builder_version=\u00a0\u00bb4.23&Prime; _module_preset=\u00a0\u00bbdefault\u00a0\u00bb global_colors_info=\u00a0\u00bb{}\u00a0\u00bb][et_pb_text admin_label=\u00a0\u00bbprevious\u00a0\u00bb _builder_version=\u00a0\u00bb4.23.1&Prime; _dynamic_attributes=\u00a0\u00bblink_option_url\u00a0\u00bb _module_preset=\u00a0\u00bbdefault\u00a0\u00bb link_option_url=\u00a0\u00bb@ET-DC@eyJkeW5hbWljIjp0cnVlLCJjb250ZW50IjoicG9zdF9saW5rX3VybF9wYWdlIiwic2V0dGluZ3MiOnsicG9zdF9pZCI6IjEyMTYifX0=@\u00a0\u00bb global_colors_info=\u00a0\u00bb{}\u00a0\u00bb]<\/p>\n<div class=\"previous-page-left\">\n<h3><img loading=\"lazy\" decoding=\"async\" class=\"wp-image-1334 alignnone size-full\" src=\"https:\/\/fur.ca\/wp-content\/uploads\/2023\/10\/left-arrow.png\" alt=\"\" width=\"27\" height=\"43\" \/><span style=\"padding-left: 30px;\"> Page pr\u00e9c\u00e9dente : Ench\u00e8res<\/span><\/h3>\n<\/div>\n<p>[\/et_pb_text][\/et_pb_column][et_pb_column type=\u00a0\u00bb1_2&Prime; _builder_version=\u00a0\u00bb4.23&Prime; _module_preset=\u00a0\u00bbdefault\u00a0\u00bb global_colors_info=\u00a0\u00bb{}\u00a0\u00bb][et_pb_text admin_label=\u00a0\u00bbnext\u00a0\u00bb _builder_version=\u00a0\u00bb4.23.1&Prime; _dynamic_attributes=\u00a0\u00bblink_option_url\u00a0\u00bb _module_preset=\u00a0\u00bbdefault\u00a0\u00bb text_orientation=\u00a0\u00bbright\u00a0\u00bb link_option_url=\u00a0\u00bb@ET-DC@eyJkeW5hbWljIjp0cnVlLCJjb250ZW50IjoicG9zdF9saW5rX3VybF9wYWdlIiwic2V0dGluZ3MiOnsicG9zdF9pZCI6IjEwMDYifX0=@\u00a0\u00bb global_colors_info=\u00a0\u00bb{}\u00a0\u00bb]<\/p>\n<div class=\"previous-page-right\">\n<h3><span style=\"padding-right: 30px;\">Page suivante : Fabrication d\u2019un manteau<\/span><img loading=\"lazy\" decoding=\"async\" class=\"wp-image-1335 alignnone size-full\" src=\"https:\/\/fur.ca\/wp-content\/uploads\/2023\/10\/right-arrow.png\" alt=\"\" width=\"27\" height=\"43\" \/><\/h3>\n<\/div>\n<p>[\/et_pb_text][\/et_pb_column][\/et_pb_row][\/et_pb_section]<\/p>\n","protected":false},"excerpt":{"rendered":"<p>Concevoir avec de la fourrurePhoto: Christina NacosLa fourrure poss\u00e8de de nombreuses qualit\u00e9s uniques qui en font la pr\u00e9f\u00e9r\u00e9e des cr\u00e9ateurs. Outre la fonction \u00e9vidente de nous tenir chaud, les diff\u00e9rents types de fourrure ont leurs propres textures, longueurs de poils et couleurs naturelles \u00e9tonnantes (mais elles sont \u00e9galement tr\u00e8s belles lorsqu&rsquo;elles sont teint\u00e9es). La fourrure [&hellip;]<\/p>\n","protected":false},"author":1,"featured_media":0,"parent":0,"menu_order":0,"comment_status":"closed","ping_status":"closed","template":"","meta":{"_et_pb_use_builder":"on","_et_pb_old_content":"","_et_gb_content_width":"","footnotes":""},"class_list":["post-2611","page","type-page","status-publish","hentry"],"_links":{"self":[{"href":"https:\/\/fur.ca\/fr\/wp-json\/wp\/v2\/pages\/2611","targetHints":{"allow":["GET"]}}],"collection":[{"href":"https:\/\/fur.ca\/fr\/wp-json\/wp\/v2\/pages"}],"about":[{"href":"https:\/\/fur.ca\/fr\/wp-json\/wp\/v2\/types\/page"}],"author":[{"embeddable":true,"href":"https:\/\/fur.ca\/fr\/wp-json\/wp\/v2\/users\/1"}],"replies":[{"embeddable":true,"href":"https:\/\/fur.ca\/fr\/wp-json\/wp\/v2\/comments?post=2611"}],"version-history":[{"count":5,"href":"https:\/\/fur.ca\/fr\/wp-json\/wp\/v2\/pages\/2611\/revisions"}],"predecessor-version":[{"id":5909,"href":"https:\/\/fur.ca\/fr\/wp-json\/wp\/v2\/pages\/2611\/revisions\/5909"}],"wp:attachment":[{"href":"https:\/\/fur.ca\/fr\/wp-json\/wp\/v2\/media?parent=2611"}],"curies":[{"name":"wp","href":"https:\/\/api.w.org\/{rel}","templated":true}]}}