{"id":2606,"date":"2023-09-14T14:15:34","date_gmt":"2023-09-14T18:15:34","guid":{"rendered":"https:\/\/fur.ca\/gestion-des-anumaux-a-fourrure\/"},"modified":"2025-03-22T13:40:04","modified_gmt":"2025-03-22T17:40:04","slug":"gestion-des-animaux-a-fourrure","status":"publish","type":"page","link":"https:\/\/fur.ca\/fr\/gestion-des-animaux-a-fourrure\/","title":{"rendered":"Gestion des animaux \u00e0 fourrure"},"content":{"rendered":"<p>[et_pb_section fb_built=\u00a0\u00bb1&Prime; _builder_version=\u00a0\u00bb4.22.1&Prime; _module_preset=\u00a0\u00bbdefault\u00a0\u00bb background_color=\u00a0\u00bb#DDDDDD\u00a0\u00bb custom_padding=\u00a0\u00bb0px||0px|||\u00a0\u00bb global_colors_info=\u00a0\u00bb{}\u00a0\u00bb][et_pb_row _builder_version=\u00a0\u00bb4.22.1&Prime; _module_preset=\u00a0\u00bbdefault\u00a0\u00bb global_colors_info=\u00a0\u00bb{}\u00a0\u00bb][et_pb_column type=\u00a0\u00bb4_4&Prime; _builder_version=\u00a0\u00bb4.22.1&Prime; _module_preset=\u00a0\u00bbdefault\u00a0\u00bb global_colors_info=\u00a0\u00bb{}\u00a0\u00bb][et_pb_text admin_label=\u00a0\u00bbFurbearer Management\u00a0\u00bb _builder_version=\u00a0\u00bb4.24.2&Prime; _module_preset=\u00a0\u00bbdefault\u00a0\u00bb header_font=\u00a0\u00bb|700||on|||||\u00a0\u00bb header_text_color=\u00a0\u00bb#123113&Prime; global_colors_info=\u00a0\u00bb{}\u00a0\u00bb]<\/p>\n<h1>GESTION DES ANIMAUX \u00c0 FOURRURE<\/h1>\n<p>[\/et_pb_text][\/et_pb_column][\/et_pb_row][\/et_pb_section][et_pb_section fb_built=\u00a0\u00bb1&Prime; _builder_version=\u00a0\u00bb4.22.1&Prime; _module_preset=\u00a0\u00bbdefault\u00a0\u00bb global_colors_info=\u00a0\u00bb{}\u00a0\u00bb][et_pb_row _builder_version=\u00a0\u00bb4.22.1&Prime; _module_preset=\u00a0\u00bbdefault\u00a0\u00bb global_colors_info=\u00a0\u00bb{}\u00a0\u00bb][et_pb_column type=\u00a0\u00bb4_4&Prime; _builder_version=\u00a0\u00bb4.22.1&Prime; _module_preset=\u00a0\u00bbdefault\u00a0\u00bb global_colors_info=\u00a0\u00bb{}\u00a0\u00bb][et_pb_image src=\u00a0\u00bbhttps:\/\/fur.ca\/wp-content\/uploads\/2025\/03\/Population-2.jpg\u00a0\u00bb title_text=\u00a0\u00bbPopulation-2&Prime; align=\u00a0\u00bbcenter\u00a0\u00bb force_fullwidth=\u00a0\u00bbon\u00a0\u00bb admin_label=\u00a0\u00bbImage\u00a0\u00bb _builder_version=\u00a0\u00bb4.27.4&Prime; _module_preset=\u00a0\u00bbdefault\u00a0\u00bb custom_padding=\u00a0\u00bb||0px||false|false\u00a0\u00bb global_colors_info=\u00a0\u00bb{}\u00a0\u00bb][\/et_pb_image][et_pb_text admin_label=\u00a0\u00bbCaption\u00a0\u00bb _builder_version=\u00a0\u00bb4.24.2&Prime; _module_preset=\u00a0\u00bbdefault\u00a0\u00bb global_colors_info=\u00a0\u00bb{}\u00a0\u00bb]<\/p>\n<p><em>Photos: AWeith, <span style=\"text-decoration: underline;\"><a href=\"https:\/\/creativecommons.org\/licenses\/by-sa\/4.0\/\" target=\"_blank\" rel=\"noopener\">CC BY-SA 4.0<\/a><\/span>; Gary Kramer; Fur Institute of Canada; Chris Paul from England, <span style=\"text-decoration: underline;\"><a href=\"https:\/\/creativecommons.org\/licenses\/by\/2.0\/\" target=\"_blank\" rel=\"noopener\">CC BY 2.0<\/a><\/span>; Cephas, <a href=\"https:\/\/creativecommons.org\/licenses\/by-sa\/3.0\/\" target=\"_blank\" rel=\"noopener\"><span style=\"text-decoration: underline;\">CC BY-SA 3.0<\/span><\/a>;.toutes via Wikimedia Commons sauf la photo #3.<\/em><\/p>\n<p>[\/et_pb_text][et_pb_text admin_label=\u00a0\u00bbText\u00a0\u00bb module_class=\u00a0\u00bbjb-text-spacing\u00a0\u00bb _builder_version=\u00a0\u00bb4.24.2&Prime; _module_preset=\u00a0\u00bbdefault\u00a0\u00bb header_2_font=\u00a0\u00bb|600|||||||\u00a0\u00bb header_2_text_color=\u00a0\u00bb#123113&Prime; header_3_font=\u00a0\u00bb|700||on|||||\u00a0\u00bb header_3_text_color=\u00a0\u00bb#123113&Prime; header_4_text_color=\u00a0\u00bb#123113&Prime; header_4_font_size=\u00a0\u00bb29px\u00a0\u00bb custom_padding=\u00a0\u00bb20px|||||\u00a0\u00bb global_colors_info=\u00a0\u00bb{}\u00a0\u00bb]<\/p>\n<h3>\u00c9valuation des populations<\/h3>\n<p>L&rsquo;\u00e9valuation des populations de la flore et de la faune sauvages est un \u00e9l\u00e9ment cl\u00e9 des bonnes pratiques de gestion, mais bien qu&rsquo;elle soit bas\u00e9e sur la science, une part d&rsquo;approximation est in\u00e9vitable. C&rsquo;est pourquoi les \u00e9valuations les plus pr\u00e9cises possibles sont le fruit d&rsquo;un effort collectif.<\/p>\n<p>Les donn\u00e9es brutes sont g\u00e9n\u00e9ralement recueillies sur le terrain par les gestionnaires de la faune employ\u00e9s par les gouvernements provinciaux et territoriaux &#8211; les principaux gestionnaires des animaux \u00e0 fourrure au Canada. Mais ces gestionnaires de la faune ne peuvent pas agir seuls. Ils comptent beaucoup sur les gens qui vivent sur le terrain. En effet, les trappeurs et les chasseurs sont souvent appel\u00e9s les yeux et les oreilles des gestionnaires de la faune sauvage, car ils fournissent des donn\u00e9es inestimables sur l&rsquo;abondance des esp\u00e8ces dans des habitats souvent tr\u00e8s \u00e9loign\u00e9s.<\/p>\n<p>De plus en plus, les gouvernements provinciaux et territoriaux int\u00e8grent \u00e9galement la contribution des organisations autochtones dans les d\u00e9cisions de gestion. Ces organisations repr\u00e9sentent non seulement un grand nombre de personnes vivant sur le territoire, mais elles disposent \u00e9galement d&rsquo;un grand nombre de connaissances traditionnelles sur la mani\u00e8re d&rsquo;utiliser la faune et la flore de mani\u00e8re durable.<\/p>\n<p>Dans le m\u00eame temps, le gouvernement f\u00e9d\u00e9ral joue un r\u00f4le de premier plan dans deux domaines sp\u00e9cifiques.<\/p>\n<p>En tant que partie \u00e0 la <span style=\"text-decoration: underline;\"><a href=\"https:\/\/cites.org\/fra\" target=\"_blank\" rel=\"noopener\">Convention sur le commerce international des esp\u00e8ces de faune et de flore sauvages menac\u00e9es d&rsquo;extinction<\/a><\/span> (CITES), le gouvernement f\u00e9d\u00e9ral est charg\u00e9 de faciliter et de r\u00e9glementer le commerce international.<\/p>\n<p>Le gouvernement f\u00e9d\u00e9ral est \u00e9galement responsable de la conservation des esp\u00e8ces menac\u00e9es en vertu de la <span style=\"text-decoration: underline;\"><a href=\"https:\/\/www.canada.ca\/fr\/environnement-changement-climatique\/services\/especes-peril-loi-accord-financement\/loi-description.html\" target=\"_blank\" rel=\"noopener\">Loi sur les esp\u00e8ces en p\u00e9ril<\/a><\/span> (LEP), sur les conseils du <span style=\"text-decoration: underline;\"><a href=\"https:\/\/www.canada.ca\/fr\/environnement-changement-climatique\/services\/registre-public-especes-peril\/publications\/especes-sauvages-canadiennes-peril-2022.html\" target=\"_blank\" rel=\"noopener\">Comit\u00e9 sur la situation des esp\u00e8ces en p\u00e9ril au Canada<\/a><\/span> (COSEPAC).\u00a0<\/p>\n<h3>CITES<\/h3>\n<p>\u00c9tablie en 1975, la CITES est un accord international entre gouvernements (Parties) visant \u00e0 minimiser toute menace pour les populations d&rsquo;animaux et de plantes sauvages caus\u00e9e par le commerce international. Le Canada a ratifi\u00e9 la Convention en 1975.<\/p>\n<p>Bien que la CITES soit juridiquement contraignante pour les Parties, elle ne se substitue pas aux lois nationales. Elle fournit plut\u00f4t un cadre \u00e0 respecter par chaque partie, qui adopte ensuite sa propre l\u00e9gislation nationale pour garantir la mise en \u0153uvre de la CITES au niveau national. En 2023, la CITES comptera 184 Parties, dont 183 \u00c9tats et l&rsquo;Union europ\u00e9enne.<\/p>\n<p>Quelque 6 610 esp\u00e8ces animales et 34 310 esp\u00e8ces v\u00e9g\u00e9tales et leurs produits sont actuellement prot\u00e9g\u00e9s par la CITES contre la surexploitation. Elles sont r\u00e9pertori\u00e9es dans trois annexes, en fonction de la menace qu&rsquo;elles repr\u00e9sentent pour le commerce international. Seuls quelques animaux \u00e0 fourrure canadiens figurent dans l&rsquo;une ou l&rsquo;autre de ces annexes, tous sauf un \u00e9tant inscrits \u00e0 l&rsquo;annexe II.<\/p>\n<p>L&rsquo;annexe I \u00e9num\u00e8re les esp\u00e8ces menac\u00e9es d&rsquo;extinction, dont le commerce international est interdit. Le Canada n&rsquo;a qu&rsquo;un seul animal \u00e0 fourrure inscrit \u00e0 cette annexe, le putois d&rsquo;Am\u00e9rique, esp\u00e8ce disparue. (1)<\/p>\n<p>L&rsquo;annexe II repr\u00e9sente la grande majorit\u00e9 des esp\u00e8ces inscrites \u00e0 la CITES. Le commerce de ces esp\u00e8ces doit \u00eatre contr\u00f4l\u00e9 afin de s&rsquo;assurer qu&rsquo;il ne menace pas leur survie. Parfois, des esp\u00e8ces qui ne sont pas elles-m\u00eames menac\u00e9es sont incluses, mais il est difficile de les distinguer des esp\u00e8ces qui le sont. Dans certains cas, au lieu d&rsquo;inscrire une esp\u00e8ce enti\u00e8re, l&rsquo;annexe peut n&rsquo;inscrire qu&rsquo;une sous-esp\u00e8ce ou une population g\u00e9ographiquement distincte, par exemple celle d&rsquo;un seul pays.<\/p>\n<p>Les animaux \u00e0 fourrure canadiens inscrits \u00e0 l&rsquo;annexe II sont les suivants :<\/p>\n<ul>\n<li>l&rsquo;ours noir d&rsquo;Am\u00e9rique (<em>Ursus americanus<\/em>)<\/li>\n<li>le lynx roux (<em>Lynx rufus<\/em>)<\/li>\n<li>Ours brun (<em>Ursus arctos<\/em>)<\/li>\n<li>Le lynx du Canada (<em>Lynx canadensis<\/em>)<\/li>\n<li>Le loup gris (<em>Canis lupus<\/em>)<\/li>\n<li>Loutre de rivi\u00e8re d&rsquo;Am\u00e9rique du Nord (<em>Lontra canadensis<\/em>)<\/li>\n<li>Ours polaire (<em>Ursus maritimus<\/em>)<\/li>\n<\/ul>\n<p>L&rsquo;annexe III \u00e9num\u00e8re les esp\u00e8ces qui sont prot\u00e9g\u00e9es dans au moins un pays qui a demand\u00e9 aux autres parties de l&rsquo;aider \u00e0 contr\u00f4ler le commerce. Aucun animal \u00e0 fourrure canadien ne figure dans cette annexe.<\/p>\n<p>(1) Historiquement, le putois d&rsquo;Am\u00e9rique (<em>Mustela nigripes<\/em>) habitait les prairies des \u00c9tats-Unis et le sud de l&rsquo;Alberta et de la Saskatchewan. En 1979, il a \u00e9t\u00e9 d\u00e9clar\u00e9 \u00e9teint, apr\u00e8s des d\u00e9cennies de perte d&rsquo;habitat, d&#8217;empoisonnement indirect d\u00fb au contr\u00f4le de sa principale source de nourriture, les chiens de prairie, et de maladies. En 1981, une population r\u00e9siduelle a \u00e9t\u00e9 d\u00e9couverte dans le Wyoming. Depuis, elle a \u00e9t\u00e9 r\u00e9introduite sur plusieurs sites aux \u00c9tats-Unis et sur un site au Canada, le Grasslands National Park, en Saskatchewan.<\/p>\n<h3>COSEPAC<\/h3>\n<p>Cr\u00e9\u00e9 en 1977, le COSEPAC est un groupe consultatif ind\u00e9pendant aupr\u00e8s du ministre de l&rsquo;Environnement et du Changement climatique du Canada. Le COSEPAC est compos\u00e9 de biologistes de chaque agence provinciale et territoriale de protection de la faune et de quatre agences f\u00e9d\u00e9rales, de scientifiques non gouvernementaux et de repr\u00e9sentants experts d&rsquo;organisations autochtones. Il se r\u00e9unit deux fois par an pour \u00e9valuer le statut des esp\u00e8ces en p\u00e9ril.<\/p>\n<p>Lorsque le Canada a adopt\u00e9 la Loi sur les esp\u00e8ces en p\u00e9ril en 2002, celle-ci pr\u00e9cisait que la principale fonction du COSEPAC serait \u00ab\u00a0d&rsquo;\u00e9valuer la situation de chaque esp\u00e8ce sauvage consid\u00e9r\u00e9e par le COSEPAC comme \u00e9tant en p\u00e9ril et, dans le cadre de cette \u00e9valuation, d&rsquo;identifier les menaces existantes et potentielles qui p\u00e8sent sur l&rsquo;esp\u00e8ce\u00a0\u00bb.<\/p>\n<p>En mai 2022, le COSEPAC <span style=\"text-decoration: underline;\"><a href=\"https:\/\/www.canada.ca\/fr\/environnement-changement-climatique\/services\/registre-public-especes-peril\/publications\/especes-sauvages-canadiennes-peril-2022.html#toc1\" target=\"_blank\" rel=\"noopener\">avait r\u00e9alis\u00e9 des \u00e9valuations<\/a><\/span> pour 864 esp\u00e8ces de faune et de flore dans les cat\u00e9gories de \u00ab\u00a0risque\u00a0\u00bb suivantes : 371 en voie de disparition, 196 menac\u00e9es, 253 pr\u00e9occupantes, 21 disparues du pays (c&rsquo;est-\u00e0-dire qu&rsquo;on ne les trouve plus \u00e0 l&rsquo;\u00e9tat sauvage au Canada) et 23 \u00e9teintes.<\/p>\n<h3>LOI SUR LES ESP\u00c8CES EN P\u00c9RIL<\/h3>\n<p>La Loi sur les esp\u00e8ces en p\u00e9ril (LEP) de 2002 est une loi f\u00e9d\u00e9rale visant \u00e0 respecter l&rsquo;un des principaux engagements pris par le Canada dans le cadre de la <span style=\"text-decoration: underline;\"><a href=\"https:\/\/www.cbd.int\/\" target=\"_blank\" rel=\"noopener\">Convention internationale sur la diversit\u00e9 biologique<\/a><\/span> de 1992. D&rsquo;une mani\u00e8re g\u00e9n\u00e9rale, son objectif est d&#8217;emp\u00eacher la disparition des esp\u00e8ces sauvages. Plus pr\u00e9cis\u00e9ment, elle pr\u00e9voit le r\u00e9tablissement des esp\u00e8ces disparues du pays, en voie de disparition ou menac\u00e9es en raison de l&rsquo;activit\u00e9 humaine, ainsi que la gestion des esp\u00e8ces pr\u00e9occupantes pour \u00e9viter qu&rsquo;elles ne deviennent des esp\u00e8ces en voie de disparition ou menac\u00e9es.<\/p>\n<p>La LEP d\u00e9finit une m\u00e9thode pour d\u00e9terminer les mesures \u00e0 prendre afin de prot\u00e9ger les habitats relativement sains existants et de r\u00e9tablir les habitats menac\u00e9s. Elle identifie \u00e9galement les moyens par lesquels les gouvernements, les organisations et les particuliers peuvent collaborer pour pr\u00e9server les esp\u00e8ces en danger, et pr\u00e9voit des sanctions en cas de non-respect de la loi.<\/p>\n<p>En ce qui concerne les esp\u00e8ces sauvages qui peuvent b\u00e9n\u00e9ficier d&rsquo;une protection juridique et d&rsquo;un r\u00e9tablissement en vertu de la LEP, la loi d\u00e9signe sp\u00e9cifiquement le COSEPAC comme l&rsquo;organisme responsable de l&rsquo;identification et de l&rsquo;\u00e9valuation des esp\u00e8ces en p\u00e9ril.<\/p>\n<p>[\/et_pb_text][\/et_pb_column][\/et_pb_row][et_pb_row column_structure=\u00a0\u00bb1_2,1_2&Prime; _builder_version=\u00a0\u00bb4.23&Prime; _module_preset=\u00a0\u00bbdefault\u00a0\u00bb global_colors_info=\u00a0\u00bb{}\u00a0\u00bb][et_pb_column type=\u00a0\u00bb1_2&Prime; _builder_version=\u00a0\u00bb4.23&Prime; _module_preset=\u00a0\u00bbdefault\u00a0\u00bb global_colors_info=\u00a0\u00bb{}\u00a0\u00bb][et_pb_text admin_label=\u00a0\u00bbprevious\u00a0\u00bb _builder_version=\u00a0\u00bb4.27.4&Prime; _dynamic_attributes=\u00a0\u00bblink_option_url\u00a0\u00bb _module_preset=\u00a0\u00bbdefault\u00a0\u00bb link_option_url=\u00a0\u00bb@ET-DC@eyJkeW5hbWljIjp0cnVlLCJjb250ZW50IjoicG9zdF9saW5rX3VybF9wYWdlIiwic2V0dGluZ3MiOnsicG9zdF9pZCI6IjEzNTQifX0=@\u00a0\u00bb hover_enabled=\u00a0\u00bb0&Prime; global_colors_info=\u00a0\u00bb{}\u00a0\u00bb sticky_enabled=\u00a0\u00bb0&Prime;]<\/p>\n<div class=\"previous-page-left\">\n<h3><img loading=\"lazy\" decoding=\"async\" class=\"wp-image-1334 alignnone size-full\" src=\"https:\/\/fur.ca\/wp-content\/uploads\/2023\/10\/left-arrow.png\" alt=\"\" width=\"27\" height=\"43\" \/> <span style=\"padding-left: 30px;\">Page pr\u00e9c\u00e9dente : Production de fourrures sauvages<\/span><\/h3>\n<\/div>\n<p>[\/et_pb_text][\/et_pb_column][et_pb_column type=\u00a0\u00bb1_2&Prime; _builder_version=\u00a0\u00bb4.23&Prime; _module_preset=\u00a0\u00bbdefault\u00a0\u00bb global_colors_info=\u00a0\u00bb{}\u00a0\u00bb][et_pb_text admin_label=\u00a0\u00bbnext\u00a0\u00bb _builder_version=\u00a0\u00bb4.27.4&Prime; _dynamic_attributes=\u00a0\u00bblink_option_url\u00a0\u00bb _module_preset=\u00a0\u00bbdefault\u00a0\u00bb text_orientation=\u00a0\u00bbright\u00a0\u00bb link_option_url=\u00a0\u00bb@ET-DC@eyJkeW5hbWljIjp0cnVlLCJjb250ZW50IjoicG9zdF9saW5rX3VybF9wYWdlIiwic2V0dGluZ3MiOnsicG9zdF9pZCI6IjEyOTIifX0=@\u00a0\u00bb global_colors_info=\u00a0\u00bb{}\u00a0\u00bb]<\/p>\n<div class=\"previous-page-right\">\n<h3><span style=\"padding-right: 30px;\">Page suivante : Pi\u00e9geage et conservation<\/span><img loading=\"lazy\" decoding=\"async\" class=\"wp-image-1335 alignnone size-full\" src=\"https:\/\/fur.ca\/wp-content\/uploads\/2023\/10\/right-arrow.png\" alt=\"\" width=\"27\" height=\"43\" \/><\/h3>\n<\/div>\n<p>[\/et_pb_text][\/et_pb_column][\/et_pb_row][\/et_pb_section]<\/p>\n","protected":false},"excerpt":{"rendered":"<p>GESTION DES ANIMAUX \u00c0 FOURRUREPhotos: AWeith, CC BY-SA 4.0; Gary Kramer; Fur Institute of Canada; Chris Paul from England, CC BY 2.0; Cephas, CC BY-SA 3.0;.toutes via Wikimedia Commons sauf la photo #3.\u00c9valuation des populations L&rsquo;\u00e9valuation des populations de la flore et de la faune sauvages est un \u00e9l\u00e9ment cl\u00e9 des bonnes pratiques de gestion, [&hellip;]<\/p>\n","protected":false},"author":1,"featured_media":0,"parent":0,"menu_order":0,"comment_status":"closed","ping_status":"closed","template":"","meta":{"_et_pb_use_builder":"on","_et_pb_old_content":"","_et_gb_content_width":"","footnotes":""},"class_list":["post-2606","page","type-page","status-publish","hentry"],"_links":{"self":[{"href":"https:\/\/fur.ca\/fr\/wp-json\/wp\/v2\/pages\/2606","targetHints":{"allow":["GET"]}}],"collection":[{"href":"https:\/\/fur.ca\/fr\/wp-json\/wp\/v2\/pages"}],"about":[{"href":"https:\/\/fur.ca\/fr\/wp-json\/wp\/v2\/types\/page"}],"author":[{"embeddable":true,"href":"https:\/\/fur.ca\/fr\/wp-json\/wp\/v2\/users\/1"}],"replies":[{"embeddable":true,"href":"https:\/\/fur.ca\/fr\/wp-json\/wp\/v2\/comments?post=2606"}],"version-history":[{"count":5,"href":"https:\/\/fur.ca\/fr\/wp-json\/wp\/v2\/pages\/2606\/revisions"}],"predecessor-version":[{"id":6034,"href":"https:\/\/fur.ca\/fr\/wp-json\/wp\/v2\/pages\/2606\/revisions\/6034"}],"wp:attachment":[{"href":"https:\/\/fur.ca\/fr\/wp-json\/wp\/v2\/media?parent=2606"}],"curies":[{"name":"wp","href":"https:\/\/api.w.org\/{rel}","templated":true}]}}