{"id":2561,"date":"2023-11-23T16:22:46","date_gmt":"2023-11-23T21:22:46","guid":{"rendered":"https:\/\/fur.ca\/traitement-de-la-fourrure\/"},"modified":"2024-06-05T15:28:09","modified_gmt":"2024-06-05T19:28:09","slug":"traitement-de-la-fourrure","status":"publish","type":"page","link":"https:\/\/fur.ca\/fr\/traitement-de-la-fourrure\/","title":{"rendered":"Traitement"},"content":{"rendered":"<p>[et_pb_section fb_built=\u00a0\u00bb1&Prime; _builder_version=\u00a0\u00bb4.22.1&Prime; _module_preset=\u00a0\u00bbdefault\u00a0\u00bb background_color=\u00a0\u00bb#DDDDDD\u00a0\u00bb custom_padding=\u00a0\u00bb0px||0px|||\u00a0\u00bb global_colors_info=\u00a0\u00bb{}\u00a0\u00bb][et_pb_row _builder_version=\u00a0\u00bb4.22.1&Prime; _module_preset=\u00a0\u00bbdefault\u00a0\u00bb global_colors_info=\u00a0\u00bb{}\u00a0\u00bb][et_pb_column type=\u00a0\u00bb4_4&Prime; _builder_version=\u00a0\u00bb4.22.1&Prime; _module_preset=\u00a0\u00bbdefault\u00a0\u00bb global_colors_info=\u00a0\u00bb{}\u00a0\u00bb][et_pb_text admin_label=\u00a0\u00bbProcessing\u00a0\u00bb _builder_version=\u00a0\u00bb4.24.2&Prime; _module_preset=\u00a0\u00bbdefault\u00a0\u00bb header_font=\u00a0\u00bb|700||on|||||\u00a0\u00bb header_text_color=\u00a0\u00bb#123113&Prime; global_colors_info=\u00a0\u00bb{}\u00a0\u00bb]<\/p>\n<h1>TRAITEMENT DE LA FOURRURE<\/h1>\n<p>[\/et_pb_text][\/et_pb_column][\/et_pb_row][\/et_pb_section][et_pb_section fb_built=\u00a0\u00bb1&Prime; admin_label=\u00a0\u00bbSection\u00a0\u00bb _builder_version=\u00a0\u00bb4.22.1&Prime; _module_preset=\u00a0\u00bbdefault\u00a0\u00bb global_colors_info=\u00a0\u00bb{}\u00a0\u00bb][et_pb_row _builder_version=\u00a0\u00bb4.22.1&Prime; _module_preset=\u00a0\u00bbdefault\u00a0\u00bb global_colors_info=\u00a0\u00bb{}\u00a0\u00bb][et_pb_column type=\u00a0\u00bb4_4&Prime; _builder_version=\u00a0\u00bb4.22.1&Prime; _module_preset=\u00a0\u00bbdefault\u00a0\u00bb global_colors_info=\u00a0\u00bb{}\u00a0\u00bb][et_pb_image src=\u00a0\u00bbhttps:\/\/fur.ca\/wp-content\/uploads\/2024\/05\/shearing-fur-Fourrures-Gauthier.png\u00a0\u00bb _builder_version=\u00a0\u00bb4.25.0&Prime; _module_preset=\u00a0\u00bbdefault\u00a0\u00bb hover_enabled=\u00a0\u00bb0&Prime; sticky_enabled=\u00a0\u00bb0&Prime; title_text=\u00a0\u00bbshearing-fur-Fourrures-Gauthier\u00a0\u00bb force_fullwidth=\u00a0\u00bbon\u00a0\u00bb][\/et_pb_image][et_pb_text module_class=\u00a0\u00bbjb-text-spacing\u00a0\u00bb _builder_version=\u00a0\u00bb4.25.0&Prime; _module_preset=\u00a0\u00bbdefault\u00a0\u00bb header_2_text_color=\u00a0\u00bb#123113&Prime; header_3_font=\u00a0\u00bb||||||||\u00a0\u00bb header_3_text_color=\u00a0\u00bb#123113&Prime; header_4_text_color=\u00a0\u00bb#123113&Prime; header_4_font_size=\u00a0\u00bb29px\u00a0\u00bb custom_padding=\u00a0\u00bb||||false|false\u00a0\u00bb hover_enabled=\u00a0\u00bb0&Prime; global_colors_info=\u00a0\u00bb{}\u00a0\u00bb sticky_enabled=\u00a0\u00bb0&Prime; custom_margin=\u00a0\u00bb||30px||false|false\u00a0\u00bb]<\/p>\n<p><em>La tonte de la fourrure produit un effet doux, luxuriant et velout\u00e9. Photo : <span style=\"text-decoration: underline;\"><a href=\"https:\/\/www.fourruresgauthier.com\/\" target=\"_blank\" rel=\"noopener\">Fourrures Gauthier<\/a><\/span>.<\/em><\/p>\n<p>[\/et_pb_text][et_pb_text module_class=\u00a0\u00bbjb-text-spacing\u00a0\u00bb _builder_version=\u00a0\u00bb4.24.2&Prime; _module_preset=\u00a0\u00bbdefault\u00a0\u00bb header_2_text_color=\u00a0\u00bb#123113&Prime; header_3_font=\u00a0\u00bb||||||||\u00a0\u00bb header_3_text_color=\u00a0\u00bb#123113&Prime; header_4_text_color=\u00a0\u00bb#123113&Prime; header_4_font_size=\u00a0\u00bb29px\u00a0\u00bb custom_padding=\u00a0\u00bb||||false|false\u00a0\u00bb global_colors_info=\u00a0\u00bb{}\u00a0\u00bb]<\/p>\n<p>Les fourrures brutes sont naturellement belles, mais elles doivent subir certains traitements pour les rendre durables, souples et suffisamment l\u00e9g\u00e8res pour \u00eatre transform\u00e9es en v\u00eatements. Dans les pages qui suivent, nous examinerons les proc\u00e9d\u00e9s consid\u00e9r\u00e9s comme essentiels, mais il existe de nombreux autres proc\u00e9d\u00e9s facultatifs qui offrent aujourd&rsquo;hui aux cr\u00e9ateurs plus de souplesse que jamais pour produire une gamme remarquable d&rsquo;effets sp\u00e9ciaux.<\/p>\n<p>Le d\u00e9veloppement de m\u00e9thodes permettant de rendre les peaux de fourrure plus l\u00e9g\u00e8res et plus souples, parce que c&rsquo;est ce que veulent les consommateurs, a \u00e9t\u00e9 le plus remarquable. En effet, les peaux de fourrure peuvent d\u00e9sormais ressembler \u00e0 des textiles et peuvent m\u00eame \u00eatre transform\u00e9es en fil et tricot\u00e9es !<\/p>\n<h3><strong>LE DRESSAGE<\/strong><\/h3>\n<p>[\/et_pb_text][et_pb_text module_class=\u00a0\u00bbjb-text-spacing\u00a0\u00bb _builder_version=\u00a0\u00bb4.24.2&Prime; _module_preset=\u00a0\u00bbdefault\u00a0\u00bb header_2_text_color=\u00a0\u00bb#123113&Prime; header_3_font=\u00a0\u00bb||||||||\u00a0\u00bb header_3_text_color=\u00a0\u00bb#123113&Prime; header_4_text_color=\u00a0\u00bb#123113&Prime; header_4_font_size=\u00a0\u00bb29px\u00a0\u00bb custom_padding=\u00a0\u00bb||||false|false\u00a0\u00bb global_colors_info=\u00a0\u00bb{}\u00a0\u00bb]<\/p>\n<p>La premi\u00e8re \u00e9tape de la pr\u00e9paration d&rsquo;une fourrure consiste \u00e0 d\u00e9pouiller l&rsquo;animal. Il est essentiel de conserver la peau intacte et d&rsquo;\u00e9viter de la d\u00e9chirer ou de l&rsquo;ab\u00eemer. Un couteau sp\u00e9cial ou une lame rotative est utilis\u00e9 pour enlever le plus possible de chair, de graisse et de membrane. Les peaux sont ensuite s\u00e9ch\u00e9es.<\/p>\n<p>Les peaux sont ensuite achemin\u00e9es vers l&rsquo;atelier de dressage. Pour pouvoir travailler les peaux, on assouplit le cuir en le r\u00e9hydratant \u00e0 l&rsquo;aide de lavages chimiques. Un nettoyage approfondi est ensuite effectu\u00e9 afin d&rsquo;\u00e9liminer toute trace de salet\u00e9, de sang ou de contaminants du cuir et de la fourrure. Un savon doux et de l&rsquo;eau peuvent \u00eatre utilis\u00e9s \u00e0 cet effet, tout en veillant \u00e0 ne pas \u00e9tirer ou endommager la fourrure.<\/p>\n<p>Tous les lavages font \u00e9paissir le cuir, qui est donc aminci \u00e0 l&rsquo;aide d&rsquo;un couteau d&rsquo;\u00e9charnage. Il s&rsquo;agit d&rsquo;une op\u00e9ration d\u00e9licate. Un faux mouvement et vous coupez les follicules et les poils tombent.<\/p>\n<p>Il faut ensuite pr\u00e9server le cuir pour qu&rsquo;il soit moins susceptible de se d\u00e9composer. Il existe diff\u00e9rentes m\u00e9thodes pour y parvenir, mais la plupart d&rsquo;entre elles font appel au tannage ou au salage.<\/p>\n<p>Les solutions de tannage utilisent une vari\u00e9t\u00e9 de produits chimiques pour pr\u00e9server le cuir. Les principaux produits chimiques utilis\u00e9s sont les sels d&rsquo;alun, y compris le sulfate d&rsquo;aluminium. Ces produits chimiques sont plus inoffensifs que ceux utilis\u00e9s pour le tannage du cuir uniquement, car l&rsquo;objectif est diff\u00e9rent. Lors du tannage du cuir uniquement, l&rsquo;objectif est d&rsquo;\u00e9liminer compl\u00e8tement les poils de la peau. Pour la fourrure, en revanche, il est essentiel d&rsquo;\u00e9viter d&rsquo;endommager les follicules pileux. Les sels d&rsquo;alun sont utilis\u00e9s depuis des centaines d&rsquo;ann\u00e9es pour purifier l&rsquo;eau, r\u00e9duire le pH du sol des jardins et \u00e0 des fins m\u00e9dicinales. Le sulfate d&rsquo;aluminium est l&rsquo;ingr\u00e9dient actif de nombreux anti-transpirants et est utilis\u00e9 dans les crayons styptiques pour arr\u00eater les saignements lors du rasage et pour soulager la douleur des piq\u00fbres d&rsquo;insectes. D&rsquo;autres ingr\u00e9dients naturels couramment utilis\u00e9s sont le sel de table (NaCl), l&rsquo;eau, le carbonate de soude, la sciure de bois, l&rsquo;amidon de ma\u00efs et la lanoline.<\/p>\n<p>Des acides doux tels que l&rsquo;acide ac\u00e9tique (vinaigre) sont \u00e9galement utilis\u00e9s pour activer le processus de tannage, mais les contr\u00f4les modernes de protection de l&rsquo;environnement garantissent qu&rsquo;il n&rsquo;y a pas d&rsquo;effluents nocifs. Les graisses exc\u00e9dentaires sont \u00e9cr\u00e9m\u00e9es et les niveaux de pH doivent \u00eatre neutralis\u00e9s avant que les eaux us\u00e9es ne sortent des cuves de tannage.<\/p>\n<p>Les groupes de d\u00e9fense des animaux aiment tirer la sonnette d&rsquo;alarme sur l&rsquo;utilisation du formald\u00e9hyde dans la confection des fourrures, mais leur inqui\u00e9tude est d\u00e9plac\u00e9e, surtout de nos jours. Le formald\u00e9hyde est un produit chimique naturel, produit par tous les \u00eatres vivants, v\u00e9g\u00e9taux et animaux. Il est \u00e9galement couramment utilis\u00e9 dans l&rsquo;industrie. Par exemple, l&rsquo;industrie textile utilise des r\u00e9sines \u00e0 base de formald\u00e9hyde comme appr\u00eats pour rendre les tissus infroissables, et le formald\u00e9hyde est \u00e0 la base des adh\u00e9sifs utilis\u00e9s dans le contreplaqu\u00e9 et les tapis. Il est vrai que certaines personnes sont sensibles au formald\u00e9hyde, en particulier les travailleurs expos\u00e9s \u00e0 long terme par inhalation. C&rsquo;est pourquoi son utilisation est progressivement abandonn\u00e9e. Quant \u00e0 son utilisation dans l&rsquo;habillage des fourrures, il n&rsquo;est plus utilis\u00e9 en Am\u00e9rique du Nord depuis de nombreuses ann\u00e9es. Il est possible qu&rsquo;il soit encore utilis\u00e9 dans les pays asiatiques pour l&rsquo;habillage des fourrures, mais il n&rsquo;est absolument pas n\u00e9cessaire et les quantit\u00e9s ne sont donc pas importantes.<\/p>\n<p>Comme alternative au tannage, le cuir des fourrures peut \u00eatre pr\u00e9serv\u00e9 par salage. Une quantit\u00e9 g\u00e9n\u00e9reuse de sel non iod\u00e9 est frott\u00e9e sur tout le c\u00f4t\u00e9 chair de la peau. On la laisse ensuite s\u00e9cher pendant plusieurs jours, ce qui permet au sel d&rsquo;extraire l&rsquo;humidit\u00e9 et de pr\u00e9server la peau. Apr\u00e8s le s\u00e9chage, l&rsquo;exc\u00e8s de sel est secou\u00e9 et la chair restante est enlev\u00e9e par grattage.<\/p>\n<p>Apr\u00e8s le tannage ou le salage, les peaux sont plac\u00e9es dans un tambour rotatif contenant de la sciure de bois dur et une solution min\u00e9rale pour nettoyer et conditionner le cuir. Les peaux ressortent encore humides, elles sont donc compl\u00e8tement s\u00e9ch\u00e9es. Elles sont tendues sur un cadre ou attach\u00e9es \u00e0 une planche, c\u00f4t\u00e9 cuir vers le haut, puis plac\u00e9es dans un endroit bien ventil\u00e9 et \u00e0 l&rsquo;abri de la lumi\u00e8re directe du soleil. Le s\u00e9chage peut durer plusieurs jours, voire plusieurs semaines, en fonction de l&rsquo;\u00e9paisseur et de la taille de la peau.<\/p>\n<p>Une fois les peaux s\u00e9ch\u00e9es, elles sont \u00e0 nouveau assouplies pour leur donner un aspect plus souple et luxueux. Pour ce faire, on frotte une quantit\u00e9 g\u00e9n\u00e9reuse d&rsquo;huile v\u00e9g\u00e9tale ou de lanoline sur le cuir, puis on jette les peaux dans un \u00ab\u00a0kicker box\u00a0\u00bb qui fait p\u00e9n\u00e9trer l&rsquo;huile dans le cuir. Le cuir peut \u00e9galement \u00eatre malax\u00e9, roul\u00e9 ou mass\u00e9 pour briser les fibres.<\/p>\n<p>Les peaux sont ensuite \u00e9tir\u00e9es \u00e0 l&rsquo;aide d&rsquo;un rouet en m\u00e9tal, avant d&rsquo;\u00eatre press\u00e9es \u00e0 chaud, un proc\u00e9d\u00e9 qui permet de repasser la fourrure et de lui donner du lustre.<\/p>\n<h3><strong>PLUMAGE ET TONTE<\/strong><\/h3>\n<p>[\/et_pb_text][et_pb_text module_class=\u00a0\u00bbjb-text-spacing\u00a0\u00bb _builder_version=\u00a0\u00bb4.24.2&Prime; _module_preset=\u00a0\u00bbdefault\u00a0\u00bb header_2_text_color=\u00a0\u00bb#123113&Prime; header_3_font=\u00a0\u00bb||||||||\u00a0\u00bb header_3_text_color=\u00a0\u00bb#123113&Prime; header_4_text_color=\u00a0\u00bb#123113&Prime; header_4_font_size=\u00a0\u00bb29px\u00a0\u00bb custom_padding=\u00a0\u00bb||||false|false\u00a0\u00bb global_colors_info=\u00a0\u00bb{}\u00a0\u00bb]<\/p>\n<p>Traditionnellement, nos fourrures sont pr\u00eates \u00e0 \u00eatre envoy\u00e9es \u00e0 l\u2019usine de confection, ce qui est souvent le cas. Mais de plus en plus souvent, d\u2019autres proc\u00e9d\u00e9s sont appliqu\u00e9s en premier lieu, afin d\u2019am\u00e9liorer les qualit\u00e9s naturelles des fourrures. Trois de ces proc\u00e9d\u00e9s facultatifs, d\u00e9sormais courants, sont la plumaison, la tonte et la teinture.<\/p>\n<p>La majorit\u00e9 des fourrures sont constitu\u00e9es de deux types de poils. \u00c0 l\u2019ext\u00e9rieur, on trouve des poils relativement longs, brillants et grossiers, appel\u00e9s poils de garde. Ces poils prot\u00e8gent l\u2019animal contre les branches et autres dangers, et l\u2019imperm\u00e9abilisent dans une certaine mesure. Sous les poils de garde se trouve une couche de sous-poils doux et denses, qui fournit la plus grande partie de la chaleur.<\/p>\n<p>&nbsp;<\/p>\n<p>[\/et_pb_text][et_pb_image src=\u00a0\u00bbhttps:\/\/fur.ca\/wp-content\/uploads\/2024\/05\/plucking-fur-Fourrures-Gauthier.png\u00a0\u00bb _builder_version=\u00a0\u00bb4.25.0&Prime; _module_preset=\u00a0\u00bbdefault\u00a0\u00bb title_text=\u00a0\u00bbplucking-fur-Fourrures-Gauthier\u00a0\u00bb hover_enabled=\u00a0\u00bb0&Prime; sticky_enabled=\u00a0\u00bb0&Prime; force_fullwidth=\u00a0\u00bbon\u00a0\u00bb][\/et_pb_image][et_pb_text module_class=\u00a0\u00bbjb-text-spacing\u00a0\u00bb _builder_version=\u00a0\u00bb4.25.0&Prime; _module_preset=\u00a0\u00bbdefault\u00a0\u00bb header_2_text_color=\u00a0\u00bb#123113&Prime; header_3_font=\u00a0\u00bb||||||||\u00a0\u00bb header_3_text_color=\u00a0\u00bb#123113&Prime; header_4_text_color=\u00a0\u00bb#123113&Prime; header_4_font_size=\u00a0\u00bb29px\u00a0\u00bb custom_padding=\u00a0\u00bb||||false|false\u00a0\u00bb hover_enabled=\u00a0\u00bb0&Prime; global_colors_info=\u00a0\u00bb{}\u00a0\u00bb custom_margin=\u00a0\u00bb||30px||false|false\u00a0\u00bb sticky_enabled=\u00a0\u00bb0&Prime;]<\/p>\n<p><em>Les poils de garde sont arrach\u00e9s pour rendre un v\u00eatement en fourrure plus doux, plus l\u00e9ger et moins volumineux, sans sacrifier une grande partie de la chaleur. Photo : <span style=\"text-decoration: underline;\"><a href=\"https:\/\/www.fourruresgauthier.com\/\" target=\"_blank\" rel=\"noopener\">Fourrures Gauthier<\/a><\/span>.<\/em><\/p>\n<p>[\/et_pb_text][et_pb_text module_class=\u00a0\u00bbjb-text-spacing\u00a0\u00bb _builder_version=\u00a0\u00bb4.24.2&Prime; _module_preset=\u00a0\u00bbdefault\u00a0\u00bb header_2_text_color=\u00a0\u00bb#123113&Prime; header_3_font=\u00a0\u00bb||||||||\u00a0\u00bb header_3_text_color=\u00a0\u00bb#123113&Prime; header_4_text_color=\u00a0\u00bb#123113&Prime; header_4_font_size=\u00a0\u00bb29px\u00a0\u00bb custom_padding=\u00a0\u00bb||||false|false\u00a0\u00bb global_colors_info=\u00a0\u00bb{}\u00a0\u00bb]<\/p>\n<p>Quelques esp\u00e8ces n\u2019ont que des poils de garde et pas de sous-poils, comme les vrais phoques, les ch\u00e8vres et les antilopes. D\u2019autres esp\u00e8ces, comme les chinchillas et les lapins, ont toute la sous-poil et pas de poils de garde.<\/p>\n<p>Afin d\u2019obtenir des v\u00eatements en fourrure plus doux, plus l\u00e9gers et moins encombrants sans sacrifier une grande partie de la chaleur, les poils de garde sont parfois enlev\u00e9s, ou \u00ab\u00a0plum\u00e9s\u00a0\u00bb, \u00e0 la main. Le \u00ab\u00a0duvet\u00a0\u00bb sous-jacent peut alors \u00eatre tondu pour obtenir un poil uniforme, produisant un effet doux, luxuriant et velout\u00e9.<\/p>\n<p>Ces deux proc\u00e9d\u00e9s sont utilis\u00e9s depuis longtemps pour les peaux de castor, et les transformateurs nord-am\u00e9ricains sont reconnus pour produire les meilleurs v\u00eatements de castor plum\u00e9s et tondus. Cependant, la plumaison est un proc\u00e9d\u00e9 qui demande beaucoup de travail et qui est de plus en plus d\u00e9laiss\u00e9 par les transformateurs qui passent directement \u00e0 la tonte.<\/p>\n<p>La tonte (avec plumage optionnel) est \u00e9galement largement utilis\u00e9e pour d\u2019autres fourrures, notamment le vison, le rat musqu\u00e9, la loutre et le raton laveur.<\/p>\n<h3><strong>TEINTURE<\/strong><\/h3>\n<p>[\/et_pb_text][et_pb_text module_class=\u00a0\u00bbjb-text-spacing\u00a0\u00bb _builder_version=\u00a0\u00bb4.24.2&Prime; _module_preset=\u00a0\u00bbdefault\u00a0\u00bb header_2_text_color=\u00a0\u00bb#123113&Prime; header_3_font=\u00a0\u00bb||||||||\u00a0\u00bb header_3_text_color=\u00a0\u00bb#123113&Prime; header_4_text_color=\u00a0\u00bb#123113&Prime; header_4_font_size=\u00a0\u00bb29px\u00a0\u00bb custom_padding=\u00a0\u00bb||||false|false\u00a0\u00bb global_colors_info=\u00a0\u00bb{}\u00a0\u00bb]<\/p>\n<p>Traditionnellement, les fourrures les plus ch\u00e8res n&rsquo;\u00e9taient pas teintes car elles pr\u00e9sentaient des couleurs naturelles extraordinaires. La teinture \u00e9tait plut\u00f4t utilis\u00e9e pour les fourrures moins ch\u00e8res, en particulier le lapin, dans le but de ressembler aux fourrures plus ch\u00e8res. Ces derni\u00e8res ann\u00e9es, cependant, les fourrures teintes ont gagn\u00e9 en popularit\u00e9 aupr\u00e8s des cr\u00e9ateurs et des consommateurs. Vison rose ? Castor violet ? Pas de probl\u00e8me !<\/p>\n<p>Cependant, tout comme l&rsquo;habillage de la fourrure, la teinture de la fourrure doit \u00eatre effectu\u00e9e avec d\u00e9licatesse afin de ne pas endommager les follicules pileux.<\/p>\n<h3><strong>AUTRES PROC\u00c9D\u00c9S<\/strong><\/h3>\n<p>Une s\u00e9rie de nouvelles techniques de transformation permettent aujourd&rsquo;hui de produire des fourrures plus l\u00e9g\u00e8res et plus souples que jamais.<\/p>\n<p>Les fourrures peuvent d\u00e9sormais \u00eatre mari\u00e9es avec du cuir ou d&rsquo;autres mat\u00e9riaux. Le c\u00f4t\u00e9 peau peut \u00eatre trait\u00e9 comme du cuir ou du daim (\u00ab\u00a0double face\u00a0\u00bb), ce qui permet d&rsquo;obtenir un v\u00eatement r\u00e9versible. Outre l&rsquo;\u00e9pilation et la tonte, la fourrure peut \u00eatre rainur\u00e9e, sculpt\u00e9e (\u00ab\u00a0d\u00e9coupe laser\u00a0\u00bb), imprim\u00e9e ou tricot\u00e9e. Les techniques d&rsquo;intarsia traitent la fourrure comme un vitrail ou une mosa\u00efque, produisant ce que l&rsquo;on peut d\u00e9crire comme de \u00ab\u00a0l&rsquo;art \u00e0 porter\u00a0\u00bb.<\/p>\n<p>Nous avons parcouru un long chemin depuis le manteau de fourrure traditionnel. Des proc\u00e9d\u00e9s innovants d&rsquo;appr\u00eat, de teinture et de texturation inspirent aujourd&rsquo;hui le designer et permettent au processus cr\u00e9atif de commencer avant m\u00eame que le style sp\u00e9cifique ne soit con\u00e7u.<\/p>\n<p>[\/et_pb_text][\/et_pb_column][\/et_pb_row][et_pb_row column_structure=\u00a0\u00bb1_2,1_2&Prime; _builder_version=\u00a0\u00bb4.23&Prime; _module_preset=\u00a0\u00bbdefault\u00a0\u00bb global_colors_info=\u00a0\u00bb{}\u00a0\u00bb][et_pb_column type=\u00a0\u00bb1_2&Prime; _builder_version=\u00a0\u00bb4.23&Prime; _module_preset=\u00a0\u00bbdefault\u00a0\u00bb global_colors_info=\u00a0\u00bb{}\u00a0\u00bb][et_pb_text admin_label=\u00a0\u00bbprevious\u00a0\u00bb _builder_version=\u00a0\u00bb4.23.1&Prime; _dynamic_attributes=\u00a0\u00bblink_option_url\u00a0\u00bb _module_preset=\u00a0\u00bbdefault\u00a0\u00bb link_option_url=\u00a0\u00bb@ET-DC@eyJkeW5hbWljIjp0cnVlLCJjb250ZW50IjoicG9zdF9saW5rX3VybF9wYWdlIiwic2V0dGluZ3MiOnsicG9zdF9pZCI6IjE1MjAifX0=@\u00a0\u00bb global_colors_info=\u00a0\u00bb{}\u00a0\u00bb]<\/p>\n<div class=\"previous-page-left\">\n<h3><img loading=\"lazy\" decoding=\"async\" class=\"wp-image-1334 alignnone size-full\" src=\"https:\/\/fur.ca\/wp-content\/uploads\/2023\/10\/left-arrow.png\" alt=\"\" width=\"27\" height=\"43\" \/> <span style=\"padding-left: 30px;\">Page pr\u00e9c\u00e9dente : Fabrication d\u2019un manteau<\/span><\/h3>\n<\/div>\n<p>[\/et_pb_text][\/et_pb_column][et_pb_column type=\u00a0\u00bb1_2&Prime; _builder_version=\u00a0\u00bb4.23&Prime; _module_preset=\u00a0\u00bbdefault\u00a0\u00bb global_colors_info=\u00a0\u00bb{}\u00a0\u00bb][et_pb_text admin_label=\u00a0\u00bbnext\u00a0\u00bb _builder_version=\u00a0\u00bb4.23.1&Prime; _dynamic_attributes=\u00a0\u00bblink_option_url\u00a0\u00bb _module_preset=\u00a0\u00bbdefault\u00a0\u00bb text_orientation=\u00a0\u00bbright\u00a0\u00bb link_option_url=\u00a0\u00bb@ET-DC@eyJkeW5hbWljIjp0cnVlLCJjb250ZW50IjoicG9zdF9saW5rX3VybF9wYWdlIiwic2V0dGluZ3MiOnsicG9zdF9pZCI6IjEyMTYifX0=@\u00a0\u00bb global_colors_info=\u00a0\u00bb{}\u00a0\u00bb]<\/p>\n<div class=\"previous-page-right\">\n<h3><span style=\"padding-right: 30px;\">Page suivante : O\u00f9 acheter de la fourrure?<\/span><img loading=\"lazy\" decoding=\"async\" class=\"wp-image-1335 alignnone size-full\" src=\"https:\/\/fur.ca\/wp-content\/uploads\/2023\/10\/right-arrow.png\" alt=\"\" width=\"27\" height=\"43\" \/><\/h3>\n<\/div>\n<p>[\/et_pb_text][\/et_pb_column][\/et_pb_row][\/et_pb_section]<\/p>\n","protected":false},"excerpt":{"rendered":"<p>TRAITEMENT DE LA FOURRURELa tonte de la fourrure produit un effet doux, luxuriant et velout\u00e9. Photo : Fourrures Gauthier.Les fourrures brutes sont naturellement belles, mais elles doivent subir certains traitements pour les rendre durables, souples et suffisamment l\u00e9g\u00e8res pour \u00eatre transform\u00e9es en v\u00eatements. Dans les pages qui suivent, nous examinerons les proc\u00e9d\u00e9s consid\u00e9r\u00e9s comme essentiels, [&hellip;]<\/p>\n","protected":false},"author":1,"featured_media":0,"parent":0,"menu_order":0,"comment_status":"closed","ping_status":"closed","template":"","meta":{"_et_pb_use_builder":"on","_et_pb_old_content":"","_et_gb_content_width":"","footnotes":""},"class_list":["post-2561","page","type-page","status-publish","hentry"],"_links":{"self":[{"href":"https:\/\/fur.ca\/fr\/wp-json\/wp\/v2\/pages\/2561","targetHints":{"allow":["GET"]}}],"collection":[{"href":"https:\/\/fur.ca\/fr\/wp-json\/wp\/v2\/pages"}],"about":[{"href":"https:\/\/fur.ca\/fr\/wp-json\/wp\/v2\/types\/page"}],"author":[{"embeddable":true,"href":"https:\/\/fur.ca\/fr\/wp-json\/wp\/v2\/users\/1"}],"replies":[{"embeddable":true,"href":"https:\/\/fur.ca\/fr\/wp-json\/wp\/v2\/comments?post=2561"}],"version-history":[{"count":5,"href":"https:\/\/fur.ca\/fr\/wp-json\/wp\/v2\/pages\/2561\/revisions"}],"predecessor-version":[{"id":3420,"href":"https:\/\/fur.ca\/fr\/wp-json\/wp\/v2\/pages\/2561\/revisions\/3420"}],"wp:attachment":[{"href":"https:\/\/fur.ca\/fr\/wp-json\/wp\/v2\/media?parent=2561"}],"curies":[{"name":"wp","href":"https:\/\/api.w.org\/{rel}","templated":true}]}}