{"id":2478,"date":"2023-08-08T17:36:08","date_gmt":"2023-08-08T21:36:08","guid":{"rendered":"https:\/\/fic.acxcomdev.com\/programmes\/"},"modified":"2024-06-05T18:12:30","modified_gmt":"2024-06-05T22:12:30","slug":"programmes","status":"publish","type":"page","link":"https:\/\/fur.ca\/fr\/programmes\/","title":{"rendered":"Programmes"},"content":{"rendered":"<p>[et_pb_section fb_built=\u00a0\u00bb1&Prime; _builder_version=\u00a0\u00bb4.22.1&Prime; _module_preset=\u00a0\u00bbdefault\u00a0\u00bb background_color=\u00a0\u00bb#DDDDDD\u00a0\u00bb custom_padding=\u00a0\u00bb0px||0px|||\u00a0\u00bb global_colors_info=\u00a0\u00bb{}\u00a0\u00bb][et_pb_row _builder_version=\u00a0\u00bb4.22.1&Prime; _module_preset=\u00a0\u00bbdefault\u00a0\u00bb global_colors_info=\u00a0\u00bb{}\u00a0\u00bb][et_pb_column type=\u00a0\u00bb4_4&Prime; _builder_version=\u00a0\u00bb4.22.1&Prime; _module_preset=\u00a0\u00bbdefault\u00a0\u00bb global_colors_info=\u00a0\u00bb{}\u00a0\u00bb][et_pb_text admin_label=\u00a0\u00bbPrograms\u00a0\u00bb _builder_version=\u00a0\u00bb4.23.1&Prime; _module_preset=\u00a0\u00bbdefault\u00a0\u00bb header_font=\u00a0\u00bb|700||on|||||\u00a0\u00bb header_text_color=\u00a0\u00bb#123113&Prime; global_colors_info=\u00a0\u00bb{}\u00a0\u00bb]<\/p>\n<h1>Programmes<\/h1>\n<p>[\/et_pb_text][\/et_pb_column][\/et_pb_row][\/et_pb_section][et_pb_section fb_built=\u00a0\u00bb1&Prime; admin_label=\u00a0\u00bbSection\u00a0\u00bb _builder_version=\u00a0\u00bb4.22.1&Prime; _module_preset=\u00a0\u00bbdefault\u00a0\u00bb global_colors_info=\u00a0\u00bb{}\u00a0\u00bb][et_pb_row _builder_version=\u00a0\u00bb4.22.1&Prime; _module_preset=\u00a0\u00bbdefault\u00a0\u00bb global_colors_info=\u00a0\u00bb{}\u00a0\u00bb][et_pb_column type=\u00a0\u00bb4_4&Prime; _builder_version=\u00a0\u00bb4.22.1&Prime; _module_preset=\u00a0\u00bbdefault\u00a0\u00bb global_colors_info=\u00a0\u00bb{}\u00a0\u00bb][et_pb_image src=\u00a0\u00bbhttps:\/\/fur.ca\/wp-content\/uploads\/2023\/12\/InnoTech-Alberta-3.png\u00a0\u00bb title_text=\u00a0\u00bbInnoTech-Alberta-3&Prime; align=\u00a0\u00bbcenter\u00a0\u00bb force_fullwidth=\u00a0\u00bbon\u00a0\u00bb admin_label=\u00a0\u00bbImage\u00a0\u00bb _builder_version=\u00a0\u00bb4.23.1&Prime; _module_preset=\u00a0\u00bbdefault\u00a0\u00bb custom_padding=\u00a0\u00bb||0px||false|false\u00a0\u00bb global_colors_info=\u00a0\u00bb{}\u00a0\u00bb][\/et_pb_image][et_pb_text disabled_on=\u00a0\u00bboff|off|off\u00a0\u00bb admin_label=\u00a0\u00bbCaption\u00a0\u00bb module_class=\u00a0\u00bbjb-text-spacing\u00a0\u00bb _builder_version=\u00a0\u00bb4.25.0&Prime; _module_preset=\u00a0\u00bbdefault\u00a0\u00bb header_2_text_color=\u00a0\u00bb#123113&Prime; header_3_font=\u00a0\u00bb||||||||\u00a0\u00bb header_3_text_color=\u00a0\u00bb#123113&Prime; header_4_text_color=\u00a0\u00bb#123113&Prime; header_4_font_size=\u00a0\u00bb29px\u00a0\u00bb global_colors_info=\u00a0\u00bb{}\u00a0\u00bb]<\/p>\n<p><em>Photo: <span style=\"text-decoration: underline;\"><a href=\"https:\/\/innotechalberta.ca\/\" target=\"_blank\" rel=\"noopener\">InnoTech Alberta\u200b<\/a><\/span><\/em><\/p>\n<p>[\/et_pb_text][et_pb_text module_class=\u00a0\u00bbjb-text-spacing\u00a0\u00bb _builder_version=\u00a0\u00bb4.25.1&Prime; _module_preset=\u00a0\u00bbdefault\u00a0\u00bb header_2_text_color=\u00a0\u00bb#123113&Prime; header_3_font=\u00a0\u00bb||||||||\u00a0\u00bb header_3_text_color=\u00a0\u00bb#123113&Prime; header_4_text_color=\u00a0\u00bb#123113&Prime; header_4_font_size=\u00a0\u00bb29px\u00a0\u00bb custom_padding=\u00a0\u00bb30px||||false|false\u00a0\u00bb global_colors_info=\u00a0\u00bb{}\u00a0\u00bb]<\/p>\n<p>Les programmes de l&rsquo;Institut de la fourrure du Canada sont \u00e9labor\u00e9s et les activit\u00e9s des projets sont r\u00e9alis\u00e9es par trois comit\u00e9s op\u00e9rationnels : le comit\u00e9 sur la recherche et le d\u00e9veloppement des pi\u00e8ges, le comit\u00e9 des communications et le comit\u00e9 de la chasse aux phoques. Ces comit\u00e9s sont form\u00e9s par le <span style=\"text-decoration: underline;\"><a href=\"https:\/\/fur.ca\/fr\/conseil-dadministration\/\">conseil d&rsquo;administration<\/a><\/span> et lui rendent compte.<\/p>\n<h3><strong>COMIT\u00c9 SUR LA RECHERCHE ET LE D\u00c9VELOPPEMENT DES PI\u00c8GES<\/strong><\/h3>\n<p>L&rsquo;IFC est l&rsquo;organisme officiel charg\u00e9 de tester les pi\u00e8ges pour le gouvernement du Canada et tous les gouvernements provinciaux et territoriaux. Gr\u00e2ce \u00e0 la recherche, au d\u00e9veloppement, \u00e0 la communication et \u00e0 l&rsquo;\u00e9ducation, le comit\u00e9 veille \u00e0 ce que les meilleures technologies de capture des animaux \u00e0 fourrure soient mises \u00e0 la disposition des trappeurs canadiens. Ce programme vise \u00e0 atteindre le plus haut niveau de bien-\u00eatre animal possible gr\u00e2ce aux connaissances traditionnelles et \u00e0 la science moderne. Le programme de recherche et d&rsquo;essai sur les pi\u00e8ges est men\u00e9 par InnoTech Alberta dans notre centre de recherche de Vegreville. Il respecte les \u00ab trois R \u00bb (raffinement, r\u00e9duction, remplacement) de la recherche sur les animaux et est supervis\u00e9 par le Conseil canadien de protection des animaux.<\/p>\n<p>L&rsquo;IFC est \u00e9galement charg\u00e9 de coordonner la mise en \u0153uvre de l&rsquo;<span style=\"text-decoration: underline;\"><a href=\"https:\/\/fur.ca\/wp-content\/uploads\/2023\/10\/AIHTS-Copy-of-Agreement.pdf\" target=\"_blank\" rel=\"noopener\">l&rsquo;Accord sur les normes internationales de pi\u00e9geage sans cruaut\u00e9 (AIHTS) <\/a><\/span> au Canada et repr\u00e9sente le Canada au sein du comit\u00e9 de gestion de l&rsquo;AIHTS.<\/p>\n<h3><strong>COMIT\u00c9 DES COMMUNICATIONS<\/strong><\/h3>\n<p>Le Comit\u00e9 des communications sert de canal pour toutes les informations pertinentes destin\u00e9es aux membres de l&rsquo;IFC, au commerce de la fourrure, aux autres organisations de conservation et de protection des animaux, aux m\u00e9dias, aux \u00e9coles, aux gouvernements f\u00e9d\u00e9ral, provinciaux et territoriaux, ainsi qu&rsquo;au grand public.<\/p>\n<h3><strong>COMIT\u00c9 DES PHOQUES<\/strong><\/h3>\n<p>Le Comit\u00e9 de la chasse au phoque veille \u00e0 ce que des informations factuelles sur les phoques et la chasse au phoque au Canada soient mises \u00e0 la disposition du grand public, des m\u00e9dias et des l\u00e9gislateurs au Canada et dans le monde entier, \u00e0 partir de sources primaires et en temps opportun. Le comit\u00e9 facilite le <a href=\"https:\/\/canadiansealproducts.com\/fr\" target=\"_blank\" rel=\"noopener\"><u>Seals and Sealing Network<\/u><\/a>, qui rassemble les informations les plus r\u00e9centes provenant des parties prenantes internationales, de la recherche, du commerce et des communications.<\/p>\n<p>[\/et_pb_text][\/et_pb_column][\/et_pb_row][\/et_pb_section]<\/p>\n","protected":false},"excerpt":{"rendered":"<p>ProgrammesPhoto: InnoTech Alberta\u200bLes programmes de l&rsquo;Institut de la fourrure du Canada sont \u00e9labor\u00e9s et les activit\u00e9s des projets sont r\u00e9alis\u00e9es par trois comit\u00e9s op\u00e9rationnels : le comit\u00e9 sur la recherche et le d\u00e9veloppement des pi\u00e8ges, le comit\u00e9 des communications et le comit\u00e9 de la chasse aux phoques. Ces comit\u00e9s sont form\u00e9s par le conseil d&rsquo;administration [&hellip;]<\/p>\n","protected":false},"author":1,"featured_media":0,"parent":0,"menu_order":0,"comment_status":"closed","ping_status":"closed","template":"","meta":{"_et_pb_use_builder":"on","_et_pb_old_content":"","_et_gb_content_width":"","footnotes":""},"class_list":["post-2478","page","type-page","status-publish","hentry"],"_links":{"self":[{"href":"https:\/\/fur.ca\/fr\/wp-json\/wp\/v2\/pages\/2478","targetHints":{"allow":["GET"]}}],"collection":[{"href":"https:\/\/fur.ca\/fr\/wp-json\/wp\/v2\/pages"}],"about":[{"href":"https:\/\/fur.ca\/fr\/wp-json\/wp\/v2\/types\/page"}],"author":[{"embeddable":true,"href":"https:\/\/fur.ca\/fr\/wp-json\/wp\/v2\/users\/1"}],"replies":[{"embeddable":true,"href":"https:\/\/fur.ca\/fr\/wp-json\/wp\/v2\/comments?post=2478"}],"version-history":[{"count":5,"href":"https:\/\/fur.ca\/fr\/wp-json\/wp\/v2\/pages\/2478\/revisions"}],"predecessor-version":[{"id":3460,"href":"https:\/\/fur.ca\/fr\/wp-json\/wp\/v2\/pages\/2478\/revisions\/3460"}],"wp:attachment":[{"href":"https:\/\/fur.ca\/fr\/wp-json\/wp\/v2\/media?parent=2478"}],"curies":[{"name":"wp","href":"https:\/\/api.w.org\/{rel}","templated":true}]}}