{"id":2410,"date":"2023-12-20T17:31:42","date_gmt":"2023-12-20T22:31:42","guid":{"rendered":"https:\/\/fic.acxcomdev.com\/les-raisons-qui-nous-poussent-a-pieger\/"},"modified":"2025-03-23T08:15:23","modified_gmt":"2025-03-23T12:15:23","slug":"les-raisons-qui-nous-poussent-a-pieger","status":"publish","type":"page","link":"https:\/\/fur.ca\/fr\/les-raisons-qui-nous-poussent-a-pieger\/","title":{"rendered":"Les raisons qui nous poussent \u00e0 pi\u00e9ger"},"content":{"rendered":"<p>[et_pb_section fb_built=\u00a0\u00bb1&Prime; _builder_version=\u00a0\u00bb4.22.1&Prime; _module_preset=\u00a0\u00bbdefault\u00a0\u00bb background_color=\u00a0\u00bb#DDDDDD\u00a0\u00bb custom_padding=\u00a0\u00bb0px||0px|||\u00a0\u00bb global_colors_info=\u00a0\u00bb{}\u00a0\u00bb][et_pb_row _builder_version=\u00a0\u00bb4.22.1&Prime; _module_preset=\u00a0\u00bbdefault\u00a0\u00bb global_colors_info=\u00a0\u00bb{}\u00a0\u00bb][et_pb_column type=\u00a0\u00bb4_4&Prime; _builder_version=\u00a0\u00bb4.22.1&Prime; _module_preset=\u00a0\u00bbdefault\u00a0\u00bb global_colors_info=\u00a0\u00bb{}\u00a0\u00bb][et_pb_text admin_label=\u00a0\u00bbReasons we Trap\u00a0\u00bb _builder_version=\u00a0\u00bb4.23.1&Prime; _module_preset=\u00a0\u00bbdefault\u00a0\u00bb header_font=\u00a0\u00bb|700||on|||||\u00a0\u00bb header_text_color=\u00a0\u00bb#123113&Prime; global_colors_info=\u00a0\u00bb{}\u00a0\u00bb]<\/p>\n<h1>LES RAISONS QUI NOUS POUSSENT \u00c0 PI\u00c9GER<\/h1>\n<p>[\/et_pb_text][\/et_pb_column][\/et_pb_row][\/et_pb_section][et_pb_section fb_built=\u00a0\u00bb1&Prime; admin_label=\u00a0\u00bbSection\u00a0\u00bb _builder_version=\u00a0\u00bb4.22.1&Prime; _module_preset=\u00a0\u00bbdefault\u00a0\u00bb global_colors_info=\u00a0\u00bb{}\u00a0\u00bb][et_pb_row _builder_version=\u00a0\u00bb4.22.1&Prime; _module_preset=\u00a0\u00bbdefault\u00a0\u00bb global_colors_info=\u00a0\u00bb{}\u00a0\u00bb][et_pb_column type=\u00a0\u00bb4_4&Prime; _builder_version=\u00a0\u00bb4.22.1&Prime; _module_preset=\u00a0\u00bbdefault\u00a0\u00bb global_colors_info=\u00a0\u00bb{}\u00a0\u00bb][et_pb_image src=\u00a0\u00bbhttps:\/\/fur.ca\/wp-content\/uploads\/2023\/07\/slide-4.png\u00a0\u00bb title_text=\u00a0\u00bbslide-4&Prime; align=\u00a0\u00bbcenter\u00a0\u00bb force_fullwidth=\u00a0\u00bbon\u00a0\u00bb admin_label=\u00a0\u00bbImage\u00a0\u00bb _builder_version=\u00a0\u00bb4.23.1&Prime; _module_preset=\u00a0\u00bbdefault\u00a0\u00bb custom_padding=\u00a0\u00bb||0px||false|false\u00a0\u00bb global_colors_info=\u00a0\u00bb{}\u00a0\u00bb][\/et_pb_image][et_pb_text disabled_on=\u00a0\u00bboff|off|off\u00a0\u00bb admin_label=\u00a0\u00bbCaption\u00a0\u00bb module_class=\u00a0\u00bbjb-text-spacing\u00a0\u00bb _builder_version=\u00a0\u00bb4.25.1&Prime; _module_preset=\u00a0\u00bbdefault\u00a0\u00bb header_2_text_color=\u00a0\u00bb#123113&Prime; header_3_font=\u00a0\u00bb||||||||\u00a0\u00bb header_3_text_color=\u00a0\u00bb#123113&Prime; header_4_text_color=\u00a0\u00bb#123113&Prime; header_4_font_size=\u00a0\u00bb29px\u00a0\u00bb global_colors_info=\u00a0\u00bb{}\u00a0\u00bb]<\/p>\n<p><em>Photo : Pierre Fournier<\/em><\/p>\n<p>[\/et_pb_text][\/et_pb_column][\/et_pb_row][et_pb_row column_structure=\u00a0\u00bb3_5,2_5&Prime; use_custom_gutter=\u00a0\u00bbon\u00a0\u00bb gutter_width=\u00a0\u00bb3&Prime; _builder_version=\u00a0\u00bb4.24.2&Prime; _module_preset=\u00a0\u00bbdefault\u00a0\u00bb global_colors_info=\u00a0\u00bb{}\u00a0\u00bb][et_pb_column type=\u00a0\u00bb3_5&Prime; _builder_version=\u00a0\u00bb4.22.1&Prime; _module_preset=\u00a0\u00bbdefault\u00a0\u00bb global_colors_info=\u00a0\u00bb{}\u00a0\u00bb][et_pb_text admin_label=\u00a0\u00bbMAINTAINING STABLE AND HEALTHY WILDLIFE POPULATIONS\u00a0\u00bb module_class=\u00a0\u00bbjb-text-spacing\u00a0\u00bb _builder_version=\u00a0\u00bb4.23.1&Prime; _module_preset=\u00a0\u00bbdefault\u00a0\u00bb header_2_text_color=\u00a0\u00bb#123113&Prime; header_3_font=\u00a0\u00bb||||||||\u00a0\u00bb header_3_text_color=\u00a0\u00bb#123113&Prime; header_4_text_color=\u00a0\u00bb#123113&Prime; header_4_font_size=\u00a0\u00bb29px\u00a0\u00bb custom_padding=\u00a0\u00bb||||false|false\u00a0\u00bb global_colors_info=\u00a0\u00bb{}\u00a0\u00bb]<\/p>\n<p>Le pi\u00e9geage est pratiqu\u00e9 pour diverses raisons. Examinons les principales raisons pour lesquelles le pi\u00e9geage est pratiqu\u00e9 au Canada.<\/p>\n<h3><strong>MAINTENIR DES POPULATIONS D\u2019ANIMAUX SAUVAGES STABLES ET EN BONNE SANT\u00c9<\/strong><\/h3>\n<p>La plupart des esp\u00e8ces sauvages produisent plus de jeunes que leur habitat ne peut en supporter jusqu\u2019\u00e0 l\u2019\u00e2ge adulte. Les contr\u00f4les naturels aident \u00e0 r\u00e9guler les populations, mais parfois ils ne suffisent pas \u00e0 les emp\u00eacher de d\u00e9passer la capacit\u00e9 de charge de leur habitat. On assiste alors \u00e0 un cycle d\u2019expansion et de r\u00e9cession, lorsqu\u2019une esp\u00e8ce surpeupl\u00e9e est d\u00e9cim\u00e9e par la famine et les maladies. Certaines esp\u00e8ces, comme les rats musqu\u00e9s et les lemmings, sont particuli\u00e8rement sujettes \u00e0 ces cycles, mais ils peuvent se produire chez de nombreuses autres.<\/p>\n<p>Le pi\u00e9geage r\u00e9duit le risque de cycles d\u2019expansion et de r\u00e9cession en aidant \u00e0 \u00e9quilibrer les populations d\u2019animaux sauvages avec la capacit\u00e9 de charge de leurs habitats.<\/p>\n<p>[\/et_pb_text][\/et_pb_column][et_pb_column type=\u00a0\u00bb2_5&Prime; _builder_version=\u00a0\u00bb4.24.2&Prime; _module_preset=\u00a0\u00bbdefault\u00a0\u00bb global_colors_info=\u00a0\u00bb{}\u00a0\u00bb][et_pb_text module_id=\u00a0\u00bbkey-fic-reports\u00a0\u00bb _builder_version=\u00a0\u00bb4.25.0&Prime; _module_preset=\u00a0\u00bbdefault\u00a0\u00bb header_font=\u00a0\u00bb|700||on|||||\u00a0\u00bb header_text_color=\u00a0\u00bb#123113&Prime; header_font_size=\u00a0\u00bb50px\u00a0\u00bb custom_margin=\u00a0\u00bb-40px||||false|false\u00a0\u00bb custom_padding=\u00a0\u00bb30px||||false|false\u00a0\u00bb global_colors_info=\u00a0\u00bb{}\u00a0\u00bb]<\/p>\n<h1>PRINCIPAL RAPPORT DE L\u2019IFC<\/h1>\n<p>[\/et_pb_text][et_pb_text admin_label=\u00a0\u00bbModern trapping technologies: A social, environmental, and animal-welfare perspective, 2021&Prime; _builder_version=\u00a0\u00bb4.24.2&Prime; _module_preset=\u00a0\u00bbdefault\u00a0\u00bb header_text_color=\u00a0\u00bb#123113&Prime; header_3_font=\u00a0\u00bb|700|||||||\u00a0\u00bb header_3_text_color=\u00a0\u00bb#123113&Prime; custom_padding=\u00a0\u00bb||||false|false\u00a0\u00bb global_colors_info=\u00a0\u00bb{}\u00a0\u00bb]<\/p>\n<h1><strong><span style=\"text-decoration: underline;\"><a href=\"https:\/\/fur.ca\/wp-content\/uploads\/2023\/10\/Modern-Trapping-Technologies.pdf\" target=\"_blank\" rel=\"noopener\">Modern trapping technologies: A social, environmental, and animal-welfare perspective, 2021<\/a><\/span><\/strong><\/h1>\n<p>[\/et_pb_text][et_pb_image src=\u00a0\u00bbhttps:\/\/fur.ca\/wp-content\/uploads\/2024\/03\/Modern-technologies.png\u00a0\u00bb title_text=\u00a0\u00bbModern-technologies\u00a0\u00bb url=\u00a0\u00bbhttps:\/\/fur.ca\/wp-content\/uploads\/2023\/10\/Modern-Trapping-Technologies.pdf\u00a0\u00bb url_new_window=\u00a0\u00bbon\u00a0\u00bb _builder_version=\u00a0\u00bb4.24.2&Prime; _module_preset=\u00a0\u00bbdefault\u00a0\u00bb global_colors_info=\u00a0\u00bb{}\u00a0\u00bb][\/et_pb_image][\/et_pb_column][\/et_pb_row][et_pb_row _builder_version=\u00a0\u00bb4.22.1&Prime; _module_preset=\u00a0\u00bbdefault\u00a0\u00bb custom_padding=\u00a0\u00bb0px|||||\u00a0\u00bb global_colors_info=\u00a0\u00bb{}\u00a0\u00bb][et_pb_column type=\u00a0\u00bb4_4&Prime; _builder_version=\u00a0\u00bb4.22.1&Prime; _module_preset=\u00a0\u00bbdefault\u00a0\u00bb global_colors_info=\u00a0\u00bb{}\u00a0\u00bb][et_pb_video src=\u00a0\u00bbhttps:\/\/www.youtube.com\/watch?v=2rZ1cUJEb5U&#038;list=PL4SjZ4Wvr8Zl7DVslLtvw5S924N4HFTyA&#038;t=8s\u00a0\u00bb _builder_version=\u00a0\u00bb4.23.1&Prime; _module_preset=\u00a0\u00bbdefault\u00a0\u00bb custom_margin=\u00a0\u00bb20px||||false|false\u00a0\u00bb global_colors_info=\u00a0\u00bb{}\u00a0\u00bb][\/et_pb_video][et_pb_text admin_label=\u00a0\u00bbCONSERVING RARE SPECIES\u00a0\u00bb module_class=\u00a0\u00bbjb-text-spacing\u00a0\u00bb _builder_version=\u00a0\u00bb4.23.1&Prime; _module_preset=\u00a0\u00bbdefault\u00a0\u00bb header_2_text_color=\u00a0\u00bb#123113&Prime; header_3_font=\u00a0\u00bb||||||||\u00a0\u00bb header_3_text_color=\u00a0\u00bb#123113&Prime; header_4_text_color=\u00a0\u00bb#123113&Prime; header_4_font_size=\u00a0\u00bb29px\u00a0\u00bb custom_padding=\u00a0\u00bb||||false|false\u00a0\u00bb global_colors_info=\u00a0\u00bb{}\u00a0\u00bb]<\/p>\n<h3><strong>CONSERVER LES ESP\u00c8CES RARES<\/strong><\/h3>\n<p>Le pi\u00e9geage est un outil important pour la conservation des esp\u00e8ces menac\u00e9es et en voie de disparition.<\/p>\n<p>Le pi\u00e9geage permet notamment de r\u00e9duire le nombre de pr\u00e9dateurs. Un exemple bien connu est la protection des \u0153ufs des oiseaux nichant au sol par l&rsquo;\u00e9limination des renards et des belettes, mais il y en a beaucoup d&rsquo;autres. Par exemple, des loups sont pi\u00e9g\u00e9s en Colombie-Britannique dans le cadre d&rsquo;un effort visant \u00e0 pr\u00e9server <span style=\"text-decoration: underline;\"><a href=\"https:\/\/esajournals.onlinelibrary.wiley.com\/doi\/full\/10.1002\/eap.2581\" target=\"_blank\" rel=\"noopener\">le troupeau de caribous de montagne de Klinse-Za<\/a><\/span>.<\/p>\n<p>Une autre utilisation importante du pi\u00e9geage par les d\u00e9fenseurs de l&rsquo;environnement consiste \u00e0 capturer des animaux et \u00e0 les rel\u00e2cher. Cette pratique peut avoir plusieurs objectifs. Les animaux sauvages pi\u00e9g\u00e9s peuvent \u00eatre r\u00e9install\u00e9s dans des zones o\u00f9 ils vivaient autrefois, mais o\u00f9 ils ont disparu. C&rsquo;est ce qui se fait depuis 2021 en Colombie-Britannique, o\u00f9 des <span style=\"text-decoration: underline;\"><a href=\"https:\/\/www.cct-fnw.com\/canada-lynx\" target=\"_blank\" rel=\"noopener\">lynx canadiens sont captur\u00e9s et d\u00e9plac\u00e9s dans l&rsquo;\u00c9tat de Washington<\/a><\/span>. [link \u00ab\u00a0lynx canadiens sont captur\u00e9s et d\u00e9plac\u00e9s dans l&rsquo;\u00c9tat de Washington\u00a0\u00bb to ] Des loups ont \u00e9galement \u00e9t\u00e9 captur\u00e9s et d\u00e9plac\u00e9s avec succ\u00e8s. Une autre raison fr\u00e9quente de capturer et de rel\u00e2cher des animaux est d&rsquo;attacher des colliers GPS pour suivre leurs mouvements.<\/p>\n<p>[\/et_pb_text][et_pb_video src=\u00a0\u00bbhttps:\/\/www.youtube.com\/watch?v=f3SIeBalS4Y&#038;list=PL4SjZ4Wvr8ZmSPcDes7-p5gY9vswTo3t2&#038;t=3s\u00a0\u00bb _builder_version=\u00a0\u00bb4.23.1&Prime; _module_preset=\u00a0\u00bbdefault\u00a0\u00bb custom_padding=\u00a0\u00bb20px||||false|false\u00a0\u00bb global_colors_info=\u00a0\u00bb{}\u00a0\u00bb][\/et_pb_video][et_pb_text admin_label=\u00a0\u00bbPROTECTING PROPERTY, INFRASTRUCTURE, HABITAT\u00a0\u00bb module_class=\u00a0\u00bbjb-text-spacing\u00a0\u00bb _builder_version=\u00a0\u00bb4.25.2&Prime; _module_preset=\u00a0\u00bbdefault\u00a0\u00bb text_font=\u00a0\u00bb||||||||\u00a0\u00bb header_2_text_color=\u00a0\u00bb#123113&Prime; header_3_font=\u00a0\u00bb||||||||\u00a0\u00bb header_3_text_color=\u00a0\u00bb#123113&Prime; header_4_text_color=\u00a0\u00bb#123113&Prime; header_4_font_size=\u00a0\u00bb29px\u00a0\u00bb custom_padding=\u00a0\u00bb||||false|false\u00a0\u00bb global_colors_info=\u00a0\u00bb{}\u00a0\u00bb]<\/p>\n<h3><strong>PROT\u00c9GER LES BIENS, LES INFRASTRUCTURES ET LES HABITATS<\/strong><\/h3>\n<p>Si elles ne sont pas contr\u00f4l\u00e9es, certaines esp\u00e8ces sauvages peuvent causer des dommages consid\u00e9rables aux biens, aux infrastructures et \u00e0 l&rsquo;habitat. Le pi\u00e9geage est un moyen important d&rsquo;att\u00e9nuer les probl\u00e8mes que ces esp\u00e8ces peuvent causer.<\/p>\n<p>Le castor est une esp\u00e8ce qui peut causer d&rsquo;immenses d\u00e9g\u00e2ts.<\/p>\n<p>Les castors sont souvent appel\u00e9s les \u00ab\u00a0architectes\u00a0\u00bb ou les \u00ab\u00a0ing\u00e9nieurs\u00a0\u00bb de la nature en raison de leur capacit\u00e9 \u00e0 transformer les habitats. Il le fait en construisant des barrages, en modifiant le trac\u00e9 des cours d&rsquo;eau et en cr\u00e9ant de nouvelles zones humides. Mais cette capacit\u00e9 fait du castor une arme \u00e0 double tranchant. Dans les r\u00e9gions sujettes \u00e0 la s\u00e9cheresse, comme le sud-ouest des \u00c9tats-Unis, les castors sont pr\u00e9sent\u00e9s comme une contre-mesure au changement climatique. Mais l\u00e0 o\u00f9 les castors sont abondants (c&rsquo;est-\u00e0-dire dans la majeure partie du Canada), ils sont associ\u00e9s \u00e0 la destruction des peuplements d&rsquo;arbres et \u00e0 l&rsquo;inondation des champs, des routes, des foss\u00e9s et des jardins.<\/p>\n<p>Le rat musqu\u00e9 est une autre esp\u00e8ce qui peut \u00eatre tr\u00e8s nuisible.<\/p>\n<p>Les rats musqu\u00e9s creusent des tunnels et sont connus pour bloquer les ponceaux, affaiblir les digues et endommager les champs et les routes. Ils sont \u00e9galement connus pour d\u00e9truire les zones humides, en particulier les zones humides des prairies, en \u00e9liminant de mani\u00e8re s\u00e9lective certaines esp\u00e8ces de plantes importantes pour le maintien de la biodiversit\u00e9.<\/p>\n<p>VOIR AUSSI: <span style=\"text-decoration: underline;\"><a href=\"https:\/\/fur.ca\/wp-content\/uploads\/2024\/07\/PCLHuntingAndTrapping.pdf\" target=\"_blank\" rel=\"noopener\">Potential costs of losing hunting and trapping as wildlife management methods<\/a><\/span>. International Association of Fish and Wildlife Agencies, 2005.<\/p>\n<h3><strong>LUTTER CONTRE LA PROPAGATION DES MALADIES INFECTIEUSES<\/strong><\/h3>\n<p>Les animaux sauvages peuvent transmettre plusieurs maladies non seulement \u00e0 leur propre esp\u00e8ce, mais aussi \u00e0 d&rsquo;autres animaux sauvages, au b\u00e9tail, \u00e0 l&rsquo;homme et aux animaux domestiques. Ces maladies ont tendance \u00e0 se propager plus rapidement lorsqu&rsquo;une esp\u00e8ce est surpeupl\u00e9e, car la malnutrition affaiblit le syst\u00e8me immunitaire et pousse les animaux \u00e0 errer en dehors de leur aire de r\u00e9partition normale \u00e0 la recherche de nourriture. Le pi\u00e9geage joue trois r\u00f4les dans la pr\u00e9vention de la propagation de ces maladies. Il permet d&rsquo;\u00e9liminer les animaux infect\u00e9s, il est utilis\u00e9 dans les programmes de vaccination et il r\u00e9duit la probabilit\u00e9 d&rsquo;une surpopulation.<\/p>\n<p>Les maladies transmises par les animaux sauvages au Canada sont les suivantes<\/p>\n<h3><strong>La rage<\/strong><\/h3>\n<p>La rage est heureusement rare chez l&rsquo;homme au Canada, mais elle est pr\u00e9sente dans certaines populations d&rsquo;animaux sauvages et peut se propager au b\u00e9tail et aux animaux domestiques. Ce risque est limit\u00e9 par le pi\u00e9geage et la vaccination des animaux, ou par la diffusion d&rsquo;app\u00e2ts vaccinaux oraux.<\/p>\n<p>Ces derni\u00e8res ann\u00e9es, des <span style=\"text-decoration: underline;\"><a href=\"https:\/\/www.canada.ca\/en\/public-health\/services\/diseases\/rabies\/surveillance.html\" target=\"_blank\" rel=\"noopener\">infections par la rage<\/a><\/span> ont \u00e9t\u00e9 signal\u00e9es principalement chez les chauves-souris dans tout le Canada, chez les renards au Qu\u00e9bec, au Nunavut et dans les Territoires du Nord-Ouest, chez les mouffettes en Saskatchewan, au Manitoba et en Ontario, et chez les ratons laveurs en Ontario, avec quelques cas au Nouveau-Brunswick et au Qu\u00e9bec.<\/p>\n<h3><strong>Gale sarcoptique<\/strong><\/h3>\n<p>La gale sarcoptique est une maladie cutan\u00e9e des mammif\u00e8res associ\u00e9e aux acariens, que l&rsquo;on trouve chez les chats et les chiens domestiques, le b\u00e9tail et les animaux sauvages tels que les renards, les coyotes, les couguars et les ours.<\/p>\n<h3><strong><a href=\"https:\/\/www.toronto.ca\/community-people\/health-wellness-care\/diseases-medications-vaccines\/tularemia-rabbit-fever-fact-sheet\/\" target=\"_blank\" rel=\"noopener\">La tular\u00e9mie<\/a><\/strong><\/h3>\n<p>La <span style=\"text-decoration: underline;\">tular\u00e9mie<\/span>, \u00e9galement connue sous le nom de fi\u00e8vre du lapin, est une maladie infectieuse qui affecte \u00e0 la fois les humains et les animaux et qui provient g\u00e9n\u00e9ralement des lapins, des rats musqu\u00e9s et des castors. Les modes de transmission les plus courants sont les piq\u00fbres de tiques et de mouches infect\u00e9es et le contact direct avec un animal infect\u00e9.<\/p>\n<h3><strong>La maladie de Carr\u00e9<\/strong><\/h3>\n<p>Bien qu&rsquo;elle soit g\u00e9n\u00e9ralement associ\u00e9e aux chiens de compagnie et plus rarement aux chats, la maladie de Carr\u00e9 est une maladie virale tr\u00e8s contagieuse et souvent mortelle qui touche de nombreux mammif\u00e8res. Elle se transmet g\u00e9n\u00e9ralement par contact avec des gouttelettes respiratoires, de l&rsquo;urine, du sang ou de la salive infect\u00e9s.<\/p>\n<p>La faune canadienne touch\u00e9e par la maladie de Carr\u00e9 comprend tous les canid\u00e9s (coyote, renard, loup), les must\u00e9lid\u00e9s (belette, vison, glouton, martre, loutre, blaireau), la mouffette, le raton laveur, les pinnip\u00e8des (phoque, morse, otarie) et les ours.<\/p>\n<p>[\/et_pb_text][et_pb_video src=\u00a0\u00bbhttps:\/\/www.youtube.com\/watch?v=MCGa8Lr422w&#038;list=PL4SjZ4Wvr8ZmSPcDes7-p5gY9vswTo3t2&#038;t=20s\u00a0\u00bb _builder_version=\u00a0\u00bb4.23.1&Prime; _module_preset=\u00a0\u00bbdefault\u00a0\u00bb custom_padding=\u00a0\u00bb20px||||false|false\u00a0\u00bb global_colors_info=\u00a0\u00bb{}\u00a0\u00bb][\/et_pb_video][et_pb_text admin_label=\u00a0\u00bbCONTROLLING NUISANCE WILDLIFE\u00a0\u00bb module_class=\u00a0\u00bbjb-text-spacing\u00a0\u00bb _builder_version=\u00a0\u00bb4.25.0&Prime; _module_preset=\u00a0\u00bbdefault\u00a0\u00bb header_2_text_color=\u00a0\u00bb#123113&Prime; header_3_font=\u00a0\u00bb||||||||\u00a0\u00bb header_3_text_color=\u00a0\u00bb#123113&Prime; header_4_text_color=\u00a0\u00bb#123113&Prime; header_4_font_size=\u00a0\u00bb29px\u00a0\u00bb custom_padding=\u00a0\u00bb||||false|false\u00a0\u00bb global_colors_info=\u00a0\u00bb{}\u00a0\u00bb]<\/p>\n<h3><strong>CONTR\u00d4LE DES ANIMAUX SAUVAGES NUISIBLES<\/strong><\/h3>\n<p>Les animaux sauvages \u00ab\u00a0nuisibles\u00a0\u00bb sont des animaux qui doivent \u00eatre \u00e9limin\u00e9s parce qu&rsquo;ils sont entr\u00e9s en conflit avec l&rsquo;homme. In\u00e9vitablement, leur nombre augmente \u00e0 mesure que l&rsquo;expansion urbaine empi\u00e8te sur l&rsquo;habitat de la faune sauvage.<\/p>\n<p>Souvent, on se d\u00e9barrasse des animaux sauvages nuisibles en les attrapant d&rsquo;abord dans un pi\u00e8ge avant de les \u00e9liminer. C&rsquo;est particuli\u00e8rement le cas dans les endroits o\u00f9 l&rsquo;utilisation de pi\u00e8ges ou d&rsquo;armes \u00e0 feu pourrait mettre en danger les animaux domestiques ou les personnes.<\/p>\n<p>Par exemple, lorsqu&rsquo;un <span style=\"text-decoration: underline;\"><a href=\"https:\/\/www.truthaboutfur.com\/will-urban-coyotes-change-the-animal-rights-debate\/\" target=\"_blank\" rel=\"noopener\">coyote urbain<\/a><\/span> se montre agressif envers les gens, il est g\u00e9n\u00e9ralement pris dans un pi\u00e8ge \u00e0 m\u00e2choires. De m\u00eame, une famille de ratons laveurs nichant sous la terrasse d&rsquo;une maison est normalement prise dans un pi\u00e8ge \u00e0 cage.<\/p>\n<p>VOIR AUSSI FAQ: <span style=\"text-decoration: underline;\"><a href=\"https:\/\/fur.ca\/fr\/faqs\/#pourquoi-le-deplacement-est-il-rarement-pratique-pour-les-animaux-sauvages-nuisibles\" rel=\"noopener\">Pourquoi le d\u00e9placement est-il rarement pratiqu\u00e9 pour les animaux sauvages \u00ab\u00a0nuisibles\u00a0\u00bb ?<\/a><\/span><\/p>\n<h3><strong>PROTECTION DU B\u00c9TAIL<\/strong><\/h3>\n<p>Les \u00e9leveurs demandent souvent aux trappeurs de les aider \u00e0 r\u00e9duire la pr\u00e9dation des vaches, des moutons et d&rsquo;autres animaux d&rsquo;\u00e9levage. <span style=\"text-decoration: underline;\"><a href=\"https:\/\/www.producer.com\/\" target=\"_blank\" rel=\"noopener\">Un projet pilote au Manitoba<\/a><\/span> a r\u00e9v\u00e9l\u00e9 que sur 11 606 pertes de b\u00e9tail entre 2015 et 2019, 62 % ont \u00e9t\u00e9 caus\u00e9es par des coyotes. En deuxi\u00e8me position, on trouve les loups, suivis des ours noirs.<\/p>\n<h3><strong>POUR L&rsquo;HABILLEMENT, L&rsquo;ALIMENTATION, L&rsquo;EMPLOI ET LA CULTURE<\/strong><\/h3>\n<p>Le pi\u00e9geage r\u00e9pond \u00e0 plusieurs besoins humains essentiels, en particulier dans les communaut\u00e9s isol\u00e9es.<\/p>\n<h3><strong>V\u00eatements et nourriture<\/strong><\/h3>\n<p>Les v\u00eatements en cuir et en fourrure sont bien connus pour leur durabilit\u00e9, leur solidit\u00e9, leur chaleur et leur beaut\u00e9. Ce que l&rsquo;on sait moins, c&rsquo;est que de nombreux <span style=\"text-decoration: underline;\"><a href=\"https:\/\/www.truthaboutfur.com\/top-5-tasty-furbearers-muskrat-stew\/\" target=\"_blank\" rel=\"noopener\">animaux \u00e0 fourrure font aussi de bons repas<\/a><\/span>. Lorsque vous vous trouvez dans une communaut\u00e9 de trappeurs, esp\u00e9rez qu&rsquo;on vous servira un mets d\u00e9licat comme un r\u00f4ti d&rsquo;ours, un rago\u00fbt d&rsquo;\u00e9cureuil ou de rat musqu\u00e9, une longe de phoque ou une queue de castor.<\/p>\n<h3><strong>L&#8217;emploi<\/strong><\/h3>\n<p>Dans les r\u00e9gions rurales du Canada, les possibilit\u00e9s d&#8217;emploi peuvent \u00eatre difficiles \u00e0 trouver. Le pi\u00e9geage est une option importante pour des milliers de personnes qui cherchent \u00e0 compl\u00e9ter leurs revenus, en particulier en hiver lorsque les champs de culture sont en sommeil.<\/p>\n<p>[\/et_pb_text][et_pb_video src=\u00a0\u00bbhttps:\/\/www.youtube.com\/watch?v=6b1hv2DpzLk&#038;list=PL4SjZ4Wvr8Zl7DVslLtvw5S924N4HFTyA&#038;t=31s\u00a0\u00bb _builder_version=\u00a0\u00bb4.23.1&Prime; _module_preset=\u00a0\u00bbdefault\u00a0\u00bb custom_padding=\u00a0\u00bb20px||||false|false\u00a0\u00bb global_colors_info=\u00a0\u00bb{}\u00a0\u00bb][\/et_pb_video][et_pb_text admin_label=\u00a0\u00bbCulture\u00a0\u00bb module_class=\u00a0\u00bbjb-text-spacing\u00a0\u00bb _builder_version=\u00a0\u00bb4.23.1&Prime; _module_preset=\u00a0\u00bbdefault\u00a0\u00bb header_2_text_color=\u00a0\u00bb#123113&Prime; header_3_font=\u00a0\u00bb|||on|||||\u00a0\u00bb header_3_text_color=\u00a0\u00bb#123113&Prime; header_4_text_color=\u00a0\u00bb#123113&Prime; header_4_font_size=\u00a0\u00bb29px\u00a0\u00bb custom_padding=\u00a0\u00bb||||false|false\u00a0\u00bb global_colors_info=\u00a0\u00bb{}\u00a0\u00bb]<\/p>\n<h3><strong>CULTURE<\/strong><\/h3>\n<p>Dans de nombreuses communaut\u00e9s autochtones du Canada, le pi\u00e9geage joue un r\u00f4le culturel majeur. L&rsquo;acte de pi\u00e9geage lui-m\u00eame, ainsi que les v\u00eatements et la nourriture qu&rsquo;il procure, sont essentiels au maintien des connaissances et des comp\u00e9tences traditionnelles, et assurent la coh\u00e9sion sociale en renfor\u00e7ant le sentiment d&rsquo;identit\u00e9.<\/p>\n<p>Bien que cela soit moins \u00e9vident pour les \u00e9trangers, des milliers de trappeurs non autochtones appr\u00e9cient \u00e9galement les connaissances et les comp\u00e9tences traditionnelles, ainsi que le sentiment d&rsquo;identit\u00e9 que procure le pi\u00e9geage.<\/p>\n<p>[\/et_pb_text][\/et_pb_column][\/et_pb_row][et_pb_row column_structure=\u00a0\u00bb1_2,1_2&Prime; _builder_version=\u00a0\u00bb4.23&Prime; _module_preset=\u00a0\u00bbdefault\u00a0\u00bb global_colors_info=\u00a0\u00bb{}\u00a0\u00bb][et_pb_column type=\u00a0\u00bb1_2&Prime; _builder_version=\u00a0\u00bb4.23&Prime; _module_preset=\u00a0\u00bbdefault\u00a0\u00bb global_colors_info=\u00a0\u00bb{}\u00a0\u00bb][et_pb_text admin_label=\u00a0\u00bbprevious\u00a0\u00bb _builder_version=\u00a0\u00bb4.27.4&Prime; _module_preset=\u00a0\u00bbdefault\u00a0\u00bb link_option_url=\u00a0\u00bbhttps:\/\/fur.ca\/fr\/techniques-de-piegeage\/\u00a0\u00bb global_colors_info=\u00a0\u00bb{}\u00a0\u00bb]<\/p>\n<div class=\"previous-page-left\">\n<h3><img loading=\"lazy\" decoding=\"async\" class=\"wp-image-1334 alignnone size-full\" src=\"https:\/\/fur.ca\/wp-content\/uploads\/2023\/10\/left-arrow.png\" alt=\"\" width=\"27\" height=\"43\" \/> <span style=\"padding-left: 30px;\">Page pr\u00e9c\u00e9dente: Techniques de pi\u00e9geage<\/span><\/h3>\n<\/div>\n<p>[\/et_pb_text][\/et_pb_column][et_pb_column type=\u00a0\u00bb1_2&Prime; _builder_version=\u00a0\u00bb4.23&Prime; _module_preset=\u00a0\u00bbdefault\u00a0\u00bb global_colors_info=\u00a0\u00bb{}\u00a0\u00bb][et_pb_text admin_label=\u00a0\u00bbnext\u00a0\u00bb _builder_version=\u00a0\u00bb4.27.4&Prime; _module_preset=\u00a0\u00bbdefault\u00a0\u00bb text_orientation=\u00a0\u00bbright\u00a0\u00bb link_option_url=\u00a0\u00bbhttps:\/\/fur.ca\/fr\/especes-piegees\/\u00a0\u00bb global_colors_info=\u00a0\u00bb{}\u00a0\u00bb]<\/p>\n<div class=\"previous-page-right\">\n<h3><span style=\"padding-right: 30px;\">Page suivante : Production de fourrures sauvages<\/span><img loading=\"lazy\" decoding=\"async\" class=\"wp-image-1335 alignnone size-full\" src=\"https:\/\/fur.ca\/wp-content\/uploads\/2023\/10\/right-arrow.png\" alt=\"\" width=\"27\" height=\"43\" \/><\/h3>\n<\/div>\n<p>[\/et_pb_text][\/et_pb_column][\/et_pb_row][\/et_pb_section]<\/p>\n","protected":false},"excerpt":{"rendered":"<p>LES RAISONS QUI NOUS POUSSENT \u00c0 PI\u00c9GERPhoto : Pierre FournierLe pi\u00e9geage est pratiqu\u00e9 pour diverses raisons. Examinons les principales raisons pour lesquelles le pi\u00e9geage est pratiqu\u00e9 au Canada. MAINTENIR DES POPULATIONS D\u2019ANIMAUX SAUVAGES STABLES ET EN BONNE SANT\u00c9 La plupart des esp\u00e8ces sauvages produisent plus de jeunes que leur habitat ne peut en supporter jusqu\u2019\u00e0 [&hellip;]<\/p>\n","protected":false},"author":1,"featured_media":0,"parent":0,"menu_order":0,"comment_status":"closed","ping_status":"closed","template":"","meta":{"_et_pb_use_builder":"on","_et_pb_old_content":"","_et_gb_content_width":"","footnotes":""},"class_list":["post-2410","page","type-page","status-publish","hentry"],"_links":{"self":[{"href":"https:\/\/fur.ca\/fr\/wp-json\/wp\/v2\/pages\/2410","targetHints":{"allow":["GET"]}}],"collection":[{"href":"https:\/\/fur.ca\/fr\/wp-json\/wp\/v2\/pages"}],"about":[{"href":"https:\/\/fur.ca\/fr\/wp-json\/wp\/v2\/types\/page"}],"author":[{"embeddable":true,"href":"https:\/\/fur.ca\/fr\/wp-json\/wp\/v2\/users\/1"}],"replies":[{"embeddable":true,"href":"https:\/\/fur.ca\/fr\/wp-json\/wp\/v2\/comments?post=2410"}],"version-history":[{"count":5,"href":"https:\/\/fur.ca\/fr\/wp-json\/wp\/v2\/pages\/2410\/revisions"}],"predecessor-version":[{"id":6100,"href":"https:\/\/fur.ca\/fr\/wp-json\/wp\/v2\/pages\/2410\/revisions\/6100"}],"wp:attachment":[{"href":"https:\/\/fur.ca\/fr\/wp-json\/wp\/v2\/media?parent=2410"}],"curies":[{"name":"wp","href":"https:\/\/api.w.org\/{rel}","templated":true}]}}