{"id":2401,"date":"2023-08-08T17:35:25","date_gmt":"2023-08-08T21:35:25","guid":{"rendered":"https:\/\/fic.acxcomdev.com\/fic-members-home\/"},"modified":"2026-03-31T02:47:08","modified_gmt":"2026-03-31T06:47:08","slug":"fic-members-home","status":"publish","type":"page","link":"https:\/\/fur.ca\/fr\/fic-members-home\/","title":{"rendered":"IFC section de membres"},"content":{"rendered":"<div class=\"mp_wrapper\">\n  <div class=\"mepr-unauthorized-message\">\n    <p>Les membres recevront un mot de passe par courrier \u00e9lectronique pour acc\u00e9der \u00e0 cette zone. Pour modifier votre mot de passe, veuillez vous connecter. Si vous avez besoin d'une assistance suppl\u00e9mentaire, veuillez contacter <a href=\"mailto:info@fur.ca\" target=\"_blank\">info@fur.ca<\/a>.<\/p>\n<p>Voulez-vous devenir un membre? Cliquez ici pour plus d'informations. <a href=\"https:\/\/fur.ca\/fr\/devenir-membre\/\">Devenir membre<\/a><\/p>\n  <\/div>\n  <div class=\"mepr-login-form-wrap\">\n            \n<div class=\"mp_wrapper mp_login_form\">\n                  <!-- mp-login-form-start -->     <form name=\"mepr_loginform\" id=\"mepr_loginform\" class=\"mepr-form\" action=\"https:\/\/fur.ca\/login\/\" method=\"post\">\n            <div class=\"mp-form-row mepr_username\">\n        <div class=\"mp-form-label\">\n                              <label for=\"user_login\">Identifiant<\/label>\n        <\/div>\n        <input type=\"text\" name=\"log\" id=\"user_login\" value=\"\" \/>\n      <\/div>\n      <div class=\"mp-form-row mepr_password\">\n        <div class=\"mp-form-label\">\n          <label for=\"user_pass\">Mot de passe<\/label>\n          <div class=\"mp-hide-pw\">\n            <input type=\"password\" name=\"pwd\" id=\"user_pass\" value=\"\" \/>\n            <button type=\"button\" class=\"button mp-hide-pw hide-if-no-js\" data-toggle=\"0\" aria-label=\"Afficher le mot de passe\">\n              <span class=\"dashicons dashicons-visibility\" aria-hidden=\"true\"><\/span>\n            <\/button>\n          <\/div>\n        <\/div>\n      <\/div>\n            <div>\n        <label><input name=\"rememberme\" type=\"checkbox\" id=\"rememberme\" value=\"forever\" \/> Se souvenir de moi<\/label>\n      <\/div>\n      <div class=\"mp-spacer\">&nbsp;<\/div>\n      <div class=\"submit\">\n        <input type=\"submit\" name=\"wp-submit\" id=\"wp-submit\" class=\"button-primary mepr-share-button \" value=\"Se connecter\" \/>\n        <input type=\"hidden\" name=\"redirect_to\" value=\"\/fr\/wp-json\/wp\/v2\/pages\/2401\" \/>\n        <input type=\"hidden\" name=\"mepr_process_login_form\" value=\"true\" \/>\n        <input type=\"hidden\" name=\"mepr_is_login_page\" value=\"false\" \/>\n      <\/div>\n    <\/form>\n    <div class=\"mp-spacer\">&nbsp;<\/div>\n    <div class=\"mepr-login-actions\">\n        <a\n          href=\"https:\/\/fur.ca\/login\/?action=forgot_password\"\n          title=\"Click here to reset your password\"\n        >\n          Mot de passe oubli\u00e9        <\/a>\n    <\/div>\n\n      \n    <!-- mp-login-form-end --> \n  <\/div>\n      <\/div>\n<\/div>\n","protected":false},"excerpt":{"rendered":"<p>SECTION DE MEMBRESSocialisation lors de l&rsquo;assembl\u00e9e g\u00e9n\u00e9rale annuelle 2025 de l&rsquo;IFC. Photo : Deborah Hinter.Bienvenue dans la section r\u00e9serv\u00e9e aux membres du site web de l&rsquo;IFC. Comme nous lan\u00e7ons ce nouveau site web en 2024, le mat\u00e9riel ici est limit\u00e9, mais la s\u00e9lection augmentera certainement \u00e0 l&rsquo;avenir, car nous cherchons \u00e0 ajouter plus de valeur [&hellip;]<\/p>\n","protected":false},"author":1,"featured_media":0,"parent":0,"menu_order":0,"comment_status":"closed","ping_status":"closed","template":"","meta":{"_et_pb_use_builder":"on","_et_pb_old_content":"","_et_gb_content_width":"","footnotes":""},"class_list":["post-2401","page","type-page","status-publish","hentry"],"_links":{"self":[{"href":"https:\/\/fur.ca\/fr\/wp-json\/wp\/v2\/pages\/2401","targetHints":{"allow":["GET"]}}],"collection":[{"href":"https:\/\/fur.ca\/fr\/wp-json\/wp\/v2\/pages"}],"about":[{"href":"https:\/\/fur.ca\/fr\/wp-json\/wp\/v2\/types\/page"}],"author":[{"embeddable":true,"href":"https:\/\/fur.ca\/fr\/wp-json\/wp\/v2\/users\/1"}],"replies":[{"embeddable":true,"href":"https:\/\/fur.ca\/fr\/wp-json\/wp\/v2\/comments?post=2401"}],"version-history":[{"count":49,"href":"https:\/\/fur.ca\/fr\/wp-json\/wp\/v2\/pages\/2401\/revisions"}],"predecessor-version":[{"id":7743,"href":"https:\/\/fur.ca\/fr\/wp-json\/wp\/v2\/pages\/2401\/revisions\/7743"}],"wp:attachment":[{"href":"https:\/\/fur.ca\/fr\/wp-json\/wp\/v2\/media?parent=2401"}],"curies":[{"name":"wp","href":"https:\/\/api.w.org\/{rel}","templated":true}]}}