{"id":2381,"date":"2023-08-08T17:38:01","date_gmt":"2023-08-08T21:38:01","guid":{"rendered":"https:\/\/fic.acxcomdev.com\/liens-utiles\/"},"modified":"2025-01-24T22:14:06","modified_gmt":"2025-01-25T03:14:06","slug":"liens-utiles","status":"publish","type":"page","link":"https:\/\/fur.ca\/fr\/liens-utiles\/","title":{"rendered":"Liens utiles"},"content":{"rendered":"<p>[et_pb_section fb_built=\u00a0\u00bb1&Prime; _builder_version=\u00a0\u00bb4.22.1&Prime; _module_preset=\u00a0\u00bbdefault\u00a0\u00bb background_color=\u00a0\u00bb#DDDDDD\u00a0\u00bb custom_padding=\u00a0\u00bb0px||0px|||\u00a0\u00bb global_colors_info=\u00a0\u00bb{}\u00a0\u00bb][et_pb_row _builder_version=\u00a0\u00bb4.22.1&Prime; _module_preset=\u00a0\u00bbdefault\u00a0\u00bb global_colors_info=\u00a0\u00bb{}\u00a0\u00bb][et_pb_column type=\u00a0\u00bb4_4&Prime; _builder_version=\u00a0\u00bb4.22.1&Prime; _module_preset=\u00a0\u00bbdefault\u00a0\u00bb global_colors_info=\u00a0\u00bb{}\u00a0\u00bb][et_pb_text admin_label=\u00a0\u00bbLinks\u00a0\u00bb _builder_version=\u00a0\u00bb4.22.2&Prime; _module_preset=\u00a0\u00bbdefault\u00a0\u00bb header_font=\u00a0\u00bb|700|||||||\u00a0\u00bb header_text_color=\u00a0\u00bb#123113&Prime; global_colors_info=\u00a0\u00bb{}\u00a0\u00bb]<\/p>\n<h1>LIENS UTILES<\/h1>\n<p>[\/et_pb_text][\/et_pb_column][\/et_pb_row][\/et_pb_section][et_pb_section fb_built=\u00a0\u00bb1&Prime; _builder_version=\u00a0\u00bb4.22.1&Prime; _module_preset=\u00a0\u00bbdefault\u00a0\u00bb global_colors_info=\u00a0\u00bb{}\u00a0\u00bb][et_pb_row _builder_version=\u00a0\u00bb4.22.1&Prime; _module_preset=\u00a0\u00bbdefault\u00a0\u00bb global_colors_info=\u00a0\u00bb{}\u00a0\u00bb][et_pb_column type=\u00a0\u00bb4_4&Prime; _builder_version=\u00a0\u00bb4.22.1&Prime; _module_preset=\u00a0\u00bbdefault\u00a0\u00bb global_colors_info=\u00a0\u00bb{}\u00a0\u00bb][et_pb_text _builder_version=\u00a0\u00bb4.27.4&Prime; _module_preset=\u00a0\u00bbdefault\u00a0\u00bb header_2_font=\u00a0\u00bb|700||on|||||\u00a0\u00bb header_2_text_color=\u00a0\u00bb#123113&Prime; hover_enabled=\u00a0\u00bb0&Prime; global_colors_info=\u00a0\u00bb{}\u00a0\u00bb sticky_enabled=\u00a0\u00bb0&Prime;]<\/p>\n<h2>ASSOCIATIONS DE FERMES D&rsquo;\u00c9LEVAGE D&rsquo;ANIMAUX \u00c0 FOURRURE<\/h2>\n<hr \/>\n<p>&nbsp;<\/p>\n<p><span style=\"text-decoration: underline;\"><a href=\"https:\/\/www.clrc.ca\/associations\/foxes\">Canada Fox Breeders Association<\/a><\/span><br \/><span style=\"text-decoration: underline;\"><a href=\"https:\/\/canadamink.ca\/\" target=\"_blank\" rel=\"noopener\">Canada Mink Breeders Association<\/a><\/span><\/p>\n<p>&nbsp;<\/p>\n<h2>D\u00c9TAILLANT<\/h2>\n<hr \/>\n<p>&nbsp;<\/p>\n<p>VOIR: <span style=\"text-decoration: underline;\"><a href=\"https:\/\/fur.ca\/fr\/ou-acheter-de-la-fourrure\/\">O\u00f9 acheter de la fourrure<\/a><\/span><\/p>\n<h2>\u00a0<\/h2>\n<h2>ENCH\u00c8RES<\/h2>\n<hr \/>\n<p>&nbsp;<\/p>\n<p><span style=\"text-decoration: underline;\"><a href=\"https:\/\/www.americanminkexchange.com\/\" target=\"_blank\" rel=\"noopener\">American Mink Exchange<\/a><\/span><br \/><span style=\"text-decoration: underline;\"><a href=\"https:\/\/www.furharvesters.com\/\" target=\"_blank\" rel=\"noopener\">Fur Harvesters Auction<\/a><\/span><\/p>\n<p>&nbsp;<\/p>\n<h2>GOUVERNEMENTS<\/h2>\n<hr \/>\n<p>&nbsp;<\/p>\n<p><span style=\"text-decoration: underline;\"><a href=\"https:\/\/www.alberta.ca\/environment-and-protected-areas\" target=\"_blank\" rel=\"noopener\">Alberta Ministry of Environment and Protected Areas<\/a><\/span><br \/><span style=\"text-decoration: underline;\"><a href=\"https:\/\/www2.gov.bc.ca\/gov\/content\/governments\/organizational-structure\/ministries-organizations\/ministries\/environment-climate-change\">British Columbia Ministry of Environment and Climate Change Strategy<\/a><\/span><br \/><span style=\"text-decoration: underline;\"><a href=\"https:\/\/www.canada.ca\/fr\/services\/environnement.html\" target=\"_blank\" rel=\"noopener\">Environnement et ressources naturelles<\/a><br \/><\/span><span style=\"text-decoration: underline;\"><a href=\"https:\/\/www.gov.mb.ca\/sd\/index.fr.html\" target=\"_blank\" rel=\"noopener\">Manitoba Environnement et du Changement climatique<\/a><\/span><br \/><span style=\"text-decoration: underline;\"><a href=\"https:\/\/www2.gnb.ca\/content\/gnb\/fr\/ministeres\/der.html\" target=\"_blank\" rel=\"noopener\">New Brunswick Ressources naturelles et D\u00e9veloppement de l\u2019\u00e9nergie<\/a><\/span><br \/><span style=\"text-decoration: underline;\"><a href=\"https:\/\/www.gov.nl.ca\/ecc\/\" target=\"_blank\" rel=\"noopener\">Newfoundland and Labrador Department of Environment and Climate Change<\/a><\/span><br \/><span style=\"text-decoration: underline;\"><a href=\"https:\/\/www.gov.nt.ca\/ecc\/en\/services\/wildlife-management\" target=\"_blank\" rel=\"noopener\">Northwest Territories Department of Environment and Climate Change \u2013 Wildlife Management<\/a><\/span><br \/><span style=\"text-decoration: underline;\"><a href=\"https:\/\/novascotia.ca\/natr\/\" target=\"_blank\" rel=\"noopener\">Nova Scotia Department of Natural Resources and Renewables<\/a><\/span><br \/><span style=\"text-decoration: underline;\"><a href=\"https:\/\/nunatsiavut.com\/department\/category\/lands-natural-resources\/\" target=\"_blank\" rel=\"noopener\">Nunatsiavut Department of Lands and Natural Resources<\/a><\/span><br \/><span style=\"text-decoration: underline;\"><a href=\"https:\/\/www.gov.nu.ca\/environment\/information\/wildlife-management\" target=\"_blank\" rel=\"noopener\">Nunavut Department of Environment \u2013 Wildlife Management<\/a><\/span><br \/><span style=\"text-decoration: underline;\"><a href=\"https:\/\/www.ontario.ca\/fr\/page\/ministere-des-richesses-naturelles-et-des-forets\" target=\"_blank\" rel=\"noopener\">Ontario Minist\u00e8re des Richesses naturelles et des For\u00eats<\/a><\/span><br \/><span style=\"text-decoration: underline;\"><a href=\"https:\/\/www.canada.ca\/fr\/patrimoine-canadien.html\" target=\"_blank\" rel=\"noopener\">Patrimoine canadien<\/a><\/span><br \/><span style=\"text-decoration: underline;\"><a href=\"https:\/\/www.princeedwardisland.ca\/en\/information\/environment-energy-and-climate-action\/forests-fish-and-wildlife\" target=\"_blank\" rel=\"noopener\">Prince Edward Island Department of Environment, Water and Climate Change \u2013 Forests, Fish and Wildlife Division<\/a><\/span><br \/><span style=\"text-decoration: underline;\"><a href=\"https:\/\/mrnf.gouv.qc.ca\/\" target=\"_blank\" rel=\"noopener\">Qu\u00e9bec Minist\u00e8re des Ressources naturelles et des For\u00eats<\/a><br \/><\/span><span style=\"text-decoration: underline;\"><a href=\"https:\/\/www.saskatchewan.ca\/government\/government-structure\/ministries\/environment\" target=\"_blank\" rel=\"noopener\">Saskatchewan Ministry of Environment<\/a><br \/><\/span><span style=\"text-decoration: underline;\"><a href=\"https:\/\/yukon.ca\/en\/department-environment\" target=\"_blank\" rel=\"noopener\">Yukon Department of Environment<\/a><\/span><\/p>\n<p>&nbsp;<\/p>\n<h2>GROUPES DE BIEN-\u00caTRE ANIMAL ENCH\u00c8RES<\/h2>\n<hr \/>\n<p>&nbsp;<\/p>\n<p><span style=\"text-decoration: underline;\"><a href=\"https:\/\/www.veterinairesaucanada.net\/\" target=\"_blank\" rel=\"noopener\">Association canadienne des m\u00e9decins v\u00e9t\u00e9rinaires<\/a><\/span><br \/><span style=\"text-decoration: underline;\"><a href=\"https:\/\/cazwv.org\/wp\/\" target=\"_blank\" rel=\"noopener\">Association canadienne des v\u00e9t\u00e9rinaires de zoos et de la faune<\/a><\/span><br \/><span style=\"text-decoration: underline;\"><a href=\"https:\/\/www.caht.ca\/\" target=\"_blank\" rel=\"noopener\">Canadian Association for Humane Trapping<\/a><br \/><\/span><span style=\"text-decoration: underline;\"><a href=\"https:\/\/ccac.ca\/fr\/index.html\" target=\"_blank\" rel=\"noopener\">Conseil canadien de protection des animaux<\/a><br \/><\/span><span style=\"text-decoration: underline;\"><a href=\"https:\/\/www.nfacc.ca\/francais\" target=\"_blank\" rel=\"noopener\">Conseil national pour les soins aux animaux d\u2019\u00e9levage<\/a><\/span><\/p>\n<p>&nbsp;<\/p>\n<h2>GROUPES DE PROTECTION DE LA NATURE<\/h2>\n<hr \/>\n<p>&nbsp;<\/p>\n<p><span style=\"text-decoration: underline;\"><a href=\"https:\/\/www.canards.ca\/\" target=\"_blank\" rel=\"noopener\">Canards Illimit\u00e9s Canada<\/a><\/span><br \/><span style=\"text-decoration: underline;\"><a href=\"https:\/\/cwf-fcf.org\/fr\/\" target=\"_blank\" rel=\"noopener\">F\u00e9d\u00e9ration canadienne de la faune<\/a><\/span><br \/><span style=\"text-decoration: underline;\"><a href=\"https:\/\/whc.org\/fr\/\" target=\"_blank\" rel=\"noopener\">Habitat faunique Canada<\/a><\/span><br \/><span style=\"text-decoration: underline;\"><a href=\"https:\/\/www.iisd.org\/\" target=\"_blank\" rel=\"noopener\">International Institute for Sustainable Development<\/a><br \/><\/span><span style=\"text-decoration: underline;\"><a href=\"https:\/\/naturecanada.ca\/fr\/\" target=\"_blank\" rel=\"noopener\">Nature Canada<\/a><br \/><\/span><span style=\"text-decoration: underline;\"><a href=\"https:\/\/www.neafwa.org\/conservewildlife.html\" target=\"_blank\" rel=\"noopener\">Northeast Association of Fish and Wildlife Agencies<\/a><\/span><br \/><span style=\"text-decoration: underline;\"><a href=\"https:\/\/swf.sk.ca\/\" target=\"_blank\" rel=\"noopener\">Saskatchewan Wildlife Federation<\/a><br \/><\/span><span style=\"text-decoration: underline;\"><a href=\"https:\/\/www.cstws.ca\/\" target=\"_blank\" rel=\"noopener\">The Wildlife Society (Canadian Section)<\/a><\/span><\/p>\n<p>&nbsp;<\/p>\n<h2>GROUPES ET ASSOCIATIONS DE PRODUCTEURS<\/h2>\n<hr \/>\n<p>&nbsp;<\/p>\n<p><span style=\"text-decoration: underline;\"><a href=\"https:\/\/canadiansealproducts.com\/fr\" target=\"_blank\" rel=\"noopener\">Produits de Phoque Canadien<\/a><\/span><br \/><span style=\"text-decoration: underline;\"><a href=\"https:\/\/proudlyindigenouscrafts.com\/\" target=\"_blank\" rel=\"noopener\">Proudly Indigenous Crafts &amp; Designs<\/a><\/span><br \/><span style=\"text-decoration: underline;\"><a href=\"https:\/\/www.truthaboutfur.com\/?lang=fr\" target=\"_blank\" rel=\"noopener\">Tout sur la fourrure<\/a><\/span><\/p>\n<p>&nbsp;<\/p>\n<h2>INSTITUTS DE RECHERCHE<\/h2>\n<hr \/>\n<p>&nbsp;<\/p>\n<p><span style=\"text-decoration: underline;\"><a href=\"https:\/\/albertainnovates.ca\/\" target=\"_blank\" rel=\"noopener\">Alberta Innovates<\/a><\/span><br \/><span style=\"text-decoration: underline;\"><a href=\"https:\/\/www.dal.ca\/faculty\/agriculture\/research\/labs_groups_facilities\/canadian-centre-for-fur-animal-research.html\" target=\"_blank\" rel=\"noopener\">Canadian Centre for Fur Animal Research, Dalhousie University<\/a><\/span><br \/><span style=\"text-decoration: underline;\"><a href=\"https:\/\/ccac.ca\/fr\/index.html\" target=\"_blank\" rel=\"noopener\">Conseil canadien de protection des animaux<\/a><\/span><br \/><span style=\"text-decoration: underline;\"><a href=\"http:\/\/www.ifasanet.org\/\" target=\"_blank\" rel=\"noopener\">International Fur Animal Scientific Association<\/a><\/span><\/p>\n<p>&nbsp;<\/p>\n<h2>ORGANISATIONS AUTOCHTONES<\/h2>\n<hr \/>\n<p>&nbsp;<\/p>\n<p><span style=\"text-decoration: underline;\"><a href=\"https:\/\/arctic-council.org\/\" target=\"_blank\" rel=\"noopener\">Arctic Council<\/a><\/span><br \/><span style=\"text-decoration: underline;\"><a href=\"https:\/\/www.chasseurcri.ca\/\" target=\"_blank\" rel=\"noopener\">Cree Hunters Economic Security Board<\/a><\/span><br \/><span style=\"text-decoration: underline;\"><a href=\"https:\/\/creetrappers.ca\/\" target=\"_blank\" rel=\"noopener\">Cree Trappers Association<\/a><\/span><br \/><span style=\"text-decoration: underline;\"><a href=\"https:\/\/www.gwichintribal.ca\/\" target=\"_blank\" rel=\"noopener\">Gwich\u2019in Tribal Council<\/a><\/span><br \/><span style=\"text-decoration: underline;\"><a href=\"https:\/\/www.itk.ca\/\" target=\"_blank\" rel=\"noopener\">Inuit Tapiriit Kanatami<\/a><\/span><\/p>\n<p>&nbsp;<\/p>\n<h2>ORGANISATIONS DE TRAPPEURS ET DE CHASSEURS D&rsquo;ANIMAUX \u00c0 FOURRURE<\/h2>\n<hr \/>\n<p>&nbsp;<\/p>\n<p><span style=\"text-decoration: underline;\"><a href=\"https:\/\/aheia.com\/\" target=\"_blank\" rel=\"noopener\">Alberta Hunter Education Instructors\u2019 Association<\/a><\/span><br \/><span style=\"text-decoration: underline;\"><a href=\"https:\/\/www.albertatrappers.com\/\" target=\"_blank\" rel=\"noopener\">Alberta Trappers Association<\/a><\/span><br \/><span style=\"text-decoration: underline;\"><a href=\"https:\/\/www.bctrappers.ca\/\" target=\"_blank\" rel=\"noopener\">BC Trappers Association<\/a><\/span><br \/><span style=\"text-decoration: underline;\"><a href=\"https:\/\/ftgq.qc.ca\/\" target=\"_blank\" rel=\"noopener\">F\u00e9d\u00e9ration des Trappeurs Gestionnaire du Qu\u00e9bec<\/a>\u00a0<\/span><br \/><span style=\"text-decoration: underline;\"><a href=\"http:\/\/www.friends-of-fur.org\/\" target=\"_blank\" rel=\"noopener\">Friends of Fur<\/a><\/span><br \/><span style=\"text-decoration: underline;\"><a href=\"https:\/\/www.manitobatrappers.com\/\" target=\"_blank\" rel=\"noopener\">Manitoba Trappers Association<\/a>\u00a0<\/span><br \/><span style=\"text-decoration: underline;\"><a href=\"http:\/\/www.nbtrappers.ca\/\" target=\"_blank\" rel=\"noopener\">New Brunswick Trappers and Fur Harvesters Federation<\/a><\/span><br \/><span style=\"text-decoration: underline;\"><a href=\"https:\/\/www.nltrappers.com\/\" target=\"_blank\" rel=\"noopener\">Newfoundland &amp; Labrador Trappers Association<\/a><\/span><br \/><span style=\"text-decoration: underline;\"><a href=\"https:\/\/furmanagers.com\/\" target=\"_blank\" rel=\"noopener\">Ontario Fur Managers Federation<\/a><\/span><br \/><span style=\"text-decoration: underline;\"><a href=\"https:\/\/saskatchewantrappers.com\/\" target=\"_blank\" rel=\"noopener\">Saskatchewan Trappers Association<\/a><\/span><br \/><span style=\"text-decoration: underline;\"><a href=\"https:\/\/www.trappersassociationofnovascotia.ca\/\" target=\"_blank\" rel=\"noopener\">Trappers Association of Nova Scotia<\/a><\/span><\/p>\n<p>[\/et_pb_text][\/et_pb_column][\/et_pb_row][\/et_pb_section]<\/p>\n","protected":false},"excerpt":{"rendered":"<p>LIENS UTILESASSOCIATIONS DE FERMES D&rsquo;\u00c9LEVAGE D&rsquo;ANIMAUX \u00c0 FOURRURE &nbsp; Canada Fox Breeders AssociationCanada Mink Breeders Association &nbsp; D\u00c9TAILLANT &nbsp; VOIR: O\u00f9 acheter de la fourrure \u00a0 ENCH\u00c8RES &nbsp; American Mink ExchangeFur Harvesters Auction &nbsp; GOUVERNEMENTS &nbsp; Alberta Ministry of Environment and Protected AreasBritish Columbia Ministry of Environment and Climate Change StrategyEnvironnement et ressources naturellesManitoba Environnement [&hellip;]<\/p>\n","protected":false},"author":1,"featured_media":0,"parent":0,"menu_order":0,"comment_status":"closed","ping_status":"closed","template":"","meta":{"_et_pb_use_builder":"on","_et_pb_old_content":"","_et_gb_content_width":"","footnotes":""},"class_list":["post-2381","page","type-page","status-publish","hentry"],"_links":{"self":[{"href":"https:\/\/fur.ca\/fr\/wp-json\/wp\/v2\/pages\/2381","targetHints":{"allow":["GET"]}}],"collection":[{"href":"https:\/\/fur.ca\/fr\/wp-json\/wp\/v2\/pages"}],"about":[{"href":"https:\/\/fur.ca\/fr\/wp-json\/wp\/v2\/types\/page"}],"author":[{"embeddable":true,"href":"https:\/\/fur.ca\/fr\/wp-json\/wp\/v2\/users\/1"}],"replies":[{"embeddable":true,"href":"https:\/\/fur.ca\/fr\/wp-json\/wp\/v2\/comments?post=2381"}],"version-history":[{"count":5,"href":"https:\/\/fur.ca\/fr\/wp-json\/wp\/v2\/pages\/2381\/revisions"}],"predecessor-version":[{"id":5717,"href":"https:\/\/fur.ca\/fr\/wp-json\/wp\/v2\/pages\/2381\/revisions\/5717"}],"wp:attachment":[{"href":"https:\/\/fur.ca\/fr\/wp-json\/wp\/v2\/media?parent=2381"}],"curies":[{"name":"wp","href":"https:\/\/api.w.org\/{rel}","templated":true}]}}