{"id":2378,"date":"2023-08-08T17:27:47","date_gmt":"2023-08-08T21:27:47","guid":{"rendered":"https:\/\/fic.acxcomdev.com\/qui-sommes-nous\/"},"modified":"2024-06-11T17:01:22","modified_gmt":"2024-06-11T21:01:22","slug":"qui-sommes-nous","status":"publish","type":"page","link":"https:\/\/fur.ca\/fr\/qui-sommes-nous\/","title":{"rendered":"Qui sommes-nous"},"content":{"rendered":"<p>[et_pb_section fb_built=\u00a0\u00bb1&Prime; _builder_version=\u00a0\u00bb4.22.1&Prime; _module_preset=\u00a0\u00bbdefault\u00a0\u00bb background_color=\u00a0\u00bb#DDDDDD\u00a0\u00bb custom_padding=\u00a0\u00bb0px||0px|||\u00a0\u00bb global_colors_info=\u00a0\u00bb{}\u00a0\u00bb][et_pb_row _builder_version=\u00a0\u00bb4.22.1&Prime; _module_preset=\u00a0\u00bbdefault\u00a0\u00bb global_colors_info=\u00a0\u00bb{}\u00a0\u00bb][et_pb_column type=\u00a0\u00bb4_4&Prime; _builder_version=\u00a0\u00bb4.22.1&Prime; _module_preset=\u00a0\u00bbdefault\u00a0\u00bb global_colors_info=\u00a0\u00bb{}\u00a0\u00bb][et_pb_text admin_label=\u00a0\u00bbAbout Us\u00a0\u00bb _builder_version=\u00a0\u00bb4.23.1&Prime; _module_preset=\u00a0\u00bbdefault\u00a0\u00bb header_font=\u00a0\u00bb|700||on|||||\u00a0\u00bb header_text_color=\u00a0\u00bb#123113&Prime; global_colors_info=\u00a0\u00bb{}\u00a0\u00bb]<\/p>\n<h1>QUI SOMMES-NOUS<\/h1>\n<p>[\/et_pb_text][\/et_pb_column][\/et_pb_row][\/et_pb_section][et_pb_section fb_built=\u00a0\u00bb1&Prime; _builder_version=\u00a0\u00bb4.22.1&Prime; _module_preset=\u00a0\u00bbdefault\u00a0\u00bb global_colors_info=\u00a0\u00bb{}\u00a0\u00bb][et_pb_row _builder_version=\u00a0\u00bb4.22.1&Prime; _module_preset=\u00a0\u00bbdefault\u00a0\u00bb global_colors_info=\u00a0\u00bb{}\u00a0\u00bb][et_pb_column type=\u00a0\u00bb4_4&Prime; _builder_version=\u00a0\u00bb4.22.1&Prime; _module_preset=\u00a0\u00bbdefault\u00a0\u00bb global_colors_info=\u00a0\u00bb{}\u00a0\u00bb][et_pb_image src=\u00a0\u00bbhttps:\/\/fur.ca\/wp-content\/uploads\/2023\/10\/FIC-1984.png\u00a0\u00bb title_text=\u00a0\u00bbFIC-1984&Prime; align=\u00a0\u00bbcenter\u00a0\u00bb force_fullwidth=\u00a0\u00bbon\u00a0\u00bb admin_label=\u00a0\u00bbImage\u00a0\u00bb _builder_version=\u00a0\u00bb4.22.2&Prime; _module_preset=\u00a0\u00bbdefault\u00a0\u00bb custom_padding=\u00a0\u00bb||0px||false|false\u00a0\u00bb global_colors_info=\u00a0\u00bb{}\u00a0\u00bb][\/et_pb_image][et_pb_text admin_label=\u00a0\u00bbCaption\u00a0\u00bb _builder_version=\u00a0\u00bb4.23.1&Prime; _module_preset=\u00a0\u00bbdefault\u00a0\u00bb global_colors_info=\u00a0\u00bb{}\u00a0\u00bb]<\/p>\n<p><em>L&rsquo;Institut de la fourrure du Canada tient sa premi\u00e8re assembl\u00e9e g\u00e9n\u00e9rale annuelle en 1984.<\/em><\/p>\n<p>[\/et_pb_text][et_pb_text admin_label=\u00a0\u00bbText\u00a0\u00bb module_class=\u00a0\u00bbjb-text-spacing\u00a0\u00bb _builder_version=\u00a0\u00bb4.25.0&Prime; _module_preset=\u00a0\u00bbdefault\u00a0\u00bb header_2_font=\u00a0\u00bb|600|||||||\u00a0\u00bb header_2_text_color=\u00a0\u00bb#123113&Prime; header_3_font=\u00a0\u00bb|700||on|||||\u00a0\u00bb header_3_text_color=\u00a0\u00bb#123113&Prime; header_4_text_color=\u00a0\u00bb#123113&Prime; header_4_font_size=\u00a0\u00bb29px\u00a0\u00bb custom_padding=\u00a0\u00bb20px|||||\u00a0\u00bb hover_enabled=\u00a0\u00bb0&Prime; global_colors_info=\u00a0\u00bb{}\u00a0\u00bb sticky_enabled=\u00a0\u00bb0&Prime;]<\/p>\n<p>L&rsquo;Institut de la fourrure du Canada est la principale autorit\u00e9 du pays en mati\u00e8re de recherche sur les pi\u00e8ges sans cruaut\u00e9 et de conservation des animaux \u00e0 fourrure. Il est l&rsquo;organisme officiel charg\u00e9 de tester les pi\u00e8ges pour le gouvernement f\u00e9d\u00e9ral du Canada et tous les gouvernements provinciaux et territoriaux. L&rsquo;IFC g\u00e8re le programme canadien de recherche et d&rsquo;essais sur les pi\u00e8ges sans cruaut\u00e9, dont la majeure partie est r\u00e9alis\u00e9e dans les laboratoires d&rsquo;<span style=\"text-decoration: underline;\"><a href=\"https:\/\/innotechalberta.ca\/\" target=\"_blank\" rel=\"noopener\">InnoTech Alberta<\/a><\/span>, un organisme de recherche du gouvernement provincial situ\u00e9 \u00e0 Vegreville. Ce travail permet au Canada de se conformer \u00e0 <span style=\"text-decoration: underline;\"><a href=\"https:\/\/fur.ca\/wp-content\/uploads\/2023\/10\/AIHTS-Copy-of-Agreement.pdf\" target=\"_blank\" rel=\"noopener\">l&rsquo;Accord sur les normes internationales de pi\u00e9geage sans cruaut\u00e9<\/a><\/span>.<\/p>\n<p>L&rsquo;IFC a pour mission de fournir des informations pr\u00e9cises sur les questions \u00e9conomiques, sociales, culturelles et environnementales li\u00e9es \u00e0 l&rsquo;exploitation des fourrures sauvages et d&rsquo;\u00e9levage au Canada.<\/p>\n<p>Nous repr\u00e9sentons les int\u00e9r\u00eats des canadiens et canadiennes qui participent activement \u00e0 l&rsquo;utilisation de la fourrure et \u00e0 la conservation des esp\u00e8ces sauvages. Nous contribuons \u00e9galement \u00e0 l&rsquo;\u00e9laboration de politiques et \u00e0 la recherche en \u00e9tant membres de l&rsquo;<span style=\"text-decoration: underline;\"><a href=\"https:\/\/www.fishwildlife.org\/\" target=\"_blank\" rel=\"noopener\">Association of Fish and Wildlife Agencies<\/a><\/span>, du <span style=\"text-decoration: underline;\"><a href=\"https:\/\/www.cic-wildlife.org\/v\" target=\"_blank\" rel=\"noopener\">Conseil international de la chasse et de la conservation du gibier<\/a><\/span> (CIC), du <span style=\"text-decoration: underline;\"><a href=\"https:\/\/ccuicn.wordpress.com\/\" target=\"_blank\" rel=\"noopener\">Comit\u00e9 canadien de l&rsquo;Union internationale pour la Conservation de la Nature<\/a><\/span> (CCUICN) et de la <span style=\"text-decoration: underline;\"><a href=\"https:\/\/www.wearefur.com\/\" target=\"_blank\" rel=\"noopener\">F\u00e9d\u00e9ration internationale de la fourrure<\/a><\/span>.<\/p>\n<p>L&rsquo;IFC est un r\u00e9seau d&rsquo;organisations, d&rsquo;entreprises et d&rsquo;individus \u00e0 travers le Canada et au-del\u00e0. Nous sommes dirig\u00e9s par un <span style=\"text-decoration: underline;\"><a href=\"https:\/\/fur.ca\/fr\/conseil-dadministration\/\" rel=\"noopener\">conseil d&rsquo;administration<\/a><\/span> \u00e9lu repr\u00e9sentant tous les secteurs de l&rsquo;industrie et les groupes de parties prenantes. Le conseil d&rsquo;administration dirige les activit\u00e9s de l&rsquo;IFC, tandis que les comit\u00e9s op\u00e9rationnels \u00e9laborent des <span style=\"text-decoration: underline;\"><a href=\"https:\/\/fur.ca\/fr\/programmes\/\" rel=\"noopener\">programmes<\/a><\/span> et mettent en \u0153uvre des activit\u00e9s de projet.<\/p>\n<p>Nos <span style=\"text-decoration: underline;\"><a href=\"https:\/\/fur.ca\/fr\/devenir-membre\/\" rel=\"noopener\">membres<\/a><\/span> comprennent des repr\u00e9sentants de tous les secteurs du commerce de la fourrure, r\u00e9partis dans les cat\u00e9gories suivantes : R\u00e9coltants, Grossistes en fourrures, Commerce, Gouvernement, Intendants et Indig\u00e8nes.<\/p>\n<h3>D\u00c9CLARATION DE MISSION ET VALEURS<\/h3>\n<p>Notre mission est de \u00ab\u00a0promouvoir l&rsquo;utilisation durable et judicieuse des ressources en fourrure du Canada\u00a0\u00bb. Nous croyons aux valeurs suivantes :<\/p>\n<ul>\n<li>L&rsquo;utilisation durable et la conservation des ressources renouvelables ;<\/li>\n<li>L&rsquo;am\u00e9lioration continue du bien-\u00eatre des animaux par le biais d&rsquo;une recherche permanente et l&rsquo;\u00e9laboration de normes de pi\u00e9geage nationales et internationales ;<\/li>\n<li>La conservation et la gestion des ressources naturelles sur la base de preuves scientifiques et de connaissances traditionnelles ;<\/li>\n<li>Le professionnalisme par le biais de la formation continue, de l&rsquo;octroi de licences et de la recherche ;<\/li>\n<li>Le respect des personnes, des animaux et de l&rsquo;environnement ;<\/li>\n<li>Le respect des traditions, du patrimoine et de la culture ;<\/li>\n<li>Le respect du droit des populations autochtones \u00e0 exercer leurs droits ancestraux et issus de trait\u00e9s.<\/li>\n<\/ul>\n<p>[\/et_pb_text][\/et_pb_column][\/et_pb_row][\/et_pb_section]<\/p>\n","protected":false},"excerpt":{"rendered":"<p>QUI SOMMES-NOUSL&rsquo;Institut de la fourrure du Canada tient sa premi\u00e8re assembl\u00e9e g\u00e9n\u00e9rale annuelle en 1984.L&rsquo;Institut de la fourrure du Canada est la principale autorit\u00e9 du pays en mati\u00e8re de recherche sur les pi\u00e8ges sans cruaut\u00e9 et de conservation des animaux \u00e0 fourrure. Il est l&rsquo;organisme officiel charg\u00e9 de tester les pi\u00e8ges pour le gouvernement f\u00e9d\u00e9ral [&hellip;]<\/p>\n","protected":false},"author":1,"featured_media":0,"parent":0,"menu_order":0,"comment_status":"closed","ping_status":"closed","template":"","meta":{"_et_pb_use_builder":"on","_et_pb_old_content":"","_et_gb_content_width":"","footnotes":""},"class_list":["post-2378","page","type-page","status-publish","hentry"],"_links":{"self":[{"href":"https:\/\/fur.ca\/fr\/wp-json\/wp\/v2\/pages\/2378","targetHints":{"allow":["GET"]}}],"collection":[{"href":"https:\/\/fur.ca\/fr\/wp-json\/wp\/v2\/pages"}],"about":[{"href":"https:\/\/fur.ca\/fr\/wp-json\/wp\/v2\/types\/page"}],"author":[{"embeddable":true,"href":"https:\/\/fur.ca\/fr\/wp-json\/wp\/v2\/users\/1"}],"replies":[{"embeddable":true,"href":"https:\/\/fur.ca\/fr\/wp-json\/wp\/v2\/comments?post=2378"}],"version-history":[{"count":5,"href":"https:\/\/fur.ca\/fr\/wp-json\/wp\/v2\/pages\/2378\/revisions"}],"predecessor-version":[{"id":3535,"href":"https:\/\/fur.ca\/fr\/wp-json\/wp\/v2\/pages\/2378\/revisions\/3535"}],"wp:attachment":[{"href":"https:\/\/fur.ca\/fr\/wp-json\/wp\/v2\/media?parent=2378"}],"curies":[{"name":"wp","href":"https:\/\/api.w.org\/{rel}","templated":true}]}}