{"id":2375,"date":"2023-10-17T15:36:59","date_gmt":"2023-10-17T19:36:59","guid":{"rendered":"https:\/\/fic.acxcomdev.com\/piegeage-et-conservation\/"},"modified":"2025-03-01T07:04:22","modified_gmt":"2025-03-01T12:04:22","slug":"piegeage-et-conservation","status":"publish","type":"page","link":"https:\/\/fur.ca\/fr\/piegeage-et-conservation\/","title":{"rendered":"Pi\u00e9geage et conservation"},"content":{"rendered":"<p>[et_pb_section fb_built=\u00a0\u00bb1&Prime; _builder_version=\u00a0\u00bb4.22.1&Prime; _module_preset=\u00a0\u00bbdefault\u00a0\u00bb background_color=\u00a0\u00bb#DDDDDD\u00a0\u00bb custom_padding=\u00a0\u00bb0px||0px|||\u00a0\u00bb global_colors_info=\u00a0\u00bb{}\u00a0\u00bb][et_pb_row _builder_version=\u00a0\u00bb4.22.1&Prime; _module_preset=\u00a0\u00bbdefault\u00a0\u00bb global_colors_info=\u00a0\u00bb{}\u00a0\u00bb][et_pb_column type=\u00a0\u00bb4_4&Prime; _builder_version=\u00a0\u00bb4.22.1&Prime; _module_preset=\u00a0\u00bbdefault\u00a0\u00bb global_colors_info=\u00a0\u00bb{}\u00a0\u00bb][et_pb_text admin_label=\u00a0\u00bbTrapping and Conservation\u00a0\u00bb _builder_version=\u00a0\u00bb4.22.2&Prime; _module_preset=\u00a0\u00bbdefault\u00a0\u00bb header_font=\u00a0\u00bb|700||on|||||\u00a0\u00bb header_text_color=\u00a0\u00bb#123113&Prime; global_colors_info=\u00a0\u00bb{}\u00a0\u00bb]<\/p>\n<h1>PI\u00c9GEAGE ET CONSERVATION<\/h1>\n<p>[\/et_pb_text][\/et_pb_column][\/et_pb_row][\/et_pb_section][et_pb_section fb_built=\u00a0\u00bb1&Prime; _builder_version=\u00a0\u00bb4.22.1&Prime; _module_preset=\u00a0\u00bbdefault\u00a0\u00bb global_colors_info=\u00a0\u00bb{}\u00a0\u00bb][et_pb_row use_custom_gutter=\u00a0\u00bbon\u00a0\u00bb gutter_width=\u00a0\u00bb2&Prime; _builder_version=\u00a0\u00bb4.23.1&Prime; _module_preset=\u00a0\u00bbdefault\u00a0\u00bb global_colors_info=\u00a0\u00bb{}\u00a0\u00bb][et_pb_column type=\u00a0\u00bb4_4&Prime; _builder_version=\u00a0\u00bb4.22.1&Prime; _module_preset=\u00a0\u00bbdefault\u00a0\u00bb global_colors_info=\u00a0\u00bb{}\u00a0\u00bb][et_pb_image src=\u00a0\u00bbhttps:\/\/fur.ca\/wp-content\/uploads\/2024\/05\/Conservation-sq-2.png\u00a0\u00bb title_text=\u00a0\u00bbConservation-sq-2&Prime; align=\u00a0\u00bbcenter\u00a0\u00bb force_fullwidth=\u00a0\u00bbon\u00a0\u00bb admin_label=\u00a0\u00bbImage\u00a0\u00bb _builder_version=\u00a0\u00bb4.25.0&Prime; _module_preset=\u00a0\u00bbdefault\u00a0\u00bb module_alignment=\u00a0\u00bbleft\u00a0\u00bb custom_padding=\u00a0\u00bb||0px||false|false\u00a0\u00bb global_colors_info=\u00a0\u00bb{}\u00a0\u00bb][\/et_pb_image][et_pb_text admin_label=\u00a0\u00bbCaption\u00a0\u00bb module_class=\u00a0\u00bbjb-text-spacing\u00a0\u00bb _builder_version=\u00a0\u00bb4.25.0&Prime; _module_preset=\u00a0\u00bbdefault\u00a0\u00bb header_2_text_color=\u00a0\u00bb#123113&Prime; header_3_font=\u00a0\u00bb||||||||\u00a0\u00bb header_3_text_color=\u00a0\u00bb#123113&Prime; header_4_text_color=\u00a0\u00bb#123113&Prime; header_4_font_size=\u00a0\u00bb29px\u00a0\u00bb custom_margin=\u00a0\u00bb-16px|||||\u00a0\u00bb global_colors_info=\u00a0\u00bb{}\u00a0\u00bb]<\/p>\n<p><em><span style=\"text-decoration: underline;\"><a href=\"https:\/\/en.wikipedia.org\/wiki\/Marten#\/media\/File:Newfoundland_Pine_Marten.jpg\" target=\"_blank\" rel=\"noopener\">Photo<\/a><\/span>: Bailey Parsons, <span style=\"text-decoration: underline;\"><a href=\"https:\/\/creativecommons.org\/licenses\/by-sa\/3.0\/]\" target=\"_blank\" rel=\"noopener\">CC BY-SA 3.0<\/a><\/span>, via Wikimedia Commons<\/em><\/p>\n<p>[\/et_pb_text][et_pb_text module_class=\u00a0\u00bbjb-text-spacing\u00a0\u00bb _builder_version=\u00a0\u00bb4.23.1&Prime; _module_preset=\u00a0\u00bbdefault\u00a0\u00bb header_2_text_color=\u00a0\u00bb#123113&Prime; header_3_font=\u00a0\u00bb||||||||\u00a0\u00bb header_3_text_color=\u00a0\u00bb#123113&Prime; header_4_text_color=\u00a0\u00bb#123113&Prime; header_4_font_size=\u00a0\u00bb29px\u00a0\u00bb custom_margin=\u00a0\u00bb||||false|false\u00a0\u00bb custom_padding=\u00a0\u00bb0px||0px|||\u00a0\u00bb global_colors_info=\u00a0\u00bb{}\u00a0\u00bb]<\/p>\n<p>Les animaux \u00e0 fourrure font l&rsquo;objet d&rsquo;une r\u00e9colte s\u00e9lective depuis des si\u00e8cles au Canada. Aujourd&rsquo;hui, les populations d&rsquo;animaux \u00e0 fourrure restent saines et abondantes gr\u00e2ce \u00e0 la gestion de dizaines de milliers de trappeurs et d&rsquo;organismes provinciaux et territoriaux de protection de la faune sauvage dans tout le pays. Le pi\u00e9geage r\u00e9glement\u00e9 est un excellent exemple de gestion durable des ressources.<\/p>\n<h2><strong>PRINCIPES DE LA CONSERVATION DE LA FAUNE<\/strong><\/h2>\n<p>La conservation de la faune est la pratique qui consiste \u00e0 prot\u00e9ger les esp\u00e8ces v\u00e9g\u00e9tales et animales sauvages et leurs habitats. L&rsquo;objectif de la conservation des esp\u00e8ces sauvages est de s&rsquo;assurer que les g\u00e9n\u00e9rations futures pourront profiter de la nature et de reconna\u00eetre l&rsquo;importance de la faune et de la flore sauvages pour l&rsquo;homme et les autres esp\u00e8ces.<\/p>\n<p>La conservation des esp\u00e8ces sauvages implique la protection ou le r\u00e9tablissement des habitats n\u00e9cessaires aux esp\u00e8ces sauvages, la pr\u00e9servation de la diversit\u00e9 g\u00e9n\u00e9tique et l&rsquo;utilisation durable des esp\u00e8ces et des \u00e9cosyst\u00e8mes.<\/p>\n<p>[\/et_pb_text][\/et_pb_column][\/et_pb_row][et_pb_row _builder_version=\u00a0\u00bb4.22.1&Prime; _module_preset=\u00a0\u00bbdefault\u00a0\u00bb custom_padding=\u00a0\u00bb0px|||||\u00a0\u00bb global_colors_info=\u00a0\u00bb{}\u00a0\u00bb][et_pb_column type=\u00a0\u00bb4_4&Prime; _builder_version=\u00a0\u00bb4.22.1&Prime; _module_preset=\u00a0\u00bbdefault\u00a0\u00bb global_colors_info=\u00a0\u00bb{}\u00a0\u00bb][et_pb_text module_class=\u00a0\u00bbjb-text-spacing\u00a0\u00bb _builder_version=\u00a0\u00bb4.23.1&Prime; _module_preset=\u00a0\u00bbdefault\u00a0\u00bb header_2_text_color=\u00a0\u00bb#123113&Prime; header_3_font=\u00a0\u00bb||||||||\u00a0\u00bb header_3_text_color=\u00a0\u00bb#123113&Prime; header_4_text_color=\u00a0\u00bb#123113&Prime; header_4_font_size=\u00a0\u00bb29px\u00a0\u00bb custom_padding=\u00a0\u00bb0px||0px|||\u00a0\u00bb global_colors_info=\u00a0\u00bb{}\u00a0\u00bb]<\/p>\n<p>Si la tradition de la chasse et de la cueillette n&rsquo;a plus cours dans la soci\u00e9t\u00e9 urbaine d&rsquo;aujourd&rsquo;hui, elle est une r\u00e9alit\u00e9 fondamentale pour de nombreuses communaut\u00e9s rurales et isol\u00e9es du Canada.<\/p>\n<p>Des centaines de milliers de personnes vivent et travaillent \u00e0 proximit\u00e9 de la nature et consacrent leur \u00e9nergie \u00e0 la conservation de nos pr\u00e9cieuses ressources naturelles en harmonie avec la nature. Le travail des trappeurs canadiens est dur, froid, solitaire et souvent dangereux. La r\u00e9compense ne se mesure pas seulement en argent, mais aussi en termes de spiritualit\u00e9, de tranquillit\u00e9 d&rsquo;esprit et d&rsquo;amour de la nature.<\/p>\n<p>Les trappeurs sont de fins observateurs de la nature, des amoureux de la faune et de la flore, et se consacrent \u00e0 la conservation de l&rsquo;habitat de la faune et de la flore et \u00e0 l&rsquo;application des principes du d\u00e9veloppement durable. Ils sont des conservateurs de premi\u00e8re ligne et leur d\u00e9vouement \u00e0 l&rsquo;\u00e9ducation, aux nouvelles technologies, \u00e0 l&rsquo;\u00e9thique professionnelle et \u00e0 un avenir solide pour le commerce de la fourrure au Canada est incontestable.<\/p>\n<p>Les trappeurs incarnent ce qu&rsquo;il y a de mieux en mati\u00e8re de gestion des ressources naturelles ; leurs r\u00e9alisations et leur contribution \u00e0 l&rsquo;effort de conservation canadien m\u00e9ritent d&rsquo;\u00eatre reconnues et soutenues par le public.<\/p>\n<h2><strong>RESSOURCES RENOUVELABLES<\/strong><\/h2>\n<p>[\/et_pb_text][et_pb_image src=\u00a0\u00bbhttps:\/\/fur.ca\/wp-content\/uploads\/2025\/02\/raccoons-in-Toronto.jpg\u00a0\u00bb title_text=\u00a0\u00bbraccoons-in-Toronto\u00a0\u00bb align=\u00a0\u00bbcenter\u00a0\u00bb force_fullwidth=\u00a0\u00bbon\u00a0\u00bb admin_label=\u00a0\u00bbImage\u00a0\u00bb _builder_version=\u00a0\u00bb4.27.4&Prime; _module_preset=\u00a0\u00bbdefault\u00a0\u00bb custom_padding=\u00a0\u00bb||0px||false|false\u00a0\u00bb global_colors_info=\u00a0\u00bb{}\u00a0\u00bb][\/et_pb_image][et_pb_text admin_label=\u00a0\u00bbCaption\u00a0\u00bb module_class=\u00a0\u00bbjb-text-spacing\u00a0\u00bb _builder_version=\u00a0\u00bb4.25.0&Prime; _module_preset=\u00a0\u00bbdefault\u00a0\u00bb header_2_text_color=\u00a0\u00bb#123113&Prime; header_3_font=\u00a0\u00bb||||||||\u00a0\u00bb header_3_text_color=\u00a0\u00bb#123113&Prime; header_4_text_color=\u00a0\u00bb#123113&Prime; header_4_font_size=\u00a0\u00bb29px\u00a0\u00bb global_colors_info=\u00a0\u00bb{}\u00a0\u00bb]<\/p>\n<p><em>Les ratons laveurs, les renards et les coyotes sont aujourd&rsquo;hui plus abondants que jamais en Am\u00e9rique du Nord. <span style=\"text-decoration: underline;\"><a href=\"https:\/\/commons.wikimedia.org\/wiki\/File:Three_raccoons_in_a_tree.jpg\" target=\"_blank\" rel=\"noopener\">Photo<\/a><\/span> : garyjwood, <span style=\"text-decoration: underline;\"><a href=\"https:\/\/creativecommons.org\/licenses\/by-sa\/2.0\/\">CC BY-SA 2.0<\/a><\/span>, via Wikimedia Commons<\/em><\/p>\n<p>[\/et_pb_text][et_pb_text module_class=\u00a0\u00bbjb-text-spacing\u00a0\u00bb _builder_version=\u00a0\u00bb4.23.1&Prime; _module_preset=\u00a0\u00bbdefault\u00a0\u00bb header_2_text_color=\u00a0\u00bb#123113&Prime; header_3_font=\u00a0\u00bb||||||||\u00a0\u00bb header_3_text_color=\u00a0\u00bb#123113&Prime; header_4_text_color=\u00a0\u00bb#123113&Prime; header_4_font_size=\u00a0\u00bb29px\u00a0\u00bb custom_padding=\u00a0\u00bb30px||0px|||\u00a0\u00bb global_colors_info=\u00a0\u00bb{}\u00a0\u00bb]<\/p>\n<p>La plupart des ressources dont l&rsquo;homme a besoin pour survivre sont pr\u00e9lev\u00e9es dans la nature. Certaines ressources ne sont pas renouvelables, comme le p\u00e9trole et les min\u00e9raux, mais les plantes et les animaux sont renouvelables car ils peuvent se reproduire.<\/p>\n<p>Si nous continuons \u00e0 utiliser les ressources non renouvelables sans trouver d&rsquo;alternatives, nous les \u00e9puiserons bient\u00f4t. De m\u00eame, si nous utilisons les ressources renouvelables, telles que les animaux \u00e0 fourrure, trop rapidement et sans penser \u00e0 les conserver, elles n&rsquo;auront pas le temps de se reproduire et de se reconstituer. L&rsquo;utilisation durable est la cl\u00e9.<\/p>\n<p>Le pi\u00e9geage r\u00e9glement\u00e9 est la principale m\u00e9thode de gestion des populations d&rsquo;animaux \u00e0 fourrure. Tout le monde y gagne. Les populations animales restent stables et une grande partie de leur habitat, y compris les for\u00eats et les zones sauvages, est pr\u00e9serv\u00e9e. Des millions d&rsquo;hectares d&rsquo;habitats naturels ont \u00e9t\u00e9 prot\u00e9g\u00e9s et g\u00e9r\u00e9s par les trappeurs. Nos membres trappeurs participent \u00e0 des projets visant \u00e0 g\u00e9rer la terre de mani\u00e8re \u00e0 ce que tout le monde en profite. Le pi\u00e9geage est un \u00e9l\u00e9ment cl\u00e9 de la conservation des caract\u00e9ristiques \u00e9cologiques n\u00e9cessaires \u00e0 la bonne sant\u00e9 des zones sauvages.<\/p>\n<p>Sans une gestion appropri\u00e9e de la faune, de nombreuses esp\u00e8ces sauvages d\u00e9clineraient ou dispara\u00eetraient. Les populations d&rsquo;autres esp\u00e8ces pourraient exploser, ce qui aggraverait les conflits entre l&rsquo;homme et la faune et augmenterait la concurrence entre les esp\u00e8ces.<\/p>\n<p>Les animaux ont toujours fourni la subsistance mat\u00e9rielle qui nous maintient en tant qu&rsquo;individus et soci\u00e9t\u00e9s. Nous avons besoin d&rsquo;eux et les utilisons pour nous nourrir, nous v\u00eatir, faire de l&rsquo;art, nous soigner et nous tenir compagnie ; notre d\u00e9pendance \u00e0 leur \u00e9gard est perp\u00e9tuelle. Le pi\u00e9geage r\u00e9glement\u00e9 soutient les efforts de conservation qui garantissent une utilisation durable.<\/p>\n<p>Heureusement, les personnes qui pi\u00e8gent les animaux pour la nourriture et la fourrure ont \u00e9t\u00e9 tr\u00e8s attentives \u00e0 la conservation des animaux et de leur habitat, de sorte qu&rsquo;aucune des esp\u00e8ces d&rsquo;animaux \u00e0 fourrure sauvages exploit\u00e9es au Canada n&rsquo;est menac\u00e9e d&rsquo;extinction.<\/p>\n<p>La plus grande menace qui p\u00e8se sur les animaux sauvages est la perte de leur habitat.<\/p>\n<p>VOIR AUSSI : <span style=\"text-decoration: underline;\"><a href=\"https:\/\/www.truthaboutfur.com\/abundant-furbearers-environmental-success-story\/\" target=\"_blank\" rel=\"noopener\">Des animaux \u00e0 fourrure en abondance : Une r\u00e9ussite environnementale<\/a><\/span>. La v\u00e9rit\u00e9 sur la fourrure, 15 septembre 2017.<\/p>\n<h2><strong>UNE BONNE GESTION DES TERRES N\u00c9CESSITE UNE PR\u00c9SENCE<\/strong><\/h2>\n<p>[\/et_pb_text][et_pb_image title_text=\u00a0\u00bbRobert-Grandjambe\u00a0\u00bb align=\u00a0\u00bbcenter\u00a0\u00bb force_fullwidth=\u00a0\u00bbon\u00a0\u00bb admin_label=\u00a0\u00bbImage\u00a0\u00bb _builder_version=\u00a0\u00bb4.27.4&Prime; _module_preset=\u00a0\u00bbdefault\u00a0\u00bb custom_padding=\u00a0\u00bb||0px||false|false\u00a0\u00bb global_colors_info=\u00a0\u00bb{}\u00a0\u00bb src=\u00a0\u00bbhttps:\/\/fur.ca\/wp-content\/uploads\/2025\/03\/Robert-Grandjambe.jpg\u00a0\u00bb hover_enabled=\u00a0\u00bb0&Prime; sticky_enabled=\u00a0\u00bb0&Prime;][\/et_pb_image][et_pb_text admin_label=\u00a0\u00bbCaption\u00a0\u00bb module_class=\u00a0\u00bbjb-text-spacing\u00a0\u00bb _builder_version=\u00a0\u00bb4.22.2&Prime; _module_preset=\u00a0\u00bbdefault\u00a0\u00bb header_2_text_color=\u00a0\u00bb#123113&Prime; header_3_font=\u00a0\u00bb||||||||\u00a0\u00bb header_3_text_color=\u00a0\u00bb#123113&Prime; header_4_text_color=\u00a0\u00bb#123113&Prime; header_4_font_size=\u00a0\u00bb29px\u00a0\u00bb global_colors_info=\u00a0\u00bb{}\u00a0\u00bb]<\/p>\n<p><em>Photo: Robert Grandjambe<\/em><\/p>\n<p>[\/et_pb_text][et_pb_text module_class=\u00a0\u00bbjb-text-spacing\u00a0\u00bb _builder_version=\u00a0\u00bb4.23&Prime; _module_preset=\u00a0\u00bbdefault\u00a0\u00bb header_2_text_color=\u00a0\u00bb#123113&Prime; header_3_font=\u00a0\u00bb||||||||\u00a0\u00bb header_3_text_color=\u00a0\u00bb#123113&Prime; header_4_text_color=\u00a0\u00bb#123113&Prime; header_4_font_size=\u00a0\u00bb29px\u00a0\u00bb custom_padding=\u00a0\u00bb30px||0px|||\u00a0\u00bb global_colors_info=\u00a0\u00bb{}\u00a0\u00bb]<\/p>\n<p>La pr\u00e9sence r\u00e9guli\u00e8re des trappeurs dans la brousse leur permet de constater les changements de premi\u00e8re main. Ils sont souvent les premiers \u00e0 reconna\u00eetre les modifications de l&rsquo;habitat, la propagation des maladies des animaux sauvages ou le d\u00e9clin des populations d&rsquo;animaux sauvages. Aucune agence de conservation de la faune n&rsquo;a aujourd&rsquo;hui le temps ou l&rsquo;argent n\u00e9cessaire pour mettre en place un tel niveau de surveillance dans la brousse.<\/p>\n<p>Les trappeurs jouent un r\u00f4le important en observant l&rsquo;environnement et en signalant ce qu&rsquo;ils voient aux autorit\u00e9s charg\u00e9es de la conservation. Ils sont des experts de l&rsquo;\u00e9tat des populations d&rsquo;animaux \u00e0 fourrure dans leurs r\u00e9gions.<\/p>\n<p>Les trappeurs contribuent de diverses mani\u00e8res \u00e0 ce que les animaux \u00e0 fourrure et d&rsquo;autres esp\u00e8ces sauvages continuent \u00e0 occuper la place qui leur revient dans les \u00e9cosyst\u00e8mes du Canada. Qu&rsquo;il s&rsquo;agisse de d\u00e9placer des esp\u00e8ces menac\u00e9es, de replanter des arbres ou de repeupler des rivi\u00e8res et des ruisseaux, nos membres collaborent avec d&rsquo;autres groupes engag\u00e9s pour assurer la sant\u00e9 des populations animales et la salubrit\u00e9 de l&rsquo;environnement.<\/p>\n<p>[\/et_pb_text][\/et_pb_column][\/et_pb_row][et_pb_row column_structure=\u00a0\u00bb1_2,1_2&Prime; _builder_version=\u00a0\u00bb4.23&Prime; _module_preset=\u00a0\u00bbdefault\u00a0\u00bb global_colors_info=\u00a0\u00bb{}\u00a0\u00bb][et_pb_column type=\u00a0\u00bb1_2&Prime; _builder_version=\u00a0\u00bb4.23&Prime; _module_preset=\u00a0\u00bbdefault\u00a0\u00bb global_colors_info=\u00a0\u00bb{}\u00a0\u00bb][et_pb_text admin_label=\u00a0\u00bbprevious\u00a0\u00bb _builder_version=\u00a0\u00bb4.25.1&Prime; _dynamic_attributes=\u00a0\u00bblink_option_url\u00a0\u00bb _module_preset=\u00a0\u00bbdefault\u00a0\u00bb link_option_url=\u00a0\u00bb@ET-DC@eyJkeW5hbWljIjp0cnVlLCJjb250ZW50IjoicG9zdF9saW5rX3VybF9wYWdlIiwic2V0dGluZ3MiOnsicG9zdF9pZCI6IjI2MDYifX0=@\u00a0\u00bb global_colors_info=\u00a0\u00bb{}\u00a0\u00bb]<\/p>\n<div class=\"previous-page-left\">\n<h3><img loading=\"lazy\" decoding=\"async\" class=\"wp-image-1334 alignnone size-full\" src=\"https:\/\/fur.ca\/wp-content\/uploads\/2023\/10\/left-arrow.png\" alt=\"\" width=\"27\" height=\"43\" \/> <span style=\"padding-left: 30px;\">Page pr\u00e9c\u00e9dente : Gestion des animaux \u00e0 fourrure<\/span><\/h3>\n<\/div>\n<p>[\/et_pb_text][\/et_pb_column][et_pb_column type=\u00a0\u00bb1_2&Prime; _builder_version=\u00a0\u00bb4.23&Prime; _module_preset=\u00a0\u00bbdefault\u00a0\u00bb global_colors_info=\u00a0\u00bb{}\u00a0\u00bb][et_pb_text admin_label=\u00a0\u00bbnext\u00a0\u00bb _builder_version=\u00a0\u00bb4.25.1&Prime; _dynamic_attributes=\u00a0\u00bblink_option_url\u00a0\u00bb _module_preset=\u00a0\u00bbdefault\u00a0\u00bb text_orientation=\u00a0\u00bbright\u00a0\u00bb link_option_url=\u00a0\u00bb@ET-DC@eyJkeW5hbWljIjp0cnVlLCJjb250ZW50IjoicG9zdF9saW5rX3VybF9wYWdlIiwic2V0dGluZ3MiOnsicG9zdF9pZCI6IjIyNzYifX0=@\u00a0\u00bb global_colors_info=\u00a0\u00bb{}\u00a0\u00bb]<\/p>\n<div class=\"previous-page-right\">\n<h3><span style=\"padding-right: 30px;\">Page suivante : Types de pi\u00e8ges<\/span><img loading=\"lazy\" decoding=\"async\" class=\"wp-image-1335 alignnone size-full\" src=\"https:\/\/fur.ca\/wp-content\/uploads\/2023\/10\/right-arrow.png\" alt=\"\" width=\"27\" height=\"43\" \/><\/h3>\n<\/div>\n<p>[\/et_pb_text][\/et_pb_column][\/et_pb_row][\/et_pb_section]<\/p>\n","protected":false},"excerpt":{"rendered":"<p>PI\u00c9GEAGE ET CONSERVATIONPhoto: Bailey Parsons, CC BY-SA 3.0, via Wikimedia CommonsLes animaux \u00e0 fourrure font l&rsquo;objet d&rsquo;une r\u00e9colte s\u00e9lective depuis des si\u00e8cles au Canada. Aujourd&rsquo;hui, les populations d&rsquo;animaux \u00e0 fourrure restent saines et abondantes gr\u00e2ce \u00e0 la gestion de dizaines de milliers de trappeurs et d&rsquo;organismes provinciaux et territoriaux de protection de la faune sauvage [&hellip;]<\/p>\n","protected":false},"author":1,"featured_media":0,"parent":0,"menu_order":0,"comment_status":"closed","ping_status":"closed","template":"","meta":{"_et_pb_use_builder":"on","_et_pb_old_content":"","_et_gb_content_width":"","footnotes":""},"class_list":["post-2375","page","type-page","status-publish","hentry"],"_links":{"self":[{"href":"https:\/\/fur.ca\/fr\/wp-json\/wp\/v2\/pages\/2375","targetHints":{"allow":["GET"]}}],"collection":[{"href":"https:\/\/fur.ca\/fr\/wp-json\/wp\/v2\/pages"}],"about":[{"href":"https:\/\/fur.ca\/fr\/wp-json\/wp\/v2\/types\/page"}],"author":[{"embeddable":true,"href":"https:\/\/fur.ca\/fr\/wp-json\/wp\/v2\/users\/1"}],"replies":[{"embeddable":true,"href":"https:\/\/fur.ca\/fr\/wp-json\/wp\/v2\/comments?post=2375"}],"version-history":[{"count":5,"href":"https:\/\/fur.ca\/fr\/wp-json\/wp\/v2\/pages\/2375\/revisions"}],"predecessor-version":[{"id":5947,"href":"https:\/\/fur.ca\/fr\/wp-json\/wp\/v2\/pages\/2375\/revisions\/5947"}],"wp:attachment":[{"href":"https:\/\/fur.ca\/fr\/wp-json\/wp\/v2\/media?parent=2375"}],"curies":[{"name":"wp","href":"https:\/\/api.w.org\/{rel}","templated":true}]}}