{"id":2349,"date":"2023-10-10T17:08:52","date_gmt":"2023-10-10T21:08:52","guid":{"rendered":"https:\/\/fic.acxcomdev.com\/certified-traps\/"},"modified":"2026-04-14T23:25:10","modified_gmt":"2026-04-15T03:25:10","slug":"certified-traps","status":"publish","type":"page","link":"https:\/\/fur.ca\/fr\/le-piegeage\/certified-traps\/","title":{"rendered":"Certification et technologies"},"content":{"rendered":"<p>[et_pb_section fb_built=\u00a0\u00bb1&Prime; _builder_version=\u00a0\u00bb4.22.1&Prime; _module_preset=\u00a0\u00bbdefault\u00a0\u00bb background_color=\u00a0\u00bb#DDDDDD\u00a0\u00bb custom_padding=\u00a0\u00bb0px||0px|||\u00a0\u00bb global_colors_info=\u00a0\u00bb{}\u00a0\u00bb][et_pb_row _builder_version=\u00a0\u00bb4.22.1&Prime; _module_preset=\u00a0\u00bbdefault\u00a0\u00bb global_colors_info=\u00a0\u00bb{}\u00a0\u00bb][et_pb_column type=\u00a0\u00bb4_4&Prime; _builder_version=\u00a0\u00bb4.22.1&Prime; _module_preset=\u00a0\u00bbdefault\u00a0\u00bb global_colors_info=\u00a0\u00bb{}\u00a0\u00bb][et_pb_text admin_label=\u00a0\u00bbCertified Traps\u00a0\u00bb _builder_version=\u00a0\u00bb4.24.2&Prime; _module_preset=\u00a0\u00bbdefault\u00a0\u00bb header_font=\u00a0\u00bb|700||on|||||\u00a0\u00bb header_text_color=\u00a0\u00bb#123113&Prime; global_colors_info=\u00a0\u00bb{}\u00a0\u00bb]<\/p>\n<h1>CERTIFICATION ET TECHNOLOGIES DES PI\u00c8GES<\/h1>\n<p>[\/et_pb_text][\/et_pb_column][\/et_pb_row][\/et_pb_section][et_pb_section fb_built=\u00a0\u00bb1&Prime; _builder_version=\u00a0\u00bb4.22.1&Prime; _module_preset=\u00a0\u00bbdefault\u00a0\u00bb global_colors_info=\u00a0\u00bb{}\u00a0\u00bb][et_pb_row use_custom_gutter=\u00a0\u00bbon\u00a0\u00bb gutter_width=\u00a0\u00bb3&Prime; _builder_version=\u00a0\u00bb4.24.2&Prime; _module_preset=\u00a0\u00bbdefault\u00a0\u00bb global_colors_info=\u00a0\u00bb{}\u00a0\u00bb][et_pb_column type=\u00a0\u00bb4_4&Prime; _builder_version=\u00a0\u00bb4.22.1&Prime; _module_preset=\u00a0\u00bbdefault\u00a0\u00bb global_colors_info=\u00a0\u00bb{}\u00a0\u00bb][et_pb_image src=\u00a0\u00bbhttps:\/\/fur.ca\/wp-content\/uploads\/2023\/08\/slide-6.png\u00a0\u00bb title_text=\u00a0\u00bbslide-6&Prime; align=\u00a0\u00bbcenter\u00a0\u00bb force_fullwidth=\u00a0\u00bbon\u00a0\u00bb admin_label=\u00a0\u00bbImage\u00a0\u00bb _builder_version=\u00a0\u00bb4.24.2&Prime; _module_preset=\u00a0\u00bbdefault\u00a0\u00bb custom_margin=\u00a0\u00bb||0px||false|false\u00a0\u00bb custom_padding=\u00a0\u00bb||0px||false|false\u00a0\u00bb global_colors_info=\u00a0\u00bb{}\u00a0\u00bb][\/et_pb_image][et_pb_text admin_label=\u00a0\u00bbCaption\u00a0\u00bb _builder_version=\u00a0\u00bb4.23.1&Prime; _module_preset=\u00a0\u00bbdefault\u00a0\u00bb global_colors_info=\u00a0\u00bb{}\u00a0\u00bb]<\/p>\n<p><em>Photo: <span style=\"text-decoration: underline;\"><a href=\"https:\/\/innotechalberta.ca\" target=\"_blank\" rel=\"noopener\">InnoTech Alberta<\/a><\/span><\/em><\/p>\n<p>[\/et_pb_text][\/et_pb_column][\/et_pb_row][et_pb_row column_structure=\u00a0\u00bb3_5,2_5&Prime; use_custom_gutter=\u00a0\u00bbon\u00a0\u00bb gutter_width=\u00a0\u00bb3&Prime; _builder_version=\u00a0\u00bb4.24.2&Prime; _module_preset=\u00a0\u00bbdefault\u00a0\u00bb custom_padding=\u00a0\u00bb0px|||||\u00a0\u00bb global_colors_info=\u00a0\u00bb{}\u00a0\u00bb][et_pb_column type=\u00a0\u00bb3_5&Prime; _builder_version=\u00a0\u00bb4.22.1&Prime; _module_preset=\u00a0\u00bbdefault\u00a0\u00bb global_colors_info=\u00a0\u00bb{}\u00a0\u00bb][et_pb_text admin_label=\u00a0\u00bbtext\u00a0\u00bb _builder_version=\u00a0\u00bb4.27.0&Prime; _module_preset=\u00a0\u00bbdefault\u00a0\u00bb header_3_font=\u00a0\u00bb|700|||||||\u00a0\u00bb header_3_text_color=\u00a0\u00bb#123113&Prime; custom_padding=\u00a0\u00bb0px||0px||false|false\u00a0\u00bb global_colors_info=\u00a0\u00bb{}\u00a0\u00bb]<\/p>\n<p>Au XXIe si\u00e8cle, l\u2019expression \u00ab\u00a0pi\u00e8ge certifi\u00e9\u00a0\u00bb est couramment entendue dans certaines parties du monde, particuli\u00e8rement au Canada, mais qu\u2019est-ce que cela signifie exactement ? En bref, un pi\u00e8ge certifi\u00e9 est un pi\u00e8ge conforme aux exigences de l\u2019<span style=\"text-decoration: underline;\"><a href=\"http:\/\/aihts-copy-of-agreement.pdf\/\" target=\"_blank\" rel=\"noopener\">Accord sur les normes internationales de pi\u00e9geage sans cruaut\u00e9 (ANIPSC)<\/a><\/span>.<\/p>\n<p>Jusque dans les ann\u00e9es 1990, il n\u2019existait pas de normes internationalement reconnues en mati\u00e8re de bien-\u00eatre animal pour les pi\u00e8ges. Pendant ce temps, le lobby anti-fourrure faisait pression sur l\u2019UE pour qu\u2019elle interdise les importations de fourrure en provenance de pays o\u00f9 l\u2019utilisation des pi\u00e8ges \u00e0 patte \u00e0 m\u00e2choires \u00e9tait encore l\u00e9gal. Dans ce contexte, le Canada a recommand\u00e9 la normalisation des tests scientifiques de performance des pi\u00e8ges, qui pourraient \u00eatre utilis\u00e9s par n\u2019importe quel pays.<\/p>\n<p>C\u2019est ainsi qu\u2019en 1997, le Canada, l\u2019Union europ\u00e9enne et la Russie se sont mis d\u2019accord sur l\u2019ANIPSC, que le Canada a ratifi\u00e9 en juin 1999.<\/p>\n<p>L\u2019ANIPSC fixe des seuils de bien-\u00eatre pour les performances des pi\u00e8ges pour un total de 19 esp\u00e8ces animales sauvages qui sont pi\u00e9g\u00e9es pour diverses raisons dans ces pays. Douze de ces esp\u00e8ces sont pi\u00e9g\u00e9es en Am\u00e9rique du Nord : le castor, le rat musqu\u00e9, la loutre de rivi\u00e8re, la martre, le p\u00e9kan, le raton laveur, le blaireau, l\u2019hermine, le coyote, le loup, le lynx et le lynx roux.<\/p>\n<p>L\u2019ANIPSC fixe des seuils de bien-\u00eatre pour les performances des pi\u00e8ges pour un total de 19 esp\u00e8ces animales sauvages qui sont pi\u00e9g\u00e9es pour diverses raisons dans ces pays. Douze de ces esp\u00e8ces sont pi\u00e9g\u00e9es en Am\u00e9rique du Nord : le castor, le rat musqu\u00e9, la loutre de rivi\u00e8re, la martre, le p\u00e9kan, le raton laveur, le blaireau, l\u2019hermine, le coyote, le loup, le lynx et le lynx roux.<\/p>\n<p>En raison d\u2019exigences r\u00e9glementaires particuli\u00e8res, les \u00c9tats-Unis ont sign\u00e9 un accord distinct mais \u00e9quivalent avec l\u2019UE en 1998.<\/p>\n<p>Les protocoles d\u2019essai utilis\u00e9s sont ceux \u00e9tablis par l\u2019Organisation internationale de normalisation (ISO \/TC 191).<\/p>\n<p>La saison de pi\u00e9geage 2007-2008 a \u00e9t\u00e9 la premi\u00e8re au cours de laquelle les trappeurs canadiens ont \u00e9t\u00e9 tenus par la loi de n\u2019utiliser que des pi\u00e8ges certifi\u00e9s par l\u2019ANIPSC pour certaines esp\u00e8ces identifi\u00e9es \u00e0 l\u2019accord. Il s\u2019agissait de la premi\u00e8re \u00e9tape d\u2019un processus\u00a0 qui aboutira apr\u00e8s quelques ann\u00e9es \u00e0 l\u2019utilisation exclusive de pi\u00e8ges certifi\u00e9s pour toutes ces esp\u00e8ces, quelle que soit la raison pour laquelle un animal est pi\u00e9g\u00e9.<\/p>\n<p>L\u2019ANIPSC d\u00e9finit les m\u00e9thodes de pi\u00e9geage sans cruaut\u00e9 comme des \u00ab\u00a0pi\u00e8ges certifi\u00e9s par les autorit\u00e9s comp\u00e9tentes, conformes aux normes de l\u2019ANIPSC et utilis\u00e9s dans les conditions de mise en place sp\u00e9cifi\u00e9es par les fabricants\u00a0\u00bb. Au Canada, les autorit\u00e9s comp\u00e9tentes sont les gouvernements provinciaux et territoriaux. Tous les ministres de la faune ont donn\u00e9 un mandat national \u00e0 l\u2019Institut de la fourrure du Canada pour g\u00e9rer et coordonner la mise en \u0153uvre du programme canadien de certification des pi\u00e8ges ANIPSC.<\/p>\n<p>Pour obtenir la certification au Canada, les fabricants de pi\u00e8ges doivent d\u2019abord s\u2019assurer que leurs pi\u00e8ges r\u00e9pondent aux exigences de l\u2019ANIPSC. Cela s\u2019applique aux dispositifs m\u00e9caniques \u00e0 m\u00e2choires rotatives qu\u2019ils soient de type mortel ou non ainsi qu\u2019aux cages et bo\u00eete-pi\u00e8ges pour la capture vivante. Les pi\u00e8ges sont ensuite test\u00e9s par l\u2019IFC selon les proc\u00e9dures d\u00e9crites dans le document Normes internationales de pi\u00e9geage sans cruaut\u00e9 \u2013 Proc\u00e9dures et protocole de certification des pi\u00e8ges \u00e0 appliquer par les autorit\u00e9s comp\u00e9tentes canadiennes. Les pi\u00e8ges doivent \u00eatre s\u00e9curitaires\u00a0 lorsqu\u2019ils sont correctement entretenus et utilis\u00e9s conform\u00e9ment aux sp\u00e9cifications du fabricant. Ils doivent \u00e9galement r\u00e9pondre \u00e0 des normes de bien-\u00eatre animal et d\u2019efficacit\u00e9.<\/p>\n<p>L\u2019IFC publie et met \u00e0 jour r\u00e9guli\u00e8rement des listes de pi\u00e8ges et de syst\u00e8mes de pi\u00e9geage qui r\u00e9pondent aux exigences de l\u2019ANIPSC et dont l\u2019utilisation a \u00e9t\u00e9 certifi\u00e9e. En janvier 2024, 248 mod\u00e8les de pi\u00e8ges ont \u00e9t\u00e9 certifi\u00e9s, dont 178 pi\u00e8ges \u00e0 tuer pour neuf esp\u00e8ces et 70 pi\u00e8ges \u00e0 capturer des animaux vivants pour six esp\u00e8ces.<\/p>\n<p>L\u2019IFC effectue \u00e9galement des tests pour le compte de plusieurs pays de l\u2019UE et de la Russie, qui est le seul signataire de l\u2019ANIPSC \u00e0 avoir mis en place un programme de certification des pi\u00e8ges.<\/p>\n<p>[\/et_pb_text][\/et_pb_column][et_pb_column type=\u00a0\u00bb2_5&Prime; _builder_version=\u00a0\u00bb4.24.2&Prime; _module_preset=\u00a0\u00bbdefault\u00a0\u00bb global_colors_info=\u00a0\u00bb{}\u00a0\u00bb][et_pb_text module_id=\u00a0\u00bbkey-fic-reports\u00a0\u00bb _builder_version=\u00a0\u00bb4.25.1&Prime; _module_preset=\u00a0\u00bbdefault\u00a0\u00bb header_font=\u00a0\u00bb|700||on|||||\u00a0\u00bb header_text_color=\u00a0\u00bb#123113&Prime; header_font_size=\u00a0\u00bb50px\u00a0\u00bb custom_margin=\u00a0\u00bb-40px||||false|false\u00a0\u00bb custom_padding=\u00a0\u00bb30px||||false|false\u00a0\u00bb global_colors_info=\u00a0\u00bb{}\u00a0\u00bb]<\/p>\n<h1>PRINCIPAUX RAPPORTS DE L&rsquo;IFC<\/h1>\n<p>[\/et_pb_text][et_pb_text admin_label=\u00a0\u00bbCertified traps list\u00a0\u00bb _builder_version=\u00a0\u00bb4.27.6&Prime; _module_preset=\u00a0\u00bbdefault\u00a0\u00bb header_text_color=\u00a0\u00bb#123113&Prime; header_3_font=\u00a0\u00bb|700|||||||\u00a0\u00bb header_3_text_color=\u00a0\u00bb#123113&Prime; custom_padding=\u00a0\u00bb||||false|false\u00a0\u00bb link_option_url=\u00a0\u00bbhttps:\/\/fur.ca\/wp-content\/uploads\/2026\/04\/CertifiedTrapsList_FIC_FR_-Avril-2026.pdf\u00a0\u00bb link_option_url_new_window=\u00a0\u00bbon\u00a0\u00bb global_colors_info=\u00a0\u00bb{}\u00a0\u00bb]<\/p>\n<h1><a href=\"https:\/\/fur.ca\/wp-content\/uploads\/2026\/04\/CertifiedTrapsList_FIC_FR_-Avril-2026.pdf\" target=\"_blank\" rel=\"noopener\"><strong><span style=\"text-decoration: underline;\">Liste des pi\u00e8ges certifi\u00e9s, avril 2026<\/span><\/strong><\/a><\/h1>\n<p>[\/et_pb_text][et_pb_image src=\u00a0\u00bbhttps:\/\/fur.ca\/wp-content\/uploads\/2026\/04\/AIHT-certified-traps-FR-2026-3-1.jpg\u00a0\u00bb title_text=\u00a0\u00bbAIHT-certified-traps-FR-2026-3&Prime; url=\u00a0\u00bbhttps:\/\/fur.ca\/wp-content\/uploads\/2026\/04\/CertifiedTrapsList_FIC_FR_-Avril-2026.pdf\u00a0\u00bb url_new_window=\u00a0\u00bbon\u00a0\u00bb _builder_version=\u00a0\u00bb4.27.6&Prime; _module_preset=\u00a0\u00bbdefault\u00a0\u00bb global_colors_info=\u00a0\u00bb{}\u00a0\u00bb][\/et_pb_image][et_pb_text admin_label=\u00a0\u00bbKilling neck snares\u00a0\u00bb _builder_version=\u00a0\u00bb4.27.6&Prime; _module_preset=\u00a0\u00bbdefault\u00a0\u00bb header_text_color=\u00a0\u00bb#123113&Prime; header_3_font=\u00a0\u00bb|700|||||||\u00a0\u00bb header_3_text_color=\u00a0\u00bb#123113&Prime; custom_padding=\u00a0\u00bb||||false|false\u00a0\u00bb link_option_url=\u00a0\u00bbhttps:\/\/fur.ca\/wp-content\/uploads\/2026\/04\/M1105_CertifiedTrapsList_FIC_FR_AVRIL_2026_2.pdf\u00a0\u00bb link_option_url_new_window=\u00a0\u00bbon\u00a0\u00bb hover_enabled=\u00a0\u00bb0&Prime; global_colors_info=\u00a0\u00bb{}\u00a0\u00bb sticky_enabled=\u00a0\u00bb0&Prime;]<\/p>\n<h1><a href=\"https:\/\/fur.ca\/wp-content\/uploads\/2026\/04\/Killing-neck-snares-approved-design_FIC_FR_April-2026-1-1.pdf\" target=\"_blank\" rel=\"noopener\"><strong><span style=\"text-decoration: underline;\">Collets mortels \u00ab\u00a0mod\u00e8les agr\u00e9\u00e9s\u00a0\u00bb, avril 2026<\/span><\/strong><\/a><\/h1>\n<p>[\/et_pb_text][et_pb_image src=\u00a0\u00bbhttps:\/\/fur.ca\/wp-content\/uploads\/2026\/04\/Killing-neck-snares-FR-2026-3-1.jpg\u00a0\u00bb title_text=\u00a0\u00bbKilling-neck-snares-FR-2026-3&Prime; url=\u00a0\u00bbhttps:\/\/fur.ca\/wp-content\/uploads\/2026\/04\/Killing-neck-snares-approved-design_FIC_FR_April-2026-1-1.pdf\u00a0\u00bb url_new_window=\u00a0\u00bbon\u00a0\u00bb _builder_version=\u00a0\u00bb4.27.6&Prime; _module_preset=\u00a0\u00bbdefault\u00a0\u00bb global_colors_info=\u00a0\u00bb{}\u00a0\u00bb][\/et_pb_image][et_pb_text admin_label=\u00a0\u00bbIdentification sheets, AIHTS certified traps\u00a0\u00bb _builder_version=\u00a0\u00bb4.27.5&Prime; _module_preset=\u00a0\u00bbdefault\u00a0\u00bb header_text_color=\u00a0\u00bb#123113&Prime; header_3_font=\u00a0\u00bb|700|||||||\u00a0\u00bb header_3_text_color=\u00a0\u00bb#123113&Prime; custom_padding=\u00a0\u00bb||||false|false\u00a0\u00bb link_option_url=\u00a0\u00bbhttps:\/\/fur.ca\/wp-content\/uploads\/2026\/02\/Fichesidentification_PiegesMORTELSetCAPTUREVIVANTE_MARS2026_FINAL-FR.pdf\u00a0\u00bb link_option_url_new_window=\u00a0\u00bbon\u00a0\u00bb global_colors_info=\u00a0\u00bb{}\u00a0\u00bb]<\/p>\n<h1><strong><span style=\"text-decoration: underline;\">Fiches d\u2019identification de pi\u00e8ges certifi\u00e9s, mise \u00e0 jour le 1 mars 2026<\/span><\/strong><\/h1>\n<p>[\/et_pb_text][et_pb_image src=\u00a0\u00bbhttps:\/\/fur.ca\/wp-content\/uploads\/2024\/03\/Identification-de-pieges-2024.png\u00a0\u00bb title_text=\u00a0\u00bbIdentification-de-pieges-2024&Prime; url=\u00a0\u00bbhttps:\/\/fur.ca\/wp-content\/uploads\/2026\/02\/Fichesidentification_PiegesMORTELSetCAPTUREVIVANTE_MARS2026_FINAL-FR.pdf\u00a0\u00bb url_new_window=\u00a0\u00bbon\u00a0\u00bb _builder_version=\u00a0\u00bb4.27.5&Prime; _module_preset=\u00a0\u00bbdefault\u00a0\u00bb global_colors_info=\u00a0\u00bb{}\u00a0\u00bb][\/et_pb_image][et_pb_text admin_label=\u00a0\u00bbBest trapping practices\u00a0\u00bb _builder_version=\u00a0\u00bb4.27.4&Prime; _module_preset=\u00a0\u00bbdefault\u00a0\u00bb header_text_color=\u00a0\u00bb#123113&Prime; header_3_font=\u00a0\u00bb|700|||||||\u00a0\u00bb header_3_text_color=\u00a0\u00bb#123113&Prime; custom_padding=\u00a0\u00bb||||false|false\u00a0\u00bb link_option_url=\u00a0\u00bbhttps:\/\/fur.ca\/wp-content\/uploads\/2024\/02\/meilleures_pratiques-Juillet-2018.pdf\u00a0\u00bb link_option_url_new_window=\u00a0\u00bbon\u00a0\u00bb global_colors_info=\u00a0\u00bb{}\u00a0\u00bb]<\/p>\n<h1><strong><span style=\"text-decoration: underline;\"><a href=\"https:\/\/fur.ca\/wp-content\/uploads\/2025\/09\/M1088_Meilleures_pratiques-sept-2025_fr_EPF.pdf\" target=\"_blank\" rel=\"noopener\">Meilleures pratiques de pi\u00e9geage, septembre 2025<\/a><\/span><\/strong><\/h1>\n<p>[\/et_pb_text][et_pb_image src=\u00a0\u00bbhttps:\/\/fur.ca\/wp-content\/uploads\/2025\/09\/BTP-Sept2025-FR.jpg\u00a0\u00bb title_text=\u00a0\u00bbBTP-Sept2025-FR\u00a0\u00bb url=\u00a0\u00bbhttps:\/\/fur.ca\/wp-content\/uploads\/2025\/09\/M1088_Meilleures_pratiques-sept-2025_fr_EPF.pdf\u00a0\u00bb url_new_window=\u00a0\u00bbon\u00a0\u00bb _builder_version=\u00a0\u00bb4.27.4&Prime; _module_preset=\u00a0\u00bbdefault\u00a0\u00bb global_colors_info=\u00a0\u00bb{}\u00a0\u00bb][\/et_pb_image][et_pb_text admin_label=\u00a0\u00bbTrap certification procedures and protocols\u00a0\u00bb _builder_version=\u00a0\u00bb4.27.6&Prime; _module_preset=\u00a0\u00bbdefault\u00a0\u00bb header_text_color=\u00a0\u00bb#123113&Prime; header_3_font=\u00a0\u00bb|700|||||||\u00a0\u00bb header_3_text_color=\u00a0\u00bb#123113&Prime; custom_padding=\u00a0\u00bb||||false|false\u00a0\u00bb link_option_url=\u00a0\u00bbhttps:\/\/fur.ca\/wp-content\/uploads\/2026\/04\/CertificationANISPCPiegesProceduresCanadiennes_FR_-Avril-2026-.pdf\u00a0\u00bb link_option_url_new_window=\u00a0\u00bbon\u00a0\u00bb global_colors_info=\u00a0\u00bb{}\u00a0\u00bb]<\/p>\n<h1><strong><span style=\"text-decoration: underline;\">Certification des pi\u00e8ges proc\u00e9dures et protocoles, avril 2026<\/span><\/strong><\/h1>\n<p>[\/et_pb_text][et_pb_image src=\u00a0\u00bbhttps:\/\/fur.ca\/wp-content\/uploads\/2024\/03\/Procedures-et-protocols-2024.png\u00a0\u00bb title_text=\u00a0\u00bbProcedures-et-protocols-2024&Prime; url=\u00a0\u00bbhttps:\/\/fur.ca\/wp-content\/uploads\/2026\/04\/CertificationANISPCPiegesProceduresCanadiennes_FR_-Avril-2026-.pdf\u00a0\u00bb url_new_window=\u00a0\u00bbon\u00a0\u00bb _builder_version=\u00a0\u00bb4.27.6&Prime; _module_preset=\u00a0\u00bbdefault\u00a0\u00bb global_colors_info=\u00a0\u00bb{}\u00a0\u00bb][\/et_pb_image][\/et_pb_column][\/et_pb_row][et_pb_row column_structure=\u00a0\u00bb1_2,1_2&Prime; _builder_version=\u00a0\u00bb4.23&Prime; _module_preset=\u00a0\u00bbdefault\u00a0\u00bb global_colors_info=\u00a0\u00bb{}\u00a0\u00bb][et_pb_column type=\u00a0\u00bb1_2&Prime; _builder_version=\u00a0\u00bb4.23&Prime; _module_preset=\u00a0\u00bbdefault\u00a0\u00bb global_colors_info=\u00a0\u00bb{}\u00a0\u00bb][et_pb_text admin_label=\u00a0\u00bbprevious\u00a0\u00bb _builder_version=\u00a0\u00bb4.23&Prime; _dynamic_attributes=\u00a0\u00bblink_option_url\u00a0\u00bb _module_preset=\u00a0\u00bbdefault\u00a0\u00bb link_option_url=\u00a0\u00bb@ET-DC@eyJkeW5hbWljIjp0cnVlLCJjb250ZW50IjoicG9zdF9saW5rX3VybF9wYWdlIiwic2V0dGluZ3MiOnsicG9zdF9pZCI6IjEyNzEifX0=@\u00a0\u00bb global_colors_info=\u00a0\u00bb{}\u00a0\u00bb]<\/p>\n<div class=\"previous-page-left\">\n<h3><img loading=\"lazy\" decoding=\"async\" class=\"wp-image-1334 alignnone size-full\" src=\"https:\/\/fur.ca\/wp-content\/uploads\/2023\/10\/left-arrow.png\" alt=\"\" width=\"27\" height=\"43\" \/> <span style=\"padding-left: 30px;\">Page pr\u00e9c\u00e9dente: Types de pi\u00e8ges<\/span><\/h3>\n<\/div>\n<p>[\/et_pb_text][\/et_pb_column][et_pb_column type=\u00a0\u00bb1_2&Prime; _builder_version=\u00a0\u00bb4.23&Prime; _module_preset=\u00a0\u00bbdefault\u00a0\u00bb global_colors_info=\u00a0\u00bb{}\u00a0\u00bb][et_pb_text admin_label=\u00a0\u00bbnext\u00a0\u00bb _builder_version=\u00a0\u00bb4.27.2&Prime; _module_preset=\u00a0\u00bbdefault\u00a0\u00bb text_orientation=\u00a0\u00bbright\u00a0\u00bb link_option_url=\u00a0\u00bbhttps:\/\/fur.ca\/fr\/techniques-de-piegeage\/\u00a0\u00bb global_colors_info=\u00a0\u00bb{}\u00a0\u00bb]<\/p>\n<div class=\"previous-page-right\">\n<h3><span style=\"padding-right: 30px;\">Page suivante: Techniques de pi\u00e9geage<\/span><img loading=\"lazy\" decoding=\"async\" class=\"wp-image-1335 alignnone size-full\" src=\"https:\/\/fur.ca\/wp-content\/uploads\/2023\/10\/right-arrow.png\" alt=\"\" width=\"27\" height=\"43\" \/><\/h3>\n<\/div>\n<p>[\/et_pb_text][\/et_pb_column][\/et_pb_row][\/et_pb_section]<\/p>\n","protected":false},"excerpt":{"rendered":"<p>CERTIFICATION ET TECHNOLOGIES DES PI\u00c8GESPhoto: InnoTech AlbertaAu XXIe si\u00e8cle, l\u2019expression \u00ab\u00a0pi\u00e8ge certifi\u00e9\u00a0\u00bb est couramment entendue dans certaines parties du monde, particuli\u00e8rement au Canada, mais qu\u2019est-ce que cela signifie exactement ? En bref, un pi\u00e8ge certifi\u00e9 est un pi\u00e8ge conforme aux exigences de l\u2019Accord sur les normes internationales de pi\u00e9geage sans cruaut\u00e9 (ANIPSC). Jusque dans les [&hellip;]<\/p>\n","protected":false},"author":1,"featured_media":0,"parent":2547,"menu_order":0,"comment_status":"closed","ping_status":"closed","template":"","meta":{"_et_pb_use_builder":"on","_et_pb_old_content":"","_et_gb_content_width":"","footnotes":""},"class_list":["post-2349","page","type-page","status-publish","hentry"],"_links":{"self":[{"href":"https:\/\/fur.ca\/fr\/wp-json\/wp\/v2\/pages\/2349","targetHints":{"allow":["GET"]}}],"collection":[{"href":"https:\/\/fur.ca\/fr\/wp-json\/wp\/v2\/pages"}],"about":[{"href":"https:\/\/fur.ca\/fr\/wp-json\/wp\/v2\/types\/page"}],"author":[{"embeddable":true,"href":"https:\/\/fur.ca\/fr\/wp-json\/wp\/v2\/users\/1"}],"replies":[{"embeddable":true,"href":"https:\/\/fur.ca\/fr\/wp-json\/wp\/v2\/comments?post=2349"}],"version-history":[{"count":27,"href":"https:\/\/fur.ca\/fr\/wp-json\/wp\/v2\/pages\/2349\/revisions"}],"predecessor-version":[{"id":7904,"href":"https:\/\/fur.ca\/fr\/wp-json\/wp\/v2\/pages\/2349\/revisions\/7904"}],"up":[{"embeddable":true,"href":"https:\/\/fur.ca\/fr\/wp-json\/wp\/v2\/pages\/2547"}],"wp:attachment":[{"href":"https:\/\/fur.ca\/fr\/wp-json\/wp\/v2\/media?parent=2349"}],"curies":[{"name":"wp","href":"https:\/\/api.w.org\/{rel}","templated":true}]}}