{"id":2276,"date":"2023-10-17T14:24:18","date_gmt":"2023-10-17T18:24:18","guid":{"rendered":"https:\/\/fic.acxcomdev.com\/types-de-pieges\/"},"modified":"2024-06-11T16:25:58","modified_gmt":"2024-06-11T20:25:58","slug":"types-de-pieges","status":"publish","type":"page","link":"https:\/\/fur.ca\/fr\/types-de-pieges\/","title":{"rendered":"Types de pi\u00e8ges"},"content":{"rendered":"<p>[et_pb_section fb_built=\u00a0\u00bb1&Prime; _builder_version=\u00a0\u00bb4.22.1&Prime; _module_preset=\u00a0\u00bbdefault\u00a0\u00bb background_color=\u00a0\u00bb#DDDDDD\u00a0\u00bb custom_padding=\u00a0\u00bb0px||0px|||\u00a0\u00bb global_colors_info=\u00a0\u00bb{}\u00a0\u00bb][et_pb_row _builder_version=\u00a0\u00bb4.22.1&Prime; _module_preset=\u00a0\u00bbdefault\u00a0\u00bb global_colors_info=\u00a0\u00bb{}\u00a0\u00bb][et_pb_column type=\u00a0\u00bb4_4&Prime; _builder_version=\u00a0\u00bb4.22.1&Prime; _module_preset=\u00a0\u00bbdefault\u00a0\u00bb global_colors_info=\u00a0\u00bb{}\u00a0\u00bb][et_pb_text admin_label=\u00a0\u00bbTrap Types\u00a0\u00bb _builder_version=\u00a0\u00bb4.22.2&Prime; _module_preset=\u00a0\u00bbdefault\u00a0\u00bb header_font=\u00a0\u00bb|700|||||||\u00a0\u00bb header_text_color=\u00a0\u00bb#123113&Prime; global_colors_info=\u00a0\u00bb{}\u00a0\u00bb]<\/p>\n<h1>TYPES DE PI\u00c8GES<\/h1>\n<p>[\/et_pb_text][\/et_pb_column][\/et_pb_row][\/et_pb_section][et_pb_section fb_built=\u00a0\u00bb1&Prime; _builder_version=\u00a0\u00bb4.22.1&Prime; _module_preset=\u00a0\u00bbdefault\u00a0\u00bb global_colors_info=\u00a0\u00bb{}\u00a0\u00bb][et_pb_row _builder_version=\u00a0\u00bb4.22.1&Prime; _module_preset=\u00a0\u00bbdefault\u00a0\u00bb global_colors_info=\u00a0\u00bb{}\u00a0\u00bb][et_pb_column type=\u00a0\u00bb4_4&Prime; _builder_version=\u00a0\u00bb4.22.1&Prime; _module_preset=\u00a0\u00bbdefault\u00a0\u00bb global_colors_info=\u00a0\u00bb{}\u00a0\u00bb][et_pb_image src=\u00a0\u00bbhttps:\/\/fur.ca\/wp-content\/uploads\/2023\/10\/muskrat-set.png\u00a0\u00bb title_text=\u00a0\u00bbmuskrat-set\u00a0\u00bb align=\u00a0\u00bbcenter\u00a0\u00bb force_fullwidth=\u00a0\u00bbon\u00a0\u00bb admin_label=\u00a0\u00bbImage\u00a0\u00bb _builder_version=\u00a0\u00bb4.22.2&Prime; _module_preset=\u00a0\u00bbdefault\u00a0\u00bb custom_padding=\u00a0\u00bb||0px||false|false\u00a0\u00bb global_colors_info=\u00a0\u00bb{}\u00a0\u00bb][\/et_pb_image][et_pb_text admin_label=\u00a0\u00bbCaption\u00a0\u00bb module_class=\u00a0\u00bbjb-text-spacing\u00a0\u00bb _builder_version=\u00a0\u00bb4.25.1&Prime; _module_preset=\u00a0\u00bbdefault\u00a0\u00bb header_2_text_color=\u00a0\u00bb#123113&Prime; header_3_font=\u00a0\u00bb||||||||\u00a0\u00bb header_3_text_color=\u00a0\u00bb#123113&Prime; header_4_text_color=\u00a0\u00bb#123113&Prime; header_4_font_size=\u00a0\u00bb29px\u00a0\u00bb hover_enabled=\u00a0\u00bb0&Prime; global_colors_info=\u00a0\u00bb{}\u00a0\u00bb sticky_enabled=\u00a0\u00bb0&Prime;]<\/p>\n<p><em>Mise en place d\u2019un pi\u00e8ge \u00e0 m\u00e2choires rotatives pour le rat musqu\u00e9. Photo : Gaetan Fournier<\/em><\/p>\n<p>[\/et_pb_text][et_pb_text module_class=\u00a0\u00bbjb-text-spacing\u00a0\u00bb _builder_version=\u00a0\u00bb4.25.1&Prime; _module_preset=\u00a0\u00bbdefault\u00a0\u00bb header_2_text_color=\u00a0\u00bb#123113&Prime; header_3_font=\u00a0\u00bb||||||||\u00a0\u00bb header_3_text_color=\u00a0\u00bb#123113&Prime; header_4_text_color=\u00a0\u00bb#123113&Prime; header_4_font_size=\u00a0\u00bb29px\u00a0\u00bb custom_padding=\u00a0\u00bb0px||0px|||\u00a0\u00bb global_colors_info=\u00a0\u00bb{}\u00a0\u00bb]<\/p>\n<p>&nbsp;<\/p>\n<p>Tous les pi\u00e8ges utilis\u00e9s au Canada pour capturer des animaux \u00e0 fourrure sauvages appartiennent \u00e0 deux grandes cat\u00e9gories : les pi\u00e8ges mortels et les pi\u00e8ges \u00e0 capture vivante. \u00c0 l&rsquo;int\u00e9rieur de ces cat\u00e9gories, il existe diff\u00e9rents mod\u00e8les en fonction de l&rsquo;esp\u00e8ce cibl\u00e9e, de l&rsquo;endroit et du moment o\u00f9 le pi\u00e8ge sera install\u00e9.<\/p>\n<p>Tous les pi\u00e8ges doivent r\u00e9pondre \u00e0 des normes rigoureuses en mati\u00e8re de bien-\u00eatre animal et \u00eatre efficaces et s\u00e9curitaires pour l\u2019utilisateur. Pour la plupart des esp\u00e8ces, les pi\u00e8ges utilis\u00e9s doivent \u00eatre l\u00e9galement certifi\u00e9s conformes \u00e0 l&rsquo;<span style=\"text-decoration: underline;\"><a href=\"https:\/\/fur.ca\/wp-content\/uploads\/2023\/10\/AIHTS-Copy-of-Agreement.pdf\" rel=\"noopener\">Accord sur les normes internationales de pi\u00e9geage sans cruaut\u00e9<\/a><\/span>. 95 % des animaux pi\u00e9g\u00e9s pour le commerce de la fourrure sont captur\u00e9s dans des pi\u00e8ges mortels.<\/p>\n<h2><strong>PI\u00c8GES MORTELS<\/strong><\/h2>\n<p>Les pi\u00e8ges mortels sont con\u00e7us pour tuer tr\u00e8s rapidement un individu de l&rsquo;esp\u00e8ce cibl\u00e9e. Ils sont utilis\u00e9s principalement pour les animaux de petite et moyenne taille, comme le rat musqu\u00e9, la belette, le raton laveur, le loutre, le castor, la martre et le p\u00e9kan. Ces pi\u00e8ges fonctionnent de la m\u00eame mani\u00e8re qu&rsquo;une sourici\u00e8re, mais ils sont plus grands et plus puissants. Ils existent en diff\u00e9rentes tailles et diff\u00e9rents mod\u00e8les en fonction de l&rsquo;esp\u00e8ce cibl\u00e9e.<\/p>\n<p>Au Canada, pour les esp\u00e8ces plus grandes, telles que le coyote, le renard, le lynx et le lynx roux, les trappeurs commerciaux de fourrures utilisent g\u00e9n\u00e9ralement des collets mortels. Ces pi\u00e8ges sont particuli\u00e8rement appr\u00e9ci\u00e9s dans les r\u00e9gions septentrionales o\u00f9 les conditions environnementales extr\u00eames (en particulier la neige et le gel).<\/p>\n<h2><strong>DIFF\u00c9RENTES ESP\u00c8CES, DIFF\u00c9RENTS PI\u00c8GES<\/strong><\/h2>\n<p>Les esp\u00e8ces d&rsquo;animaux \u00e0 fourrure sont de toutes tailles, se comportent diff\u00e9remment et occupent des habitats diff\u00e9rents. Il n&rsquo;existe donc pas un seul type de pi\u00e8ge ou de dispositif de capture qui convienne \u00e0 toutes les esp\u00e8ces dans toutes les situations.<\/p>\n<p>Certains pi\u00e8ges sont con\u00e7us pour une esp\u00e8ce particuli\u00e8re, tandis que d&rsquo;autres peuvent \u00eatre utilis\u00e9s pour une s\u00e9rie d&rsquo;esp\u00e8ces similaires.. Par exemple, la m\u00eame taille de pi\u00e8ge mortel en X peut \u00eatre utilis\u00e9e pour la martre, le p\u00e9kan et le rat musqu\u00e9. Mais ils deviennent sp\u00e9cifiques \u00e0 une esp\u00e8ce en les installant d&rsquo;une mani\u00e8re particuli\u00e8re, en tenant compte de variables telles que l&#8217;emplacement, l&rsquo;app\u00e2t ou le leurre \u00e0 utiliser, et le moment.<\/p>\n<p>Par exemple, un pi\u00e8ge mortel en X pour la martre sera plac\u00e9 dans une bo\u00eete plac\u00e9e sur un arbre ou un poteau inclin\u00e9 au-dessus du sol. Le m\u00eame pi\u00e8ge pourrait \u00eatre utilis\u00e9 pour attraper le rat musqu\u00e9, mais il serait plac\u00e9 sous l&rsquo;eau \u00e0 l&rsquo;entr\u00e9e d&rsquo;un terrier.<\/p>\n<p>VOIR AUSSI : <span style=\"text-decoration: underline;\"><a href=\"https:\/\/fur.ca\/wp-content\/uploads\/2023\/10\/AIHTS-Copy-of-Agreement.pdf\" rel=\"noopener\">Accord sur les normes internationales de pi\u00e9geage sans cruaut\u00e9<\/a><\/span><\/p>\n<h2><strong>PI\u00c8GES DE CAPTURE VIVANTE<\/strong><\/h2>\n<p>[\/et_pb_text][et_pb_image src=\u00a0\u00bbhttps:\/\/fur.ca\/wp-content\/uploads\/2023\/10\/restraining-trap.png\u00a0\u00bb title_text=\u00a0\u00bbrestraining-trap\u00a0\u00bb align=\u00a0\u00bbcenter\u00a0\u00bb force_fullwidth=\u00a0\u00bbon\u00a0\u00bb admin_label=\u00a0\u00bbImage\u00a0\u00bb _builder_version=\u00a0\u00bb4.22.2&Prime; _module_preset=\u00a0\u00bbdefault\u00a0\u00bb custom_padding=\u00a0\u00bb||0px||false|false\u00a0\u00bb global_colors_info=\u00a0\u00bb{}\u00a0\u00bb][\/et_pb_image][et_pb_text admin_label=\u00a0\u00bbCaption\u00a0\u00bb module_class=\u00a0\u00bbjb-text-spacing\u00a0\u00bb _builder_version=\u00a0\u00bb4.25.1&Prime; _module_preset=\u00a0\u00bbdefault\u00a0\u00bb header_2_text_color=\u00a0\u00bb#123113&Prime; header_3_font=\u00a0\u00bb||||||||\u00a0\u00bb header_3_text_color=\u00a0\u00bb#123113&Prime; header_4_text_color=\u00a0\u00bb#123113&Prime; header_4_font_size=\u00a0\u00bb29px\u00a0\u00bb hover_enabled=\u00a0\u00bb0&Prime; global_colors_info=\u00a0\u00bb{}\u00a0\u00bb sticky_enabled=\u00a0\u00bb0&Prime;]<\/p>\n<p><em>Photo : Institut de la fourrure du Canada<\/em><\/p>\n<p>[\/et_pb_text][et_pb_text module_class=\u00a0\u00bbjb-text-spacing\u00a0\u00bb _builder_version=\u00a0\u00bb4.23.1&Prime; _module_preset=\u00a0\u00bbdefault\u00a0\u00bb header_2_text_color=\u00a0\u00bb#123113&Prime; header_3_font=\u00a0\u00bb||||||||\u00a0\u00bb header_3_text_color=\u00a0\u00bb#123113&Prime; header_4_text_color=\u00a0\u00bb#123113&Prime; header_4_font_size=\u00a0\u00bb29px\u00a0\u00bb custom_padding=\u00a0\u00bb30px||0px|||\u00a0\u00bb global_colors_info=\u00a0\u00bb{}\u00a0\u00bb]<\/p>\n<p>Les pi\u00e8ges de capture vivante sont con\u00e7us soit pour retenir un animal par un membre, soit pour le confiner dans une cage ou une bo\u00eete, jusqu&rsquo;\u00e0 l&rsquo;arriv\u00e9e du trappeur. Ils sont utilis\u00e9s dans diverses circonstances.<\/p>\n<p>Les pi\u00e8ges de capture vivante sont utilis\u00e9s par les gestionnaires de la faune sauvage pour attraper et rel\u00e2cher les animaux sains et saufs. Ils le font pour plusieurs raisons, comme la pose de colliers \u00e9metteurs pour suivre les d\u00e9placements des animauxou leur d\u00e9placement dans le cadre d&rsquo;un programme de r\u00e9introduction.<\/p>\n<p>Quant aux trappeurs commerciaux de fourrure, il existe une s\u00e9rie de situations dans lesquelles ils peuvent utiliser un pi\u00e8ge de capture vivante plut\u00f4t qu&rsquo;un pi\u00e8ge mortel. Par exemple, des esp\u00e8ces comme le coyote et le loup sont trop m\u00e9fiantes pour les pi\u00e8ges mortels autres que les collets. Le trappeur peut donc utiliser un pi\u00e8ge \u00e0 patte pour retenir l&rsquo;animal jusqu&rsquo;\u00e0 ce qu&rsquo;il arrive pour l\u2019euthanasier, avec une arme \u00e0 feu de petit calibre.<\/p>\n<p>Les pi\u00e8ges de capture vivante garantissent \u00e9galement que le trappeur de fourrure ne pr\u00e9l\u00e8vera pas d&rsquo;esp\u00e8ces non cibl\u00e9es. Par exemple, une cage \u00e0 capture vivante install\u00e9 sur une branche d&rsquo;arbre peut attirer plusieurs esp\u00e8ces de must\u00e9lid\u00e9s, mais si une esp\u00e8ce non cibl\u00e9e s&rsquo;y aventure, le pi\u00e9geur peut simplement la laisser partir.<\/p>\n<h2><strong>CAPTURES NON CIBL\u00c9ES<\/strong><\/h2>\n<p>Un avantage important de la conception et de la mise en place de pi\u00e8ges mortels pour des esp\u00e8ces sp\u00e9cifiques est qu&rsquo;elle \u00e9limine presque totalement les captures accidentelles d&rsquo;esp\u00e8ces non cibl\u00e9es. Toutefois, ces captures se produisent occasionnellement et sont prises tr\u00e8s au s\u00e9rieux par la communaut\u00e9 des pi\u00e9geurs parce qu&rsquo;elles impliquent presque toujours des chiens de compagnie.<\/p>\n<p>La grande majorit\u00e9 des pi\u00e8ges sont parfaitement s\u00fbrs pour les chiens. Par exemple, un pi\u00e8ge de retenue \u00e0 pied peut simplement \u00eatre enlev\u00e9, tandis qu&rsquo;un pi\u00e8ge mortel plac\u00e9 dans un arbre est inaccessible, m\u00eame si le chien est attir\u00e9 par l&rsquo;odeur de l&rsquo;app\u00e2t.<\/p>\n<p>Les rares fois o\u00f9 un chien de compagnie est tu\u00e9 dans un pi\u00e8ge, il s&rsquo;agit presque toujours d&rsquo;un collet pos\u00e9 pour les canid\u00e9s ou les f\u00e9lins, ou plus rarement d&rsquo;un pi\u00e8ge \u00e0 m\u00e2choires install\u00e9 sur le sol.<\/p>\n<p>Il est important que les propri\u00e9taires de chiens concern\u00e9s comprennent que ces accidents peuvent \u00eatre \u00e9vit\u00e9s. Dans presque tous les cas, soit le chien fait de l&rsquo;exercice sans laisse dans une zone o\u00f9 cela est interdit, soit un pi\u00e8ge a \u00e9t\u00e9 pos\u00e9 ill\u00e9galement (par exemple sur un terrain priv\u00e9, sans autorisation).<\/p>\n<p>Dans le premier cas, le chien meurt parce que son propri\u00e9taire a non seulement \u00e9t\u00e9 irresponsable, mais a \u00e9galement enfreint la loi. Dans le second cas, il est important de savoir que le pi\u00e9geage est une activit\u00e9 tr\u00e8s r\u00e9glement\u00e9e et que chaque association de pi\u00e9geurs coop\u00e9rera pleinement avec les autorit\u00e9s charg\u00e9es de l&rsquo;application de la loi pour poursuivre toute personne posant des pi\u00e8ges ill\u00e9galement.<\/p>\n<p>VOIR AUSSI : <span style=\"text-decoration: underline;\"><a href=\"https:\/\/www.truthaboutfur.com\/when-pet-dogs-accidentally-trapped-media-reports-unbalanced\/\" target=\"_blank\" rel=\"noopener\">Lorsque des chiens de compagnie sont accidentellement pris au pi\u00e8ge, pourquoi les reportages des m\u00e9dias sont-ils si d\u00e9s\u00e9quilibr\u00e9s?<\/a><\/span> La v\u00e9rit\u00e9 sur la fourrure, 12 mars 2023.<\/p>\n<p>[\/et_pb_text][\/et_pb_column][\/et_pb_row][et_pb_row column_structure=\u00a0\u00bb1_2,1_2&Prime; _builder_version=\u00a0\u00bb4.23&Prime; _module_preset=\u00a0\u00bbdefault\u00a0\u00bb global_colors_info=\u00a0\u00bb{}\u00a0\u00bb][et_pb_column type=\u00a0\u00bb1_2&Prime; _builder_version=\u00a0\u00bb4.23&Prime; _module_preset=\u00a0\u00bbdefault\u00a0\u00bb global_colors_info=\u00a0\u00bb{}\u00a0\u00bb][et_pb_text admin_label=\u00a0\u00bbprevious\u00a0\u00bb _builder_version=\u00a0\u00bb4.25.0&Prime; _dynamic_attributes=\u00a0\u00bblink_option_url\u00a0\u00bb _module_preset=\u00a0\u00bbdefault\u00a0\u00bb link_option_url=\u00a0\u00bb@ET-DC@eyJkeW5hbWljIjp0cnVlLCJjb250ZW50IjoicG9zdF9saW5rX3VybF9wYWdlIiwic2V0dGluZ3MiOnsicG9zdF9pZCI6IjEyOTIifX0=@\u00a0\u00bb global_colors_info=\u00a0\u00bb{}\u00a0\u00bb]<\/p>\n<div class=\"previous-page-left\">\n<h3><img loading=\"lazy\" decoding=\"async\" class=\"wp-image-1334 alignnone size-full\" src=\"https:\/\/fur.ca\/wp-content\/uploads\/2023\/10\/left-arrow.png\" alt=\"\" width=\"27\" height=\"43\" \/> <span style=\"padding-left: 30px;\">Page pr\u00e9c\u00e9dente : Pi\u00e9geage et conservation<\/span><\/h3>\n<\/div>\n<p>[\/et_pb_text][\/et_pb_column][et_pb_column type=\u00a0\u00bb1_2&Prime; _builder_version=\u00a0\u00bb4.23&Prime; _module_preset=\u00a0\u00bbdefault\u00a0\u00bb global_colors_info=\u00a0\u00bb{}\u00a0\u00bb][et_pb_text admin_label=\u00a0\u00bbnext\u00a0\u00bb _builder_version=\u00a0\u00bb4.25.0&Prime; _dynamic_attributes=\u00a0\u00bblink_option_url\u00a0\u00bb _module_preset=\u00a0\u00bbdefault\u00a0\u00bb text_orientation=\u00a0\u00bbright\u00a0\u00bb link_option_url=\u00a0\u00bb@ET-DC@eyJkeW5hbWljIjp0cnVlLCJjb250ZW50IjoicG9zdF9saW5rX3VybF9wYWdlIiwic2V0dGluZ3MiOnsicG9zdF9pZCI6IjExMjcifX0=@\u00a0\u00bb global_colors_info=\u00a0\u00bb{}\u00a0\u00bb]<\/p>\n<div class=\"previous-page-right\">\n<h3><span style=\"padding-right: 30px;\">Page suivante : Certification et technologies<\/span><img loading=\"lazy\" decoding=\"async\" class=\"wp-image-1335 alignnone size-full\" src=\"https:\/\/fur.ca\/wp-content\/uploads\/2023\/10\/right-arrow.png\" alt=\"\" width=\"27\" height=\"43\" \/><\/h3>\n<\/div>\n<p>[\/et_pb_text][\/et_pb_column][\/et_pb_row][\/et_pb_section]<\/p>\n","protected":false},"excerpt":{"rendered":"<p>TYPES DE PI\u00c8GESMise en place d\u2019un pi\u00e8ge \u00e0 m\u00e2choires rotatives pour le rat musqu\u00e9. Photo : Gaetan Fournier&nbsp; Tous les pi\u00e8ges utilis\u00e9s au Canada pour capturer des animaux \u00e0 fourrure sauvages appartiennent \u00e0 deux grandes cat\u00e9gories : les pi\u00e8ges mortels et les pi\u00e8ges \u00e0 capture vivante. \u00c0 l&rsquo;int\u00e9rieur de ces cat\u00e9gories, il existe diff\u00e9rents mod\u00e8les [&hellip;]<\/p>\n","protected":false},"author":1,"featured_media":0,"parent":0,"menu_order":0,"comment_status":"closed","ping_status":"closed","template":"","meta":{"_et_pb_use_builder":"on","_et_pb_old_content":"","_et_gb_content_width":"","footnotes":""},"class_list":["post-2276","page","type-page","status-publish","hentry"],"_links":{"self":[{"href":"https:\/\/fur.ca\/fr\/wp-json\/wp\/v2\/pages\/2276","targetHints":{"allow":["GET"]}}],"collection":[{"href":"https:\/\/fur.ca\/fr\/wp-json\/wp\/v2\/pages"}],"about":[{"href":"https:\/\/fur.ca\/fr\/wp-json\/wp\/v2\/types\/page"}],"author":[{"embeddable":true,"href":"https:\/\/fur.ca\/fr\/wp-json\/wp\/v2\/users\/1"}],"replies":[{"embeddable":true,"href":"https:\/\/fur.ca\/fr\/wp-json\/wp\/v2\/comments?post=2276"}],"version-history":[{"count":5,"href":"https:\/\/fur.ca\/fr\/wp-json\/wp\/v2\/pages\/2276\/revisions"}],"predecessor-version":[{"id":3498,"href":"https:\/\/fur.ca\/fr\/wp-json\/wp\/v2\/pages\/2276\/revisions\/3498"}],"wp:attachment":[{"href":"https:\/\/fur.ca\/fr\/wp-json\/wp\/v2\/media?parent=2276"}],"curies":[{"name":"wp","href":"https:\/\/api.w.org\/{rel}","templated":true}]}}