{"id":2267,"date":"2023-10-11T12:22:09","date_gmt":"2023-10-11T16:22:09","guid":{"rendered":"https:\/\/fic.acxcomdev.com\/lignes-directrices-pour-lelevage-danimaux-a-fourrure\/"},"modified":"2024-06-11T16:31:39","modified_gmt":"2024-06-11T20:31:39","slug":"lignes-directrices-pour-lelevage-danimaux-a-fourrure","status":"publish","type":"page","link":"https:\/\/fur.ca\/fr\/le-piegeage\/lignes-directrices-pour-lelevage-danimaux-a-fourrure\/","title":{"rendered":"Lignes directrices"},"content":{"rendered":"<p>[et_pb_section fb_built=\u00a0\u00bb1&Prime; _builder_version=\u00a0\u00bb4.22.1&Prime; _module_preset=\u00a0\u00bbdefault\u00a0\u00bb background_color=\u00a0\u00bb#DDDDDD\u00a0\u00bb custom_padding=\u00a0\u00bb0px||0px|||\u00a0\u00bb global_colors_info=\u00a0\u00bb{}\u00a0\u00bb][et_pb_row _builder_version=\u00a0\u00bb4.22.1&Prime; _module_preset=\u00a0\u00bbdefault\u00a0\u00bb global_colors_info=\u00a0\u00bb{}\u00a0\u00bb][et_pb_column type=\u00a0\u00bb4_4&Prime; _builder_version=\u00a0\u00bb4.22.1&Prime; _module_preset=\u00a0\u00bbdefault\u00a0\u00bb global_colors_info=\u00a0\u00bb{}\u00a0\u00bb][et_pb_text admin_label=\u00a0\u00bbCare Guidelines for Fur Farming\u00a0\u00bb _builder_version=\u00a0\u00bb4.23.1&Prime; _module_preset=\u00a0\u00bbdefault\u00a0\u00bb header_font=\u00a0\u00bb|700||on|||||\u00a0\u00bb header_text_color=\u00a0\u00bb#123113&Prime; global_colors_info=\u00a0\u00bb{}\u00a0\u00bb]<\/p>\n<h1>LIGNES DIRECTRICES POUR L&rsquo;\u00c9LEVAGE D&rsquo;ANIMAUX \u00c0 FOURRURE<\/h1>\n<p>[\/et_pb_text][\/et_pb_column][\/et_pb_row][\/et_pb_section][et_pb_section fb_built=\u00a0\u00bb1&Prime; _builder_version=\u00a0\u00bb4.22.1&Prime; _module_preset=\u00a0\u00bbdefault\u00a0\u00bb global_colors_info=\u00a0\u00bb{}\u00a0\u00bb][et_pb_row _builder_version=\u00a0\u00bb4.22.1&Prime; _module_preset=\u00a0\u00bbdefault\u00a0\u00bb global_colors_info=\u00a0\u00bb{}\u00a0\u00bb][et_pb_column type=\u00a0\u00bb4_4&Prime; _builder_version=\u00a0\u00bb4.22.1&Prime; _module_preset=\u00a0\u00bbdefault\u00a0\u00bb global_colors_info=\u00a0\u00bb{}\u00a0\u00bb][et_pb_image src=\u00a0\u00bbhttps:\/\/fur.ca\/wp-content\/uploads\/2023\/10\/Farming-care-square.png\u00a0\u00bb title_text=\u00a0\u00bbFarming-care-square\u00a0\u00bb align=\u00a0\u00bbcenter\u00a0\u00bb force_fullwidth=\u00a0\u00bbon\u00a0\u00bb admin_label=\u00a0\u00bbImage\u00a0\u00bb _builder_version=\u00a0\u00bb4.22.2&Prime; _module_preset=\u00a0\u00bbdefault\u00a0\u00bb custom_padding=\u00a0\u00bb||0px||false|false\u00a0\u00bb global_colors_info=\u00a0\u00bb{}\u00a0\u00bb][\/et_pb_image][et_pb_text admin_label=\u00a0\u00bbCaption\u00a0\u00bb module_class=\u00a0\u00bbjb-text-spacing\u00a0\u00bb _builder_version=\u00a0\u00bb4.23.1&Prime; _module_preset=\u00a0\u00bbdefault\u00a0\u00bb header_2_text_color=\u00a0\u00bb#123113&Prime; header_3_font=\u00a0\u00bb||||||||\u00a0\u00bb header_3_text_color=\u00a0\u00bb#123113&Prime; header_4_text_color=\u00a0\u00bb#123113&Prime; header_4_font_size=\u00a0\u00bb29px\u00a0\u00bb global_colors_info=\u00a0\u00bb{}\u00a0\u00bb]<\/p>\n<p><em>Photo: <span style=\"text-decoration: underline;\"><a href=\"https:\/\/canadamink.ca\/\" target=\"_blank\" rel=\"noopener\">: Association des \u00e9leveurs de visons du Canada<\/a><\/span><\/em><\/p>\n<p>[\/et_pb_text][et_pb_text module_class=\u00a0\u00bbjb-text-spacing\u00a0\u00bb _builder_version=\u00a0\u00bb4.23.1&Prime; _module_preset=\u00a0\u00bbdefault\u00a0\u00bb header_2_text_color=\u00a0\u00bb#123113&Prime; header_3_font=\u00a0\u00bb||||||||\u00a0\u00bb header_3_text_color=\u00a0\u00bb#123113&Prime; header_4_text_color=\u00a0\u00bb#123113&Prime; header_4_font_size=\u00a0\u00bb29px\u00a0\u00bb custom_padding=\u00a0\u00bb30px||0px|||\u00a0\u00bb global_colors_info=\u00a0\u00bb{}\u00a0\u00bb]<\/p>\n<p>Depuis les d\u00e9buts de l&rsquo;\u00e9levage d&rsquo;animaux \u00e0 fourrure sur l&rsquo;\u00cele-du-Prince-\u00c9douard dans les ann\u00e9es 1890, les Canadiens ont tent\u00e9 de domestiquer plusieurs esp\u00e8ces d&rsquo;animaux \u00e0 fourrure, certaines tentatives ayant \u00e9t\u00e9 plus fructueuses que d&rsquo;autres. Aujourd&rsquo;hui, presque toutes les fermes \u00e0 fourrure du Canada \u00e9l\u00e8vent soit le vison d&rsquo;Am\u00e9rique (<em>Neogale vison<\/em>), soit le renard roux ou sa forme m\u00e9lanis\u00e9e, le renard argent\u00e9 (<em>Vulpes vulpes<\/em>).<\/p>\n<p>Les \u00e9leveurs canadiens produisent des visons et des renards parmi les plus beaux du monde, ce qui n&rsquo;est possible que parce qu&rsquo;ils donnent \u00e0 leurs animaux une excellente alimentation et des soins v\u00e9t\u00e9rinaires fond\u00e9s sur de nombreuses ann\u00e9es de recherche scientifique.<\/p>\n<p>Les \u00e9leveurs accordent \u00e9galement une grande importance au bien-\u00eatre de leurs animaux. Les lois nationales, provinciales et territoriales prot\u00e8gent tous les animaux domestiques contre la cruaut\u00e9 et la n\u00e9gligence, mais les \u00e9leveurs d&rsquo;animaux \u00e0 fourrure compl\u00e8tent ces lois en adh\u00e9rant \u00e9galement \u00e0 des codes de pratiques \u00e9labor\u00e9s en fonction du bien-\u00eatre de leurs animaux sp\u00e9cifiques.<\/p>\n<p>Ces codes de pratique sont maintenus et mis \u00e0 jour pour un large \u00e9ventail d&rsquo;animaux d&rsquo;\u00e9levage par le <span style=\"text-decoration: underline;\"><a href=\"https:\/\/www.nfacc.ca\/francais\" target=\"_blank\" rel=\"noopener\">Conseil national pour les soins aux animaux d\u2019\u00e9levage (CNSAE)<\/a><\/span>, un partenariat unique de collaboration entre diverses parties prenantes, y compris des groupes de protection des animaux, des r\u00e9gulateurs gouvernementaux, des scientifiques et des agriculteurs.<\/p>\n<p><span style=\"text-decoration: underline;\"><a href=\"https:\/\/www.nfacc.ca\/codes-de-pratiques\/visons\" target=\"_blank\" rel=\"noopener\">Le Code de pratique pour les soins et la manipulation des visons d&rsquo;\u00e9levage est sp\u00e9cifiquement adapt\u00e9 \u00e0 l&rsquo;\u00e9levage des visons<\/a><\/span>.<\/p>\n<p>Pour l&rsquo;\u00e9levage du renard, il existe <span style=\"text-decoration: underline;\"><a href=\"https:\/\/www.nfacc.ca\/codes-de-pratiques\/renards-delevage\" target=\"_blank\" rel=\"noopener\">le code de pratiques pour les soins et la manipulation des renards d&rsquo;\u00e9levage (<em>Vulpes vulpes<\/em>)<\/a><\/span>.<\/p>\n<p>Les codes relatifs aux visons et aux renards contiennent des sections sur l&rsquo;h\u00e9bergement et le logement, la bios\u00e9curit\u00e9, l&rsquo;alimentation et l&rsquo;eau, la gestion de la sant\u00e9 et du bien-\u00eatre, l&rsquo;\u00e9levage, l&rsquo;euthanasie et le transport.<\/p>\n<p>[\/et_pb_text][\/et_pb_column][\/et_pb_row][et_pb_row column_structure=\u00a0\u00bb1_2,1_2&Prime; _builder_version=\u00a0\u00bb4.23&Prime; _module_preset=\u00a0\u00bbdefault\u00a0\u00bb global_colors_info=\u00a0\u00bb{}\u00a0\u00bb][et_pb_column type=\u00a0\u00bb1_2&Prime; _builder_version=\u00a0\u00bb4.23&Prime; _module_preset=\u00a0\u00bbdefault\u00a0\u00bb global_colors_info=\u00a0\u00bb{}\u00a0\u00bb][et_pb_text admin_label=\u00a0\u00bbprevious\u00a0\u00bb _builder_version=\u00a0\u00bb4.25.0&Prime; _module_preset=\u00a0\u00bbdefault\u00a0\u00bb link_option_url=\u00a0\u00bbhttps:\/\/fur.ca\/fr\/le-piegeage\/empreinte-ecologique-de-lelevage-danimaux-a-fourrure\/\u00a0\u00bb hover_enabled=\u00a0\u00bb0&Prime; global_colors_info=\u00a0\u00bb{}\u00a0\u00bb sticky_enabled=\u00a0\u00bb0&Prime;]<\/p>\n<div class=\"previous-page-left\">\n<h3><img loading=\"lazy\" decoding=\"async\" class=\"wp-image-1334 alignnone size-full\" src=\"https:\/\/fur.ca\/wp-content\/uploads\/2023\/10\/left-arrow.png\" alt=\"\" width=\"27\" height=\"43\" \/><span style=\"padding-left: 30px;\"> Page pr\u00e9c\u00e9dente : Empreinte \u00e9cologique<\/span><\/h3>\n<\/div>\n<p>[\/et_pb_text][\/et_pb_column][et_pb_column type=\u00a0\u00bb1_2&Prime; _builder_version=\u00a0\u00bb4.23&Prime; _module_preset=\u00a0\u00bbdefault\u00a0\u00bb global_colors_info=\u00a0\u00bb{}\u00a0\u00bb][et_pb_text admin_label=\u00a0\u00bbnext\u00a0\u00bb _builder_version=\u00a0\u00bb4.25.0&Prime; _module_preset=\u00a0\u00bbdefault\u00a0\u00bb text_orientation=\u00a0\u00bbright\u00a0\u00bb link_option_url=\u00a0\u00bb@ET-DC@eyJkeW5hbWljIjp0cnVlLCJjb250ZW50IjoicG9zdF9saW5rX3VybF9wYWdlIiwic2V0dGluZ3MiOnsicG9zdF9pZCI6IjEzOTUifX0=@\u00a0\u00bb hover_enabled=\u00a0\u00bb0&Prime; global_colors_info=\u00a0\u00bb{}\u00a0\u00bb _dynamic_attributes=\u00a0\u00bblink_option_url\u00a0\u00bb sticky_enabled=\u00a0\u00bb0&Prime;]<\/p>\n<div class=\"previous-page-right\">\n<h3><span style=\"padding-right: 30px;\">Page suivante : L\u2019\u00e9levage des visons<\/span><img loading=\"lazy\" decoding=\"async\" class=\"wp-image-1335 alignnone size-full\" src=\"https:\/\/fur.ca\/wp-content\/uploads\/2023\/10\/right-arrow.png\" alt=\"\" width=\"27\" height=\"43\" \/><\/h3>\n<\/div>\n<p>[\/et_pb_text][\/et_pb_column][\/et_pb_row][\/et_pb_section]<\/p>\n","protected":false},"excerpt":{"rendered":"<p>LIGNES DIRECTRICES POUR L&rsquo;\u00c9LEVAGE D&rsquo;ANIMAUX \u00c0 FOURRUREPhoto: : Association des \u00e9leveurs de visons du CanadaDepuis les d\u00e9buts de l&rsquo;\u00e9levage d&rsquo;animaux \u00e0 fourrure sur l&rsquo;\u00cele-du-Prince-\u00c9douard dans les ann\u00e9es 1890, les Canadiens ont tent\u00e9 de domestiquer plusieurs esp\u00e8ces d&rsquo;animaux \u00e0 fourrure, certaines tentatives ayant \u00e9t\u00e9 plus fructueuses que d&rsquo;autres. Aujourd&rsquo;hui, presque toutes les fermes \u00e0 fourrure du [&hellip;]<\/p>\n","protected":false},"author":1,"featured_media":0,"parent":2547,"menu_order":0,"comment_status":"closed","ping_status":"closed","template":"","meta":{"_et_pb_use_builder":"on","_et_pb_old_content":"","_et_gb_content_width":"","footnotes":""},"class_list":["post-2267","page","type-page","status-publish","hentry"],"_links":{"self":[{"href":"https:\/\/fur.ca\/fr\/wp-json\/wp\/v2\/pages\/2267","targetHints":{"allow":["GET"]}}],"collection":[{"href":"https:\/\/fur.ca\/fr\/wp-json\/wp\/v2\/pages"}],"about":[{"href":"https:\/\/fur.ca\/fr\/wp-json\/wp\/v2\/types\/page"}],"author":[{"embeddable":true,"href":"https:\/\/fur.ca\/fr\/wp-json\/wp\/v2\/users\/1"}],"replies":[{"embeddable":true,"href":"https:\/\/fur.ca\/fr\/wp-json\/wp\/v2\/comments?post=2267"}],"version-history":[{"count":5,"href":"https:\/\/fur.ca\/fr\/wp-json\/wp\/v2\/pages\/2267\/revisions"}],"predecessor-version":[{"id":3507,"href":"https:\/\/fur.ca\/fr\/wp-json\/wp\/v2\/pages\/2267\/revisions\/3507"}],"up":[{"embeddable":true,"href":"https:\/\/fur.ca\/fr\/wp-json\/wp\/v2\/pages\/2547"}],"wp:attachment":[{"href":"https:\/\/fur.ca\/fr\/wp-json\/wp\/v2\/media?parent=2267"}],"curies":[{"name":"wp","href":"https:\/\/api.w.org\/{rel}","templated":true}]}}