{"id":2264,"date":"2023-10-11T17:20:19","date_gmt":"2023-10-11T21:20:19","guid":{"rendered":"https:\/\/fic.acxcomdev.com\/empreinte-ecologique-de-lelevage-danimaux-a-fourrure\/"},"modified":"2025-02-28T23:56:49","modified_gmt":"2025-03-01T04:56:49","slug":"empreinte-ecologique-de-lelevage-danimaux-a-fourrure","status":"publish","type":"page","link":"https:\/\/fur.ca\/fr\/le-piegeage\/empreinte-ecologique-de-lelevage-danimaux-a-fourrure\/","title":{"rendered":"Empreinte \u00e9cologique"},"content":{"rendered":"<p>[et_pb_section fb_built=\u00a0\u00bb1&Prime; _builder_version=\u00a0\u00bb4.22.1&Prime; _module_preset=\u00a0\u00bbdefault\u00a0\u00bb background_color=\u00a0\u00bb#DDDDDD\u00a0\u00bb custom_padding=\u00a0\u00bb0px||0px|||\u00a0\u00bb global_colors_info=\u00a0\u00bb{}\u00a0\u00bb][et_pb_row _builder_version=\u00a0\u00bb4.22.1&Prime; _module_preset=\u00a0\u00bbdefault\u00a0\u00bb global_colors_info=\u00a0\u00bb{}\u00a0\u00bb][et_pb_column type=\u00a0\u00bb4_4&Prime; _builder_version=\u00a0\u00bb4.22.1&Prime; _module_preset=\u00a0\u00bbdefault\u00a0\u00bb global_colors_info=\u00a0\u00bb{}\u00a0\u00bb][et_pb_text admin_label=\u00a0\u00bbECOLOGICAL FOOTPRINT OF FUR FARMING\u00a0\u00bb _builder_version=\u00a0\u00bb4.22.2&Prime; _module_preset=\u00a0\u00bbdefault\u00a0\u00bb header_font=\u00a0\u00bb|700|||||||\u00a0\u00bb header_text_color=\u00a0\u00bb#123113&Prime; global_colors_info=\u00a0\u00bb{}\u00a0\u00bb]<\/p>\n<h1>EMPREINTE \u00c9COLOGIQUE DE L&rsquo;\u00c9LEVAGE D&rsquo;ANIMAUX \u00c0 FOURRURE<\/h1>\n<p>[\/et_pb_text][\/et_pb_column][\/et_pb_row][\/et_pb_section][et_pb_section fb_built=\u00a0\u00bb1&Prime; _builder_version=\u00a0\u00bb4.22.1&Prime; _module_preset=\u00a0\u00bbdefault\u00a0\u00bb global_colors_info=\u00a0\u00bb{}\u00a0\u00bb][et_pb_row _builder_version=\u00a0\u00bb4.22.1&Prime; _module_preset=\u00a0\u00bbdefault\u00a0\u00bb global_colors_info=\u00a0\u00bb{}\u00a0\u00bb][et_pb_column type=\u00a0\u00bb4_4&Prime; _builder_version=\u00a0\u00bb4.22.1&Prime; _module_preset=\u00a0\u00bbdefault\u00a0\u00bb global_colors_info=\u00a0\u00bb{}\u00a0\u00bb][et_pb_image title_text=\u00a0\u00bbFarming-ecological-square\u00a0\u00bb align=\u00a0\u00bbcenter\u00a0\u00bb force_fullwidth=\u00a0\u00bbon\u00a0\u00bb admin_label=\u00a0\u00bbImage\u00a0\u00bb _builder_version=\u00a0\u00bb4.27.4&Prime; _module_preset=\u00a0\u00bbdefault\u00a0\u00bb custom_padding=\u00a0\u00bb||0px||false|false\u00a0\u00bb global_colors_info=\u00a0\u00bb{}\u00a0\u00bb src=\u00a0\u00bbhttps:\/\/fur.ca\/wp-content\/uploads\/2025\/02\/Farming-ecological-square.jpg\u00a0\u00bb hover_enabled=\u00a0\u00bb0&Prime; sticky_enabled=\u00a0\u00bb0&Prime;][\/et_pb_image][et_pb_text admin_label=\u00a0\u00bbCaption\u00a0\u00bb _builder_version=\u00a0\u00bb4.23.1&Prime; _module_preset=\u00a0\u00bbdefault\u00a0\u00bb global_colors_info=\u00a0\u00bb{}\u00a0\u00bb]<\/p>\n<p><em>Photo: <span style=\"text-decoration: underline;\"><a href=\"https:\/\/canadamink.ca\/\" target=\"_blank\" rel=\"noopener\">Association des \u00e9leveurs de visons du Canada<\/a><\/span><\/em><\/p>\n<p>[\/et_pb_text][et_pb_text admin_label=\u00a0\u00bbHere are some quick answers to common questions about the fur trade\u00a0\u00bb _builder_version=\u00a0\u00bb4.25.0&Prime; _module_preset=\u00a0\u00bbdefault\u00a0\u00bb header_2_font=\u00a0\u00bb|700|||||||\u00a0\u00bb header_2_text_color=\u00a0\u00bb#123113&Prime; header_3_font=\u00a0\u00bb|700||on|||||\u00a0\u00bb header_3_text_color=\u00a0\u00bb#123113&Prime; custom_padding=\u00a0\u00bb30px||||false|false\u00a0\u00bb global_colors_info=\u00a0\u00bb{}\u00a0\u00bb]<\/p>\n<p>Toutes les activit\u00e9s humaines laissent des empreintes \u00e9cologiques, mais en tant que gardiens de la plan\u00e8te pour les g\u00e9n\u00e9rations futures, nous devons tous essayer de laisser des empreintes r\u00e9duites. Pour les activit\u00e9s \u00e0 but lucratif, comme l&rsquo;\u00e9levage d&rsquo;animaux \u00e0 fourrure, cela signifie qu&rsquo;il faut suivre des pratiques qui ont un sens commercial tout en \u00e9tant durables.<\/p>\n<p>Les \u00e9leveurs de fourrure s&rsquo;efforcent d&rsquo;atteindre cet \u00e9quilibre de diff\u00e9rentes mani\u00e8res.<\/p>\n<h3>UNE RESSOURCE DURABLE<\/h3>\n<p>La principale raison pour laquelle l&rsquo;\u00e9levage d&rsquo;animaux \u00e0 fourrure laisse une faible empreinte \u00e9cologique est la ressource elle-m\u00eame. Comme tous les animaux d&rsquo;\u00e9levage, les animaux \u00e0 fourrure sont une ressource naturelle renouvelable. De nouveaux animaux peuvent toujours \u00eatre \u00e9lev\u00e9s, et leurs produits et d\u00e9chets se biod\u00e9gradent pour que la nature puisse les recycler en tant que nouvelles ressources. Cette situation contraste fortement avec les mat\u00e9riaux synth\u00e9tiques p\u00e9trochimiques utilis\u00e9s pour fabriquer la plupart de nos v\u00eatements aujourd&rsquo;hui. Le p\u00e9trole utilis\u00e9 comme mati\u00e8re premi\u00e8re est une ressource limit\u00e9e, et ses processus d&rsquo;extraction et de fabrication sont notoirement polluants. Et une fois qu&rsquo;il a rempli sa fonction, un v\u00eatement synth\u00e9tique p\u00e9trochimique n&rsquo;est pas biod\u00e9gradable.<\/p>\n<h3>R\u00c9DUIRE LA PRESSION SUR LA FAUNE<\/h3>\n<p>L&rsquo;agriculture joue un r\u00f4le essentiel dans la r\u00e9duction de la pression exerc\u00e9e sur les ressources sauvages. En effet, sans l&rsquo;agriculture, il ne serait tout simplement pas possible de nourrir et d&rsquo;habiller les 8 milliards d&rsquo;habitants de la Terre. D&rsquo;autres facteurs entrent en jeu, mais l&rsquo;essor de l&rsquo;\u00e9levage d&rsquo;animaux \u00e0 fourrure au si\u00e8cle dernier est l&rsquo;une des principales raisons pour lesquelles les animaux \u00e0 fourrure sauvages ne sont plus menac\u00e9s par le commerce de la fourrure.<\/p>\n<h3>R\u00c9DUIRE LE GASPILLAGE ALIMENTAIRE<\/h3>\n<p>La production de prot\u00e9ines animales destin\u00e9es \u00e0 la consommation humaine g\u00e9n\u00e8re d&rsquo;\u00e9normes quantit\u00e9s de d\u00e9chets. Il y a des parties d&rsquo;animaux que nous ne mangeons pas, ainsi que des produits qui arrivent sur le march\u00e9 mais qui expirent avant d&rsquo;\u00eatre vendus, comme les \u0153ufs et le fromage. Tous ces d\u00e9chets finiraient dans des d\u00e9charges si chaque maillon de la cha\u00eene de production alimentaire ne s&rsquo;effor\u00e7ait pas de r\u00e9duire les co\u00fbts en les utilisant \u00e0 bon escient. Les \u00e9leveurs d&rsquo;animaux \u00e0 fourrure jouent leur r\u00f4le en achetant des parties d&rsquo;animaux non d\u00e9sir\u00e9es et des produits p\u00e9rim\u00e9s, et en les utilisant comme aliments riches en prot\u00e9ines. Ils r\u00e9duisent ainsi leurs co\u00fbts et ceux de leurs fournisseurs, tout en r\u00e9duisant les d\u00e9chets dans les d\u00e9charges.<\/p>\n<h3>UTILISER L&rsquo;ANIMAL ENTIER<\/h3>\n<p>Tout comme les \u00e9leveurs d&rsquo;animaux \u00e0 fourrure utilisent les d\u00e9chets des producteurs et des d\u00e9taillants de denr\u00e9es alimentaires, ils s&rsquo;efforcent de minimiser leurs propres d\u00e9chets. En tant qu&rsquo;utilisateurs d&rsquo;animaux, cet aspect est particuli\u00e8rement important d&rsquo;un point de vue \u00e9thique (voir FAQ <span style=\"text-decoration: underline;\"><a href=\"https:\/\/fur.ca\/fr\/faqs\/#la-fourrure-est-elle-un-choix-vestimentaire-ethique\" rel=\"noopener\">La fourrure est-elle un choix vestimentaire \u00e9thique<\/a><\/span> ?). Si la vie des animaux est sacrifi\u00e9e au profit de l&rsquo;homme, l&rsquo;\u00e9thique exige que nous utilisions les animaux de la mani\u00e8re la plus compl\u00e8te possible.<\/p>\n<p>Ainsi, outre les peaux qui constituent le produit principal, les \u00e9leveurs utilisent \u00e9galement les carcasses et le fumier. Dans le cas du vison, le produit secondaire le plus important est la couche de graisse situ\u00e9e sous la peau. Celle-ci peut \u00eatre <span style=\"text-decoration: underline;\"><a href=\"https:\/\/www.truthaboutfur.com\/versatile-mink-oil-an-under-appreciated-resource\/\" target=\"_blank\" rel=\"noopener\">transform\u00e9e en huile<\/a><\/span> pour la fabrication de produits cosm\u00e9tiques hypoallerg\u00e9niques ou pour imperm\u00e9abiliser et pr\u00e9server les articles en cuir, ou encore pour produire du biocarburant. Quant au reste des carcasses, il est g\u00e9n\u00e9ralement compost\u00e9 avec la paille souill\u00e9e et les copeaux de bois utilis\u00e9s dans les parcs \u00e0 visons pour la liti\u00e8re, afin de produire un engrais organique pour les cultures. Dans les r\u00e9gions c\u00f4ti\u00e8res, cependant, les carcasses de vison sont appr\u00e9ci\u00e9es comme app\u00e2t pour les crabes.<\/p>\n<h3>TERRES MARGINALES<\/h3>\n<p>Toutes les terres ne se pr\u00eatent pas \u00e0 des utilisations telles que la culture, le d\u00e9veloppement ou les loisirs. Mais avec l&rsquo;\u00e9levage d&rsquo;animaux \u00e0 fourrure, m\u00eame les terres les plus marginales peuvent \u00eatre rendues productives. L&rsquo;\u00e9levage d&rsquo;animaux \u00e0 fourrure est \u00e9galement bien adapt\u00e9 aux r\u00e9gions froides o\u00f9 la saison de croissance des cultures est courte. En effet, de nombreuses fermes d&rsquo;\u00e9levage d&rsquo;animaux \u00e0 fourrure produisent \u00e9galement des cultures, car les exigences de l&rsquo;\u00e9levage d&rsquo;animaux \u00e0 fourrure sont plus importantes pendant les mois froids, tandis que les cultures n\u00e9cessitent plus de temps au printemps et en \u00e9t\u00e9.<\/p>\n<h3>SOUTENIR LES COMMUNAUT\u00c9S RURALES<\/h3>\n<p>\u00c0 une \u00e9poque o\u00f9 les pays du monde entier s&rsquo;efforcent de maintenir les populations sur les terres et hors des villes, l&rsquo;\u00e9levage d&rsquo;animaux \u00e0 fourrure fournit des emplois et des revenus aux communaut\u00e9s rurales. Les \u00e9leveurs d&rsquo;animaux \u00e0 fourrure y trouvent \u00e9galement leur compte, car le co\u00fbt de la main-d&rsquo;\u0153uvre est moins \u00e9lev\u00e9 dans les zones rurales<\/p>\n<p>[\/et_pb_text][et_pb_code _builder_version=\u00a0\u00bb4.22.2&Prime; _module_preset=\u00a0\u00bbdefault\u00a0\u00bb custom_margin=\u00a0\u00bb30px||||false|false\u00a0\u00bb global_colors_info=\u00a0\u00bb{}\u00a0\u00bb]<pee><iframe loading=\"lazy\" title=\"YouTube video player\" src=\"https:\/\/www.youtube.com\/embed\/pvmZ_Z7bROU?si=9qjQZyYPiGemz0vt\" width=\"560\" height=\"315\" frameborder=\"0\" allowfullscreen=\"allowfullscreen\"><\/iframe><\/pee>[\/et_pb_code][\/et_pb_column][\/et_pb_row][et_pb_row column_structure=\u00a0\u00bb1_2,1_2&Prime; _builder_version=\u00a0\u00bb4.23&Prime; _module_preset=\u00a0\u00bbdefault\u00a0\u00bb global_colors_info=\u00a0\u00bb{}\u00a0\u00bb][et_pb_column type=\u00a0\u00bb1_2&Prime; _builder_version=\u00a0\u00bb4.23&Prime; _module_preset=\u00a0\u00bbdefault\u00a0\u00bb global_colors_info=\u00a0\u00bb{}\u00a0\u00bb][et_pb_text admin_label=\u00a0\u00bbprevious\u00a0\u00bb _builder_version=\u00a0\u00bb4.23.1&Prime; _module_preset=\u00a0\u00bbdefault\u00a0\u00bb link_option_url=\u00a0\u00bbhttps:\/\/fur.ca\/fr\/le-piegeage\/debuts-historique\/\u00a0\u00bb global_colors_info=\u00a0\u00bb{}\u00a0\u00bb]<\/p>\n<div class=\"previous-page-left\">\n<h3><img loading=\"lazy\" decoding=\"async\" class=\"wp-image-1334 alignnone size-full\" src=\"https:\/\/fur.ca\/wp-content\/uploads\/2023\/10\/left-arrow.png\" alt=\"\" width=\"27\" height=\"43\" \/> <span style=\"padding-left: 30px;\">Page pr\u00e9c\u00e9dente: D\u00e9buts historiques<\/span><\/h3>\n<\/div>\n<p>[\/et_pb_text][\/et_pb_column][et_pb_column type=\u00a0\u00bb1_2&Prime; _builder_version=\u00a0\u00bb4.23&Prime; _module_preset=\u00a0\u00bbdefault\u00a0\u00bb global_colors_info=\u00a0\u00bb{}\u00a0\u00bb][et_pb_text admin_label=\u00a0\u00bbnext\u00a0\u00bb _builder_version=\u00a0\u00bb4.24.2&Prime; _module_preset=\u00a0\u00bbdefault\u00a0\u00bb text_orientation=\u00a0\u00bbright\u00a0\u00bb link_option_url=\u00a0\u00bbhttps:\/\/fur.ca\/fr\/le-piegeage\/lignes-directrices-pour-lelevage-danimaux-a-fourrure\/\u00a0\u00bb global_colors_info=\u00a0\u00bb{}\u00a0\u00bb]<\/p>\n<div class=\"previous-page-right\">\n<h3><span style=\"padding-right: 30px;\">Page suivante: Lignes directrices en mati\u00e8re de soins<\/span><img loading=\"lazy\" decoding=\"async\" class=\"wp-image-1335 alignnone size-full\" src=\"https:\/\/fur.ca\/wp-content\/uploads\/2023\/10\/right-arrow.png\" alt=\"\" width=\"27\" height=\"43\" \/><\/h3>\n<\/div>\n<p>[\/et_pb_text][\/et_pb_column][\/et_pb_row][\/et_pb_section]<\/p>\n","protected":false},"excerpt":{"rendered":"<p>EMPREINTE \u00c9COLOGIQUE DE L&rsquo;\u00c9LEVAGE D&rsquo;ANIMAUX \u00c0 FOURRUREPhoto: Association des \u00e9leveurs de visons du CanadaToutes les activit\u00e9s humaines laissent des empreintes \u00e9cologiques, mais en tant que gardiens de la plan\u00e8te pour les g\u00e9n\u00e9rations futures, nous devons tous essayer de laisser des empreintes r\u00e9duites. Pour les activit\u00e9s \u00e0 but lucratif, comme l&rsquo;\u00e9levage d&rsquo;animaux \u00e0 fourrure, cela signifie [&hellip;]<\/p>\n","protected":false},"author":1,"featured_media":0,"parent":2547,"menu_order":0,"comment_status":"closed","ping_status":"closed","template":"","meta":{"_et_pb_use_builder":"on","_et_pb_old_content":"","_et_gb_content_width":"","footnotes":""},"class_list":["post-2264","page","type-page","status-publish","hentry"],"_links":{"self":[{"href":"https:\/\/fur.ca\/fr\/wp-json\/wp\/v2\/pages\/2264","targetHints":{"allow":["GET"]}}],"collection":[{"href":"https:\/\/fur.ca\/fr\/wp-json\/wp\/v2\/pages"}],"about":[{"href":"https:\/\/fur.ca\/fr\/wp-json\/wp\/v2\/types\/page"}],"author":[{"embeddable":true,"href":"https:\/\/fur.ca\/fr\/wp-json\/wp\/v2\/users\/1"}],"replies":[{"embeddable":true,"href":"https:\/\/fur.ca\/fr\/wp-json\/wp\/v2\/comments?post=2264"}],"version-history":[{"count":5,"href":"https:\/\/fur.ca\/fr\/wp-json\/wp\/v2\/pages\/2264\/revisions"}],"predecessor-version":[{"id":5887,"href":"https:\/\/fur.ca\/fr\/wp-json\/wp\/v2\/pages\/2264\/revisions\/5887"}],"up":[{"embeddable":true,"href":"https:\/\/fur.ca\/fr\/wp-json\/wp\/v2\/pages\/2547"}],"wp:attachment":[{"href":"https:\/\/fur.ca\/fr\/wp-json\/wp\/v2\/media?parent=2264"}],"curies":[{"name":"wp","href":"https:\/\/api.w.org\/{rel}","templated":true}]}}