{"id":2258,"date":"2023-11-21T14:55:06","date_gmt":"2023-11-21T19:55:06","guid":{"rendered":"https:\/\/fic.acxcomdev.com\/lelevage-des-visons\/"},"modified":"2025-03-01T04:00:57","modified_gmt":"2025-03-01T09:00:57","slug":"lelevage-des-visons","status":"publish","type":"page","link":"https:\/\/fur.ca\/fr\/le-piegeage\/lelevage-des-visons\/","title":{"rendered":"L&rsquo;\u00e9levage des visons"},"content":{"rendered":"<p>[et_pb_section fb_built=\u00a0\u00bb1&Prime; _builder_version=\u00a0\u00bb4.22.1&Prime; _module_preset=\u00a0\u00bbdefault\u00a0\u00bb background_color=\u00a0\u00bb#DDDDDD\u00a0\u00bb custom_padding=\u00a0\u00bb0px||0px|||\u00a0\u00bb global_colors_info=\u00a0\u00bb{}\u00a0\u00bb][et_pb_row _builder_version=\u00a0\u00bb4.22.1&Prime; _module_preset=\u00a0\u00bbdefault\u00a0\u00bb global_colors_info=\u00a0\u00bb{}\u00a0\u00bb][et_pb_column type=\u00a0\u00bb4_4&Prime; _builder_version=\u00a0\u00bb4.22.1&Prime; _module_preset=\u00a0\u00bbdefault\u00a0\u00bb global_colors_info=\u00a0\u00bb{}\u00a0\u00bb][et_pb_text admin_label=\u00a0\u00bbMink Farming\u00a0\u00bb _builder_version=\u00a0\u00bb4.23.1&Prime; _module_preset=\u00a0\u00bbdefault\u00a0\u00bb header_font=\u00a0\u00bb|700||on|||||\u00a0\u00bb header_text_color=\u00a0\u00bb#123113&Prime; global_colors_info=\u00a0\u00bb{}\u00a0\u00bb]<\/p>\n<h1>L&rsquo;\u00c9LEVAGE DES VISONS<\/h1>\n<p>[\/et_pb_text][\/et_pb_column][\/et_pb_row][\/et_pb_section][et_pb_section fb_built=\u00a0\u00bb1&Prime; _builder_version=\u00a0\u00bb4.22.1&Prime; _module_preset=\u00a0\u00bbdefault\u00a0\u00bb global_colors_info=\u00a0\u00bb{}\u00a0\u00bb][et_pb_row _builder_version=\u00a0\u00bb4.22.1&Prime; _module_preset=\u00a0\u00bbdefault\u00a0\u00bb global_colors_info=\u00a0\u00bb{}\u00a0\u00bb][et_pb_column type=\u00a0\u00bb4_4&Prime; _builder_version=\u00a0\u00bb4.22.1&Prime; _module_preset=\u00a0\u00bbdefault\u00a0\u00bb global_colors_info=\u00a0\u00bb{}\u00a0\u00bb][et_pb_image src=\u00a0\u00bbhttps:\/\/fur.ca\/wp-content\/uploads\/2023\/11\/mink-farming-shed.png\u00a0\u00bb title_text=\u00a0\u00bbmink-farming-shed\u00a0\u00bb url_new_window=\u00a0\u00bbon\u00a0\u00bb align=\u00a0\u00bbcenter\u00a0\u00bb force_fullwidth=\u00a0\u00bbon\u00a0\u00bb admin_label=\u00a0\u00bbImage\u00a0\u00bb _builder_version=\u00a0\u00bb4.23.1&Prime; _module_preset=\u00a0\u00bbdefault\u00a0\u00bb custom_padding=\u00a0\u00bb||0px||false|false\u00a0\u00bb global_colors_info=\u00a0\u00bb{}\u00a0\u00bb][\/et_pb_image][et_pb_text admin_label=\u00a0\u00bbCaption\u00a0\u00bb module_class=\u00a0\u00bbjb-text-spacing\u00a0\u00bb _builder_version=\u00a0\u00bb4.23.1&Prime; _module_preset=\u00a0\u00bbdefault\u00a0\u00bb header_2_text_color=\u00a0\u00bb#123113&Prime; header_3_font=\u00a0\u00bb||||||||\u00a0\u00bb header_3_text_color=\u00a0\u00bb#123113&Prime; header_4_text_color=\u00a0\u00bb#123113&Prime; header_4_font_size=\u00a0\u00bb29px\u00a0\u00bb global_colors_info=\u00a0\u00bb{}\u00a0\u00bb]<\/p>\n<p><em>Photo: <span style=\"text-decoration: underline;\"><a href=\"https:\/\/canadamink.ca\/\" target=\"_blank\" rel=\"noopener\">Canada Mink Breeders Association<\/a><\/span><\/em><\/p>\n<p>[\/et_pb_text][et_pb_text module_class=\u00a0\u00bbjb-text-spacing\u00a0\u00bb _builder_version=\u00a0\u00bb4.25.0&Prime; _module_preset=\u00a0\u00bbdefault\u00a0\u00bb header_2_font=\u00a0\u00bb|700|||||||\u00a0\u00bb header_2_text_color=\u00a0\u00bb#123113&Prime; header_3_font=\u00a0\u00bb||||||||\u00a0\u00bb header_3_text_color=\u00a0\u00bb#123113&Prime; header_4_text_color=\u00a0\u00bb#123113&Prime; header_4_font_size=\u00a0\u00bb29px\u00a0\u00bb custom_padding=\u00a0\u00bb30px||0px||false|false\u00a0\u00bb global_colors_info=\u00a0\u00bb{}\u00a0\u00bb]<\/p>\n<p>Le vison d&rsquo;Am\u00e9rique (<em>Neogale vison<\/em>) est un membre de taille moyenne de la famille des belettes. Il s&rsquo;agit de l&rsquo;animal \u00e0 fourrure le plus important \u00e9lev\u00e9 aujourd&rsquo;hui, \u00e0 la fois en termes de nombre de peaux produites et de valeur de la fourrure.<\/p>\n<p>La premi\u00e8re tentative d&rsquo;\u00e9levage de visons a eu lieu pendant la guerre civile am\u00e9ricaine (1861-65), \u00e0 Cassadaga Lakes dans l&rsquo;\u00c9tat de New York, afin de fournir aux soldats des v\u00eatements chauds pour l&rsquo;hiver. Cette tentative a \u00e9t\u00e9 suivie \u00e0 Richmond Hill, en Ontario, o\u00f9 les fr\u00e8res Patterson ont <span style=\"text-decoration: underline;\"><a href=\"https:\/\/www.jkcc.com\/minkpeople\/ranch.html\" target=\"_blank\" rel=\"noopener\">construit un troupeau de 130 visons<\/a><\/span> dans les ann\u00e9es 1870. Mais il semble que ce n&rsquo;\u00e9tait qu&rsquo;une activit\u00e9 secondaire, voire un hobby, car leur principale activit\u00e9 \u00e9tait la fabrication de machines agricoles, et il n&rsquo;y a aucune trace de vente de peaux.<\/p>\n<h3><strong>LA VIE DANS UN \u00c9LEVAGE DE VISONS<\/strong><\/h3>\n<p>[\/et_pb_text][et_pb_image src=\u00a0\u00bbhttps:\/\/fur.ca\/wp-content\/uploads\/2023\/11\/mink-kits.png\u00a0\u00bb title_text=\u00a0\u00bbmink-kits\u00a0\u00bb url_new_window=\u00a0\u00bbon\u00a0\u00bb align=\u00a0\u00bbcenter\u00a0\u00bb force_fullwidth=\u00a0\u00bbon\u00a0\u00bb admin_label=\u00a0\u00bbImage\u00a0\u00bb _builder_version=\u00a0\u00bb4.27.4&Prime; _module_preset=\u00a0\u00bbdefault\u00a0\u00bb custom_padding=\u00a0\u00bb||0px||false|false\u00a0\u00bb hover_enabled=\u00a0\u00bb0&Prime; global_colors_info=\u00a0\u00bb{}\u00a0\u00bb sticky_enabled=\u00a0\u00bb0&Prime;][\/et_pb_image][et_pb_text admin_label=\u00a0\u00bbCaption\u00a0\u00bb module_class=\u00a0\u00bbjb-text-spacing\u00a0\u00bb _builder_version=\u00a0\u00bb4.23.1&Prime; _module_preset=\u00a0\u00bbdefault\u00a0\u00bb header_2_text_color=\u00a0\u00bb#123113&Prime; header_3_font=\u00a0\u00bb||||||||\u00a0\u00bb header_3_text_color=\u00a0\u00bb#123113&Prime; header_4_text_color=\u00a0\u00bb#123113&Prime; header_4_font_size=\u00a0\u00bb29px\u00a0\u00bb custom_padding=\u00a0\u00bb||30px||false|false\u00a0\u00bb global_colors_info=\u00a0\u00bb{}\u00a0\u00bb]<\/p>\n<p><em>Photo: <span style=\"text-decoration: underline;\"><a href=\"https:\/\/zimbalmink.com\" target=\"_blank\" rel=\"noopener\">Zimbal Mink Farm<\/a><\/span><\/em><\/p>\n<p>[\/et_pb_text][et_pb_text module_class=\u00a0\u00bbjb-text-spacing\u00a0\u00bb _builder_version=\u00a0\u00bb4.23.1&Prime; _module_preset=\u00a0\u00bbdefault\u00a0\u00bb header_2_font=\u00a0\u00bb|700|||||||\u00a0\u00bb header_2_text_color=\u00a0\u00bb#123113&Prime; header_3_font=\u00a0\u00bb||||||||\u00a0\u00bb header_3_text_color=\u00a0\u00bb#123113&Prime; header_4_text_color=\u00a0\u00bb#123113&Prime; header_4_font_size=\u00a0\u00bb29px\u00a0\u00bb custom_padding=\u00a0\u00bb||||false|false\u00a0\u00bb global_colors_info=\u00a0\u00bb{}\u00a0\u00bb]<\/p>\n<p>Les visons sont naturellement agressifs et doivent \u00eatre manipul\u00e9s avec pr\u00e9caution. Ils mordent rapidement, c&rsquo;est pourquoi les \u00e9leveurs portent g\u00e9n\u00e9ralement des gants en cuir \u00e9pais lorsqu&rsquo;ils manipulent des adultes.<\/p>\n<p>Les \u00e9tables (ou hangars) \u00e0 visons ne sont ni chauff\u00e9es ni isol\u00e9es. Les animaux sont \u00e9lev\u00e9s dans des conditions de lumi\u00e8re et de temp\u00e9rature naturelles, mais \u00e0 l&rsquo;abri de la lumi\u00e8re directe du soleil et du vent.<\/p>\n<p>Les visons adultes sont log\u00e9s dans des enclos individuels grillag\u00e9s, tandis que les m\u00e8res disposent d&rsquo;un nichoir pour la saison de reproduction.<\/p>\n<p>Les visons sont des carnivores et leur r\u00e9gime alimentaire se compose principalement de prot\u00e9ines animales. Les d\u00e9chets des usines de transformation du poisson et de la volaille, ainsi que les abats d&rsquo;abattoir, constituent 70 \u00e0 80 % de leur r\u00e9gime alimentaire. Le reste du r\u00e9gime alimentaire comprend des c\u00e9r\u00e9ales, des vitamines et des min\u00e9raux. Dans les r\u00e9gions o\u00f9 plusieurs \u00e9levages de visons sont proches les uns des autres, les aliments peuvent \u00eatre pr\u00e9par\u00e9s dans des cuisines centrales, tandis que les \u00e9levages plus isol\u00e9s les fabriquent eux-m\u00eames.<\/p>\n<p>La reproduction du vison a lieu une fois par an, \u00e0 la fin du mois de f\u00e9vrier et au d\u00e9but du mois de mars. L&rsquo;ovulation est provoqu\u00e9e par l&rsquo;accouplement et la dur\u00e9e de la gestation varie de 39 \u00e0 75 jours (moyenne de 51) en raison d&rsquo;un retard naturel dans l&rsquo;implantation des \u0153ufs f\u00e9cond\u00e9s. La femelle donne naissance \u00e0 une port\u00e9e de 1 \u00e0 12 petits (5 ou 6 en moyenne) entre fin avril et d\u00e9but mai, qu&rsquo;elle allaite pendant environ 6 semaines. Les petits sont sevr\u00e9s en juin. Jusqu&rsquo;\u00e0 trois petits sont g\u00e9n\u00e9ralement h\u00e9berg\u00e9s ensemble pendant le mois qui suit le sevrage.<\/p>\n<p>Les visons sont vaccin\u00e9s \u00e0 l&rsquo;\u00e2ge d&rsquo;environ 10 semaines contre la maladie de Carr\u00e9, l&rsquo;ent\u00e9rite virale, le botulisme et la pneumonie \u00e0 pseudomonas.<\/p>\n<p>Le d\u00e9veloppement de la fourrure hivernale commence en ao\u00fbt et la fourrure est compl\u00e8tement d\u00e9velopp\u00e9e (prime) en novembre ou d\u00e9cembre, lorsqu&rsquo;elle est r\u00e9colt\u00e9e.<\/p>\n<p>Bien que les visons d&rsquo;\u00e9levage provenaient \u00e0 l&rsquo;origine de la nature, ils sont aujourd&rsquo;hui domestiqu\u00e9s et se distinguent facilement de leurs cousins sauvages. Ils sont consid\u00e9rablement plus grands et plus dompt\u00e9s, et l&rsquo;\u00e9levage s\u00e9lectif a permis de cr\u00e9er de nombreuses variations de couleur. \u00c0 l&rsquo;\u00e9tat sauvage, la couleur des visons va du fauve noir\u00e2tre au fauve clair, mais les visons d&rsquo;\u00e9levage existent aussi en noir (fonc\u00e9), acajou, pastel, demi-buffle, saphir et blanc, entre autres.<\/p>\n<p>AUTRES LECTURES<\/p>\n<p>Pour des informations plus d\u00e9taill\u00e9es sur le cycle annuel d&rsquo;un \u00e9levage de visons, nous vous recommandons les quatre articles suivants de TruthAboutFur :<\/p>\n<p><span style=\"text-decoration: underline;\"><a href=\"https:\/\/www.truthaboutfur.com\/a-year-on-a-mink-farm-part-1-breeding\/\" target=\"_blank\" rel=\"noopener\">Conditionnement et \u00e9levage (December \u2013 March)<\/a><\/span><\/p>\n<p><span style=\"text-decoration: underline;\"><a href=\"https:\/\/www.truthaboutfur.com\/a-year-on-a-mink-farm-part-2-whelping-and-weaning\/\" target=\"_blank\" rel=\"noopener\">Mise bas et sevrage (avril &#8211; juin)\u00a0<\/a><\/span><\/p>\n<p><span style=\"text-decoration: underline;\"><a href=\"https:\/\/www.truthaboutfur.com\/a-year-on-a-mink-farm-part-3-growing-up\/\" target=\"_blank\" rel=\"noopener\">Croissance et fourrure (juillet &#8211; octobre)\u00a0\u00a0<\/a><\/span><\/p>\n<p><span style=\"text-decoration: underline;\"><a href=\"https:\/\/www.truthaboutfur.com\/a-year-on-a-mink-farm-part-4-fur-time\/\" target=\"_blank\" rel=\"noopener\">Classement et r\u00e9colte (novembre &#8211; d\u00e9cembre) <\/a><\/span><\/p>\n<p><span class=\"4v\"><iframe loading=\"lazy\" title=\"Visit a mink farm in Nova Scotia\" width=\"1080\" height=\"608\" src=\"https:\/\/www.youtube.com\/embed\/wbb9agOXGt8?list=PL4SjZ4Wvr8Zk4snvxz371rr-Xm4T22Wsm\"  allow=\"accelerometer; autoplay; clipboard-write; encrypted-media; gyroscope; picture-in-picture; web-share\" referrerpolicy=\"strict-origin-when-cross-origin\" allowfullscreen><\/iframe><\/span><\/p>\n<p>[\/et_pb_text][\/et_pb_column][\/et_pb_row][et_pb_row column_structure=\u00a0\u00bb1_2,1_2&Prime; _builder_version=\u00a0\u00bb4.23&Prime; _module_preset=\u00a0\u00bbdefault\u00a0\u00bb global_colors_info=\u00a0\u00bb{}\u00a0\u00bb][et_pb_column type=\u00a0\u00bb1_2&Prime; _builder_version=\u00a0\u00bb4.23&Prime; _module_preset=\u00a0\u00bbdefault\u00a0\u00bb global_colors_info=\u00a0\u00bb{}\u00a0\u00bb][et_pb_text admin_label=\u00a0\u00bbprevious\u00a0\u00bb _builder_version=\u00a0\u00bb4.23.1&Prime; _dynamic_attributes=\u00a0\u00bblink_option_url\u00a0\u00bb _module_preset=\u00a0\u00bbdefault\u00a0\u00bb link_option_url=\u00a0\u00bb@ET-DC@eyJkeW5hbWljIjp0cnVlLCJjb250ZW50IjoicG9zdF9saW5rX3VybF9wYWdlIiwic2V0dGluZ3MiOnsicG9zdF9pZCI6IjExNzMifX0=@\u00a0\u00bb global_colors_info=\u00a0\u00bb{}\u00a0\u00bb]<\/p>\n<div class=\"previous-page-left\">\n<h3><img loading=\"lazy\" decoding=\"async\" class=\"wp-image-1334 alignnone size-full\" src=\"https:\/\/fur.ca\/wp-content\/uploads\/2023\/10\/left-arrow.png\" alt=\"\" width=\"27\" height=\"43\" \/> <span style=\"padding-left: 30px;\">Page pr\u00e9c\u00e9dente : Lignes directrices<\/span><\/h3>\n<\/div>\n<p>[\/et_pb_text][\/et_pb_column][et_pb_column type=\u00a0\u00bb1_2&Prime; _builder_version=\u00a0\u00bb4.23&Prime; _module_preset=\u00a0\u00bbdefault\u00a0\u00bb global_colors_info=\u00a0\u00bb{}\u00a0\u00bb][et_pb_text admin_label=\u00a0\u00bbnext\u00a0\u00bb _builder_version=\u00a0\u00bb4.23.1&Prime; _dynamic_attributes=\u00a0\u00bblink_option_url\u00a0\u00bb _module_preset=\u00a0\u00bbdefault\u00a0\u00bb text_orientation=\u00a0\u00bbright\u00a0\u00bb link_option_url=\u00a0\u00bb@ET-DC@eyJkeW5hbWljIjp0cnVlLCJjb250ZW50IjoicG9zdF9saW5rX3VybF9wYWdlIiwic2V0dGluZ3MiOnsicG9zdF9pZCI6IjE1NDUifX0=@\u00a0\u00bb global_colors_info=\u00a0\u00bb{}\u00a0\u00bb]<\/p>\n<div class=\"previous-page-right\">\n<h3><span style=\"padding-right: 30px;\">Page suivante: L&rsquo;\u00e9levage de renards<\/span><img loading=\"lazy\" decoding=\"async\" class=\"wp-image-1335 alignnone size-full\" src=\"https:\/\/fur.ca\/wp-content\/uploads\/2023\/10\/right-arrow.png\" alt=\"\" width=\"27\" height=\"43\" \/><\/h3>\n<\/div>\n<p>[\/et_pb_text][\/et_pb_column][\/et_pb_row][\/et_pb_section]<\/p>\n","protected":false},"excerpt":{"rendered":"<p>L&rsquo;\u00c9LEVAGE DES VISONSPhoto: Canada Mink Breeders AssociationLe vison d&rsquo;Am\u00e9rique (Neogale vison) est un membre de taille moyenne de la famille des belettes. Il s&rsquo;agit de l&rsquo;animal \u00e0 fourrure le plus important \u00e9lev\u00e9 aujourd&rsquo;hui, \u00e0 la fois en termes de nombre de peaux produites et de valeur de la fourrure. La premi\u00e8re tentative d&rsquo;\u00e9levage de visons [&hellip;]<\/p>\n","protected":false},"author":1,"featured_media":0,"parent":2547,"menu_order":0,"comment_status":"closed","ping_status":"closed","template":"","meta":{"_et_pb_use_builder":"on","_et_pb_old_content":"","_et_gb_content_width":"","footnotes":""},"class_list":["post-2258","page","type-page","status-publish","hentry"],"_links":{"self":[{"href":"https:\/\/fur.ca\/fr\/wp-json\/wp\/v2\/pages\/2258","targetHints":{"allow":["GET"]}}],"collection":[{"href":"https:\/\/fur.ca\/fr\/wp-json\/wp\/v2\/pages"}],"about":[{"href":"https:\/\/fur.ca\/fr\/wp-json\/wp\/v2\/types\/page"}],"author":[{"embeddable":true,"href":"https:\/\/fur.ca\/fr\/wp-json\/wp\/v2\/users\/1"}],"replies":[{"embeddable":true,"href":"https:\/\/fur.ca\/fr\/wp-json\/wp\/v2\/comments?post=2258"}],"version-history":[{"count":5,"href":"https:\/\/fur.ca\/fr\/wp-json\/wp\/v2\/pages\/2258\/revisions"}],"predecessor-version":[{"id":5933,"href":"https:\/\/fur.ca\/fr\/wp-json\/wp\/v2\/pages\/2258\/revisions\/5933"}],"up":[{"embeddable":true,"href":"https:\/\/fur.ca\/fr\/wp-json\/wp\/v2\/pages\/2547"}],"wp:attachment":[{"href":"https:\/\/fur.ca\/fr\/wp-json\/wp\/v2\/media?parent=2258"}],"curies":[{"name":"wp","href":"https:\/\/api.w.org\/{rel}","templated":true}]}}