{"id":2179,"date":"2023-11-21T18:25:40","date_gmt":"2023-11-21T23:25:40","guid":{"rendered":"https:\/\/fic.acxcomdev.com\/debuts-historique\/"},"modified":"2025-02-28T23:43:07","modified_gmt":"2025-03-01T04:43:07","slug":"debuts-historique","status":"publish","type":"page","link":"https:\/\/fur.ca\/fr\/le-piegeage\/debuts-historique\/","title":{"rendered":"D\u00e9buts historique"},"content":{"rendered":"<p>[et_pb_section fb_built=\u00a0\u00bb1&Prime; _builder_version=\u00a0\u00bb4.22.1&Prime; _module_preset=\u00a0\u00bbdefault\u00a0\u00bb background_color=\u00a0\u00bb#DDDDDD\u00a0\u00bb custom_padding=\u00a0\u00bb0px||0px|||\u00a0\u00bb global_colors_info=\u00a0\u00bb{}\u00a0\u00bb][et_pb_row _builder_version=\u00a0\u00bb4.22.1&Prime; _module_preset=\u00a0\u00bbdefault\u00a0\u00bb global_colors_info=\u00a0\u00bb{}\u00a0\u00bb][et_pb_column type=\u00a0\u00bb4_4&Prime; _builder_version=\u00a0\u00bb4.22.1&Prime; _module_preset=\u00a0\u00bbdefault\u00a0\u00bb global_colors_info=\u00a0\u00bb{}\u00a0\u00bb][et_pb_text admin_label=\u00a0\u00bbHistorical Beginnings\u00a0\u00bb _builder_version=\u00a0\u00bb4.23.1&Prime; _module_preset=\u00a0\u00bbdefault\u00a0\u00bb header_font=\u00a0\u00bb|700|||||||\u00a0\u00bb header_text_color=\u00a0\u00bb#123113&Prime; global_colors_info=\u00a0\u00bb{}\u00a0\u00bb]<\/p>\n<h1>D\u00c9BUTS HISTORIQUES DE L&rsquo;\u00c9LEVAGE D&rsquo;ANIMAUX \u00c0 FOURRURE<\/h1>\n<p>[\/et_pb_text][\/et_pb_column][\/et_pb_row][\/et_pb_section][et_pb_section fb_built=\u00a0\u00bb1&Prime; _builder_version=\u00a0\u00bb4.22.1&Prime; _module_preset=\u00a0\u00bbdefault\u00a0\u00bb global_colors_info=\u00a0\u00bb{}\u00a0\u00bb][et_pb_row _builder_version=\u00a0\u00bb4.22.1&Prime; _module_preset=\u00a0\u00bbdefault\u00a0\u00bb global_colors_info=\u00a0\u00bb{}\u00a0\u00bb][et_pb_column type=\u00a0\u00bb4_4&Prime; _builder_version=\u00a0\u00bb4.22.1&Prime; _module_preset=\u00a0\u00bbdefault\u00a0\u00bb global_colors_info=\u00a0\u00bb{}\u00a0\u00bb][et_pb_image title_text=\u00a0\u00bbred-fox-1&Prime; url_new_window=\u00a0\u00bbon\u00a0\u00bb align=\u00a0\u00bbcenter\u00a0\u00bb force_fullwidth=\u00a0\u00bbon\u00a0\u00bb admin_label=\u00a0\u00bbImage\u00a0\u00bb _builder_version=\u00a0\u00bb4.27.4&Prime; _module_preset=\u00a0\u00bbdefault\u00a0\u00bb custom_padding=\u00a0\u00bb||0px||false|false\u00a0\u00bb global_colors_info=\u00a0\u00bb{}\u00a0\u00bb src=\u00a0\u00bbhttps:\/\/fur.ca\/wp-content\/uploads\/2025\/02\/red-fox-1.jpg\u00a0\u00bb hover_enabled=\u00a0\u00bb0&Prime; sticky_enabled=\u00a0\u00bb0&Prime;][\/et_pb_image][et_pb_text admin_label=\u00a0\u00bbCaption\u00a0\u00bb module_class=\u00a0\u00bbjb-text-spacing\u00a0\u00bb _builder_version=\u00a0\u00bb4.25.0&Prime; _module_preset=\u00a0\u00bbdefault\u00a0\u00bb header_2_text_color=\u00a0\u00bb#123113&Prime; header_3_font=\u00a0\u00bb||||||||\u00a0\u00bb header_3_text_color=\u00a0\u00bb#123113&Prime; header_4_text_color=\u00a0\u00bb#123113&Prime; header_4_font_size=\u00a0\u00bb29px\u00a0\u00bb global_colors_info=\u00a0\u00bb{}\u00a0\u00bb]<\/p>\n<p><em>Des renards roux ont-ils \u00e9t\u00e9 \u00e9lev\u00e9s sur les \u00eeles du nord de l&rsquo;\u00c9cosse \u00e0 la fin de l&rsquo;\u00e2ge du fer ?\u00a0 <span style=\"text-decoration: underline;\"><a href=\"https:\/\/commons.wikimedia.org\/wiki\/File:Vulpes_vulpes_ssp_fulvus.jpg\" target=\"_blank\" rel=\"noopener\">Photo<\/a><\/span> : Joanne Redwood, CC0, via Wikimedia Commons<\/em><\/p>\n<p>[\/et_pb_text][et_pb_text module_class=\u00a0\u00bbjb-text-spacing\u00a0\u00bb _builder_version=\u00a0\u00bb4.23.1&Prime; _module_preset=\u00a0\u00bbdefault\u00a0\u00bb header_2_text_color=\u00a0\u00bb#123113&Prime; header_3_font=\u00a0\u00bb||||||||\u00a0\u00bb header_3_text_color=\u00a0\u00bb#123113&Prime; header_4_text_color=\u00a0\u00bb#123113&Prime; header_4_font_size=\u00a0\u00bb29px\u00a0\u00bb custom_padding=\u00a0\u00bb0px||0px|||\u00a0\u00bb global_colors_info=\u00a0\u00bb{}\u00a0\u00bb]<\/p>\n<p>&nbsp;<\/p>\n<p>Les v\u00eatements en fourrure remontent \u00e0 l&rsquo;\u00e2ge de pierre (qui s&rsquo;est achev\u00e9 entre 4000 et 2000 av. J.-C.), mais pendant la majeure partie de la pr\u00e9histoire, les fourrures provenaient de la nature. Les peaux de moutons et de ch\u00e8vres, qui ont commenc\u00e9 \u00e0 \u00eatre domestiqu\u00e9es vers 10 000 avant J.-C., constituent l&rsquo;exception. Les \u00e9leveurs \u00e9taient des agriculteurs et portaient la fourrure de leurs animaux, mais ce n&rsquo;\u00e9tait pas vraiment ce que nous appelons l&rsquo;\u00e9levage d&rsquo;animaux \u00e0 fourrure.<\/p>\n<p>\u00c0 la fin de l&rsquo;\u00e2ge du fer, les arch\u00e9ologues affirment qu&rsquo;il est possible que les habitants des \u00eeles situ\u00e9es au large du nord de l&rsquo;\u00c9cosse aient <span style=\"text-decoration: underline;\"><a href=\"https:\/\/www.sciencedirect.com\/science\/article\/abs\/pii\/S0305440306001804\" target=\"_blank\" rel=\"noopener\">\u00e9lev\u00e9 des renards roux et d&rsquo;autres animaux \u00e0 fourrure pour leur fourrure<\/a><\/span>. Mais les preuves ne sont pas concluantes, et m\u00eame si l&rsquo;\u00e9levage d&rsquo;animaux \u00e0 fourrure a eu lieu sur des \u00eeles comme les Orcades, il n&rsquo;a pas surv\u00e9cu \u00e0 l&rsquo;invasion des Vikings vers l&rsquo;an 800 de notre \u00e8re.<\/p>\n<p>Il faut ensuite attendre plus d&rsquo;un mill\u00e9naire pour assister \u00e0 l&rsquo;av\u00e8nement de ce que l&rsquo;on peut appeler l&rsquo;\u00e9levage moderne d&rsquo;animaux \u00e0 fourrure.<\/p>\n<p>La premi\u00e8re tentative d&rsquo;\u00e9levage de visons a eu lieu pendant la guerre civile am\u00e9ricaine (1861-65), \u00e0 Cassadaga Lakes dans l&rsquo;\u00c9tat de New York, afin de fournir aux soldats des v\u00eatements chauds pour l&rsquo;hiver. Cette tentative a \u00e9t\u00e9 suivie \u00e0 Richmond Hill, dans l&rsquo;Ontario, o\u00f9 <span style=\"text-decoration: underline;\"><a href=\"https:\/\/www.jkcc.com\/minkpeople\/ranch.html\" target=\"_blank\" rel=\"noopener\">les fr\u00e8res Patterson ont constitu\u00e9 un troupeau de 130 visons<\/a><\/span>\u00a0dans les ann\u00e9es 1870.Mais il semble que ce n&rsquo;\u00e9tait qu&rsquo;une activit\u00e9 secondaire, voire un hobby, car leur principale activit\u00e9 \u00e9tait la fabrication de machines agricoles, et il n&rsquo;existe aucune trace de vente de peaux.<\/p>\n<h3><strong>\u00ceLE DU PRINCE-\u00c9DOUARD<\/strong><\/h3>\n<p>[\/et_pb_text][et_pb_image src=\u00a0\u00bbhttps:\/\/fur.ca\/wp-content\/uploads\/2023\/11\/Charles-Dalton-Robert-Oulton.png\u00a0\u00bb title_text=\u00a0\u00bbCharles-Dalton-Robert-Oulton\u00a0\u00bb align=\u00a0\u00bbcenter\u00a0\u00bb force_fullwidth=\u00a0\u00bbon\u00a0\u00bb admin_label=\u00a0\u00bbImage\u00a0\u00bb _builder_version=\u00a0\u00bb4.23.1&Prime; _module_preset=\u00a0\u00bbdefault\u00a0\u00bb custom_padding=\u00a0\u00bb||0px||false|false\u00a0\u00bb global_colors_info=\u00a0\u00bb{}\u00a0\u00bb][\/et_pb_image][et_pb_text admin_label=\u00a0\u00bbCaption\u00a0\u00bb module_class=\u00a0\u00bbjb-text-spacing\u00a0\u00bb _builder_version=\u00a0\u00bb4.23.1&Prime; _module_preset=\u00a0\u00bbdefault\u00a0\u00bb header_2_text_color=\u00a0\u00bb#123113&Prime; header_3_font=\u00a0\u00bb||||||||\u00a0\u00bb header_3_text_color=\u00a0\u00bb#123113&Prime; header_4_text_color=\u00a0\u00bb#123113&Prime; header_4_font_size=\u00a0\u00bb29px\u00a0\u00bb global_colors_info=\u00a0\u00bb{}\u00a0\u00bb]<\/p>\n<p><em>Charles Dalton et Robert Oulton sont les fondateurs de l&rsquo;\u00e9levage moderne de renards.<\/em><\/p>\n<p>[\/et_pb_text][et_pb_text module_class=\u00a0\u00bbjb-text-spacing\u00a0\u00bb _builder_version=\u00a0\u00bb4.23.1&Prime; _module_preset=\u00a0\u00bbdefault\u00a0\u00bb header_2_text_color=\u00a0\u00bb#123113&Prime; header_3_font=\u00a0\u00bb||||||||\u00a0\u00bb header_3_text_color=\u00a0\u00bb#123113&Prime; header_4_text_color=\u00a0\u00bb#123113&Prime; header_4_font_size=\u00a0\u00bb29px\u00a0\u00bb custom_padding=\u00a0\u00bb30px||0px|||\u00a0\u00bb global_colors_info=\u00a0\u00bb{}\u00a0\u00bb]<\/p>\n<p>Les historiens consid\u00e8rent que le point de d\u00e9part de l&rsquo;\u00e9levage moderne des animaux \u00e0 fourrure a \u00e9t\u00e9 fix\u00e9 \u00e0 1895 sur l&rsquo;\u00cele-du-Prince-\u00c9douard, lorsque l&rsquo;\u00e9levage de renards argent\u00e9s est devenu une entreprise extr\u00eamement lucrative.<\/p>\n<p>L&rsquo;histoire commence quelques ann\u00e9es auparavant, lorsqu&rsquo;un certain M. Lamb d\u00e9terre quelques jeunes renards de leur tani\u00e8re dans les bois, pr\u00e8s de ce qui \u00e9tait alors le minuscule village de Tignish.(Ces renards \u00e9taient des \u00ab\u00a0silver-blacks\u00a0\u00bb, une mutation naturelle du renard roux canadien.) Lamb les vendit ensuite \u00e0 Benjamin Haywood, qui tenta bri\u00e8vement d&rsquo;\u00e9lever les renards dans un hangar attenant \u00e0 sa remise avant de les confier \u00e0 <span style=\"text-decoration: underline;\"><a href=\"http:\/\/www.biographi.ca\/en\/bio\/dalton_charles_1850_1933_16E.html\" target=\"_blank\" rel=\"noopener\">Charles Dalton<\/a><\/span>.<\/p>\n<p>Apr\u00e8s quelques tentatives infructueuses pour \u00e9lever les renards dans des cages dans sa grange, Dalton s&rsquo;associe avec son ami et compagnon de chasse <span style=\"text-decoration: underline;\"><a href=\"http:\/\/www.biographi.ca\/en\/bio\/oulton_robert_trenholm_14E.html\" target=\"_blank\" rel=\"noopener\">Robert Oulton<\/a><\/span>, qui exp\u00e9rimente d\u00e9j\u00e0 depuis quelques ann\u00e9es l&rsquo;\u00e9levage de renards. Dalton s&rsquo;occupe des finances et du marketing, tandis qu&rsquo;Oulton s&rsquo;occupe des animaux.<\/p>\n<p>Oulton d\u00e9cide d&rsquo;essayer d&rsquo;\u00e9lever les renards dans un environnement plus naturel, et cl\u00f4t donc une section de for\u00eat d&rsquo;\u00e9pic\u00e9as et de feuillus sur sa ferme isol\u00e9e de Cherry Island (rebaptis\u00e9e plus tard Oulton&rsquo;s Island en son honneur). En 1895, la ferme d&rsquo;Oulton avait \u00e9lev\u00e9 plusieurs renards en captivit\u00e9 jusqu&rsquo;\u00e0 ce qu&rsquo;ils atteignent la maturit\u00e9.C&rsquo;\u00e9tait la premi\u00e8re fois qu&rsquo;un tel exploit \u00e9tait r\u00e9alis\u00e9, \u00e0 l&rsquo;exception peut-\u00eatre des efforts d\u00e9ploy\u00e9s dans le nord de l&rsquo;\u00c9cosse plus de mille ans auparavant.<\/p>\n<p>Alors qu&rsquo;Oulton et Dalton s&rsquo;effor\u00e7aient de d\u00e9velopper une souche coh\u00e9rente de renards noir argent\u00e9, ils commenc\u00e8rent \u00e0 vendre les peaux des animaux qu&rsquo;ils ne conservaient pas pour la reproduction \u00e0 la vente de janvier de C.M. Lampson &amp; Co. \u00e0 Londres, en Angleterre. Ils exp\u00e9dient les fourrures depuis un petit port de l&rsquo;\u00cele-du-Prince-\u00c9douard en pleine nuit, afin de garder leur production secr\u00e8te, et pour cause : en 1900, ils re\u00e7oivent 1 807 dollars pour une seule peau de renard, une somme \u00e9norme \u00e0 une \u00e9poque o\u00f9 un ouvrier agricole moyen de l&rsquo;\u00cele peut esp\u00e9rer gagner 320 dollars pour une ann\u00e9e de travail !<\/p>\n<p>Avec l&rsquo;augmentation de la production, il devient impossible de garder leur projet secret et, en 1900, Dalton et Oulton \u00e9largissent leur partenariat pour former le \u00ab\u00a0Big Six Combine\u00a0\u00bb, avec plusieurs voisins. Le groupe s&rsquo;engagea \u00e0 ne jamais vendre d&rsquo;animaux vivants en dehors du groupe, mais son monopole fut bris\u00e9 en 1910 lorsque le neveu de l&rsquo;un des partenaires, Frank F. Tuplin, vendit deux paires de renards argent\u00e9s vivants pour 10 000 dollars.<\/p>\n<p>Pendant le boom du renard qui suivit (1910-14), des fortunes furent faites. En 1910, Dalton vendit 25 peaux \u00e0 Londres pour plus de 20 000 dollars. En 1914, le commissaire \u00e0 l&rsquo;agriculture indique que les 3 130 renards \u00e9lev\u00e9s dans les 277 ranchs de l&rsquo;\u00eele ont une valeur de 14 millions de dollars, soit une moyenne de pr\u00e8s de 4 500 dollars par peau !<\/p>\n<p>Dalton installe une nouvelle ferme pr\u00e8s de Charlottetown (\u00ce.-P.-\u00c9.) pour approvisionner la Charles Dalton Silver Black Fox Co. Ltd, une nouvelle entreprise pour laquelle il a re\u00e7u 400 000 dollars en esp\u00e8ces et 100 000 dollars en actions, en 1912. L&rsquo;industrie du renard, en plein essor, est alors si florissante que le train transportant les animaux reproducteurs de sa ferme de Tignish est surnomm\u00e9 le \u00ab\u00a0train du million de dollars\u00a0\u00bb dans les journaux locaux.<\/p>\n<p>Avec l&rsquo;\u00e9clatement de la Premi\u00e8re Guerre mondiale, Dalton a d\u00fb sentir que la ru\u00e9e vers l&rsquo;or tendre atteignait son apog\u00e9e ; il a vendu tous ses int\u00e9r\u00eats dans la fourrure et a consacr\u00e9 le reste de sa vie \u00e0 la politique et \u00e0 la philanthropie.<\/p>\n<p>Il est \u00e9lu \u00e0 l&rsquo;Assembl\u00e9e l\u00e9gislative en 1912 et 1915, o\u00f9 il occupe le poste de ministre sans portefeuille. Il a \u00e9galement fait des dons g\u00e9n\u00e9reux pour financer un sanatorium pour tuberculeux, des \u00e9coles et l&rsquo;aide aux pauvres de l&rsquo;\u00eele.<\/p>\n<p>En 1930, \u00e0 l&rsquo;\u00e2ge de 80 ans, Dalton est nomm\u00e9 lieutenant-gouverneur de l&rsquo;\u00cele-du-Prince-\u00c9douard, poste qu&rsquo;il occupe jusqu&rsquo;\u00e0 sa mort en 1933.<\/p>\n<p>Aujourd&rsquo;hui, il ne reste que quelques petits \u00e9levages de renards sur l&rsquo;\u00cele-du-Prince-\u00c9douard. Mais les animaux reproducteurs et les techniques d&rsquo;\u00e9levage mis au point par Dalton, Oulton et d&rsquo;autres membres fondateurs du Big Six Combine de l&rsquo;\u00ce.-P.-\u00c9. ont servi \u00e0 lancer des op\u00e9rations d&rsquo;\u00e9levage de renards en Am\u00e9rique du Nord, en Europe et en Asie.<\/p>\n<p><em>Nous remercions tout particuli\u00e8rement Alan Herscovici, dont l\u2019article \u00ab <span style=\"text-decoration: underline;\"><a href=\"https:\/\/www.truthaboutfur.com\/a-personal-voyage-to-the-origins-of-fox-farming\/\" target=\"_blank\" rel=\"noopener\">A personal voyage to the origins of fox farming<\/a><\/span> \u00bb a fourni une grande partie de la mati\u00e8re de cette page<\/em><\/p>\n<p>[\/et_pb_text][\/et_pb_column][\/et_pb_row][et_pb_row column_structure=\u00a0\u00bb1_2,1_2&Prime; _builder_version=\u00a0\u00bb4.23&Prime; _module_preset=\u00a0\u00bbdefault\u00a0\u00bb global_colors_info=\u00a0\u00bb{}\u00a0\u00bb][et_pb_column type=\u00a0\u00bb1_2&Prime; _builder_version=\u00a0\u00bb4.23&Prime; _module_preset=\u00a0\u00bbdefault\u00a0\u00bb global_colors_info=\u00a0\u00bb{}\u00a0\u00bb][et_pb_text admin_label=\u00a0\u00bbprevious\u00a0\u00bb _builder_version=\u00a0\u00bb4.23.1&Prime; _dynamic_attributes=\u00a0\u00bblink_option_url\u00a0\u00bb _module_preset=\u00a0\u00bbdefault\u00a0\u00bb link_option_url=\u00a0\u00bb@ET-DC@eyJkeW5hbWljIjp0cnVlLCJjb250ZW50IjoicG9zdF9saW5rX3VybF9wYWdlIiwic2V0dGluZ3MiOnsicG9zdF9pZCI6IjE1NDUifX0=@\u00a0\u00bb global_colors_info=\u00a0\u00bb{}\u00a0\u00bb]<\/p>\n<div class=\"previous-page-left\">\n<h3><img loading=\"lazy\" decoding=\"async\" class=\"wp-image-1334 alignnone size-full\" src=\"https:\/\/fur.ca\/wp-content\/uploads\/2023\/10\/left-arrow.png\" alt=\"\" width=\"27\" height=\"43\" \/> <span style=\"padding-left: 30px;\">Previous Page: L\u2019\u00e9levage du renard<\/span><\/h3>\n<\/div>\n<p>[\/et_pb_text][\/et_pb_column][et_pb_column type=\u00a0\u00bb1_2&Prime; _builder_version=\u00a0\u00bb4.23&Prime; _module_preset=\u00a0\u00bbdefault\u00a0\u00bb global_colors_info=\u00a0\u00bb{}\u00a0\u00bb][et_pb_text admin_label=\u00a0\u00bbnext\u00a0\u00bb _builder_version=\u00a0\u00bb4.23.1&Prime; _dynamic_attributes=\u00a0\u00bblink_option_url\u00a0\u00bb _module_preset=\u00a0\u00bbdefault\u00a0\u00bb text_orientation=\u00a0\u00bbright\u00a0\u00bb link_option_url=\u00a0\u00bb@ET-DC@eyJkeW5hbWljIjp0cnVlLCJjb250ZW50IjoicG9zdF9saW5rX3VybF9wYWdlIiwic2V0dGluZ3MiOnsicG9zdF9pZCI6IjEyNTYifX0=@\u00a0\u00bb global_colors_info=\u00a0\u00bb{}\u00a0\u00bb]<\/p>\n<div class=\"previous-page-right\">\n<h3><span style=\"padding-right: 30px;\">Page suivante : Empreinte \u00e9cologique<\/span><img loading=\"lazy\" decoding=\"async\" class=\"wp-image-1335 alignnone size-full\" src=\"https:\/\/fur.ca\/wp-content\/uploads\/2023\/10\/right-arrow.png\" alt=\"\" width=\"27\" height=\"43\" \/><\/h3>\n<\/div>\n<p>[\/et_pb_text][\/et_pb_column][\/et_pb_row][\/et_pb_section]<\/p>\n","protected":false},"excerpt":{"rendered":"<p>D\u00c9BUTS HISTORIQUES DE L&rsquo;\u00c9LEVAGE D&rsquo;ANIMAUX \u00c0 FOURRUREDes renards roux ont-ils \u00e9t\u00e9 \u00e9lev\u00e9s sur les \u00eeles du nord de l&rsquo;\u00c9cosse \u00e0 la fin de l&rsquo;\u00e2ge du fer ?\u00a0 Photo : Joanne Redwood, CC0, via Wikimedia Commons&nbsp; Les v\u00eatements en fourrure remontent \u00e0 l&rsquo;\u00e2ge de pierre (qui s&rsquo;est achev\u00e9 entre 4000 et 2000 av. J.-C.), mais pendant [&hellip;]<\/p>\n","protected":false},"author":1,"featured_media":0,"parent":2547,"menu_order":0,"comment_status":"closed","ping_status":"closed","template":"","meta":{"_et_pb_use_builder":"on","_et_pb_old_content":"","_et_gb_content_width":"","footnotes":""},"class_list":["post-2179","page","type-page","status-publish","hentry"],"_links":{"self":[{"href":"https:\/\/fur.ca\/fr\/wp-json\/wp\/v2\/pages\/2179","targetHints":{"allow":["GET"]}}],"collection":[{"href":"https:\/\/fur.ca\/fr\/wp-json\/wp\/v2\/pages"}],"about":[{"href":"https:\/\/fur.ca\/fr\/wp-json\/wp\/v2\/types\/page"}],"author":[{"embeddable":true,"href":"https:\/\/fur.ca\/fr\/wp-json\/wp\/v2\/users\/1"}],"replies":[{"embeddable":true,"href":"https:\/\/fur.ca\/fr\/wp-json\/wp\/v2\/comments?post=2179"}],"version-history":[{"count":5,"href":"https:\/\/fur.ca\/fr\/wp-json\/wp\/v2\/pages\/2179\/revisions"}],"predecessor-version":[{"id":5883,"href":"https:\/\/fur.ca\/fr\/wp-json\/wp\/v2\/pages\/2179\/revisions\/5883"}],"up":[{"embeddable":true,"href":"https:\/\/fur.ca\/fr\/wp-json\/wp\/v2\/pages\/2547"}],"wp:attachment":[{"href":"https:\/\/fur.ca\/fr\/wp-json\/wp\/v2\/media?parent=2179"}],"curies":[{"name":"wp","href":"https:\/\/api.w.org\/{rel}","templated":true}]}}